{"id":5179,"date":"2025-10-20T21:58:37","date_gmt":"2025-10-20T18:58:37","guid":{"rendered":"https:\/\/wristbandfactory.eu\/?post_type=product&#038;p=5179"},"modified":"2026-04-01T21:52:35","modified_gmt":"2026-04-01T18:52:35","slug":"gold-laser-engraved-medals","status":"publish","type":"product","link":"https:\/\/displayproducts.eu\/pl\/p\/gold-laser-engraved-medals\/","title":{"rendered":"Z\u0142ote medale grawerowane laserowo"},"content":{"rendered":"<p>Doce\u0144 najwy\u017csze osi\u0105gni\u0119cia i \u015bwi\u0119tuj sukces na kolejnym wydarzeniu dzi\u0119ki tym klasycznym z\u0142otym medalom. Stanowi\u0105 one wysokiej jako\u015bci, namacalny spos\u00f3b na docenienie osi\u0105gni\u0119\u0107 pracownik\u00f3w, sportowc\u00f3w lub uczestnik\u00f3w, podkre\u015blaj\u0105c zaanga\u017cowanie Twojej organizacji w d\u0105\u017cenie do doskona\u0142o\u015bci.<\/p>\n<p>Nasz standardowy medal ma \u015brednic\u0119 7 cm, jest wykonany z wytrzyma\u0142ego metalu i charakteryzuje si\u0119 efektownym, wyt\u0142oczonym wzorem z tradycyjnym z\u0142otym wyko\u0144czeniem. Jego powierzchnia jest specjalnie przygotowana do znakowania laserowego, co gwarantuje, \u017ce logo, nazwa wydarzenia lub dane zwyci\u0119zcy zostan\u0105 wygrawerowane z wyj\u0105tkow\u0105 precyzj\u0105 i wyrazisto\u015bci\u0105. Standardowy medal jest gotowy do wr\u0119czenia z pasuj\u0105cym metalowym pier\u015bcieniem i klasyczn\u0105 czerwon\u0105 wst\u0105\u017ck\u0105 poliestrow\u0105.<\/p>\n<p>Aby zapewni\u0107 pe\u0142ne, markowe rozwi\u0105zanie, ten medal mo\u017cna r\u00f3wnie\u017c zam\u00f3wi\u0107 na specjalne zapytanie ofertowe. Wybierz spo\u015br\u00f3d r\u00f3\u017cnych rozmiar\u00f3w, wyko\u0144cze\u0144 i niestandardowych kolor\u00f3w wst\u0105\u017cek, aby idealnie dopasowa\u0107 go do identyfikacji wizualnej Twojej organizacji lub motywu wydarzenia. Skontaktuj si\u0119 z nami, aby om\u00f3wi\u0107 sw\u00f3j projekt medalu.<\/p>\n<p><b>G\u0142\u00f3wne cechy:<\/b><\/p>\n<ul>\n<li><b>Tworzywo:<\/b> Wysokiej jako\u015bci metal<\/li>\n<li><b>Sko\u0144czy\u0107:<\/b> T\u0142oczony wz\u00f3r w odcieniu z\u0142ota<\/li>\n<li><b>Personalizacja:<\/b> Specjalnie zaprojektowany do znakowania laserowego<\/li>\n<li><b>Model magazynowy:<\/b> \u015arednica 7 cm z czerwon\u0105 wst\u0105\u017ck\u0105 poliestrow\u0105<\/li>\n<li><b>Zam\u00f3wienia z w\u0142asnym nadrukiem:<\/b> Dost\u0119pne w r\u00f3\u017cnych rozmiarach i wyko\u0144czeniach<\/li>\n<li><b>Opcje wst\u0105\u017cki:<\/b> W magazynie dost\u0119pny jest kolor czerwony, dost\u0119pne s\u0105 r\u00f3\u017cne kolory na zapytanie ofertowe.<\/li>\n<\/ul>\n<p>&nbsp;<\/p>","protected":false},"excerpt":{"rendered":"<ul>\n<li>Medal metalowy najwy\u017cszej jako\u015bci z klasycznym z\u0142otym wyko\u0144czeniem.<\/li>\n<li>Dost\u0119pne jako produkt standardowy (7 cm) lub na zapytanie ofertowe.<\/li>\n<li>Specjalnie przygotowana powierzchnia do precyzyjnego grawerowania laserowego.<\/li>\n<li>Produkt standardowy zawiera czerwon\u0105 wst\u0105\u017ck\u0119. Na specjalne zapytanie ofertowe oferujemy wst\u0105\u017cki w r\u00f3\u017cnych kolorach.<\/li>\n<\/ul>\n<p>&nbsp;<\/p>","protected":false},"featured_media":6503,"comment_status":"closed","ping_status":"closed","template":"","meta":[],"product_brand":[],"product_cat":[68,102],"product_tag":[],"class_list":{"0":"post-5179","1":"product","2":"type-product","3":"status-publish","4":"has-post-thumbnail","6":"product_cat-event-supplies","7":"product_cat-medals","9":"first","10":"instock","11":"shipping-taxable","12":"purchasable","13":"product-type-simple"},"_links":{"self":[{"href":"https:\/\/displayproducts.eu\/pl\/wp-json\/wp\/v2\/product\/5179","targetHints":{"allow":["GET"]}}],"collection":[{"href":"https:\/\/displayproducts.eu\/pl\/wp-json\/wp\/v2\/product"}],"about":[{"href":"https:\/\/displayproducts.eu\/pl\/wp-json\/wp\/v2\/types\/product"}],"replies":[{"embeddable":true,"href":"https:\/\/displayproducts.eu\/pl\/wp-json\/wp\/v2\/comments?post=5179"}],"wp:featuredmedia":[{"embeddable":true,"href":"https:\/\/displayproducts.eu\/pl\/wp-json\/wp\/v2\/media\/6503"}],"wp:attachment":[{"href":"https:\/\/displayproducts.eu\/pl\/wp-json\/wp\/v2\/media?parent=5179"}],"wp:term":[{"taxonomy":"product_brand","embeddable":true,"href":"https:\/\/displayproducts.eu\/pl\/wp-json\/wp\/v2\/product_brand?post=5179"},{"taxonomy":"product_cat","embeddable":true,"href":"https:\/\/displayproducts.eu\/pl\/wp-json\/wp\/v2\/product_cat?post=5179"},{"taxonomy":"product_tag","embeddable":true,"href":"https:\/\/displayproducts.eu\/pl\/wp-json\/wp\/v2\/product_tag?post=5179"}],"curies":[{"name":"wp","href":"https:\/\/api.w.org\/{rel}","templated":true}]}}