{"id":5175,"date":"2025-10-20T21:51:42","date_gmt":"2025-10-20T18:51:42","guid":{"rendered":"https:\/\/wristbandfactory.eu\/?post_type=product&#038;p=5175"},"modified":"2026-04-01T21:52:04","modified_gmt":"2026-04-01T18:52:04","slug":"led-shot-glass-with-lanyard","status":"publish","type":"product","link":"https:\/\/displayproducts.eu\/pl\/p\/led-shot-glass-with-lanyard\/","title":{"rendered":"Kieliszek do shot\u00f3w LED ze smycz\u0105"},"content":{"rendered":"<p>Spraw, by Twoja kolejna impreza firmowa, festiwal lub wydarzenie promocyjne by\u0142y niezapomniane. Ten pod\u015bwietlany kieliszek do shot\u00f3w LED to pot\u0119\u017cne narz\u0119dzie, kt\u00f3re poprawi wra\u017cenia go\u015bci i zwi\u0119kszy rozpoznawalno\u015b\u0107 marki, szczeg\u00f3lnie w warunkach s\u0142abego o\u015bwietlenia.<\/p>\n<p>Ten kieliszek do shot\u00f3w o pojemno\u015bci 50 ml wykonany jest z wytrzyma\u0142ego tworzywa sztucznego PS wolnego od BPA. Go\u015bcie mog\u0105 go \u0142atwo nosi\u0107 na szyi dzi\u0119ki do\u0142\u0105czonej smyczy, kt\u00f3ra zapewni widoczno\u015b\u0107 logo przez ca\u0142\u0105 noc. Prosty przycisk u podstawy aktywuje jasne, wielokolorowe diody LED, kt\u00f3re oferuj\u0105 trzy dynamiczne tryby: sta\u0142y, szybko migaj\u0105cy i wolno migaj\u0105cy.<\/p>\n<p>Ta szklanka idealnie nadaje si\u0119 do serwowania drink\u00f3w powitalnych, wyj\u0105tkowych toast\u00f3w lub jako noszony upominek promocyjny. Baterie s\u0105 do\u0142\u0105czone, dzi\u0119ki czemu s\u0105 gotowe do natychmiastowego u\u017cycia.<\/p>\n<p><b>G\u0142\u00f3wne cechy:<\/b><\/p>\n<ul>\n<li><b>Pojemno\u015b\u0107:<\/b> 50 ml<\/li>\n<li><b>Tworzywo:<\/b> Trwa\u0142y plastik PS wolny od BPA<\/li>\n<li><b>O\u015bwietlenie:<\/b> 3 tryby \u015bwiat\u0142a (sta\u0142y, szybki migaj\u0105cy, wolny migaj\u0105cy)<\/li>\n<li><b>Zdatny do noszenia:<\/b> W zestawie znajduje si\u0119 poliestrowy sznurek na szyj\u0119 dla wygody<\/li>\n<li><b>Gotowy do u\u017cycia:<\/b> Do\u0142\u0105czone i zainstalowane baterie guzikowe<\/li>\n<li><b>Aktywacja:<\/b> Prosty przycisk u podstawy<\/li>\n<\/ul>","protected":false},"excerpt":{"rendered":"<ul>\n<li>Posiada 3 tryby \u015bwiat\u0142a LED (sta\u0142y i migaj\u0105cy) zapewniaj\u0105ce doskona\u0142\u0105 widoczno\u015b\u0107.<\/li>\n<li>W zestawie znajduje si\u0119 wygodny sznurek na szyj\u0119 umo\u017cliwiaj\u0105cy noszenie urz\u0105dzenia bez u\u017cycia r\u0105k podczas wydarze\u0144.<\/li>\n<li>Trwa\u0142y, o pojemno\u015bci 50 ml, wykonany z tworzywa sztucznego wolnego od BPA.<\/li>\n<li>Gotowy do natychmiastowego u\u017cycia, z do\u0142\u0105czonymi i zainstalowanymi bateriami.<\/li>\n<li><\/li>\n<\/ul>","protected":false},"featured_media":6549,"comment_status":"closed","ping_status":"closed","template":"","meta":[],"product_brand":[],"product_cat":[43,68,119,45],"product_tag":[],"class_list":{"0":"post-5175","1":"product","2":"type-product","3":"status-publish","4":"has-post-thumbnail","6":"product_cat-lanyards","7":"product_cat-event-supplies","8":"product_cat-drinkware-accessories","9":"product_cat-other","11":"first","12":"instock","13":"shipping-taxable","14":"purchasable","15":"product-type-simple"},"_links":{"self":[{"href":"https:\/\/displayproducts.eu\/pl\/wp-json\/wp\/v2\/product\/5175","targetHints":{"allow":["GET"]}}],"collection":[{"href":"https:\/\/displayproducts.eu\/pl\/wp-json\/wp\/v2\/product"}],"about":[{"href":"https:\/\/displayproducts.eu\/pl\/wp-json\/wp\/v2\/types\/product"}],"replies":[{"embeddable":true,"href":"https:\/\/displayproducts.eu\/pl\/wp-json\/wp\/v2\/comments?post=5175"}],"wp:featuredmedia":[{"embeddable":true,"href":"https:\/\/displayproducts.eu\/pl\/wp-json\/wp\/v2\/media\/6549"}],"wp:attachment":[{"href":"https:\/\/displayproducts.eu\/pl\/wp-json\/wp\/v2\/media?parent=5175"}],"wp:term":[{"taxonomy":"product_brand","embeddable":true,"href":"https:\/\/displayproducts.eu\/pl\/wp-json\/wp\/v2\/product_brand?post=5175"},{"taxonomy":"product_cat","embeddable":true,"href":"https:\/\/displayproducts.eu\/pl\/wp-json\/wp\/v2\/product_cat?post=5175"},{"taxonomy":"product_tag","embeddable":true,"href":"https:\/\/displayproducts.eu\/pl\/wp-json\/wp\/v2\/product_tag?post=5175"}],"curies":[{"name":"wp","href":"https:\/\/api.w.org\/{rel}","templated":true}]}}