{"id":5171,"date":"2025-10-20T21:47:54","date_gmt":"2025-10-20T18:47:54","guid":{"rendered":"https:\/\/wristbandfactory.eu\/?post_type=product&#038;p=5171"},"modified":"2026-04-01T21:52:35","modified_gmt":"2026-04-01T18:52:35","slug":"printable-gold-medals","status":"publish","type":"product","link":"https:\/\/displayproducts.eu\/pl\/p\/printable-gold-medals\/","title":{"rendered":"Z\u0142ote medale do druku"},"content":{"rendered":"<p>Stw\u00f3rz spersonalizowane nagrody na konkursy, ceremonie lub programy wyr\u00f3\u017cnie\u0144 firmowych. Te wysokiej jako\u015bci metalowe medale to profesjonalny i trwa\u0142y spos\u00f3b na \u015bwi\u0119towanie sukcesu i podniesienie presti\u017cu Twojej organizacji.<\/p>\n<p>Ten medal charakteryzuje si\u0119 jasnym, g\u0142adkim, z\u0142otym wyko\u0144czeniem, nadaj\u0105c klasyczny wygl\u0105d ka\u017cdemu odznaczeniu. Zosta\u0142 zaprojektowany specjalnie z my\u015bl\u0105 o personalizacji. Medal posiada dedykowan\u0105, g\u0142adk\u0105 powierzchni\u0119, idealn\u0105 do naniesienia pe\u0142nokolorowego, spersonalizowanego logo, tekstu lub wzoru metod\u0105 sublimacji (dysk\/nadruk sublimacyjny nie jest do\u0142\u0105czony do zestawu). Proces ten pozwala na oddzielne wydrukowanie i na\u0142o\u017cenie firmowych wzor\u00f3w, aby uzyska\u0107 wyrazisty, \u017cywy efekt. Ka\u017cdy medal jest gotowy do wr\u0119czenia z do\u0142\u0105czon\u0105 czerwon\u0105, poliestrow\u0105 wst\u0105\u017ck\u0105 na szyj\u0119.<\/p>\n<p><b>G\u0142\u00f3wne cechy:<\/b><\/p>\n<ul>\n<li><b>Tworzywo:<\/b> Wysokiej jako\u015bci metal.<\/li>\n<li><b>Sko\u0144czy\u0107:<\/b> W odcieniu polerowanego z\u0142ota.<\/li>\n<li><b>Personalizacja:<\/b> Przeznaczony do wykonywania nadruk\u00f3w metod\u0105 sublimacji.<\/li>\n<li><b>Do\u0142\u0105czony:<\/b> W zestawie znajduje si\u0119 trwa\u0142a, czerwona wst\u0105\u017cka z poliestru.<\/li>\n<li><b>Przypadek u\u017cycia:<\/b> Doskonale nadaje si\u0119 na zawody sportowe, nagrody akademickie i wyr\u00f3\u017cnienia dla pracownik\u00f3w.<\/li>\n<\/ul>","protected":false},"excerpt":{"rendered":"<ul>\n<li>Medal metalowy najwy\u017cszej jako\u015bci z polerowanym z\u0142otym wyko\u0144czeniem.<\/li>\n<li>Zaprojektowane do nadruku sublimacyjnego (wk\u0142adka do nadruku nie jest do\u0142\u0105czona).<\/li>\n<li>Doskonale nadaje si\u0119 na rozdania nagr\u00f3d korporacyjnych, ligi sportowe i wydarzenia szkolne.<\/li>\n<li>W komplecie klasyczna, czerwona wst\u0105\u017cka z poliestru.<\/li>\n<\/ul>\n<p>&nbsp;<\/p>","protected":false},"featured_media":6561,"comment_status":"closed","ping_status":"closed","template":"","meta":[],"product_brand":[],"product_cat":[68,102],"product_tag":[],"class_list":{"0":"post-5171","1":"product","2":"type-product","3":"status-publish","4":"has-post-thumbnail","6":"product_cat-event-supplies","7":"product_cat-medals","9":"first","10":"instock","11":"shipping-taxable","12":"purchasable","13":"product-type-simple"},"_links":{"self":[{"href":"https:\/\/displayproducts.eu\/pl\/wp-json\/wp\/v2\/product\/5171","targetHints":{"allow":["GET"]}}],"collection":[{"href":"https:\/\/displayproducts.eu\/pl\/wp-json\/wp\/v2\/product"}],"about":[{"href":"https:\/\/displayproducts.eu\/pl\/wp-json\/wp\/v2\/types\/product"}],"replies":[{"embeddable":true,"href":"https:\/\/displayproducts.eu\/pl\/wp-json\/wp\/v2\/comments?post=5171"}],"wp:featuredmedia":[{"embeddable":true,"href":"https:\/\/displayproducts.eu\/pl\/wp-json\/wp\/v2\/media\/6561"}],"wp:attachment":[{"href":"https:\/\/displayproducts.eu\/pl\/wp-json\/wp\/v2\/media?parent=5171"}],"wp:term":[{"taxonomy":"product_brand","embeddable":true,"href":"https:\/\/displayproducts.eu\/pl\/wp-json\/wp\/v2\/product_brand?post=5171"},{"taxonomy":"product_cat","embeddable":true,"href":"https:\/\/displayproducts.eu\/pl\/wp-json\/wp\/v2\/product_cat?post=5171"},{"taxonomy":"product_tag","embeddable":true,"href":"https:\/\/displayproducts.eu\/pl\/wp-json\/wp\/v2\/product_tag?post=5171"}],"curies":[{"name":"wp","href":"https:\/\/api.w.org\/{rel}","templated":true}]}}