{"id":5165,"date":"2025-10-20T21:40:50","date_gmt":"2025-10-20T18:40:50","guid":{"rendered":"https:\/\/wristbandfactory.eu\/?post_type=product&#038;p=5165"},"modified":"2026-04-01T21:52:04","modified_gmt":"2026-04-01T18:52:04","slug":"silicone-cup-lids","status":"publish","type":"product","link":"https:\/\/displayproducts.eu\/pl\/p\/silicone-cup-lids\/","title":{"rendered":"Silikonowe pokrywki do kubk\u00f3w"},"content":{"rendered":"<p>Zapewnij swoim go\u015bciom bezpiecze\u0144stwo i profesjonalizm podczas kolejnego wydarzenia plenerowego, konferencji lub festiwalu. Te promocyjne silikonowe pokrywki na kubki to praktyczne rozwi\u0105zanie, kt\u00f3re chroni napoje, utrzymuje je w czysto\u015bci i ogranicza rozlewanie, jednocze\u015bnie promuj\u0105c Twoj\u0105 mark\u0119.<\/p>\n<p>Wykonane z elastycznego silikonu dopuszczonego do kontaktu z \u017cywno\u015bci\u0105, te os\u0142onki na kubki s\u0105 zaprojektowane tak, aby rozci\u0105ga\u0107 si\u0119 i bezpiecznie pasowa\u0107 do wi\u0119kszo\u015bci standardowych rozmiar\u00f3w kubk\u00f3w. S\u0105 wielokrotnego u\u017cytku i ekologiczn\u0105 alternatyw\u0105 dla jednorazowych. Ka\u017cda os\u0142onka ma centralny otw\u00f3r, idealny na s\u0142omk\u0119. Do\u0142\u0105czony brelok sprawia, \u017ce jest to idealny gad\u017cet reklamowy, pozwalaj\u0105cy uczestnikom nosi\u0107 Twoj\u0105 mark\u0119 przy sobie d\u0142ugo po wydarzeniu. Spersonalizuj os\u0142onk\u0119 lub etui, umieszczaj\u0105c na nich logo swojej firmy, aby zapewni\u0107 maksymaln\u0105 widoczno\u015b\u0107 marki.<\/p>\n<p><b>G\u0142\u00f3wne cechy:<\/b><\/p>\n<ul>\n<li><b>Tworzywo:<\/b> Elastyczny i trwa\u0142y silikon.<\/li>\n<li><b>Pasowa\u0107:<\/b> Regulowana konstrukcja umo\u017cliwia dopasowanie do wi\u0119kszo\u015bci rodzaj\u00f3w miseczek.<\/li>\n<li><b>Funkcjonowa\u0107:<\/b> Chroni napoje przed kurzem, owadami i rozlanymi p\u0142ynami.<\/li>\n<li><b>Wielokrotnego u\u017cytku:<\/b> \u0141atwe do mycia i ponownego u\u017cycia, bardzo op\u0142acalne.<\/li>\n<li><b>Przeno\u015bny:<\/b> W zestawie znajduje si\u0119 kompaktowe etui na klucze, u\u0142atwiaj\u0105ce przenoszenie.<\/li>\n<li><b>Branding:<\/b> Idealne do nadruku logo lub szczeg\u00f3\u0142\u00f3w wydarzenia.<\/li>\n<li><b>Zabarwienie:<\/b> Dost\u0119pne w kolorze czarnym, niebieskim, zielonym i czerwonym.<\/li>\n<\/ul>\n<p>&nbsp;<\/p>","protected":false},"excerpt":{"rendered":"<ul>\n<li>Chro\u0144 napoje przed rozlaniem i zanieczyszczeniami podczas ka\u017cdej imprezy.<\/li>\n<li>Wielokrotnego u\u017cytku i \u0142atwy do mycia silikon pasuje do wi\u0119kszo\u015bci standardowych kubk\u00f3w.<\/li>\n<li>W zestawie znajduje si\u0119 przeno\u015bne etui na klucze u\u0142atwiaj\u0105ce transport.<\/li>\n<li>Doskonale nadaje si\u0119 na festiwale, do marketingu zewn\u0119trznego i imprez korporacyjnych.<\/li>\n<\/ul>","protected":false},"featured_media":6633,"comment_status":"closed","ping_status":"closed","template":"","meta":[],"product_brand":[],"product_cat":[119],"product_tag":[],"class_list":{"0":"post-5165","1":"product","2":"type-product","3":"status-publish","4":"has-post-thumbnail","6":"product_cat-drinkware-accessories","8":"first","9":"instock","10":"shipping-taxable","11":"purchasable","12":"product-type-simple"},"_links":{"self":[{"href":"https:\/\/displayproducts.eu\/pl\/wp-json\/wp\/v2\/product\/5165","targetHints":{"allow":["GET"]}}],"collection":[{"href":"https:\/\/displayproducts.eu\/pl\/wp-json\/wp\/v2\/product"}],"about":[{"href":"https:\/\/displayproducts.eu\/pl\/wp-json\/wp\/v2\/types\/product"}],"replies":[{"embeddable":true,"href":"https:\/\/displayproducts.eu\/pl\/wp-json\/wp\/v2\/comments?post=5165"}],"wp:featuredmedia":[{"embeddable":true,"href":"https:\/\/displayproducts.eu\/pl\/wp-json\/wp\/v2\/media\/6633"}],"wp:attachment":[{"href":"https:\/\/displayproducts.eu\/pl\/wp-json\/wp\/v2\/media?parent=5165"}],"wp:term":[{"taxonomy":"product_brand","embeddable":true,"href":"https:\/\/displayproducts.eu\/pl\/wp-json\/wp\/v2\/product_brand?post=5165"},{"taxonomy":"product_cat","embeddable":true,"href":"https:\/\/displayproducts.eu\/pl\/wp-json\/wp\/v2\/product_cat?post=5165"},{"taxonomy":"product_tag","embeddable":true,"href":"https:\/\/displayproducts.eu\/pl\/wp-json\/wp\/v2\/product_tag?post=5165"}],"curies":[{"name":"wp","href":"https:\/\/api.w.org\/{rel}","templated":true}]}}