{"id":5144,"date":"2025-10-14T23:32:11","date_gmt":"2025-10-14T20:32:11","guid":{"rendered":"https:\/\/wristbandfactory.eu\/?post_type=product&#038;p=5144"},"modified":"2026-04-01T21:52:35","modified_gmt":"2026-04-01T18:52:35","slug":"numbered-plain-tyvek-wristbands","status":"publish","type":"product","link":"https:\/\/displayproducts.eu\/pl\/p\/numbered-plain-tyvek-wristbands\/","title":{"rendered":"Numerowane g\u0142adkie opaski Tyvek"},"content":{"rendered":"<p>Usprawnij kontrol\u0119 dost\u0119pu na swoim wydarzeniu i zwi\u0119ksz bezpiecze\u0144stwo dzi\u0119ki naszym wytrzyma\u0142ym opaskom Plain Tyvek. Zaprojektowane do u\u017cytku profesjonalnego, te opaski oferuj\u0105 niezawodne i ekonomiczne rozwi\u0105zanie do zarz\u0105dzania go\u015b\u0107mi, kontrolowania wej\u015bcia i uproszczenia identyfikacji na ka\u017cdym spotkaniu.<\/p>\n<h3>Zbudowany dla bezpiecze\u0144stwa i widoczno\u015bci<\/h3>\n<p>Wykonane z autentycznego materia\u0142u DuPont\u2122 Tyvek\u00ae, nasze opaski s\u0105 wodoodporne, odporne na rozdarcia i wyposa\u017cone w bezpieczne, zabezpieczone przed otwarciem zamkni\u0119cie samoprzylepne. Ka\u017cda opaska posiada unikalny, nadrukowany numer seryjny, co zapobiega oszustwom i u\u0142atwia liczenie go\u015bci.<\/p>\n<h3>Wybierz szeroko\u015b\u0107: 19 mm lub 25 mm<\/h3>\n<p>Wybierz rozmiar, kt\u00f3ry najlepiej odpowiada wymaganiom widoczno\u015bci Twojego wydarzenia:<\/p>\n<h3>Standardowa szeroko\u015b\u0107 19 mm (standard bran\u017cowy)<\/h3>\n<p>Najpopularniejszy wyb\u00f3r na imprezy 90%. Oferuje idealn\u0105 r\u00f3wnowag\u0119 mi\u0119dzy komfortem a widoczno\u015bci\u0105.<\/p>\n<ul>\n<li><b>Najlepiej dla:<\/b> Jednodniowe festiwale, koncerty, kluby nocne i imprezy prywatne.<\/li>\n<li><b>Korzy\u015b\u0107:<\/b> Subtelny na nadgarstku, ale \u0142atwy do zweryfikowania przez pracownik\u00f3w ochrony.<\/li>\n<\/ul>\n<h3>25 mm Extra Wide (maksymalna widoczno\u015b\u0107)<\/h3>\n<p>Zapewnia wi\u0119ksz\u0105 powierzchni\u0119, dzi\u0119ki czemu kolory i numery s\u0105 widoczne z wi\u0119kszej odleg\u0142o\u015bci.<\/p>\n<ul>\n<li><b>Najlepiej dla:<\/b> Identyfikacja VIP, zat\u0142oczone miejsca lub wydarzenia wymagaj\u0105ce odr\u0119cznych notatek o zespole.<\/li>\n<li><b>Korzy\u015b\u0107:<\/b> Wi\u0119ksza przejrzysto\u015b\u0107 umo\u017cliwia szybsz\u0105 obs\u0142ug\u0119 t\u0142umu w punktach wej\u015bcia.<\/li>\n<\/ul>\n<h3>G\u0142\u00f3wne cechy:<\/h3>\n<ul>\n<li><b>Numerowanie sekwencyjne:<\/b> Ka\u017cdy zesp\u00f3\u0142 ma sw\u00f3j unikalny numer, co zwi\u0119ksza bezpiecze\u0144stwo i umo\u017cliwia \u015bledzenie go\u015bci.<\/li>\n<li><b>Oryginalny DuPont\u2122 Tyvek\u00ae:<\/b> Materia\u0142 wodoodporny i odporny na rozdarcia, zapewniaj\u0105cy niezawodno\u015b\u0107 podczas imprez.<\/li>\n<li><b>Zamkni\u0119cie zabezpieczaj\u0105ce przed otwarciem:<\/b> Bezpieczny, jednorazowy klej zapobiega przenoszeniu si\u0119 mi\u0119dzy go\u015b\u0107mi.<\/li>\n<li><b>Dwie opcje szeroko\u015bci:<\/b> Dost\u0119pne w wersji standardowej (19 mm) lub szerokiej (25 mm).<\/li>\n<li><b>\u017bywe opcje kolorystyczne:<\/b> Dost\u0119pne w kolorach neonowych, metalicznych i standardowych, co pozwala na \u0142atw\u0105 segmentacj\u0119 wizualn\u0105 go\u015bci.<\/li>\n<li><b>Przypadek u\u017cycia:<\/b> Idealne do kontroli dost\u0119pu, weryfikacji wieku i identyfikacji go\u015bci.<\/li>\n<\/ul>","protected":false},"excerpt":{"rendered":"<ul>\n<li>Posiada unikaln\u0105 numeracj\u0119 sekwencyjn\u0105 umo\u017cliwiaj\u0105c\u0105 bezpieczn\u0105 kontrol\u0119 dost\u0119pu i \u015bledzenie go\u015bci.<\/li>\n<li>Wykonane z oryginalnego materia\u0142u DuPont\u2122 Tyvek\u00ae (wodoodpornego i odpornego na rozdarcie).<\/li>\n<li>Szeroka gama \u017cywych kolor\u00f3w pozwala na \u0142atw\u0105 identyfikacj\u0119 go\u015bcia.<\/li>\n<li>Zabezpieczone przed manipulacj\u0105 zamkni\u0119cie samoprzylepne zapobiega przenoszeniu dokument\u00f3w mi\u0119dzy uczestnikami.<\/li>\n<\/ul>","protected":false},"featured_media":6111,"comment_status":"closed","ping_status":"closed","template":"","meta":[],"product_brand":[],"product_cat":[66,41,68],"product_tag":[],"class_list":{"0":"post-5144","1":"product","2":"type-product","3":"status-publish","4":"has-post-thumbnail","6":"product_cat-wristbands","7":"product_cat-tyvek","8":"product_cat-event-supplies","10":"first","11":"instock","12":"shipping-taxable","13":"purchasable","14":"product-type-simple"},"_links":{"self":[{"href":"https:\/\/displayproducts.eu\/pl\/wp-json\/wp\/v2\/product\/5144","targetHints":{"allow":["GET"]}}],"collection":[{"href":"https:\/\/displayproducts.eu\/pl\/wp-json\/wp\/v2\/product"}],"about":[{"href":"https:\/\/displayproducts.eu\/pl\/wp-json\/wp\/v2\/types\/product"}],"replies":[{"embeddable":true,"href":"https:\/\/displayproducts.eu\/pl\/wp-json\/wp\/v2\/comments?post=5144"}],"wp:featuredmedia":[{"embeddable":true,"href":"https:\/\/displayproducts.eu\/pl\/wp-json\/wp\/v2\/media\/6111"}],"wp:attachment":[{"href":"https:\/\/displayproducts.eu\/pl\/wp-json\/wp\/v2\/media?parent=5144"}],"wp:term":[{"taxonomy":"product_brand","embeddable":true,"href":"https:\/\/displayproducts.eu\/pl\/wp-json\/wp\/v2\/product_brand?post=5144"},{"taxonomy":"product_cat","embeddable":true,"href":"https:\/\/displayproducts.eu\/pl\/wp-json\/wp\/v2\/product_cat?post=5144"},{"taxonomy":"product_tag","embeddable":true,"href":"https:\/\/displayproducts.eu\/pl\/wp-json\/wp\/v2\/product_tag?post=5144"}],"curies":[{"name":"wp","href":"https:\/\/api.w.org\/{rel}","templated":true}]}}