{"id":5130,"date":"2025-10-13T13:22:52","date_gmt":"2025-10-13T10:22:52","guid":{"rendered":"https:\/\/wristbandfactory.eu\/?post_type=product&#038;p=5130"},"modified":"2026-04-01T21:52:35","modified_gmt":"2026-04-01T18:52:35","slug":"fluorescent-fabric-wristbands-uv-reactive","status":"publish","type":"product","link":"https:\/\/displayproducts.eu\/pl\/p\/fluorescent-fabric-wristbands-uv-reactive\/","title":{"rendered":"Fluorescencyjne opaski materia\u0142owe (reaktywne na UV)"},"content":{"rendered":"<p data-path-to-node=\"8\">Zadbaj o bezpiecze\u0144stwo swojego wydarzenia w warunkach s\u0142abego o\u015bwietlenia dzi\u0119ki naszym opaskom z materia\u0142u fluorescencyjnego. To idealne rozwi\u0105zanie dla klub\u00f3w nocnych, koncert\u00f3w i festiwali, gdzie wymagana jest niezawodna kontrola dost\u0119pu o wysokiej widoczno\u015bci.<\/p>\n<h3>Funkcja UV\/\u015bwiat\u0142a czarnego o wysokiej widoczno\u015bci<\/h3>\n<p data-path-to-node=\"10\">Opaska wykonana jest z mi\u0119kkiego w dotyku poliestru w \u017cywych, fluorescencyjnych kolorach. Materia\u0142 ten jest doskonale widoczny w \u015bwietle dziennym i <b>\u015bwieci jasno w \u015bwietle UV\/czarnym<\/b>, zwi\u0119kszaj\u0105c bezpiecze\u0144stwo personelu i widoczno\u015b\u0107 marki w ciemno\u015bci.<\/p>\n<h3>Skonfiguruj blokad\u0119 bezpiecze\u0144stwa<\/h3>\n<p data-path-to-node=\"12\">Zapewnij sobie solidn\u0105 kontrol\u0119 dost\u0119pu, wybieraj\u0105c zamek dopasowany do potrzeb Twojego wydarzenia. Te opaski fluorescencyjne s\u0105 kompatybilne z pe\u0142n\u0105 gam\u0105 naszych zamk\u00f3w:<\/p>\n<ul data-path-to-node=\"13\">\n<li>\n<p data-path-to-node=\"13,0,0\"><b>Zamek o wysokim poziomie bezpiecze\u0144stwa:<\/b> Regulowane, jednostronne zamkni\u0119cie zabezpieczaj\u0105ce (wykonane z ABS) zapobiegaj\u0105ce przenoszeniu i nieautoryzowanemu dost\u0119powi.<\/p>\n<\/li>\n<li>\n<p data-path-to-node=\"13,1,0\"><b>Zamek wielokrotnego u\u017cytku:<\/b> Regulowany koralik, kt\u00f3ry mo\u017cna elastycznie stosowa\u0107 lub na imprezy, na kt\u00f3rych istnieje mo\u017cliwo\u015b\u0107 zdj\u0119cia opaski.<\/p>\n<\/li>\n<li>\n<p data-path-to-node=\"13,2,0\"><b>Ekologiczny zamek bambusowy:<\/b> Trwa\u0142a, jednorazowa k\u0142\u00f3dka, kt\u00f3ra dobrze komponuje si\u0119 z dowolnym paskiem materia\u0142owym.<\/p>\n<\/li>\n<\/ul>\n<p data-path-to-node=\"14\">Wytrzyma\u0142a i wygodna ta\u015bma poliestrowa stanowi idealn\u0105 powierzchni\u0119 do nadruku Twojego logo, gwarantuj\u0105c widoczno\u015b\u0107 Twojej marki nawet w ciemno\u015bci.<\/p>\n<h3 data-path-to-node=\"15\">G\u0142\u00f3wne cechy:<\/h3>\n<ul data-path-to-node=\"16\">\n<li>\n<p data-path-to-node=\"16,0,0\"><b>Materia\u0142 o wysokiej widoczno\u015bci:<\/b> \u015awieci jasno w \u015bwietle ultrafioletowym\/czarnym, co umo\u017cliwia \u0142atw\u0105 identyfikacj\u0119 w ciemno\u015bci.<\/p>\n<\/li>\n<li>\n<p data-path-to-node=\"16,1,0\"><b>Wiele opcji blokady:<\/b> Wybierz zamkni\u0119cie o wysokim poziomie bezpiecze\u0144stwa (jednorazowego u\u017cytku), wielokrotnego u\u017cytku lub przyjazne dla \u015brodowiska zamkni\u0119cie bambusowe.<\/p>\n<\/li>\n<li>\n<p data-path-to-node=\"16,2,0\"><b>Wytrzyma\u0142a tkanina poliestrowa:<\/b> Mi\u0119kki i wytrzyma\u0142y materia\u0142 zaprojektowany z my\u015bl\u0105 o komfortowym noszeniu przez d\u0142u\u017cszy czas.<\/p>\n<\/li>\n<li>\n<p data-path-to-node=\"16,3,0\"><b>W pe\u0142ni konfigurowalny:<\/b> Idealna powierzchnia do nadruku logo Twojego wydarzenia lub marki sponsora.<\/p>\n<\/li>\n<li>\n<p data-path-to-node=\"16,4,0\"><b>Uniwersalne dopasowanie:<\/b> Regulowana konstrukcja blokady wygodnie dopasowuje si\u0119 do ka\u017cdego rozmiaru nadgarstka.<\/p>\n<\/li>\n<\/ul>","protected":false},"excerpt":{"rendered":"<ul>\n<li>\n<p data-path-to-node=\"7,0,0\"><b>Reaktywne w \u015bwietle UV\/czarnym:<\/b> \u015awieci jasno w warunkach s\u0142abego o\u015bwietlenia, co u\u0142atwia jego identyfikacj\u0119.<\/p>\n<\/li>\n<li>\n<p data-path-to-node=\"7,1,0\"><b>Opcje blokady:<\/b> Wybierz k\u0142\u00f3dk\u0119 o wysokim poziomie bezpiecze\u0144stwa, koralik wielokrotnego u\u017cytku lub przyjazn\u0105 dla \u015brodowiska k\u0142\u00f3dk\u0119 bambusow\u0105.<\/p>\n<\/li>\n<li>\n<p data-path-to-node=\"7,2,0\"><b>Trwa\u0142e i wygodne:<\/b> Wykonane z mi\u0119kkiego i wytrzyma\u0142ego poliestru, co zapewnia wygod\u0119 noszenia przez wiele dni.<\/p>\n<\/li>\n<li>\n<p data-path-to-node=\"7,3,0\"><b>W pe\u0142ni konfigurowalny:<\/b> Idealne p\u0142\u00f3tno na nadruk Twojego logo lub napisu na wydarzeniu.<\/p>\n<\/li>\n<\/ul>","protected":false},"featured_media":6383,"comment_status":"closed","ping_status":"closed","template":"","meta":[],"product_brand":[],"product_cat":[66,47,68],"product_tag":[],"class_list":{"0":"post-5130","1":"product","2":"type-product","3":"status-publish","4":"has-post-thumbnail","6":"product_cat-wristbands","7":"product_cat-fabric-wristbands","8":"product_cat-event-supplies","10":"first","11":"instock","12":"shipping-taxable","13":"purchasable","14":"product-type-simple"},"_links":{"self":[{"href":"https:\/\/displayproducts.eu\/pl\/wp-json\/wp\/v2\/product\/5130","targetHints":{"allow":["GET"]}}],"collection":[{"href":"https:\/\/displayproducts.eu\/pl\/wp-json\/wp\/v2\/product"}],"about":[{"href":"https:\/\/displayproducts.eu\/pl\/wp-json\/wp\/v2\/types\/product"}],"replies":[{"embeddable":true,"href":"https:\/\/displayproducts.eu\/pl\/wp-json\/wp\/v2\/comments?post=5130"}],"wp:featuredmedia":[{"embeddable":true,"href":"https:\/\/displayproducts.eu\/pl\/wp-json\/wp\/v2\/media\/6383"}],"wp:attachment":[{"href":"https:\/\/displayproducts.eu\/pl\/wp-json\/wp\/v2\/media?parent=5130"}],"wp:term":[{"taxonomy":"product_brand","embeddable":true,"href":"https:\/\/displayproducts.eu\/pl\/wp-json\/wp\/v2\/product_brand?post=5130"},{"taxonomy":"product_cat","embeddable":true,"href":"https:\/\/displayproducts.eu\/pl\/wp-json\/wp\/v2\/product_cat?post=5130"},{"taxonomy":"product_tag","embeddable":true,"href":"https:\/\/displayproducts.eu\/pl\/wp-json\/wp\/v2\/product_tag?post=5130"}],"curies":[{"name":"wp","href":"https:\/\/api.w.org\/{rel}","templated":true}]}}