{"id":5108,"date":"2025-10-06T22:07:55","date_gmt":"2025-10-06T19:07:55","guid":{"rendered":"https:\/\/wristbandfactory.eu\/?post_type=product&#038;p=5108"},"modified":"2026-04-01T21:52:35","modified_gmt":"2026-04-01T18:52:35","slug":"custom-engraved-printed-wooden-medals","status":"publish","type":"product","link":"https:\/\/displayproducts.eu\/pl\/p\/custom-engraved-printed-wooden-medals\/","title":{"rendered":"Drewniane medale grawerowane i drukowane na zapytanie ofertowe"},"content":{"rendered":"<p>Postaw na naturaln\u0105 i zr\u00f3wnowa\u017con\u0105 estetyk\u0119 swoich nagr\u00f3d dzi\u0119ki naszym spersonalizowanym drewnianym medalom. Idealne na imprezy plenerowe, dla marek dbaj\u0105cych o \u015brodowisko i wyj\u0105tkowych wyr\u00f3\u017cnie\u0144, te medale stanowi\u0105 ciep\u0142\u0105, rustykaln\u0105 alternatyw\u0119 dla tradycyjnych metalowych nagr\u00f3d. Wykonane w dowolnym, niestandardowym kszta\u0142cie, stanowi\u0105 niezapomniany i przyjazny dla \u015brodowiska spos\u00f3b na uczczenie osi\u0105gni\u0119\u0107.<\/p>\n<p><b>Wszechstronne opcje projektowania<\/b> Oferujemy trzy r\u00f3\u017cne metody, dzi\u0119ki kt\u00f3rym Tw\u00f3j projekt o\u017cyje na powierzchni drewna:<\/p>\n<ol start=\"1\">\n<li><b>Grawerowane logo:<\/b> Aby uzyska\u0107 klasyczny, rustykalny wygl\u0105d, wz\u00f3r jest grawerowany laserowo bezpo\u015brednio w drewnie, co tworzy pi\u0119kne, przyjemne w dotyku wyko\u0144czenie, podkre\u015blaj\u0105ce naturalne us\u0142ojenie.<\/li>\n<li><b>Sitodruk:<\/b> Idealny do wyrazistych, jednokolorowych logotyp\u00f3w, kt\u00f3re wyra\u017anie wyr\u00f3\u017cniaj\u0105 si\u0119 na tle drewna.<\/li>\n<li><b>Druk UV w pe\u0142nym kolorze:<\/b> Aby uzyska\u0107 \u017cywe, z\u0142o\u017cone dzie\u0142a sztuki, nasz zaawansowany proces druku UV pozwala na naniesienie pe\u0142nokolorowego projektu bezpo\u015brednio na powierzchni\u0119 drewna z precyzj\u0105 i trwa\u0142o\u015bci\u0105.<\/li>\n<\/ol>\n<p>Ka\u017cdy medal mo\u017cna dodatkowo spersonalizowa\u0107, wygrawerowuj\u0105c na jego odwrocie indywidualne imiona i numery.<\/p>\n<p><b>Wst\u0105\u017cki premium i zr\u00f3wnowa\u017cone<\/b> Dope\u0142nieniem nagrody jest wysokiej jako\u015bci wst\u0105\u017cka o d\u0142ugo\u015bci 80 cm, zadrukowana w pe\u0142nym kolorze po obu stronach. Do wyboru jest standardowa wst\u0105\u017cka poliestrowa z p\u0119telk\u0105 lub <b>ekologiczna wst\u0105\u017cka rPET<\/b> wykonane z materia\u0142\u00f3w pochodz\u0105cych z recyklingu, co jeszcze bardziej podkre\u015bli zr\u00f3wnowa\u017cony charakter Twojego wydarzenia.<\/p>\n<p><b>G\u0142\u00f3wne cechy:<\/b><\/p>\n<ul>\n<li><b>Materia\u0142 naturalny drewno:<\/b> Zapewnia wyj\u0105tkow\u0105, rustykaln\u0105 i ekologiczn\u0105 estetyk\u0119.<\/li>\n<li><b>Trzy opcje projektowe:<\/b> Wybierz grawerowanie laserowe, jednokolorowy sitodruk lub pe\u0142nokolorowy druk UV.<\/li>\n<li><b>W pe\u0142ni niestandardowy kszta\u0142t:<\/b> Stw\u00f3rz medal o dowolnym kszta\u0142cie, kt\u00f3ry idealnie b\u0119dzie pasowa\u0142 do Twojego wydarzenia lub marki.<\/li>\n<li><b>W zestawie wst\u0105\u017cki z nadrukiem w pe\u0142nym kolorze:<\/b> Tw\u00f3j wz\u00f3r zostanie wydrukowany po obu stronach wst\u0105\u017cki.<\/li>\n<li><b>Opcja ekologicznej ta\u015bmy rPET:<\/b> Zr\u00f3wnowa\u017cony wyb\u00f3r wst\u0105\u017cki wykonanej z materia\u0142\u00f3w pochodz\u0105cych z recyklingu.<\/li>\n<li><b>Grawerowanie indywidualnego imienia i numeru:<\/b> Spersonalizuj ka\u017cdy medal na odwrocie, aby pasowa\u0142 do odbiorcy.<\/li>\n<\/ul>","protected":false},"excerpt":{"rendered":"<p>Wybierz wyj\u0105tkow\u0105, ekologiczn\u0105 nagrod\u0119 \u2013 nasze spersonalizowane drewniane medale. Wykonane w dowolnym kszta\u0142cie, Tw\u00f3j projekt mo\u017ce by\u0107 grawerowany, sitodrukowany lub zadrukowany metod\u0105 UV w pe\u0142nych, \u017cywych kolorach.<\/p>","protected":false},"featured_media":6458,"comment_status":"closed","ping_status":"closed","template":"","meta":[],"product_brand":[],"product_cat":[102,45],"product_tag":[],"class_list":{"0":"post-5108","1":"product","2":"type-product","3":"status-publish","4":"has-post-thumbnail","6":"product_cat-medals","7":"product_cat-other","9":"first","10":"instock","11":"shipping-taxable","12":"purchasable","13":"product-type-simple"},"_links":{"self":[{"href":"https:\/\/displayproducts.eu\/pl\/wp-json\/wp\/v2\/product\/5108","targetHints":{"allow":["GET"]}}],"collection":[{"href":"https:\/\/displayproducts.eu\/pl\/wp-json\/wp\/v2\/product"}],"about":[{"href":"https:\/\/displayproducts.eu\/pl\/wp-json\/wp\/v2\/types\/product"}],"replies":[{"embeddable":true,"href":"https:\/\/displayproducts.eu\/pl\/wp-json\/wp\/v2\/comments?post=5108"}],"wp:featuredmedia":[{"embeddable":true,"href":"https:\/\/displayproducts.eu\/pl\/wp-json\/wp\/v2\/media\/6458"}],"wp:attachment":[{"href":"https:\/\/displayproducts.eu\/pl\/wp-json\/wp\/v2\/media?parent=5108"}],"wp:term":[{"taxonomy":"product_brand","embeddable":true,"href":"https:\/\/displayproducts.eu\/pl\/wp-json\/wp\/v2\/product_brand?post=5108"},{"taxonomy":"product_cat","embeddable":true,"href":"https:\/\/displayproducts.eu\/pl\/wp-json\/wp\/v2\/product_cat?post=5108"},{"taxonomy":"product_tag","embeddable":true,"href":"https:\/\/displayproducts.eu\/pl\/wp-json\/wp\/v2\/product_tag?post=5108"}],"curies":[{"name":"wp","href":"https:\/\/api.w.org\/{rel}","templated":true}]}}