{"id":5103,"date":"2025-10-06T22:03:40","date_gmt":"2025-10-06T19:03:40","guid":{"rendered":"https:\/\/wristbandfactory.eu\/?post_type=product&#038;p=5103"},"modified":"2026-04-01T21:52:35","modified_gmt":"2026-04-01T18:52:35","slug":"custom-3d-medals-with-uv-color-printing","status":"publish","type":"product","link":"https:\/\/displayproducts.eu\/pl\/p\/custom-3d-medals-with-uv-color-printing\/","title":{"rendered":"Z w\u0142asnym nadrukiem medale 3D z nadrukiem UV"},"content":{"rendered":"<p>Odkryj niezr\u00f3wnane mo\u017cliwo\u015bci projektowe dzi\u0119ki naszym spersonalizowanym medalom 3D z nadrukiem UV. Ta nowatorska technika \u0142\u0105czy w sobie g\u0142\u0119bi\u0119 odlewanego medalu 3D z \u017cywymi detalami pe\u0142nokolorowego druku, tworz\u0105c nagrod\u0119 o zachwycaj\u0105cym efekcie wizualnym i fakturowym, kt\u00f3ra z pewno\u015bci\u0105 zrobi wra\u017cenie.<\/p>\n<p><b>Kolor spotyka si\u0119 z faktur\u0105<\/b> W przeciwie\u0144stwie do tradycyjnych metod, druk UV nanosi pe\u0142nokolorowy projekt bezpo\u015brednio na powierzchni\u0119 medalu, idealnie dopasowuj\u0105c si\u0119 do wypuk\u0142ych i wg\u0142\u0119bionych obszar\u00f3w Twojego spersonalizowanego projektu 3D. Pozwala to na wsp\u00f3\u0142istnienie misternych, kolorowych logotyp\u00f3w i grafik z wyczuwalnym, metalicznym reliefem. Sam medal jest wykonany z wysokiej jako\u015bci stopu cynku, co pozwala na tworzenie misternych, niestandardowych kszta\u0142t\u00f3w i wyci\u0119\u0107.<\/p>\n<p><b>Wst\u0105\u017cki pe\u0142nokolorowe premium<\/b> Dope\u0142nieniem medalu premium jest wysokiej jako\u015bci wst\u0105\u017cka z nadrukiem w \u017cywych kolorach po obu stronach. Do wyboru jest klasyczna wst\u0105\u017cka poliestrowa lub przyjazna dla \u015brodowiska. <b>ta\u015bma rPET<\/b> wykonane z materia\u0142\u00f3w pochodz\u0105cych z recyklingu, aby spe\u0142nia\u0107 cele zr\u00f3wnowa\u017conego rozwoju w Twojej organizacji.<\/p>\n<p><b>Pe\u0142ne opcje personalizacji<\/b><\/p>\n<ul>\n<li><b>Medal:<\/b> Mo\u017cesz wykona\u0107 dowolny, niestandardowy kszta\u0142t do 65 mm. Wybierz jeden z 8 r\u00f3\u017cnych kolor\u00f3w pow\u0142oki metalowej podstawy. Opcjonalnie mo\u017cesz doda\u0107 wypuk\u0142e lub wkl\u0119s\u0142e logo na tylnej stronie, a tak\u017ce wygrawerowa\u0107 indywidualne imiona i numery.<\/li>\n<li><b>Wst\u0105\u017cka:<\/b> W zestawie znajduje si\u0119 wst\u0105\u017cka o d\u0142ugo\u015bci 80 cm z p\u0119telk\u0105 i nadrukiem w pe\u0142nym kolorze po obu stronach.<\/li>\n<\/ul>\n<p>&nbsp;<\/p>\n<p><b>Pakiet \u201eZdobywaj medale\u201d<\/b> Dost\u0119pny jest r\u00f3wnie\u017c nasz wyj\u0105tkowy pakiet \u201eZwyci\u0119skie medale\u201d, dzi\u0119ki kt\u00f3remu mo\u017cesz do\u0142\u0105czy\u0107 do zam\u00f3wienia komplet medali za 1., 2. i 3. miejsce i w ten spos\u00f3b stworzy\u0107 kompletny zestaw nagr\u00f3d na zawody.<\/p>\n<p><b>G\u0142\u00f3wne cechy:<\/b><\/p>\n<ul>\n<li><b>Druk UV na powierzchniach 3D:<\/b> Pe\u0142nokolorowe wzory nak\u0142adane bezpo\u015brednio na wypuk\u0142y i wg\u0142\u0119biony metal.<\/li>\n<li><b>Materia\u0142 najwy\u017cszej jako\u015bci ze stopu cynku:<\/b> Umo\u017cliwia tworzenie skomplikowanych kszta\u0142t\u00f3w 3D i niestandardowych wyci\u0119\u0107.<\/li>\n<li><b>W zestawie wst\u0105\u017cki z nadrukiem w pe\u0142nym kolorze:<\/b> Tw\u00f3j projekt wydrukowany po obu stronach wst\u0105\u017cki.<\/li>\n<li><b>Opcja ekologicznej ta\u015bmy rPET:<\/b> Zr\u00f3wnowa\u017cony wyb\u00f3r wst\u0105\u017cki wykonanej z materia\u0142\u00f3w pochodz\u0105cych z recyklingu.<\/li>\n<li><b>W pe\u0142ni niestandardowy kszta\u0142t:<\/b> Tw\u00f3j medal mo\u017ce zosta\u0107 odlany metod\u0105 ci\u015bnieniow\u0105 w dowolnym kszta\u0142cie, aby reprezentowa\u0142 Twoj\u0105 mark\u0119 lub wydarzenie.<\/li>\n<li><b>Dost\u0119pny pakiet \u201eZdob\u0105d\u017a medale\u201d:<\/b> \u0141atwe dodawanie medali za 1., 2. i 3. miejsce.<\/li>\n<li><b>Grawerowanie indywidualnego imienia i numeru:<\/b> Spersonalizuj ka\u017cdy medal specjalnie dla odbiorcy.<\/li>\n<li><b>8 r\u00f3\u017cnych kolor\u00f3w pow\u0142oki:<\/b> Wybierz idealne metaliczne wyko\u0144czenie dla swojego projektu.<\/li>\n<\/ul>\n<p>&nbsp;<\/p>\n<h3><\/h3>","protected":false},"excerpt":{"rendered":"<p>Odkryj nowy poziom projektowania medali dzi\u0119ki naszym medalom 3D drukowanym metod\u0105 UV. Ta technika pozwala na drukowanie \u017cywych, pe\u0142nokolorowych wzor\u00f3w bezpo\u015brednio na wypuk\u0142ych i wg\u0142\u0119bionych powierzchniach metalowych.<\/p>","protected":false},"featured_media":6447,"comment_status":"closed","ping_status":"closed","template":"","meta":[],"product_brand":[],"product_cat":[68,102,45],"product_tag":[],"class_list":{"0":"post-5103","1":"product","2":"type-product","3":"status-publish","4":"has-post-thumbnail","6":"product_cat-event-supplies","7":"product_cat-medals","8":"product_cat-other","10":"first","11":"instock","12":"shipping-taxable","13":"purchasable","14":"product-type-simple"},"_links":{"self":[{"href":"https:\/\/displayproducts.eu\/pl\/wp-json\/wp\/v2\/product\/5103","targetHints":{"allow":["GET"]}}],"collection":[{"href":"https:\/\/displayproducts.eu\/pl\/wp-json\/wp\/v2\/product"}],"about":[{"href":"https:\/\/displayproducts.eu\/pl\/wp-json\/wp\/v2\/types\/product"}],"replies":[{"embeddable":true,"href":"https:\/\/displayproducts.eu\/pl\/wp-json\/wp\/v2\/comments?post=5103"}],"wp:featuredmedia":[{"embeddable":true,"href":"https:\/\/displayproducts.eu\/pl\/wp-json\/wp\/v2\/media\/6447"}],"wp:attachment":[{"href":"https:\/\/displayproducts.eu\/pl\/wp-json\/wp\/v2\/media?parent=5103"}],"wp:term":[{"taxonomy":"product_brand","embeddable":true,"href":"https:\/\/displayproducts.eu\/pl\/wp-json\/wp\/v2\/product_brand?post=5103"},{"taxonomy":"product_cat","embeddable":true,"href":"https:\/\/displayproducts.eu\/pl\/wp-json\/wp\/v2\/product_cat?post=5103"},{"taxonomy":"product_tag","embeddable":true,"href":"https:\/\/displayproducts.eu\/pl\/wp-json\/wp\/v2\/product_tag?post=5103"}],"curies":[{"name":"wp","href":"https:\/\/api.w.org\/{rel}","templated":true}]}}