{"id":5098,"date":"2025-10-06T21:55:28","date_gmt":"2025-10-06T18:55:28","guid":{"rendered":"https:\/\/wristbandfactory.eu\/?post_type=product&#038;p=5098"},"modified":"2026-04-01T21:52:35","modified_gmt":"2026-04-01T18:52:35","slug":"standard-shape-medals-with-full-color-doming","status":"publish","type":"product","link":"https:\/\/displayproducts.eu\/pl\/p\/standard-shape-medals-with-full-color-doming\/","title":{"rendered":"Medale o standardowym kszta\u0142cie z pe\u0142nokolorow\u0105 kopu\u0142\u0105"},"content":{"rendered":"<p>W przypadku wydarze\u0144 wymagaj\u0105cych szybkiego, bez nadrukugo i niezwykle ekonomicznego rozwi\u0105zania w zakresie nagr\u00f3d, nasze medale \u017celazne o standardowym kszta\u0142cie to idealny wyb\u00f3r. Wykorzystuj\u0105c standardowy kszta\u0142t medalu o \u015brednicy 50 mm (np. okr\u0105g\u0142y), oferujemy najni\u017csz\u0105 cen\u0119 i najkr\u00f3tszy czas realizacji, a jednocze\u015bnie zapewniamy pi\u0119kny, pe\u0142nokolorowy, spersonalizowany projekt na Twoje wydarzenie.<\/p>\n<p><b>Maksymalny wp\u0142yw przy minimalnym bud\u017cecie<\/b> Te medale to idealny wyb\u00f3r na nagrody za udzia\u0142, szkolne dni sportu lub inne wydarzenia wymagaj\u0105ce du\u017cej ilo\u015bci wysokiej jako\u015bci medali w przyst\u0119pnej cenie. Prz\u00f3d zdobi \u017cywy, kolorowy wz\u00f3r, chroniony b\u0142yszcz\u0105c\u0105 i trwa\u0142\u0105 kopu\u0142\u0105. Podstawa medalu wykonana jest z litego \u017celaza, co zapewnia mu satysfakcjonuj\u0105c\u0105 wag\u0119 i komfort.<\/p>\n<p><b>Prosta i usprawniona personalizacja<\/b><\/p>\n<ul>\n<li><b>Medal:<\/b> Medal ma standardowy kszta\u0142t 50 mm. Mo\u017cesz wybra\u0107 jeden z 8 r\u00f3\u017cnych kolor\u00f3w pow\u0142oki metalu i spersonalizowa\u0107 rewers, graweruj\u0105c logo lub indywidualne imiona i numery.<\/li>\n<li><b>Wst\u0105\u017cka:<\/b> Ka\u017cdy medal zawiera poliestrow\u0105 wst\u0105\u017ck\u0119 o d\u0142ugo\u015bci 80 cm z przeszyciem w kszta\u0142cie litery V. Wst\u0105\u017cki mog\u0105 by\u0107 wykonane w maksymalnie 3 kolorach do wyboru, a logo mo\u017cna nanie\u015b\u0107 metod\u0105 sitodruku po jednej lub obu stronach.<\/li>\n<\/ul>\n<p>&nbsp;<\/p>\n<p><b>Pakiet \u201eZdobywaj medale\u201d<\/b> Nawet przy naszej najta\u0144szej opcji, nadal mo\u017cesz uhonorowa\u0107 swoich najlepszych zawodnik\u00f3w. Dost\u0119pny jest nasz wyj\u0105tkowy pakiet \u201eMedale Zwyci\u0119stwa\u201d, kt\u00f3ry pozwala na do\u0142\u0105czenie do zam\u00f3wienia zestawu medali za 1., 2. i 3. miejsce.<\/p>\n<p><b>G\u0142\u00f3wne cechy:<\/b><\/p>\n<ul>\n<li><b>Najbardziej ekonomiczna opcja medalu:<\/b> Nasza najlepsza oferta dla du\u017cych zam\u00f3wie\u0144 i ograniczonych bud\u017cet\u00f3w.<\/li>\n<li><b>Standardowy kszta\u0142t 50 mm:<\/b> Umo\u017cliwia szybsz\u0105 produkcj\u0119 i ni\u017csze koszty.<\/li>\n<li><b>Pe\u0142nokolorowe wyko\u0144czenie Strona g\u0142\u00f3wnaing:<\/b> Wyeksponuj swoje z\u0142o\u017cone, kolorowe logo za pomoc\u0105 ochronnej, b\u0142yszcz\u0105cej warstwy.<\/li>\n<li><b>Dost\u0119pny pakiet \u201eZdob\u0105d\u017a medale\u201d:<\/b> \u0141atwe dodawanie medali za 1., 2. i 3. miejsce.<\/li>\n<li><b>Grawerowanie indywidualnego imienia i numeru:<\/b> Spersonalizuj ka\u017cdy medal specjalnie dla odbiorcy.<\/li>\n<li><b>Opcjonalne grawerowane logo na tylnej stronie:<\/b> Dodaj dodatkowe oznakowanie na tylnej stronie medalu.<\/li>\n<li><b>W zestawie znajduj\u0105 si\u0119 wst\u0105\u017cki z haftem w kszta\u0142cie litery V:<\/b> Wybierz kolory i dodaj logo.<\/li>\n<li><b>8 r\u00f3\u017cnych kolor\u00f3w pow\u0142oki:<\/b> Wybierz idealne metaliczne wyko\u0144czenie dla swojego medalu.<\/li>\n<\/ul>\n<p>&nbsp;<\/p>\n<h3><\/h3>","protected":false},"excerpt":{"rendered":"<p>Nasze najszybsze i najta\u0144sze rozwi\u0105zanie w zakresie nagr\u00f3d. Te \u017celazne medale o standardowym kszta\u0142cie posiadaj\u0105 \u017cywe, pe\u0142nokolorowe logo w kszta\u0142cie kopu\u0142y, oferuj\u0105c maksymalny efekt przy minimalnym bud\u017cecie.<\/p>","protected":false},"featured_media":6643,"comment_status":"closed","ping_status":"closed","template":"","meta":[],"product_brand":[],"product_cat":[68,102,45],"product_tag":[],"class_list":{"0":"post-5098","1":"product","2":"type-product","3":"status-publish","4":"has-post-thumbnail","6":"product_cat-event-supplies","7":"product_cat-medals","8":"product_cat-other","10":"first","11":"instock","12":"shipping-taxable","13":"purchasable","14":"product-type-simple"},"_links":{"self":[{"href":"https:\/\/displayproducts.eu\/pl\/wp-json\/wp\/v2\/product\/5098","targetHints":{"allow":["GET"]}}],"collection":[{"href":"https:\/\/displayproducts.eu\/pl\/wp-json\/wp\/v2\/product"}],"about":[{"href":"https:\/\/displayproducts.eu\/pl\/wp-json\/wp\/v2\/types\/product"}],"replies":[{"embeddable":true,"href":"https:\/\/displayproducts.eu\/pl\/wp-json\/wp\/v2\/comments?post=5098"}],"wp:featuredmedia":[{"embeddable":true,"href":"https:\/\/displayproducts.eu\/pl\/wp-json\/wp\/v2\/media\/6643"}],"wp:attachment":[{"href":"https:\/\/displayproducts.eu\/pl\/wp-json\/wp\/v2\/media?parent=5098"}],"wp:term":[{"taxonomy":"product_brand","embeddable":true,"href":"https:\/\/displayproducts.eu\/pl\/wp-json\/wp\/v2\/product_brand?post=5098"},{"taxonomy":"product_cat","embeddable":true,"href":"https:\/\/displayproducts.eu\/pl\/wp-json\/wp\/v2\/product_cat?post=5098"},{"taxonomy":"product_tag","embeddable":true,"href":"https:\/\/displayproducts.eu\/pl\/wp-json\/wp\/v2\/product_tag?post=5098"}],"curies":[{"name":"wp","href":"https:\/\/api.w.org\/{rel}","templated":true}]}}