{"id":5093,"date":"2025-10-06T21:50:00","date_gmt":"2025-10-06T18:50:00","guid":{"rendered":"https:\/\/wristbandfactory.eu\/?post_type=product&#038;p=5093"},"modified":"2026-04-01T21:52:04","modified_gmt":"2026-04-01T18:52:04","slug":"custom-iron-medals-with-full-color-doming","status":"publish","type":"product","link":"https:\/\/displayproducts.eu\/pl\/p\/custom-iron-medals-with-full-color-doming\/","title":{"rendered":"Z w\u0142asnym nadrukiem medale \u017celazne z pe\u0142nokolorow\u0105 kopu\u0142\u0105"},"content":{"rendered":"<p>Zdob\u0105d\u017a \u017cyw\u0105, kolorow\u0105 nagrod\u0119 w wyj\u0105tkowej cenie dzi\u0119ki naszym niestandardowym medalom \u017celaznym z strona g\u0142\u00f3wnaingiem. Ta opcja to idealne rozwi\u0105zanie, aby o\u017cywi\u0107 z\u0142o\u017cone logo, obrazy i gradienty na niedrogim medalu, dzi\u0119ki czemu idealnie nadaje si\u0119 na imprezy masowe, kampanie promocyjne i turnieje, gdzie zar\u00f3wno bud\u017cet, jak i efekt wizualny s\u0105 kluczowe.<\/p>\n<p><b>Pe\u0142en kolor w rozs\u0105dnej cenie<\/b> Ten medal \u0142\u0105czy w sobie trwa\u0142\u0105, \u017celazn\u0105 podstaw\u0119 z nowoczesnym, pe\u0142nokolorowym, wypuk\u0142ym wyko\u0144czeniem. Proces wypuk\u0142o\u015bci polega na na\u0142o\u017ceniu na nadruk przezroczystej, odpornej na zarysowania \u017cywicy poliuretanowej, kt\u00f3ra chroni nadruk i nadaje mu b\u0142yszcz\u0105cy, tr\u00f3jwymiarowy efekt. Dzi\u0119ki zastosowaniu \u017celaznej podstawy mo\u017cemy zaoferowa\u0107 ten ol\u015bniewaj\u0105cy, pe\u0142nokolorowy styl w bardziej przyst\u0119pnej cenie. Medale te mog\u0105 by\u0107 wykonane w dowolnym, niestandardowym kszta\u0142cie do 50 mm.<\/p>\n<p><b>Pe\u0142ne opcje personalizacji<\/b><\/p>\n<ul>\n<li><b>Medal:<\/b> Mo\u017cesz wykona\u0107 dowolny, niestandardowy kszta\u0142t. Wybierz jeden z 8 r\u00f3\u017cnych kolor\u00f3w pow\u0142oki metalowej ramki i spersonalizuj ka\u017cdy medal, umieszczaj\u0105c na odwrocie indywidualne imiona, numery lub grawerowane logo.<\/li>\n<li><b>Wst\u0105\u017cka:<\/b> Ka\u017cdy medal zawiera poliestrow\u0105 wst\u0105\u017ck\u0119 o d\u0142ugo\u015bci 80 cm z przeszyciem w kszta\u0142cie litery V. Wst\u0105\u017cki mog\u0105 by\u0107 wykonane w maksymalnie 3 kolorach do wyboru, a logo mo\u017cna nanie\u015b\u0107 metod\u0105 sitodruku po jednej lub obu stronach.<\/li>\n<\/ul>\n<p>&nbsp;<\/p>\n<p><b>Pakiet \u201eZdobywaj medale\u201d<\/b> Nasz wyj\u0105tkowy pakiet \u201eZwyci\u0119skie medale\u201d jest r\u00f3wnie\u017c dost\u0119pny dla tego typu medali, umo\u017cliwiaj\u0105c do\u0142\u0105czenie do zam\u00f3wienia zestawu medali za 1., 2. i 3. miejsce, tworz\u0105c kompletne i niedrogie rozwi\u0105zanie w zakresie nagr\u00f3d.<\/p>\n<p><b>G\u0142\u00f3wne cechy:<\/b><\/p>\n<ul>\n<li><b>Ekonomiczna podstawa \u017celazna:<\/b> Idealny wyb\u00f3r w przypadku du\u017cych zam\u00f3wie\u0144 i wydarze\u0144, na kt\u00f3re obowi\u0105zuj\u0105 ograniczenia bud\u017cetowe.<\/li>\n<li><b>Pe\u0142nokolorowe wyko\u0144czenie Strona g\u0142\u00f3wnaing:<\/b> Doskonale odtwarza skomplikowane loga, zdj\u0119cia i gradienty kolor\u00f3w.<\/li>\n<li><b>Odporna na zarysowania, b\u0142yszcz\u0105ca kopu\u0142ka:<\/b> Chroni Tw\u00f3j projekt i nadaje mu wyj\u0105tkowy wygl\u0105d 3D.<\/li>\n<li><b>W pe\u0142ni niestandardowy kszta\u0142t:<\/b> Stw\u00f3rz wyj\u0105tkowy medal reprezentuj\u0105cy Twoj\u0105 mark\u0119 lub wydarzenie.<\/li>\n<li><b>Dost\u0119pny pakiet \u201eZdob\u0105d\u017a medale\u201d:<\/b> \u0141atwe dodawanie medali za 1., 2. i 3. miejsce.<\/li>\n<li><b>Grawerowanie indywidualnego imienia i numeru:<\/b> Spersonalizuj ka\u017cdy medal specjalnie dla odbiorcy.<\/li>\n<li><b>Opcjonalne grawerowane logo na tylnej stronie:<\/b> Dodaj dodatkowe oznakowanie na tylnej stronie medalu.<\/li>\n<li><b>W zestawie znajduj\u0105 si\u0119 wst\u0105\u017cki z haftem w kszta\u0142cie litery V:<\/b> Wybierz kolory i dodaj logo.<\/li>\n<\/ul>","protected":false},"excerpt":{"rendered":"<p>Zdob\u0105d\u017a \u017cywe, pe\u0142nokolorowe, spersonalizowane medale w bezkonkurencyjnej cenie. Nasze \u017celazne medale z b\u0142yszcz\u0105cym wyko\u0144czeniem wypuk\u0142ym idealnie nadaj\u0105 si\u0119 do reprodukcji z\u0142o\u017conych logotyp\u00f3w na niedrogich nagrodach.<\/p>","protected":false},"featured_media":6464,"comment_status":"closed","ping_status":"closed","template":"","meta":[],"product_brand":[],"product_cat":[68,102,45],"product_tag":[],"class_list":{"0":"post-5093","1":"product","2":"type-product","3":"status-publish","4":"has-post-thumbnail","6":"product_cat-event-supplies","7":"product_cat-medals","8":"product_cat-other","10":"first","11":"instock","12":"shipping-taxable","13":"purchasable","14":"product-type-simple"},"_links":{"self":[{"href":"https:\/\/displayproducts.eu\/pl\/wp-json\/wp\/v2\/product\/5093","targetHints":{"allow":["GET"]}}],"collection":[{"href":"https:\/\/displayproducts.eu\/pl\/wp-json\/wp\/v2\/product"}],"about":[{"href":"https:\/\/displayproducts.eu\/pl\/wp-json\/wp\/v2\/types\/product"}],"replies":[{"embeddable":true,"href":"https:\/\/displayproducts.eu\/pl\/wp-json\/wp\/v2\/comments?post=5093"}],"wp:featuredmedia":[{"embeddable":true,"href":"https:\/\/displayproducts.eu\/pl\/wp-json\/wp\/v2\/media\/6464"}],"wp:attachment":[{"href":"https:\/\/displayproducts.eu\/pl\/wp-json\/wp\/v2\/media?parent=5093"}],"wp:term":[{"taxonomy":"product_brand","embeddable":true,"href":"https:\/\/displayproducts.eu\/pl\/wp-json\/wp\/v2\/product_brand?post=5093"},{"taxonomy":"product_cat","embeddable":true,"href":"https:\/\/displayproducts.eu\/pl\/wp-json\/wp\/v2\/product_cat?post=5093"},{"taxonomy":"product_tag","embeddable":true,"href":"https:\/\/displayproducts.eu\/pl\/wp-json\/wp\/v2\/product_tag?post=5093"}],"curies":[{"name":"wp","href":"https:\/\/api.w.org\/{rel}","templated":true}]}}