{"id":5088,"date":"2025-10-06T21:44:18","date_gmt":"2025-10-06T18:44:18","guid":{"rendered":"https:\/\/wristbandfactory.eu\/?post_type=product&#038;p=5088"},"modified":"2026-04-01T21:52:35","modified_gmt":"2026-04-01T18:52:35","slug":"custom-medals-with-full-color-doming","status":"publish","type":"product","link":"https:\/\/displayproducts.eu\/pl\/p\/custom-medals-with-full-color-doming\/","title":{"rendered":"Z w\u0142asnym nadrukiem medale z pe\u0142nokolorowym strona g\u0142\u00f3wnaingiem"},"content":{"rendered":"<p>W przypadku projekt\u00f3w wymagaj\u0105cych \u017cywych, pe\u0142nych detali kolorystycznych, nasze medale personalizowane z strona g\u0142\u00f3wnaingiem to idealne rozwi\u0105zanie. Technika ta pozwala na idealne odwzorowanie z\u0142o\u017conych logotyp\u00f3w, gradient\u00f3w, a nawet zdj\u0119\u0107, kt\u00f3re nast\u0119pnie s\u0105 chronione przez krystalicznie przezroczyst\u0105, odporn\u0105 na zarysowania kopu\u0142\u0119. To najlepszy wyb\u00f3r dla nowoczesnych, przyci\u0105gaj\u0105cych wzrok nagr\u00f3d.<\/p>\n<p><b>\u017bywe, pe\u0142nokolorowe wyko\u0144czenie<\/b> Proces formowania wypuk\u0142ego polega na na\u0142o\u017ceniu przezroczystej \u017cywicy poliuretanowej na kolorowy nadruk. Tworzy to trwa\u0142y, b\u0142yszcz\u0105cy, tr\u00f3jwymiarowy efekt b\u0105belk\u00f3w, kt\u00f3ry podkre\u015bla walory Twojej pracy i chroni j\u0105 przed zu\u017cyciem. Podstawa medalu wykonana jest z wysokiej jako\u015bci stopu cynku, co pozwala na odlewanie medalu w dowolnym, misternym kszta\u0142cie, z drobnymi detalami i niestandardowymi wyci\u0119ciami (otworami), kt\u00f3re idealnie oprawiaj\u0105 Tw\u00f3j kolorowy projekt.<\/p>\n<p><b>Pe\u0142ne opcje personalizacji<\/b><\/p>\n<ul>\n<li><b>Medal:<\/b> Mo\u017cesz wykona\u0107 dowolny, niestandardowy kszta\u0142t. Wybierz jeden z 8 r\u00f3\u017cnych kolor\u00f3w pow\u0142oki metalowej podstawy. Opcjonalnie mo\u017cesz doda\u0107 wypuk\u0142e lub wkl\u0119s\u0142e logo na tylnej stronie, a tak\u017ce wygrawerowa\u0107 indywidualne imiona i numery.<\/li>\n<li><b>Wst\u0105\u017cka:<\/b> Ka\u017cdy medal zawiera poliestrow\u0105 wst\u0105\u017ck\u0119 o d\u0142ugo\u015bci 80 cm, zszyt\u0105 p\u0119telk\u0105. Wst\u0105\u017cki mog\u0105 by\u0107 wykonane w maksymalnie 3 kolorach do wyboru, a logo mo\u017cna nanie\u015b\u0107 metod\u0105 sitodruku po jednej lub obu stronach.<\/li>\n<\/ul>\n<p>&nbsp;<\/p>\n<p><b>Pakiet \u201eZdobywaj medale\u201d<\/b> Nasz wyj\u0105tkowy pakiet \u201eZwyci\u0119skie medale\u201d jest r\u00f3wnie\u017c dost\u0119pny dla tego stylu medali. Do ka\u017cdego zam\u00f3wienia mo\u017cesz zam\u00f3wi\u0107 trzy medale z klasycznym z\u0142otym, srebrnym i br\u0105zowym platerowaniem na 1., 2. i 3. miejsce, tworz\u0105c kompletny zestaw nagr\u00f3d na zawody.<\/p>\n<p><b>G\u0142\u00f3wne cechy:<\/b><\/p>\n<ul>\n<li><b>Pe\u0142nokolorowe wyko\u0144czenie Strona g\u0142\u00f3wnaing:<\/b> Doskonale nadaje si\u0119 do skomplikowanych logotyp\u00f3w, obraz\u00f3w fotograficznych i gradient\u00f3w kolor\u00f3w.<\/li>\n<li><b>Materia\u0142 najwy\u017cszej jako\u015bci ze stopu cynku:<\/b> Umo\u017cliwia wykonanie skomplikowanych, niestandardowych kszta\u0142t\u00f3w i wyci\u0119\u0107 podstawy medalu.<\/li>\n<li><b>Odporna na zarysowania, b\u0142yszcz\u0105ca kopu\u0142ka:<\/b> Chroni projekt i zapewnia doskona\u0142y wygl\u0105d 3D.<\/li>\n<li><b>W pe\u0142ni niestandardowy kszta\u0142t:<\/b> Tw\u00f3j medal mo\u017ce zosta\u0107 odlany metod\u0105 ci\u015bnieniow\u0105 w dowolnym kszta\u0142cie, aby reprezentowa\u0142 Twoj\u0105 mark\u0119 lub wydarzenie.<\/li>\n<li><b>Dost\u0119pny pakiet \u201eZdob\u0105d\u017a medale\u201d:<\/b> Mo\u017cesz z \u0142atwo\u015bci\u0105 doda\u0107 do swojego zam\u00f3wienia medale za 1., 2. i 3. miejsce.<\/li>\n<li><b>Grawerowanie indywidualnego imienia i numeru:<\/b> Spersonalizuj ka\u017cdy medal specjalnie dla odbiorcy.<\/li>\n<li><b>W zestawie znajduj\u0105 si\u0119 wst\u0105\u017cki z mo\u017cliwo\u015bci\u0105 personalizacji i szycia p\u0119telkowego:<\/b> Wybierz kolory i dodaj logo.<\/li>\n<li><b>8 kolor\u00f3w pow\u0142oki dla podstawy medalu:<\/b> Wybierz idealne wyko\u0144czenie metaliczne, kt\u00f3re dope\u0142ni Tw\u00f3j projekt.<\/li>\n<\/ul>","protected":false},"excerpt":{"rendered":"<p>O\u017cyw swoje \u017cywe, pe\u0142ne kolor\u00f3w projekty dzi\u0119ki naszym spersonalizowanym medalom wypuk\u0142ym. Wykonane z wysokiej jako\u015bci stopu cynku, posiadaj\u0105 b\u0142yszcz\u0105c\u0105, ochronn\u0105 kopu\u0142\u0119 nad nadrukowanym logo lub obrazem.<\/p>","protected":false},"featured_media":6471,"comment_status":"closed","ping_status":"closed","template":"","meta":[],"product_brand":[],"product_cat":[102,45],"product_tag":[],"class_list":{"0":"post-5088","1":"product","2":"type-product","3":"status-publish","4":"has-post-thumbnail","6":"product_cat-medals","7":"product_cat-other","9":"first","10":"instock","11":"shipping-taxable","12":"purchasable","13":"product-type-simple"},"_links":{"self":[{"href":"https:\/\/displayproducts.eu\/pl\/wp-json\/wp\/v2\/product\/5088","targetHints":{"allow":["GET"]}}],"collection":[{"href":"https:\/\/displayproducts.eu\/pl\/wp-json\/wp\/v2\/product"}],"about":[{"href":"https:\/\/displayproducts.eu\/pl\/wp-json\/wp\/v2\/types\/product"}],"replies":[{"embeddable":true,"href":"https:\/\/displayproducts.eu\/pl\/wp-json\/wp\/v2\/comments?post=5088"}],"wp:featuredmedia":[{"embeddable":true,"href":"https:\/\/displayproducts.eu\/pl\/wp-json\/wp\/v2\/media\/6471"}],"wp:attachment":[{"href":"https:\/\/displayproducts.eu\/pl\/wp-json\/wp\/v2\/media?parent=5088"}],"wp:term":[{"taxonomy":"product_brand","embeddable":true,"href":"https:\/\/displayproducts.eu\/pl\/wp-json\/wp\/v2\/product_brand?post=5088"},{"taxonomy":"product_cat","embeddable":true,"href":"https:\/\/displayproducts.eu\/pl\/wp-json\/wp\/v2\/product_cat?post=5088"},{"taxonomy":"product_tag","embeddable":true,"href":"https:\/\/displayproducts.eu\/pl\/wp-json\/wp\/v2\/product_tag?post=5088"}],"curies":[{"name":"wp","href":"https:\/\/api.w.org\/{rel}","templated":true}]}}