{"id":5083,"date":"2025-10-06T21:37:53","date_gmt":"2025-10-06T18:37:53","guid":{"rendered":"https:\/\/wristbandfactory.eu\/?post_type=product&#038;p=5083"},"modified":"2026-04-01T21:52:35","modified_gmt":"2026-04-01T18:52:35","slug":"custom-3d-relief-iron-medals","status":"publish","type":"product","link":"https:\/\/displayproducts.eu\/pl\/p\/custom-3d-relief-iron-medals\/","title":{"rendered":"Z w\u0142asnym nadrukiem medale \u017celazne z reliefem 3D"},"content":{"rendered":"<p>Osi\u0105gnij klasyczny, ekskluzywny wygl\u0105d swoich nagr\u00f3d bez wyg\u00f3rowanych koszt\u00f3w. Nasze z w\u0142asnym nadrukiem, tr\u00f3jwymiarowe, \u017celazne medale z reliefem \u0142\u0105cz\u0105 w sobie wyrafinowan\u0105 estetyk\u0119 nieemaliowanego, odlewanego ci\u015bnieniowo odlewu z ekonomiczn\u0105 zalet\u0105 \u017celaza, co czyni je idealnym wyborem na imprezy masowe, zawody i turnieje.<\/p>\n<p><b>Klasyczny metal w \u015bwietnej cenie<\/b> Ten styl medalu koncentruje si\u0119 na tr\u00f3jwymiarowej fakturze i detalach samego metalu, tworz\u0105c ponadczasow\u0105 nagrod\u0119 z wyczuwalnym, reliefowym wyko\u0144czeniem. Dzi\u0119ki zastosowaniu \u017celaza mo\u017cemy zaoferowa\u0107 ten elegancki styl w przyst\u0119pnej cenie. Chocia\u017c \u017celazo jest bardziej przyjazne dla bud\u017cetu i nie pozwala na wyci\u0119cia jak stop cynku, nadal zapewnia trwa\u0142o\u015b\u0107, ci\u0119\u017car i pi\u0119kne, szczeg\u00f3\u0142owe wyko\u0144czenie dla projekt\u00f3w o wysoko\u015bci do 50 mm.<\/p>\n<p><b>Pe\u0142ne opcje personalizacji<\/b><\/p>\n<ul>\n<li><b>Medal:<\/b> Mo\u017cesz wykona\u0107 dowolny, niestandardowy kszta\u0142t. Wybierz jeden z 8 r\u00f3\u017cnych kolor\u00f3w pow\u0142oki i spersonalizuj ka\u017cdy medal, umieszczaj\u0105c na odwrocie indywidualne imiona, numery lub grawerowane logo.<\/li>\n<li><b>Wst\u0105\u017cka:<\/b> Ka\u017cdy medal zawiera poliestrow\u0105 wst\u0105\u017ck\u0119 o d\u0142ugo\u015bci 80 cm z przeszyciem w kszta\u0142cie litery V. Wst\u0105\u017cki mog\u0105 by\u0107 wykonane w maksymalnie 3 kolorach do wyboru, a logo mo\u017cna nanie\u015b\u0107 metod\u0105 sitodruku po jednej lub obu stronach.<\/li>\n<\/ul>\n<p>&nbsp;<\/p>\n<p><b>Pakiet \u201eZdobywaj medale\u201d<\/b> Nasz wyj\u0105tkowy pakiet \u201eMedale zwyci\u0119stwa\u201d jest r\u00f3wnie\u017c dost\u0119pny dla tego typu medali, umo\u017cliwiaj\u0105c do\u0142\u0105czenie do zam\u00f3wienia zestawu medali za 1., 2. i 3. miejsce, co znacznie zwi\u0119ksza warto\u015b\u0107 zawod\u00f3w.<\/p>\n<p><b>G\u0142\u00f3wne cechy:<\/b><\/p>\n<ul>\n<li><b>Ekonomiczny materia\u0142 \u017celazny:<\/b> Idealny wyb\u00f3r dla os\u00f3b chc\u0105cych uzyska\u0107 klasyczny wygl\u0105d przy ograniczonym bud\u017cecie.<\/li>\n<li><b>Klasyczny projekt reliefu 3D:<\/b> Wyko\u0144czenie w ca\u0142o\u015bci wykonane z metalu, bez emalii, nadaj\u0105ce wn\u0119trzu wyrafinowany wygl\u0105d.<\/li>\n<li><b>W pe\u0142ni niestandardowy kszta\u0142t:<\/b> Tw\u00f3j medal mo\u017ce mie\u0107 dowolny kszta\u0142t, aby reprezentowa\u0107 Twoj\u0105 mark\u0119 lub wydarzenie.<\/li>\n<li><b>Dost\u0119pny pakiet \u201eZdob\u0105d\u017a medale\u201d:<\/b> \u0141atwe dodawanie medali za 1., 2. i 3. miejsce.<\/li>\n<li><b>Grawerowanie indywidualnego imienia i numeru:<\/b> Spersonalizuj ka\u017cdy medal specjalnie dla odbiorcy.<\/li>\n<li><b>Opcjonalne grawerowane logo na tylnej stronie:<\/b> Dodaj dodatkowe oznakowanie na tylnej stronie medalu.<\/li>\n<li><b>W zestawie znajduj\u0105 si\u0119 wst\u0105\u017cki z haftem w kszta\u0142cie litery V:<\/b> Wybierz kolory i dodaj logo.<\/li>\n<li><b>8 r\u00f3\u017cnych kolor\u00f3w pow\u0142oki:<\/b> Wybierz idealne metaliczne wyko\u0144czenie dla swojego projektu.<\/li>\n<\/ul>","protected":false},"excerpt":{"rendered":"<p>Zdob\u0105d\u017a ponadczasow\u0105, klasyczn\u0105 nagrod\u0119 w atrakcyjnej cenie dzi\u0119ki naszym \u017celaznym medalom 3D z reliefem. Te nieemaliowane medale charakteryzuj\u0105 si\u0119 szczeg\u00f3\u0142owym metalowym wzorem, idealnym do uzyskania ekskluzywnego wygl\u0105du w przyst\u0119pnej cenie.<\/p>","protected":false},"featured_media":6451,"comment_status":"closed","ping_status":"closed","template":"","meta":[],"product_brand":[],"product_cat":[102],"product_tag":[],"class_list":{"0":"post-5083","1":"product","2":"type-product","3":"status-publish","4":"has-post-thumbnail","6":"product_cat-medals","8":"first","9":"instock","10":"shipping-taxable","11":"purchasable","12":"product-type-simple"},"_links":{"self":[{"href":"https:\/\/displayproducts.eu\/pl\/wp-json\/wp\/v2\/product\/5083","targetHints":{"allow":["GET"]}}],"collection":[{"href":"https:\/\/displayproducts.eu\/pl\/wp-json\/wp\/v2\/product"}],"about":[{"href":"https:\/\/displayproducts.eu\/pl\/wp-json\/wp\/v2\/types\/product"}],"replies":[{"embeddable":true,"href":"https:\/\/displayproducts.eu\/pl\/wp-json\/wp\/v2\/comments?post=5083"}],"wp:featuredmedia":[{"embeddable":true,"href":"https:\/\/displayproducts.eu\/pl\/wp-json\/wp\/v2\/media\/6451"}],"wp:attachment":[{"href":"https:\/\/displayproducts.eu\/pl\/wp-json\/wp\/v2\/media?parent=5083"}],"wp:term":[{"taxonomy":"product_brand","embeddable":true,"href":"https:\/\/displayproducts.eu\/pl\/wp-json\/wp\/v2\/product_brand?post=5083"},{"taxonomy":"product_cat","embeddable":true,"href":"https:\/\/displayproducts.eu\/pl\/wp-json\/wp\/v2\/product_cat?post=5083"},{"taxonomy":"product_tag","embeddable":true,"href":"https:\/\/displayproducts.eu\/pl\/wp-json\/wp\/v2\/product_tag?post=5083"}],"curies":[{"name":"wp","href":"https:\/\/api.w.org\/{rel}","templated":true}]}}