{"id":5080,"date":"2025-10-06T21:31:57","date_gmt":"2025-10-06T18:31:57","guid":{"rendered":"https:\/\/wristbandfactory.eu\/?post_type=product&#038;p=5080"},"modified":"2026-04-01T21:52:35","modified_gmt":"2026-04-01T18:52:35","slug":"custom-3d-relief-zinc-alloy-medals","status":"publish","type":"product","link":"https:\/\/displayproducts.eu\/pl\/p\/custom-3d-relief-zinc-alloy-medals\/","title":{"rendered":"Z w\u0142asnym nadrukiem medale 3D ze stopu cynku"},"content":{"rendered":"<p>Postaw na ponadczasow\u0105 i wyrafinowan\u0105 estetyk\u0119 dzi\u0119ki naszym niestandardowym medalom 3D Relief ze stopu cynku. Idealne na wyr\u00f3\u017cnienia firmowe, rocznice i presti\u017cowe nagrody, te medale nie posiadaj\u0105 emalii, aby podkre\u015bli\u0107 osza\u0142amiaj\u0105ce detale i faktur\u0119 samego odlewanego metalu. Rezultatem jest klasyczna nagroda o przyjemnym w dotyku, wysokiej jako\u015bci wyko\u0144czeniu.<\/p>\n<p><b>Czysta metalowa elegancja<\/b> Nieemaliowany relief tworzy kontrastowy, tr\u00f3jwymiarowy efekt z wypuk\u0142ymi i wg\u0142\u0119bionymi obszarami, pi\u0119knie eksponuj\u0105c wybran\u0105 pow\u0142ok\u0119. U\u017cywamy wysokiej jako\u015bci stopu cynku, kt\u00f3ry jest niezb\u0119dny w tym stylu, poniewa\u017c pozwala na uzyskanie niezwykle drobnych detali i niestandardowych wyci\u0119\u0107 (otwor\u00f3w) \u2013 idealnych do z\u0142o\u017conych logotyp\u00f3w lub misternych grafik, kt\u00f3re zostan\u0105 podkre\u015blone przez czysto metaliczne wyko\u0144czenie.<\/p>\n<p><b>Pe\u0142ne opcje personalizacji<\/b><\/p>\n<ul>\n<li><b>Medal:<\/b> Mo\u017cesz wykona\u0107 dowolny kszta\u0142t do 65 mm. Wybierz jeden z 8 r\u00f3\u017cnych kolor\u00f3w pow\u0142oki. Opcjonalnie mo\u017cesz doda\u0107 wypuk\u0142e lub wkl\u0119s\u0142e logo na tylnej stronie, a tak\u017ce wygrawerowa\u0107 indywidualne imiona i numery.<\/li>\n<li><b>Wst\u0105\u017cka:<\/b> Ka\u017cdy medal zawiera poliestrow\u0105 wst\u0105\u017ck\u0119 o d\u0142ugo\u015bci 80 cm, zszyt\u0105 p\u0119telk\u0105. Wst\u0105\u017cki mog\u0105 by\u0107 wykonane w maksymalnie 3 kolorach do wyboru, a logo mo\u017cna nanie\u015b\u0107 metod\u0105 sitodruku po jednej lub obu stronach.<\/li>\n<\/ul>\n<p>&nbsp;<\/p>\n<p><b>Pakiet \u201eZdobywaj medale\u201d<\/b> Ten klasyczny styl medalu jest r\u00f3wnie\u017c dost\u0119pny w naszym wyj\u0105tkowym pakiecie \u201eZwyci\u0119skie Medale\u201d. Do ka\u017cdego zam\u00f3wienia mo\u017cesz zam\u00f3wi\u0107 trzy medale w klasycznych odcieniach z\u0142ota, srebra i br\u0105zu na 1., 2. i 3. miejsce, z unikalnymi nazwami lub numerami.<\/p>\n<p><b>G\u0142\u00f3wne cechy:<\/b><\/p>\n<ul>\n<li><b>Osza\u0142amiaj\u0105cy projekt reliefu 3D:<\/b> Wyko\u0144czenie w ca\u0142o\u015bci wykonane z metalu, bez emalii, zapewniaj\u0105ce klasyczny i elegancki wygl\u0105d.<\/li>\n<li><b>Materia\u0142 najwy\u017cszej jako\u015bci ze stopu cynku:<\/b> Pozwala na wykonywanie skomplikowanych detali i niestandardowych wyci\u0119\u0107.<\/li>\n<li><b>W pe\u0142ni niestandardowy kszta\u0142t:<\/b> Tw\u00f3j medal mo\u017ce zosta\u0107 odlany metod\u0105 ci\u015bnieniow\u0105 w dowolnym kszta\u0142cie, aby reprezentowa\u0142 Twoj\u0105 mark\u0119 lub wydarzenie.<\/li>\n<li><b>Dost\u0119pny pakiet \u201eZdob\u0105d\u017a medale\u201d:<\/b> Mo\u017cesz z \u0142atwo\u015bci\u0105 doda\u0107 do swojego zam\u00f3wienia medale za 1., 2. i 3. miejsce.<\/li>\n<li><b>Grawerowanie indywidualnego imienia i numeru:<\/b> Spersonalizuj ka\u017cdy medal specjalnie dla odbiorcy.<\/li>\n<li><b>W zestawie znajduj\u0105 si\u0119 wst\u0105\u017cki z mo\u017cliwo\u015bci\u0105 personalizacji i szycia p\u0119telkowego:<\/b> Wybierz kolory i dodaj logo.<\/li>\n<li><b>8 r\u00f3\u017cnych kolor\u00f3w pow\u0142oki:<\/b> Wybierz idealne wyko\u0144czenie uzupe\u0142niaj\u0105ce projekt 3D.<\/li>\n<li><b>Idealne do nagr\u00f3d korporacyjnych i presti\u017cowych:<\/b> Wyrafinowany wyb\u00f3r na formalne uznanie.<\/li>\n<\/ul>","protected":false},"excerpt":{"rendered":"<p>Je\u015bli szukasz klasycznej i eleganckiej nagrody, wybierz nasze z w\u0142asnym nadrukiem medale 3D z reliefem. Wykonane z wysokiej jako\u015bci stopu cynku, te nieemaliowane medale podkre\u015bl\u0105 Tw\u00f3j projekt zachwycaj\u0105cym, metalicznym detalem.<\/p>","protected":false},"featured_media":6455,"comment_status":"closed","ping_status":"closed","template":"","meta":[],"product_brand":[],"product_cat":[68,102,45],"product_tag":[],"class_list":{"0":"post-5080","1":"product","2":"type-product","3":"status-publish","4":"has-post-thumbnail","6":"product_cat-event-supplies","7":"product_cat-medals","8":"product_cat-other","10":"first","11":"instock","12":"shipping-taxable","13":"purchasable","14":"product-type-simple"},"_links":{"self":[{"href":"https:\/\/displayproducts.eu\/pl\/wp-json\/wp\/v2\/product\/5080","targetHints":{"allow":["GET"]}}],"collection":[{"href":"https:\/\/displayproducts.eu\/pl\/wp-json\/wp\/v2\/product"}],"about":[{"href":"https:\/\/displayproducts.eu\/pl\/wp-json\/wp\/v2\/types\/product"}],"replies":[{"embeddable":true,"href":"https:\/\/displayproducts.eu\/pl\/wp-json\/wp\/v2\/comments?post=5080"}],"wp:featuredmedia":[{"embeddable":true,"href":"https:\/\/displayproducts.eu\/pl\/wp-json\/wp\/v2\/media\/6455"}],"wp:attachment":[{"href":"https:\/\/displayproducts.eu\/pl\/wp-json\/wp\/v2\/media?parent=5080"}],"wp:term":[{"taxonomy":"product_brand","embeddable":true,"href":"https:\/\/displayproducts.eu\/pl\/wp-json\/wp\/v2\/product_brand?post=5080"},{"taxonomy":"product_cat","embeddable":true,"href":"https:\/\/displayproducts.eu\/pl\/wp-json\/wp\/v2\/product_cat?post=5080"},{"taxonomy":"product_tag","embeddable":true,"href":"https:\/\/displayproducts.eu\/pl\/wp-json\/wp\/v2\/product_tag?post=5080"}],"curies":[{"name":"wp","href":"https:\/\/api.w.org\/{rel}","templated":true}]}}