{"id":5078,"date":"2025-10-06T21:26:17","date_gmt":"2025-10-06T18:26:17","guid":{"rendered":"https:\/\/wristbandfactory.eu\/?post_type=product&#038;p=5078"},"modified":"2026-04-01T21:52:35","modified_gmt":"2026-04-01T18:52:35","slug":"custom-iron-medals-with-soft-enamel","status":"publish","type":"product","link":"https:\/\/displayproducts.eu\/pl\/p\/custom-iron-medals-with-soft-enamel\/","title":{"rendered":"Z w\u0142asnym nadrukiem medale \u017celazne z mi\u0119kk\u0105 emali\u0105"},"content":{"rendered":"<p>Stw\u00f3rz pi\u0119kne, spersonalizowane nagrody na swoje wydarzenie, nie przekraczaj\u0105c bud\u017cetu. Nasze spersonalizowane \u017celazne medale to idealne, ekonomiczne rozwi\u0105zanie na wy\u015bcigi, turnieje i imprezy firmowe z du\u017c\u0105 liczb\u0105 uczestnik\u00f3w. Oferuj\u0105 doskona\u0142\u0105 warto\u015b\u0107, a jednocze\u015bnie zapewniaj\u0105 wygl\u0105d i wra\u017cenie wysokiej jako\u015bci, wykonanej na zapytanie ofertowe nagrody.<\/p>\n<p><b>Klasyczne wyko\u0144czenie i design<\/b> \u017belazo jest ta\u0144sze ni\u017c stop cynku, co pozwala na bardziej przyst\u0119pn\u0105 cen\u0119, szczeg\u00f3lnie przy du\u017cych zam\u00f3wieniach. Medale te charakteryzuj\u0105 si\u0119 tradycyjnym, mi\u0119kkim wyko\u0144czeniem emaliowym, gdzie warstwa emalii jest lekko zag\u0142\u0119biona, co zapewnia przyjemny, teksturowany wygl\u0105d. Chocia\u017c \u017celazo nie nadaje si\u0119 do wzor\u00f3w z wyci\u0119ciami ani do tak szczeg\u00f3\u0142owego wykonania jak stop cynku, jest to trwa\u0142y i niezawodny materia\u0142 do szerokiej gamy niestandardowych kszta\u0142t\u00f3w o \u015brednicy do 50 mm.<\/p>\n<p><b>Pe\u0142ne opcje personalizacji<\/b><\/p>\n<ul>\n<li><b>Medal:<\/b> Mo\u017cesz wykona\u0107 dowolny, niestandardowy kszta\u0142t. Wybierz jeden z 8 r\u00f3\u017cnych kolor\u00f3w pow\u0142oki i spersonalizuj ka\u017cdy medal, umieszczaj\u0105c na odwrocie indywidualne imiona i numery.<\/li>\n<li><b>Wst\u0105\u017cka:<\/b> Ka\u017cdy medal zawiera poliestrow\u0105 wst\u0105\u017ck\u0119 o d\u0142ugo\u015bci 80 cm z przeszyciem w kszta\u0142cie litery V. Wst\u0105\u017cki mog\u0105 by\u0107 wykonane w maksymalnie 3 kolorach do wyboru, a logo mo\u017cna nanie\u015b\u0107 metod\u0105 sitodruku po jednej lub obu stronach.<\/li>\n<\/ul>\n<p>&nbsp;<\/p>\n<p><b>Pakiet \u201eZdobywaj medale\u201d<\/b> Nawet przy ograniczonym bud\u017cecie mo\u017cesz uhonorowa\u0107 swoich najlepszych zawodnik\u00f3w. Nasz wyj\u0105tkowy pakiet \u201eMedale zwyci\u0119zc\u00f3w\u201d jest dost\u0119pny dla medali \u017celaznych, dzi\u0119ki czemu mo\u017cesz do\u0142\u0105czy\u0107 do zam\u00f3wienia komplet medali za 1., 2. i 3. miejsce, z unikalnymi nazwami lub numerami.<\/p>\n<p><b>G\u0142\u00f3wne cechy:<\/b><\/p>\n<ul>\n<li><b>Ekonomiczny materia\u0142 \u017celazny:<\/b> Doskona\u0142y wyb\u00f3r na wydarzenia z du\u017c\u0105 liczb\u0105 uczestnik\u00f3w lub ograniczonym bud\u017cetem.<\/li>\n<li><b>Klasyczne wyko\u0144czenie mi\u0119kk\u0105 emali\u0105:<\/b> Nadaje Twojemu projektowi teksturowany, tr\u00f3jwymiarowy wygl\u0105d.<\/li>\n<li><b>W pe\u0142ni niestandardowy kszta\u0142t:<\/b> Tw\u00f3j medal mo\u017ce mie\u0107 dowolny kszta\u0142t, aby reprezentowa\u0107 Twoj\u0105 mark\u0119 lub wydarzenie.<\/li>\n<li><b>Dost\u0119pny pakiet \u201eZdob\u0105d\u017a medale\u201d:<\/b> Mo\u017cesz z \u0142atwo\u015bci\u0105 doda\u0107 do swojego zam\u00f3wienia medale za 1., 2. i 3. miejsce.<\/li>\n<li><b>Grawerowanie indywidualnego imienia i numeru:<\/b> Spersonalizuj ka\u017cdy medal specjalnie dla odbiorcy.<\/li>\n<li><b>W zestawie znajduj\u0105 si\u0119 wst\u0105\u017cki z haftem w kszta\u0142cie litery V:<\/b> Wybierz kolory i dodaj logo.<\/li>\n<li><b>8 r\u00f3\u017cnych kolor\u00f3w pow\u0142oki:<\/b> Wybierz idealne wyko\u0144czenie pasuj\u0105ce do Twojego projektu.<\/li>\n<li><b>Idealne dla zam\u00f3wie\u0144 o du\u017cej obj\u0119to\u015bci:<\/b> Wysokiej jako\u015bci nagroda o fantastycznej warto\u015bci.<\/li>\n<\/ul>","protected":false},"excerpt":{"rendered":"<p>Doskona\u0142y wyb\u00f3r na Twoj\u0105 imprez\u0119. Nasze z w\u0142asnym nadrukiem medale \u017celazne charakteryzuj\u0105 si\u0119 klasycznym, mi\u0119kkim wyko\u0144czeniem emaliowanym i mog\u0105 mie\u0107 dowolny kszta\u0142t, oferuj\u0105c wysokiej jako\u015bci nagrod\u0119 w przyst\u0119pnej cenie.<\/p>","protected":false},"featured_media":6462,"comment_status":"closed","ping_status":"closed","template":"","meta":[],"product_brand":[],"product_cat":[68,102],"product_tag":[],"class_list":{"0":"post-5078","1":"product","2":"type-product","3":"status-publish","4":"has-post-thumbnail","6":"product_cat-event-supplies","7":"product_cat-medals","9":"first","10":"instock","11":"shipping-taxable","12":"purchasable","13":"product-type-simple"},"_links":{"self":[{"href":"https:\/\/displayproducts.eu\/pl\/wp-json\/wp\/v2\/product\/5078","targetHints":{"allow":["GET"]}}],"collection":[{"href":"https:\/\/displayproducts.eu\/pl\/wp-json\/wp\/v2\/product"}],"about":[{"href":"https:\/\/displayproducts.eu\/pl\/wp-json\/wp\/v2\/types\/product"}],"replies":[{"embeddable":true,"href":"https:\/\/displayproducts.eu\/pl\/wp-json\/wp\/v2\/comments?post=5078"}],"wp:featuredmedia":[{"embeddable":true,"href":"https:\/\/displayproducts.eu\/pl\/wp-json\/wp\/v2\/media\/6462"}],"wp:attachment":[{"href":"https:\/\/displayproducts.eu\/pl\/wp-json\/wp\/v2\/media?parent=5078"}],"wp:term":[{"taxonomy":"product_brand","embeddable":true,"href":"https:\/\/displayproducts.eu\/pl\/wp-json\/wp\/v2\/product_brand?post=5078"},{"taxonomy":"product_cat","embeddable":true,"href":"https:\/\/displayproducts.eu\/pl\/wp-json\/wp\/v2\/product_cat?post=5078"},{"taxonomy":"product_tag","embeddable":true,"href":"https:\/\/displayproducts.eu\/pl\/wp-json\/wp\/v2\/product_tag?post=5078"}],"curies":[{"name":"wp","href":"https:\/\/api.w.org\/{rel}","templated":true}]}}