{"id":5071,"date":"2025-10-06T21:16:24","date_gmt":"2025-10-06T18:16:24","guid":{"rendered":"https:\/\/wristbandfactory.eu\/?post_type=product&#038;p=5071"},"modified":"2026-04-01T21:52:35","modified_gmt":"2026-04-01T18:52:35","slug":"custom-shape-zinc-alloy-medals","status":"publish","type":"product","link":"https:\/\/displayproducts.eu\/pl\/p\/custom-shape-zinc-alloy-medals\/","title":{"rendered":"Medale ze stopu cynku o niestandardowym kszta\u0142cie"},"content":{"rendered":"<p>Uhonoruj swoje osi\u0105gni\u0119cia wyj\u0105tkow\u0105 i ekskluzywn\u0105 nagrod\u0105. Nasze medale ze stopu cynku o niestandardowym kszta\u0142cie to idealny wyb\u00f3r na imprezy sportowe, nagrody firmowe i zawody, oferuj\u0105c niezr\u00f3wnan\u0105 swobod\u0119 projektowania i wysokiej jako\u015bci wyko\u0144czenie, kt\u00f3re z pewno\u015bci\u0105 przypadnie do gustu obdarowanym.<\/p>\n<p><b>Doskona\u0142y materia\u0142 i detale<\/b> U\u017cywamy stopu cynku, materia\u0142u l\u017cejszego i trwalszego ni\u017c \u017celazo. Co najwa\u017cniejsze, pozwala on na odlewanie z du\u017co wi\u0119ksz\u0105 dba\u0142o\u015bci\u0105 o szczeg\u00f3\u0142y, co czyni go najlepszym wyborem do projekt\u00f3w o skomplikowanych detalach lub wyci\u0119ciach (otworach) w medalionie. Prz\u00f3d ka\u017cdego medalu zdobi trwa\u0142a imitacja twardej emalii o g\u0142adkim, szklistym wyko\u0144czeniu.<\/p>\n<p><b>Pe\u0142ne opcje personalizacji<\/b><\/p>\n<ul>\n<li><b>Medal:<\/b> Mo\u017cesz wykona\u0107 dowolny kszta\u0142t do 65 mm. Wybierz jeden z 8 r\u00f3\u017cnych kolor\u00f3w pow\u0142oki. Opcjonalnie mo\u017cesz doda\u0107 wypuk\u0142e lub wkl\u0119s\u0142e logo na tylnej stronie, a tak\u017ce wygrawerowa\u0107 indywidualne imiona i numery.<\/li>\n<li><b>Wst\u0105\u017cka:<\/b> Ka\u017cdy medal zawiera poliestrow\u0105 wst\u0105\u017ck\u0119 o d\u0142ugo\u015bci 80 cm, zszyt\u0105 p\u0119telk\u0105. Wst\u0105\u017cki mog\u0105 by\u0107 wykonane w maksymalnie 3 kolorach do wyboru, a logo mo\u017cna nanie\u015b\u0107 metod\u0105 sitodruku po jednej lub obu stronach.<\/li>\n<\/ul>\n<p>&nbsp;<\/p>\n<p><b>Pakiet \u201eZdobywaj medale\u201d<\/b> Oferujemy wyj\u0105tkowy pakiet \u201eMedale dla zwyci\u0119zc\u00f3w\u201d, idealny na zawody. Do ka\u017cdego zam\u00f3wienia mo\u017cesz zam\u00f3wi\u0107 trzy medale w klasycznych odcieniach z\u0142ota, srebra i br\u0105zu, na 1., 2. i 3. miejsce, z unikalnymi nazwami lub numerami. Na przyk\u0142ad, zapytanie ofertowe na 100 medali b\u0119dzie obejmowa\u0142o 97 medali w Twoim g\u0142\u00f3wnym wzorze i 3 w zestawie dla zwyci\u0119zcy.<\/p>\n<p><b>G\u0142\u00f3wne cechy:<\/b><\/p>\n<ul>\n<li><b>W pe\u0142ni niestandardowy kszta\u0142t:<\/b> Tw\u00f3j medal mo\u017ce zosta\u0107 odlany metod\u0105 ci\u015bnieniow\u0105 w dowolnym kszta\u0142cie, nie tylko standardowym okr\u0119gu.<\/li>\n<li><b>Materia\u0142 najwy\u017cszej jako\u015bci ze stopu cynku:<\/b> Umo\u017cliwia wykonywanie drobnych, skomplikowanych detali i niestandardowych wyci\u0119\u0107.<\/li>\n<li><b>G\u0142adkie, twarde wyko\u0144czenie emaliowane:<\/b> Zapewnia wysokiej jako\u015bci powierzchni\u0119 przypominaj\u0105c\u0105 szk\u0142o.<\/li>\n<li><b>Dost\u0119pny pakiet \u201eZdob\u0105d\u017a medale\u201d:<\/b> Mo\u017cesz z \u0142atwo\u015bci\u0105 doda\u0107 do swojego zam\u00f3wienia medale za 1., 2. i 3. miejsce.<\/li>\n<li><b>Grawerowanie indywidualnego imienia i numeru:<\/b> Spersonalizuj ka\u017cdy medal specjalnie dla odbiorcy.<\/li>\n<li><b>W zestawie wst\u0105\u017cki, kt\u00f3re mo\u017cna dostosowa\u0107:<\/b> Wybierz kolory i dodaj swoje logo do wst\u0105\u017cek o d\u0142ugo\u015bci 80 cm.<\/li>\n<li><b>8 r\u00f3\u017cnych kolor\u00f3w pow\u0142oki:<\/b> Wybierz idealne wyko\u0144czenie pasuj\u0105ce do Twojego projektu.<\/li>\n<li><b>Opcjonalny projekt logo na tylnej stronie:<\/b> Dodaj dodatkowe oznakowanie za pomoc\u0105 wypuk\u0142ego lub zag\u0142\u0119bionego logo.<\/li>\n<\/ul>","protected":false},"excerpt":{"rendered":"<p>Stw\u00f3rz osza\u0142amiaj\u0105ce, w pe\u0142ni spersonalizowane nagrody dzi\u0119ki naszym medalom ze stopu cynku. Dzi\u0119ki g\u0142adkiej, twardej emalii i misternym detalom, mog\u0105 mie\u0107 dowolny kszta\u0142t, aby reprezentowa\u0107 Twoje wydarzenie.<\/p>","protected":false},"featured_media":6483,"comment_status":"closed","ping_status":"closed","template":"","meta":[],"product_brand":[],"product_cat":[68,102],"product_tag":[],"class_list":{"0":"post-5071","1":"product","2":"type-product","3":"status-publish","4":"has-post-thumbnail","6":"product_cat-event-supplies","7":"product_cat-medals","9":"first","10":"instock","11":"shipping-taxable","12":"purchasable","13":"product-type-simple"},"_links":{"self":[{"href":"https:\/\/displayproducts.eu\/pl\/wp-json\/wp\/v2\/product\/5071","targetHints":{"allow":["GET"]}}],"collection":[{"href":"https:\/\/displayproducts.eu\/pl\/wp-json\/wp\/v2\/product"}],"about":[{"href":"https:\/\/displayproducts.eu\/pl\/wp-json\/wp\/v2\/types\/product"}],"replies":[{"embeddable":true,"href":"https:\/\/displayproducts.eu\/pl\/wp-json\/wp\/v2\/comments?post=5071"}],"wp:featuredmedia":[{"embeddable":true,"href":"https:\/\/displayproducts.eu\/pl\/wp-json\/wp\/v2\/media\/6483"}],"wp:attachment":[{"href":"https:\/\/displayproducts.eu\/pl\/wp-json\/wp\/v2\/media?parent=5071"}],"wp:term":[{"taxonomy":"product_brand","embeddable":true,"href":"https:\/\/displayproducts.eu\/pl\/wp-json\/wp\/v2\/product_brand?post=5071"},{"taxonomy":"product_cat","embeddable":true,"href":"https:\/\/displayproducts.eu\/pl\/wp-json\/wp\/v2\/product_cat?post=5071"},{"taxonomy":"product_tag","embeddable":true,"href":"https:\/\/displayproducts.eu\/pl\/wp-json\/wp\/v2\/product_tag?post=5071"}],"curies":[{"name":"wp","href":"https:\/\/api.w.org\/{rel}","templated":true}]}}