{"id":5067,"date":"2025-10-06T16:53:44","date_gmt":"2025-10-06T13:53:44","guid":{"rendered":"https:\/\/wristbandfactory.eu\/?post_type=product&#038;p=5067"},"modified":"2026-04-01T21:52:04","modified_gmt":"2026-04-01T18:52:04","slug":"sound-activated-led-glow-glasses","status":"publish","type":"product","link":"https:\/\/displayproducts.eu\/pl\/p\/sound-activated-led-glow-glasses\/","title":{"rendered":"Okulary aktywowane d\u017awi\u0119kiem i \u015bwiec\u0105ce diodami LED"},"content":{"rendered":"<p>Sta\u0144 si\u0119 dusz\u0105 imprezy z naszymi elektryzuj\u0105cymi okularami LED Glow. Idealne jako gad\u017cet, na imprezy promocyjne lub po prostu dla zabawy \u2013 te okulary to gwarantowany spos\u00f3b na zrobienie niezapomnianego wra\u017cenia. Wyposa\u017cone s\u0105 w jasn\u0105, \u015bwiec\u0105c\u0105 oprawk\u0119 z drutu elektroluminescencyjnego i klasyczny, wygodny plastikowy design w stylu Wayfarer. Bez nadruku soczewki zapewniaj\u0105 wyra\u017ane widzenie podczas roz\u015bwietlania nocy.<\/p>\n<p>Dla klient\u00f3w B2B te okulary to doskona\u0142e narz\u0119dzie do budowania marki. Kolor oprawki i drutu elektroluminescencyjnego mo\u017cna dostosowa\u0107 do identyfikacji wizualnej firmy lub motywu wydarzenia. Oferujemy dwie funkcjonalne wersje, idealne na ka\u017cd\u0105 okazj\u0119.<\/p>\n<p><b>Wybierz swoj\u0105 funkcj\u0119:<\/b><\/p>\n<ol start=\"1\">\n<li><b>Sterowane przyciskami:<\/b> Wersja ta oferuje r\u0119czn\u0105 kontrol\u0119 nad trybami o\u015bwietlenia, zazwyczaj obejmuj\u0105cymi \u015bwiat\u0142o ci\u0105g\u0142e, wolne miganie i szybkie miganie, co pozwala u\u017cytkownikowi wybra\u0107 preferowany styl.<\/li>\n<li><b>Aktywowane d\u017awi\u0119kiem:<\/b> Najlepszy tryb imprezowy. Ta wersja posiada wbudowany czujnik, kt\u00f3ry sprawia, \u017ce \u015bwiat\u0142a pulsuj\u0105 i migaj\u0105 w rytm muzyki, tworz\u0105c dynamiczne i interaktywne wra\u017cenia.<\/li>\n<\/ol>\n<p>Zasilane dyskretnym akumulatorem, kt\u00f3ry wykorzystuje dwie baterie AAA, te okulary s\u0105 trwa\u0142e. Gwarantujemy ich jako\u015b\u0107, <b>2-letnia gwarancja<\/b> i pe\u0142ne <b>Certyfikacja CE i ROHS<\/b>, co czyni je niezawodnym wyborem na rynku europejskim.<\/p>\n<p><b>G\u0142\u00f3wne cechy:<\/b><\/p>\n<ul>\n<li><b>Dost\u0119pne s\u0105 dwie wersje:<\/b> Wybierz pomi\u0119dzy modelami sterowanymi r\u0119cznie przyciskami lub interaktywnymi, aktywowanymi d\u017awi\u0119kiem.<\/li>\n<li><b>10 \u017cywych, \u015bwiec\u0105cych kolor\u00f3w:<\/b> Wybierz spo\u015br\u00f3d szerokiej gamy kolor\u00f3w przewodu EL.<\/li>\n<li><b>Mo\u017cliwo\u015b\u0107 dostosowania kolor\u00f3w ramek:<\/b> Dopasuj ramki do swojej marki lub motywu wydarzenia.<\/li>\n<li><b>Certyfikat CE i ROHS:<\/b> Produkt wysokiej jako\u015bci, zgodny z wymogami rynku europejskiego.<\/li>\n<li><b>2-letnia gwarancja:<\/b> Gwarantujemy trwa\u0142o\u015b\u0107 i wydajno\u015b\u0107 naszych produkt\u00f3w.<\/li>\n<li><b>Zasilane 2 bateriami AAA:<\/b> Powszechne i \u0142atwe do wymiany \u017ar\u00f3d\u0142o zasilania.<\/li>\n<li><b>Klasyczny styl Wayfarer:<\/b> Uniwersalnie popularny i wygodny projekt.<\/li>\n<\/ul>","protected":false},"excerpt":{"rendered":"<p>Wyr\u00f3\u017cnij si\u0119 na ka\u017cdym wydarzeniu dzi\u0119ki naszym niestandardowym okularom \u015bwiec\u0105cym. Dost\u0119pne w 10 \u017cywych kolorach i dw\u00f3ch wersjach: sterowane r\u0119cznie lub aktywowane d\u017awi\u0119kiem, pulsuj\u0105ce w rytm muzyki. Certyfikat CE.<\/p>","protected":false},"featured_media":6638,"comment_status":"closed","ping_status":"closed","template":"","meta":[],"product_brand":[],"product_cat":[68,76,45],"product_tag":[],"class_list":{"0":"post-5067","1":"product","2":"type-product","3":"status-publish","4":"has-post-thumbnail","6":"product_cat-event-supplies","7":"product_cat-glow-led-products","8":"product_cat-other","10":"first","11":"instock","12":"shipping-taxable","13":"purchasable","14":"product-type-simple"},"_links":{"self":[{"href":"https:\/\/displayproducts.eu\/pl\/wp-json\/wp\/v2\/product\/5067","targetHints":{"allow":["GET"]}}],"collection":[{"href":"https:\/\/displayproducts.eu\/pl\/wp-json\/wp\/v2\/product"}],"about":[{"href":"https:\/\/displayproducts.eu\/pl\/wp-json\/wp\/v2\/types\/product"}],"replies":[{"embeddable":true,"href":"https:\/\/displayproducts.eu\/pl\/wp-json\/wp\/v2\/comments?post=5067"}],"wp:featuredmedia":[{"embeddable":true,"href":"https:\/\/displayproducts.eu\/pl\/wp-json\/wp\/v2\/media\/6638"}],"wp:attachment":[{"href":"https:\/\/displayproducts.eu\/pl\/wp-json\/wp\/v2\/media?parent=5067"}],"wp:term":[{"taxonomy":"product_brand","embeddable":true,"href":"https:\/\/displayproducts.eu\/pl\/wp-json\/wp\/v2\/product_brand?post=5067"},{"taxonomy":"product_cat","embeddable":true,"href":"https:\/\/displayproducts.eu\/pl\/wp-json\/wp\/v2\/product_cat?post=5067"},{"taxonomy":"product_tag","embeddable":true,"href":"https:\/\/displayproducts.eu\/pl\/wp-json\/wp\/v2\/product_tag?post=5067"}],"curies":[{"name":"wp","href":"https:\/\/api.w.org\/{rel}","templated":true}]}}