{"id":5063,"date":"2025-10-06T16:48:59","date_gmt":"2025-10-06T13:48:59","guid":{"rendered":"https:\/\/wristbandfactory.eu\/?post_type=product&#038;p=5063"},"modified":"2026-04-01T21:52:04","modified_gmt":"2026-04-01T18:52:04","slug":"remote-controlled-led-glow-wands","status":"publish","type":"product","link":"https:\/\/displayproducts.eu\/pl\/p\/remote-controlled-led-glow-wands\/","title":{"rendered":"Zdalnie sterowane \u015bwiec\u0105ce pa\u0142eczki LED"},"content":{"rendered":"<p>Rozbud\u017a publiczno\u015b\u0107 i stw\u00f3rz osza\u0142amiaj\u0105cy krajobraz wizualny dzi\u0119ki naszym personalizowanym \u015bwiec\u0105cym pa\u0142kom LED. Te 30-centymetrowe pa\u0142eczki, niezb\u0119dne na koncertach, festiwalach i imprezach sportowych, zosta\u0142y zaprojektowane z my\u015bl\u0105 o zaanga\u017cowaniu publiczno\u015bci. Wyposa\u017cone w wygodn\u0105, ergonomiczn\u0105 r\u0105czk\u0119 z tworzywa ABS i jasn\u0105 pa\u0142eczk\u0119 o\u015bwietlon\u0105 czterema mocnymi diodami LED, stanowi\u0105 znacz\u0105c\u0105 popraw\u0119 w por\u00f3wnaniu ze standardowymi, jednorazowymi pa\u0142eczkami piankowymi.<\/p>\n<p>Uchwyt mo\u017cna spersonalizowa\u0107, dodaj\u0105c kolor i logo Twojej marki, dzi\u0119ki czemu ka\u017cda r\u00f3\u017cd\u017cka stanie si\u0119 pot\u0119\u017cnym narz\u0119dziem promocyjnym. Oferujemy dwie funkcjonalne wersje, aby idealnie dopasowa\u0107 si\u0119 do potrzeb Twojego wydarzenia.<\/p>\n<p><b>Wybierz swoj\u0105 wersj\u0119:<\/b><\/p>\n<ol start=\"1\">\n<li><b>Wersja prze\u0142\u0105cznika przyciskowego:<\/b> Klasyczny wyb\u00f3r zapewniaj\u0105cy \u0142atw\u0105 obs\u0142ug\u0119. U\u017cytkownicy mog\u0105 prze\u0142\u0105cza\u0107 si\u0119 mi\u0119dzy 15 \u017cywymi kolorami i r\u00f3\u017cnymi trybami za pomoc\u0105 bez nadrukugo przycisku na uchwycie.<\/li>\n<li><b>Wersja ze zdalnym sterowaniem:<\/b> Przekszta\u0142\u0107 swoje wydarzenie w interaktywny pokaz \u015bwietlny. Ta wersja jest kompatybilna z naszymi <b><a class=\"ng-star-inserted\" href=\"https:\/\/displayproducts.eu\/pl\/p\/remote-dmx-controllers-for-led-wristbands\/\" target=\"_blank\" rel=\"noopener\" data-hveid=\"0\" data-ved=\"0CAAQ_4QMahgKEwih_pyAto-QAxUAAAAAHQAAAAAQ7Rg\">Kontrolery zdalne i DMX<\/a><\/b>, co pozwala na zsynchronizowanie ruchu ka\u017cdej r\u00f3\u017cd\u017cki na widowni, co przek\u0142ada si\u0119 na niezapomniany, skoordynowany wyst\u0119p.<\/li>\n<\/ol>\n<p>Co najlepsze, do ka\u017cdej r\u00f3\u017cd\u017cki do\u0142\u0105czone s\u0105 baterie, dzi\u0119ki czemu jest ona gotowa do u\u017cycia zaraz po wyj\u0119ciu z pude\u0142ka.<\/p>\n<p><b>G\u0142\u00f3wne cechy:<\/b><\/p>\n<ul>\n<li><b>Ergonomiczny uchwyt wielokrotnego u\u017cytku:<\/b> Zapewnia wygodny i trwa\u0142y chwyt.<\/li>\n<li><b>Jasna, \u015bwiec\u0105ca r\u00f3\u017cd\u017cka o d\u0142ugo\u015bci 30 cm:<\/b> Pod\u015bwietlane 4 wewn\u0119trznymi diodami LED zapewniaj\u0105cymi doskona\u0142\u0105 widoczno\u015b\u0107.<\/li>\n<li><b>Dost\u0119pne s\u0105 dwie wersje:<\/b> Wybierz pomi\u0119dzy r\u0119cznym prze\u0142\u0105cznikiem przyciskowym a pe\u0142nym modelem z pilotem zdalnego sterowania.<\/li>\n<li><b>15 \u017cywych opcji kolorystycznych:<\/b> Szeroka gama kolor\u00f3w, kt\u00f3ra o\u017cywi ka\u017cd\u0105 okazj\u0119.<\/li>\n<li><b>Baterie w zestawie:<\/b> Gotowe do natychmiastowego u\u017cycia, bezproblemowe dla organizator\u00f3w wydarze\u0144.<\/li>\n<li><b>Mo\u017cliwo\u015b\u0107 personalizacji uchwytu do brandingu:<\/b> Dodaj swoje logo lub niestandardowy kolor, aby promowa\u0107 swoj\u0105 mark\u0119.<\/li>\n<\/ul>","protected":false},"excerpt":{"rendered":"<p>Roz\u015bwietl sw\u00f3j koncert lub imprez\u0119 naszymi najwy\u017cszej jako\u015bci \u015bwiec\u0105cymi r\u00f3\u017cd\u017ckami LED. Wyposa\u017cone w wygodny uchwyt i jasne \u015bwiat\u0142o, s\u0105 dost\u0119pne w wersji r\u0119cznej lub interaktywnej, sterowanej pilotem.<\/p>","protected":false},"featured_media":6596,"comment_status":"closed","ping_status":"closed","template":"","meta":[],"product_brand":[],"product_cat":[68,76,45],"product_tag":[],"class_list":{"0":"post-5063","1":"product","2":"type-product","3":"status-publish","4":"has-post-thumbnail","6":"product_cat-event-supplies","7":"product_cat-glow-led-products","8":"product_cat-other","10":"first","11":"instock","12":"shipping-taxable","13":"product-type-simple"},"_links":{"self":[{"href":"https:\/\/displayproducts.eu\/pl\/wp-json\/wp\/v2\/product\/5063","targetHints":{"allow":["GET"]}}],"collection":[{"href":"https:\/\/displayproducts.eu\/pl\/wp-json\/wp\/v2\/product"}],"about":[{"href":"https:\/\/displayproducts.eu\/pl\/wp-json\/wp\/v2\/types\/product"}],"replies":[{"embeddable":true,"href":"https:\/\/displayproducts.eu\/pl\/wp-json\/wp\/v2\/comments?post=5063"}],"wp:featuredmedia":[{"embeddable":true,"href":"https:\/\/displayproducts.eu\/pl\/wp-json\/wp\/v2\/media\/6596"}],"wp:attachment":[{"href":"https:\/\/displayproducts.eu\/pl\/wp-json\/wp\/v2\/media?parent=5063"}],"wp:term":[{"taxonomy":"product_brand","embeddable":true,"href":"https:\/\/displayproducts.eu\/pl\/wp-json\/wp\/v2\/product_brand?post=5063"},{"taxonomy":"product_cat","embeddable":true,"href":"https:\/\/displayproducts.eu\/pl\/wp-json\/wp\/v2\/product_cat?post=5063"},{"taxonomy":"product_tag","embeddable":true,"href":"https:\/\/displayproducts.eu\/pl\/wp-json\/wp\/v2\/product_tag?post=5063"}],"curies":[{"name":"wp","href":"https:\/\/api.w.org\/{rel}","templated":true}]}}