{"id":5058,"date":"2025-10-06T16:43:30","date_gmt":"2025-10-06T13:43:30","guid":{"rendered":"https:\/\/wristbandfactory.eu\/?post_type=product&#038;p=5058"},"modified":"2026-04-01T21:52:35","modified_gmt":"2026-04-01T18:52:35","slug":"custom-shaped-led-light-sticks","status":"publish","type":"product","link":"https:\/\/displayproducts.eu\/pl\/p\/custom-shaped-led-light-sticks\/","title":{"rendered":"Z w\u0142asnym nadrukiem kszta\u0142ty pa\u0142eczek \u015bwietlnych LED"},"content":{"rendered":"<p data-path-to-node=\"7\">Stw\u00f3rz wci\u0105gaj\u0105ce \u201cmorze \u015bwiat\u0142a\u201d i zapewnij fanom niezapomniane wra\u017cenia dzi\u0119ki naszym w pe\u0142ni konfigurowalnym \u015bwiec\u0105cym pa\u0142kom LED. To doskona\u0142e narz\u0119dzie dla artyst\u00f3w, zespo\u0142\u00f3w muzycznych i organizator\u00f3w event\u00f3w korporacyjnych poszukuj\u0105cych efektownych, kolekcjonerskich gad\u017cet\u00f3w, kt\u00f3re \u0142\u0105cz\u0105 publiczno\u015b\u0107 bezpo\u015brednio z mark\u0105.<\/p>\n<p data-path-to-node=\"8\">Prawdziw\u0105 si\u0142\u0105 tego produktu jest niezr\u00f3wnany poziom personalizacji. Du\u017cy akrylowy globus mo\u017cna dostosowa\u0107 do indywidualnych potrzeb Twojej organizacji:<\/p>\n<ul data-path-to-node=\"9\">\n<li>\n<p data-path-to-node=\"9,0,0\"><b>Z w\u0142asnym nadrukiem figurki 3D:<\/b> Umie\u015b\u0107 wewn\u0105trz globusa specjalnie uformowan\u0105 figurk\u0119 3D, a otrzymasz naprawd\u0119 wyj\u0105tkowy i cenny przedmiot kolekcjonerski.<\/p>\n<\/li>\n<li>\n<p data-path-to-node=\"9,1,0\"><b>Wk\u0142adki grawerowane laserowo:<\/b> Wygraweruj swoje logo, symbol wydarzenia lub tekst, aby uzyska\u0107 wyrazisty i elegancki wygl\u0105d.<\/p>\n<\/li>\n<li>\n<p data-path-to-node=\"9,2,0\"><b>Wk\u0142adki drukowane w pe\u0142nym kolorze:<\/b> Zaprezentuj szczeg\u00f3\u0142owe, kolorowe obrazy lub projekty marki.<\/p>\n<\/li>\n<\/ul>\n<p data-path-to-node=\"10\">Aby dope\u0142ni\u0107 branding, uchwyt mo\u017ce zosta\u0107 wykonany w wybranym przez Ciebie kolorze firmowym i nadrukowany na nim Twoim logo.<\/p>\n<p data-path-to-node=\"11\">Wybierz wersj\u0119 technologii, kt\u00f3ra najlepiej odpowiada bud\u017cetowi i potrzebom technicznym Twojego wydarzenia:<\/p>\n<ol start=\"1\" data-path-to-node=\"12\">\n<li>\n<p data-path-to-node=\"12,0,0\"><b>R\u0119czny (jednokolorowy):<\/b> Idealny do wyra\u017cania mocnego, sp\u00f3jnego koloru marki.<\/p>\n<\/li>\n<li>\n<p data-path-to-node=\"12,1,0\"><b>Instrukcja obs\u0142ugi (15 kolor\u00f3w):<\/b> Wszechstronna opcja umo\u017cliwiaj\u0105ca u\u017cytkownikom prze\u0142\u0105czanie si\u0119 mi\u0119dzy 15 r\u00f3\u017cnymi kolorami.<\/p>\n<\/li>\n<li>\n<p data-path-to-node=\"12,2,0\"><b>Zdalne sterowanie DMX:<\/b> Niezr\u00f3wnane interaktywne do\u015bwiadczenie. Ta wersja jest kompatybilna z naszymi kontrolerami Remote i DMX, dzi\u0119ki czemu Tw\u00f3j zesp\u00f3\u0142 mo\u017ce zsynchronizowa\u0107 wszystkie pa\u0142eczki \u015bwietlne w obiekcie, aby tworzy\u0107 osza\u0142amiaj\u0105ce, skoordynowane pokazy \u015bwietlne zsynchronizowane z muzyk\u0105.<\/p>\n<\/li>\n<\/ol>\n<p data-path-to-node=\"13\">Ka\u017cdy pa\u0142eczka \u015bwietlna wykonana jest z wytrzyma\u0142ego tworzywa ABS i akrylu i zasilana trzema bateriami AAA (brak w zestawie).<\/p>\n<p data-path-to-node=\"14\"><b>G\u0142\u00f3wne cechy:<\/b><\/p>\n<ul data-path-to-node=\"15\">\n<li>\n<p data-path-to-node=\"15,0,0\"><b>W pe\u0142ni konfigurowalny globus:<\/b> Mo\u017cliwo\u015b\u0107 wykonania niestandardowych figurek 3D, grawerowania laserowego lub wstawiania pe\u0142nokolorowych nadruk\u00f3w.<\/p>\n<\/li>\n<li>\n<p data-path-to-node=\"15,1,0\"><b>Uchwyt z logo klienta:<\/b> Mo\u017cliwo\u015b\u0107 dostosowania koloru i nadruku logo.<\/p>\n<\/li>\n<li>\n<p data-path-to-node=\"15,2,0\"><b>Opcja zdalnego sterowania DMX:<\/b> Umo\u017cliwia w pe\u0142ni zsynchronizowane pokazy \u015bwietlne dla publiczno\u015bci w ca\u0142ym obiekcie.<\/p>\n<\/li>\n<li>\n<p data-path-to-node=\"15,3,0\"><b>Opcje techniczne r\u0119czne:<\/b> Dost\u0119pne r\u00f3wnie\u017c w ekonomicznej wersji jednokolorowej lub 15-kolorowej z mo\u017cliwo\u015bci\u0105 r\u0119cznego druku.<\/p>\n<\/li>\n<li>\n<p data-path-to-node=\"15,4,0\"><b>Trwa\u0142e materia\u0142y:<\/b> Wykonane z wytrzyma\u0142ego tworzywa ABS i akrylu, odpornego na warunki atmosferyczne.<\/p>\n<\/li>\n<li>\n<p data-path-to-node=\"15,5,0\"><b>Produkty o du\u017cym wp\u0142ywie:<\/b> Doskona\u0142y przedmiot kolekcjonerski na koncerty, trasy koncertowe dla fan\u00f3w i imprezy firmowe.<\/p>\n<\/li>\n<\/ul>","protected":false},"excerpt":{"rendered":"<ul data-path-to-node=\"6\">\n<li>\n<p data-path-to-node=\"6,0,0\">W pe\u0142ni personalizowana kula akrylowa: Umie\u015b\u0107 w \u015brodku figurk\u0119 3D, wygraweruj logo laserowo lub u\u017cyj kolorowej wk\u0142adki.<\/p>\n<\/li>\n<li>\n<p data-path-to-node=\"6,1,0\">Mo\u017cliwo\u015b\u0107 zam\u00f3wienia uchwytu w niestandardowym kolorze z nadrukowanym logo.<\/p>\n<\/li>\n<li>\n<p data-path-to-node=\"6,2,0\">Wybierz technologi\u0119: wersja jednokolorowa, 15-kolorowa z obs\u0142ug\u0105 manualn\u0105 lub wersja sterowana zdalnie DMX do zsynchronizowanych pokaz\u00f3w \u015bwietlnych.<\/p>\n<\/li>\n<li>\n<p data-path-to-node=\"6,3,0\">Najlepsze produkty o du\u017cym wp\u0142ywie na koncerty, spotkania fan\u00f3w i wydarzenia firmowe.<\/p>\n<\/li>\n<\/ul>","protected":false},"featured_media":5057,"comment_status":"closed","ping_status":"closed","template":"","meta":[],"product_brand":[],"product_cat":[76,45],"product_tag":[],"class_list":{"0":"post-5058","1":"product","2":"type-product","3":"status-publish","4":"has-post-thumbnail","6":"product_cat-glow-led-products","7":"product_cat-other","9":"first","10":"instock","11":"shipping-taxable","12":"product-type-simple"},"_links":{"self":[{"href":"https:\/\/displayproducts.eu\/pl\/wp-json\/wp\/v2\/product\/5058","targetHints":{"allow":["GET"]}}],"collection":[{"href":"https:\/\/displayproducts.eu\/pl\/wp-json\/wp\/v2\/product"}],"about":[{"href":"https:\/\/displayproducts.eu\/pl\/wp-json\/wp\/v2\/types\/product"}],"replies":[{"embeddable":true,"href":"https:\/\/displayproducts.eu\/pl\/wp-json\/wp\/v2\/comments?post=5058"}],"wp:featuredmedia":[{"embeddable":true,"href":"https:\/\/displayproducts.eu\/pl\/wp-json\/wp\/v2\/media\/5057"}],"wp:attachment":[{"href":"https:\/\/displayproducts.eu\/pl\/wp-json\/wp\/v2\/media?parent=5058"}],"wp:term":[{"taxonomy":"product_brand","embeddable":true,"href":"https:\/\/displayproducts.eu\/pl\/wp-json\/wp\/v2\/product_brand?post=5058"},{"taxonomy":"product_cat","embeddable":true,"href":"https:\/\/displayproducts.eu\/pl\/wp-json\/wp\/v2\/product_cat?post=5058"},{"taxonomy":"product_tag","embeddable":true,"href":"https:\/\/displayproducts.eu\/pl\/wp-json\/wp\/v2\/product_tag?post=5058"}],"curies":[{"name":"wp","href":"https:\/\/api.w.org\/{rel}","templated":true}]}}