{"id":5052,"date":"2025-10-06T16:33:54","date_gmt":"2025-10-06T13:33:54","guid":{"rendered":"https:\/\/wristbandfactory.eu\/?post_type=product&#038;p=5052"},"modified":"2026-04-01T21:52:35","modified_gmt":"2026-04-01T18:52:35","slug":"remote-dmx-controllers-for-led-wristbands","status":"publish","type":"product","link":"https:\/\/displayproducts.eu\/pl\/p\/remote-dmx-controllers-for-led-wristbands\/","title":{"rendered":"Piloty i kontrolery DMX do opasek LED"},"content":{"rendered":"<p>Aby osi\u0105gn\u0105\u0107 pe\u0142n\u0105 synchronizacj\u0119 i tworzy\u0107 wci\u0105gaj\u0105ce pokazy \u015bwietlne z naszymi zdalnie sterowanymi opaskami, niezb\u0119dny jest centralny kontroler. Nasze kontrolery daj\u0105 Ci pe\u0142n\u0105 kontrol\u0119 nad atmosfer\u0105 obiektu, pozwalaj\u0105c jednemu operatorowi na wyzwalanie \u017cywych zmian kolor\u00f3w i dynamicznych sekwencji migania na ca\u0142ej widowni. Niezale\u017cnie od tego, czy organizujesz gal\u0119 firmow\u0105, czy tras\u0119 koncertow\u0105 po \u015bwiatowej klasy stadionie, te urz\u0105dzenia gwarantuj\u0105 idealn\u0105 synchronizacj\u0119 ka\u017cdej opaski.<\/p>\n<h2 data-path-to-node=\"12\">\u201cDu\u017cy\u201d kontroler DMX (Profesjonalny Hub)<\/h2>\n<p data-path-to-node=\"13\">To nasza najpot\u0119\u017cniejsza jednostka steruj\u0105ca, zaprojektowana dla profesjonalnych technik\u00f3w o\u015bwietleniowych i produkcji na du\u017c\u0105 skal\u0119. Oferuje pe\u0142n\u0105 kompatybilno\u015b\u0107 ze standardem DMX512, co pozwala na integracj\u0119 opasek bezpo\u015brednio z istniej\u0105c\u0105 konsol\u0105 o\u015bwietleniow\u0105 w obiekcie.<\/p>\n<ul data-path-to-node=\"14\">\n<li>\n<p data-path-to-node=\"14,0,0\"><b data-path-to-node=\"14,0,0\" data-index-in-node=\"0\">Zakres:<\/b> Do 500 metr\u00f3w w otwartej przestrzeni.<\/p>\n<\/li>\n<li>\n<p data-path-to-node=\"14,1,0\"><b data-path-to-node=\"14,1,0\" data-index-in-node=\"0\">Pojemno\u015b\u0107:<\/b> Jednoczesne sterowanie ponad 5000 opasek.<\/p>\n<\/li>\n<li>\n<p data-path-to-node=\"14,2,0\"><b data-path-to-node=\"14,2,0\" data-index-in-node=\"0\">Moc:<\/b> Zewn\u0119trzne \u017ar\u00f3d\u0142o zasilania umo\u017cliwiaj\u0105ce ci\u0105g\u0142\u0105 prac\u0119.<\/p>\n<\/li>\n<\/ul>\n<h2 data-path-to-node=\"15\">\u201cMa\u0142y\u201d kontroler r\u0119czny (przeno\u015bna wygoda)<\/h2>\n<p data-path-to-node=\"16\">Idealny na mniejsze imprezy, przyj\u0119cia i premiery produkt\u00f3w, ma\u0142y kontroler oferuje prosty, intuicyjny interfejs do r\u0119cznego sterowania. Jest zasilany bateryjnie i przeno\u015bny, daj\u0105c operatorowi swobod\u0119 poruszania si\u0119 po obiekcie podczas zarz\u0105dzania pokazem \u015bwietlnym.<\/p>\n<ul data-path-to-node=\"17\">\n<li>\n<p data-path-to-node=\"17,0,0\"><b data-path-to-node=\"17,0,0\" data-index-in-node=\"0\">Zakres:<\/b> Niezawodny sygna\u0142 do 200-300 metr\u00f3w.<\/p>\n<\/li>\n<li>\n<p data-path-to-node=\"17,1,0\"><b data-path-to-node=\"17,1,0\" data-index-in-node=\"0\">Funkcje:<\/b> \u0141atwe w u\u017cyciu przyciski umo\u017cliwiaj\u0105ce wyb\u00f3r 15 ustawie\u0144 kolor\u00f3w i 8 tryb\u00f3w migania.<\/p>\n<\/li>\n<li>\n<p data-path-to-node=\"17,2,0\"><b data-path-to-node=\"17,2,0\" data-index-in-node=\"0\">Ruchliwo\u015b\u0107:<\/b> Lekka konstrukcja i d\u0142ugi czas pracy baterii.<\/p>\n<\/li>\n<\/ul>\n<h2 data-path-to-node=\"18\">G\u0142\u00f3wne funkcje i \u0142\u0105czno\u015b\u0107<\/h2>\n<ul data-path-to-node=\"19\">\n<li>\n<p data-path-to-node=\"19,0,0\"><b data-path-to-node=\"19,0,0\" data-index-in-node=\"0\">Technologia RF:<\/b> Wykorzystuje stabiln\u0105 cz\u0119stotliwo\u015b\u0107 433 MHz, aby zapewni\u0107 penetracj\u0119 sygna\u0142u nawet przez g\u0119ste skupiska ludzi.<\/p>\n<\/li>\n<li>\n<p data-path-to-node=\"19,1,0\"><b data-path-to-node=\"19,1,0\" data-index-in-node=\"0\">Integracja DMX512:<\/b> Bezproblemowa synchronizacja z profesjonalnymi konsoletami o\u015bwietleniowymi w celu realizacji zaprogramowanych sekwencji pokaz\u00f3w.<\/p>\n<\/li>\n<li>\n<p data-path-to-node=\"19,2,0\"><b data-path-to-node=\"19,2,0\" data-index-in-node=\"0\">Natychmiastowa odpowied\u017a:<\/b> Transmisja sygna\u0142u bez op\u00f3\u017anie\u0144 zapewniaj\u0105ca idealne dopasowanie do muzyki i sygna\u0142\u00f3w wizualnych.<\/p>\n<\/li>\n<\/ul>\n<h2 data-path-to-node=\"20\">Specyfikacje<\/h2>\n<ul data-path-to-node=\"21\">\n<li>\n<p data-path-to-node=\"21,0,0\"><b data-path-to-node=\"21,0,0\" data-index-in-node=\"0\">Cz\u0119stotliwo\u015bci:<\/b> 433,92 MHz.<\/p>\n<\/li>\n<li>\n<p data-path-to-node=\"21,1,0\"><b data-path-to-node=\"21,1,0\" data-index-in-node=\"0\">Napi\u0119cie robocze:<\/b> DC 5V (ma\u0142y) \/ DC 12V (du\u017cy).<\/p>\n<\/li>\n<li>\n<p data-path-to-node=\"21,2,0\"><b data-path-to-node=\"21,2,0\" data-index-in-node=\"0\">Kana\u0142y:<\/b> Obs\u0142uguje wiele stref i kontrol\u0119 specyficzn\u0105 dla grup.<\/p>\n<\/li>\n<li>\n<p data-path-to-node=\"21,3,0\"><b data-path-to-node=\"21,3,0\" data-index-in-node=\"0\">Wymiary:<\/b> Urz\u0105dzenie profesjonalne, przeno\u015bne, r\u0119czne lub montowane w szafie rack.<\/p>\n<\/li>\n<\/ul>\n<p data-path-to-node=\"22\">","protected":false},"excerpt":{"rendered":"<ul>\n<li>\n<p data-path-to-node=\"10,0,0\"><b data-path-to-node=\"10,0,0\" data-index-in-node=\"0\">Uniwersalne polecenie:<\/b> Kontroluj tysi\u0105ce opasek LED jednocze\u015bnie w zasi\u0119gu do 500 metr\u00f3w.<\/p>\n<\/li>\n<li>\n<p data-path-to-node=\"10,1,0\"><b data-path-to-node=\"10,1,0\" data-index-in-node=\"0\">Podw\u00f3jna technologia:<\/b> Obs\u0142uguje zar\u00f3wno r\u0119czne sterowanie za pomoc\u0105 fal radiowych (RF), jak i profesjonaln\u0105 integracj\u0119 DMX512.<\/p>\n<\/li>\n<li>\n<p data-path-to-node=\"10,2,0\"><b data-path-to-node=\"10,2,0\" data-index-in-node=\"0\">Skalowalne rozwi\u0105zania:<\/b> Wybierz pomi\u0119dzy przeno\u015bnym Ma\u0142ym Kontrolerem przeznaczonym do kameralnych wydarze\u0144 a Du\u017cym Kontrolerem przeznaczonym do wydarze\u0144 na stadionach.<\/p>\n<\/li>\n<li>\n<p data-path-to-node=\"10,3,0\"><b data-path-to-node=\"10,3,0\" data-index-in-node=\"0\">Efekty w czasie rzeczywistym:<\/b> Prze\u0142\u0105czaj si\u0119 b\u0142yskawicznie pomi\u0119dzy ponad 15 kolorami i r\u00f3\u017cnymi wzorami migania, aby dopasowa\u0107 o\u015bwietlenie do rytmu wydarzenia.<\/p>\n<\/li>\n<\/ul>","protected":false},"featured_media":5980,"comment_status":"closed","ping_status":"closed","template":"","meta":[],"product_brand":[],"product_cat":[80],"product_tag":[],"class_list":{"0":"post-5052","1":"product","2":"type-product","3":"status-publish","4":"has-post-thumbnail","6":"product_cat-led-wristbands","8":"first","9":"instock","10":"shipping-taxable","11":"purchasable","12":"product-type-simple"},"_links":{"self":[{"href":"https:\/\/displayproducts.eu\/pl\/wp-json\/wp\/v2\/product\/5052","targetHints":{"allow":["GET"]}}],"collection":[{"href":"https:\/\/displayproducts.eu\/pl\/wp-json\/wp\/v2\/product"}],"about":[{"href":"https:\/\/displayproducts.eu\/pl\/wp-json\/wp\/v2\/types\/product"}],"replies":[{"embeddable":true,"href":"https:\/\/displayproducts.eu\/pl\/wp-json\/wp\/v2\/comments?post=5052"}],"wp:featuredmedia":[{"embeddable":true,"href":"https:\/\/displayproducts.eu\/pl\/wp-json\/wp\/v2\/media\/5980"}],"wp:attachment":[{"href":"https:\/\/displayproducts.eu\/pl\/wp-json\/wp\/v2\/media?parent=5052"}],"wp:term":[{"taxonomy":"product_brand","embeddable":true,"href":"https:\/\/displayproducts.eu\/pl\/wp-json\/wp\/v2\/product_brand?post=5052"},{"taxonomy":"product_cat","embeddable":true,"href":"https:\/\/displayproducts.eu\/pl\/wp-json\/wp\/v2\/product_cat?post=5052"},{"taxonomy":"product_tag","embeddable":true,"href":"https:\/\/displayproducts.eu\/pl\/wp-json\/wp\/v2\/product_tag?post=5052"}],"curies":[{"name":"wp","href":"https:\/\/api.w.org\/{rel}","templated":true}]}}