{"id":5034,"date":"2025-10-06T16:03:54","date_gmt":"2025-10-06T13:03:54","guid":{"rendered":"https:\/\/wristbandfactory.eu\/?post_type=product&#038;p=5034"},"modified":"2026-04-01T21:52:35","modified_gmt":"2026-04-01T18:52:35","slug":"custom-glow-flashing-led-wristbands","status":"publish","type":"product","link":"https:\/\/displayproducts.eu\/pl\/p\/custom-glow-flashing-led-wristbands\/","title":{"rendered":"Sp\u012bdo\u0161as un mirgojo\u0161as LED aproces"},"content":{"rendered":"<p data-path-to-node=\"9\">Je\u015bli potrzebujesz bez nadrukugo, ekonomicznego i wyrazistego rozwi\u0105zania do brandingu, nasze spersonalizowane \u015bwiec\u0105ce i migaj\u0105ce opaski LED to idealny wyb\u00f3r. Zaprojektowane z my\u015bl\u0105 o wysokiej widoczno\u015bci, opaski te zapewniaj\u0105 mocne, jednolite \u015bwiat\u0142o bez konieczno\u015bci u\u017cywania skomplikowanych pilot\u00f3w.<\/p>\n<p data-path-to-node=\"10\">To nasze kompleksowe rozwi\u0105zanie do obs\u0142ugi r\u0119cznych (bez pilota) ta\u015bm LED, idealne na imprezy firmowe, premiery produkt\u00f3w, festiwale i kampanie zwi\u0119kszaj\u0105ce \u015bwiastrona g\u0142\u00f3wnao\u015b\u0107, gdzie kluczowy jest sp\u00f3jny wizerunek marki.<\/p>\n<h2><strong>Wybierz sw\u00f3j model LED z instrukcj\u0105 obs\u0142ugi<\/strong><\/h2>\n<p data-path-to-node=\"12\">Wybierz model, kt\u00f3ry najlepiej pasuje do tematu Twojego wydarzenia:<\/p>\n<h3 data-path-to-node=\"13,0,0\"><strong>Model \u015bwiec\u0105cy w jednym kolorze<\/strong><\/h3>\n<p><img fetchpriority=\"high\" decoding=\"async\" class=\"alignnone wp-image-5554\" src=\"https:\/\/displayproducts.eu\/wp-content\/uploads\/2025\/10\/flashing-led-1.jpeg\" alt=\"\" width=\"300\" height=\"300\" srcset=\"https:\/\/displayproducts.eu\/wp-content\/uploads\/2025\/10\/flashing-led-1.jpeg 600w, https:\/\/displayproducts.eu\/wp-content\/uploads\/2025\/10\/flashing-led-1-12x12.jpeg 12w, https:\/\/displayproducts.eu\/wp-content\/uploads\/2025\/10\/flashing-led-1-300x300.jpeg 300w, https:\/\/displayproducts.eu\/wp-content\/uploads\/2025\/10\/flashing-led-1-100x100.jpeg 100w, https:\/\/displayproducts.eu\/wp-content\/uploads\/2025\/10\/flashing-led-1-64x64.jpeg 64w\" sizes=\"(max-width: 300px) 100vw, 300px\" \/><\/p>\n<p>Si\u0142\u0105 tego modelu jest jego prostota. Zapala si\u0119 w <b>jeden konkretny, \u017cywy kolor<\/b> (czerwony, niebieski, zielony itp.), aby idealnie dopasowa\u0107 si\u0119 do brandingu Twojej firmy lub motywu wydarzenia. Wykonany z ultralekkiego (17 g) i wytrzyma\u0142ego materia\u0142u TPU, oferuje bardzo d\u0142ugi czas u\u017cytkowania. <b>12-godzinny czas pracy baterii<\/b>.<\/p>\n<h3 data-path-to-node=\"13,1,0\"><strong>Wielokolorowy migaj\u0105cy model<\/strong><\/h3>\n<p data-path-to-node=\"13,1,0\"><img decoding=\"async\" class=\"alignnone wp-image-5556\" src=\"https:\/\/displayproducts.eu\/wp-content\/uploads\/2025\/10\/flashing-led.jpg\" alt=\"\" width=\"300\" height=\"300\" srcset=\"https:\/\/displayproducts.eu\/wp-content\/uploads\/2025\/10\/flashing-led.jpg 1080w, https:\/\/displayproducts.eu\/wp-content\/uploads\/2025\/10\/flashing-led-768x768.jpg 768w, https:\/\/displayproducts.eu\/wp-content\/uploads\/2025\/10\/flashing-led-12x12.jpg 12w, https:\/\/displayproducts.eu\/wp-content\/uploads\/2025\/10\/flashing-led-300x300.jpg 300w, https:\/\/displayproducts.eu\/wp-content\/uploads\/2025\/10\/flashing-led-600x600.jpg 600w, https:\/\/displayproducts.eu\/wp-content\/uploads\/2025\/10\/flashing-led-100x100.jpg 100w, https:\/\/displayproducts.eu\/wp-content\/uploads\/2025\/10\/flashing-led-64x64.jpg 64w\" sizes=\"(max-width: 300px) 100vw, 300px\" \/><\/p>\n<p data-path-to-node=\"13,1,0\">Ten model to klasyczny gad\u017cet przyci\u0105gaj\u0105cy uwag\u0119. Posiada kolorowy pasek (fuksja, ziele\u0144, niebieski itp.) oraz jasn\u0105 diod\u0119 LED, kt\u00f3ra pod\u015bwietla ca\u0142y pasek. Dyskretny w\u0142\u0105cznik\/wy\u0142\u0105cznik pozwala u\u017cytkownikowi sterowa\u0107 miganiem, dzi\u0119ki czemu jest to idealny interaktywny dodatek na imprezy i koncerty.<\/p>\n<p data-path-to-node=\"14\">Oba modele s\u0105 zasilane do\u0142\u0105czonymi bateriami i gotowe do u\u017cycia natychmiast. Oferujemy jednokolorowy nadruk tampodrukowy na dedykowanej powierzchni, na kt\u00f3rej mo\u017cna umie\u015bci\u0107 logo lub napis na wydarzeniu.<\/p>\n<h2 data-path-to-node=\"15\"><b>G\u0142\u00f3wne cechy:<\/b><\/h2>\n<ul data-path-to-node=\"16\">\n<li>\n<p data-path-to-node=\"16,0,0\"><b>Dwie opcje modelu:<\/b> Wybierz z <b>Jednokolorowy blask<\/b> lub <b>Migaj\u0105ce wielokolorowe<\/b> model.<\/p>\n<\/li>\n<li>\n<p data-path-to-node=\"16,1,0\"><b>Bez nadruku sterowanie r\u0119czne:<\/b> Oba modele posiadaj\u0105 prosty w\u0142\u0105cznik\/wy\u0142\u0105cznik.<\/p>\n<\/li>\n<li>\n<p data-path-to-node=\"16,2,0\"><b>Ultralekki komfort:<\/b> Model jednokolorowy wa\u017cy zaledwie 17 g, zapewniaj\u0105c pe\u0142ny komfort.<\/p>\n<\/li>\n<li>\n<p data-path-to-node=\"16,3,0\"><b>D\u0142uga \u017cywotno\u015b\u0107 baterii:<\/b> Niezawodna wydajno\u015b\u0107. Model jednokolorowy dzia\u0142a do 12 godzin.<\/p>\n<\/li>\n<li>\n<p data-path-to-node=\"16,4,0\"><b>Branding niestandardowy:<\/b> Oba modele maj\u0105 wydzielon\u0105 powierzchni\u0119 przeznaczon\u0105 na logo w jednym kolorze (czarnym lub bia\u0142ym).<\/p>\n<\/li>\n<li>\n<p data-path-to-node=\"16,5,0\"><b>Gotowy do u\u017cycia:<\/b> Zasilane do\u0142\u0105czonymi bateriami guzikowymi.<\/p>\n<\/li>\n<li>\n<p data-path-to-node=\"16,6,0\"><b>Idealny dla:<\/b> Zam\u00f3wienia hurtowe na potrzeby promocji, imprez i kampanii zwi\u0119kszaj\u0105cych \u015bwiastrona g\u0142\u00f3wnao\u015b\u0107 marki.<\/p>\n<\/li>\n<\/ul>\n<p data-path-to-node=\"17\">","protected":false},"excerpt":{"rendered":"<p>Roz\u015bwietl swoj\u0105 mark\u0119 dzi\u0119ki naszym kolorowym, \u015bwiec\u0105cym opaskom LED. Te ultralekkie opaski TPU s\u0105 dost\u0119pne w jednolitych, \u017cywych kolorach, idealnie pasuj\u0105cych do motywu Twojego wydarzenia.<\/p>","protected":false},"featured_media":5035,"comment_status":"closed","ping_status":"closed","template":"","meta":[],"product_brand":[],"product_cat":[80],"product_tag":[],"class_list":{"0":"post-5034","1":"product","2":"type-product","3":"status-publish","4":"has-post-thumbnail","6":"product_cat-led-wristbands","8":"first","9":"instock","10":"shipping-taxable","11":"purchasable","12":"product-type-simple"},"_links":{"self":[{"href":"https:\/\/displayproducts.eu\/pl\/wp-json\/wp\/v2\/product\/5034","targetHints":{"allow":["GET"]}}],"collection":[{"href":"https:\/\/displayproducts.eu\/pl\/wp-json\/wp\/v2\/product"}],"about":[{"href":"https:\/\/displayproducts.eu\/pl\/wp-json\/wp\/v2\/types\/product"}],"replies":[{"embeddable":true,"href":"https:\/\/displayproducts.eu\/pl\/wp-json\/wp\/v2\/comments?post=5034"}],"wp:featuredmedia":[{"embeddable":true,"href":"https:\/\/displayproducts.eu\/pl\/wp-json\/wp\/v2\/media\/5035"}],"wp:attachment":[{"href":"https:\/\/displayproducts.eu\/pl\/wp-json\/wp\/v2\/media?parent=5034"}],"wp:term":[{"taxonomy":"product_brand","embeddable":true,"href":"https:\/\/displayproducts.eu\/pl\/wp-json\/wp\/v2\/product_brand?post=5034"},{"taxonomy":"product_cat","embeddable":true,"href":"https:\/\/displayproducts.eu\/pl\/wp-json\/wp\/v2\/product_cat?post=5034"},{"taxonomy":"product_tag","embeddable":true,"href":"https:\/\/displayproducts.eu\/pl\/wp-json\/wp\/v2\/product_tag?post=5034"}],"curies":[{"name":"wp","href":"https:\/\/api.w.org\/{rel}","templated":true}]}}