{"id":5012,"date":"2025-10-06T15:39:59","date_gmt":"2025-10-06T12:39:59","guid":{"rendered":"https:\/\/wristbandfactory.eu\/?post_type=product&#038;p=5012"},"modified":"2026-04-01T21:52:35","modified_gmt":"2026-04-01T18:52:35","slug":"remote-controlled-fabric-led-wristbands","status":"publish","type":"product","link":"https:\/\/displayproducts.eu\/pl\/p\/remote-controlled-fabric-led-wristbands\/","title":{"rendered":"Zdalnie sterowane opaski materia\u0142owe LED"},"content":{"rendered":"<p data-path-to-node=\"11\">Uatrakcyjnij swoje wydarzenie dzi\u0119ki naszym najwy\u017cszej jako\u015bci, zdalnie sterowanym, materia\u0142owym opaskom LED. To idealne rozwi\u0105zanie dla klient\u00f3w B2B i organizator\u00f3w imprez z wy\u017cszej p\u00f3\u0142ki, kt\u00f3rzy oczekuj\u0105 komfortu i wyj\u0105tkowego wygl\u0105du tekstylnych opasek w po\u0142\u0105czeniu z osza\u0142amiaj\u0105cym efektem wizualnym zsynchronizowanego pokazu \u015bwietlnego. Wszystkie modele s\u0105 kompatybilne z centralnym pilotem i kontrolerem DMX (sprzedawanym oddzielnie), co pozwala jednemu operatorowi zarz\u0105dza\u0107 wszystkimi opaskami na miejscu jednocze\u015bnie.<\/p>\n<p data-path-to-node=\"12\">To Tw\u00f3j centralny punkt dla wszystkich naszych modeli zdalnie sterowanych, opartych na tkaninie. Wszystkie modele s\u0105 kompatybilne z central\u0105 <strong><a href=\"https:\/\/displayproducts.eu\/pl\/p\/remote-dmx-controllers-for-led-wristbands\/\">Pilot zdalnego sterowania i kontroler DMX<\/a><\/strong> kt\u00f3ry jest sprzedawany oddzielnie w naszym sklepie <strong><a href=\"https:\/\/displayproducts.eu\/pl\/c\/event-supplies\/\">Materia\u0142y na imprezy<\/a><\/strong> kategorii. Ten kontroler pozwala jednemu operatorowi zmienia\u0107 kolory diod LED i wzory migania dla wszystkich opasek na obiekcie w tym samym czasie.<\/p>\n<h2>Wybierz sw\u00f3j model tkaniny<\/h2>\n<p data-path-to-node=\"14\">Wybierz konkretny model tkaniny, kt\u00f3ry odpowiada estetycznym i technicznym potrzebom Twojego wydarzenia:<\/p>\n<h2 data-path-to-node=\"11\">Ta\u015bma materia\u0142owa \u201cStandard\u201d (pe\u0142ny nadruk)<\/h2>\n<h2 data-path-to-node=\"11\"><img fetchpriority=\"high\" decoding=\"async\" class=\"alignnone wp-image-5551\" src=\"https:\/\/displayproducts.eu\/wp-content\/uploads\/2025\/10\/standard-fabric.jpg\" alt=\"\" width=\"300\" height=\"300\" srcset=\"https:\/\/displayproducts.eu\/wp-content\/uploads\/2025\/10\/standard-fabric.jpg 1024w, https:\/\/displayproducts.eu\/wp-content\/uploads\/2025\/10\/standard-fabric-768x768.jpg 768w, https:\/\/displayproducts.eu\/wp-content\/uploads\/2025\/10\/standard-fabric-12x12.jpg 12w, https:\/\/displayproducts.eu\/wp-content\/uploads\/2025\/10\/standard-fabric-300x300.jpg 300w, https:\/\/displayproducts.eu\/wp-content\/uploads\/2025\/10\/standard-fabric-600x600.jpg 600w, https:\/\/displayproducts.eu\/wp-content\/uploads\/2025\/10\/standard-fabric-100x100.jpg 100w, https:\/\/displayproducts.eu\/wp-content\/uploads\/2025\/10\/standard-fabric-64x64.jpg 64w\" sizes=\"(max-width: 300px) 100vw, 300px\" \/><\/h2>\n<p data-path-to-node=\"12\">Ten model posiada wytrzyma\u0142\u0105, mi\u0119kk\u0105 opask\u0119 nylonow\u0105 z jasnym, zdalnie sterowanym modu\u0142em LED. Sam materia\u0142owy pasek jest w pe\u0142ni personalizowany dzi\u0119ki \u017cywemu, pe\u0142nokolorowemu nadrukowi sublimacyjnemu, dzi\u0119ki czemu idealnie nadaje si\u0119 do nanoszenia szczeg\u00f3\u0142owych logotyp\u00f3w lub brandingu z\u0142o\u017conych wydarze\u0144.<\/p>\n<ul data-path-to-node=\"13\">\n<li>\n<p data-path-to-node=\"13,0,0\"><b data-path-to-node=\"13,0,0\" data-index-in-node=\"0\">Najlepiej dla:<\/b> Imprezy korporacyjne, sponsoring i festiwale rodzinne.<\/p>\n<\/li>\n<li>\n<p data-path-to-node=\"13,1,0\"><b data-path-to-node=\"13,1,0\" data-index-in-node=\"0\">Czas pracy baterii:<\/b> 12-godzinny czas pracy na dw\u00f3ch wymiennych bateriach CR2032.<\/p>\n<\/li>\n<\/ul>\n<h2 data-path-to-node=\"14\">Pasek materia\u0142owy \u201c360\u00b0 Luminous\u201d<\/h2>\n<p><img decoding=\"async\" class=\"alignnone wp-image-5044\" src=\"https:\/\/displayproducts.eu\/wp-content\/uploads\/2025\/10\/360\u00b0-Luminous-Remote-LED-Wristbands_main-e1763322702945.jpg\" alt=\"\" width=\"300\" height=\"131\" srcset=\"https:\/\/displayproducts.eu\/wp-content\/uploads\/2025\/10\/360\u00b0-Luminous-Remote-LED-Wristbands_main-e1763322702945.jpg 1080w, https:\/\/displayproducts.eu\/wp-content\/uploads\/2025\/10\/360\u00b0-Luminous-Remote-LED-Wristbands_main-e1763322702945-768x336.jpg 768w, https:\/\/displayproducts.eu\/wp-content\/uploads\/2025\/10\/360\u00b0-Luminous-Remote-LED-Wristbands_main-e1763322702945-18x8.jpg 18w, https:\/\/displayproducts.eu\/wp-content\/uploads\/2025\/10\/360\u00b0-Luminous-Remote-LED-Wristbands_main-e1763322702945-600x263.jpg 600w, https:\/\/displayproducts.eu\/wp-content\/uploads\/2025\/10\/360\u00b0-Luminous-Remote-LED-Wristbands_main-e1763322702945-64x28.jpg 64w\" sizes=\"(max-width: 300px) 100vw, 300px\" \/><\/p>\n<p data-path-to-node=\"19\">Ten innowacyjny model charakteryzuje si\u0119 zintegrowanymi diodami LED wzd\u0142u\u017c <b>ca\u0142a d\u0142ugo\u015b\u0107 wygodnego nylonowego paska<\/b>, zapewniaj\u0105c pe\u0142ne, wszechstronne o\u015bwietlenie. Ta unikalna konstrukcja gwarantuje osza\u0142amiaj\u0105cy efekt wizualny z ka\u017cdej perspektywy.<\/p>\n<ul data-path-to-node=\"20\">\n<li>\n<p data-path-to-node=\"20,0,0\"><b>Najlepiej dla:<\/b> Wydarzenia wymagaj\u0105ce maksymalnego widowiska wizualnego.<\/p>\n<\/li>\n<li>\n<p data-path-to-node=\"20,1,0\"><b>Bateria:<\/b> 8 godzin (2x CR2032)<\/p>\n<\/li>\n<\/ul>\n<h2 data-path-to-node=\"17\">Pasek z tkaniny \u201chybrydowej\u201d i silikonu<\/h2>\n<p><img decoding=\"async\" class=\"alignnone wp-image-5552\" src=\"https:\/\/displayproducts.eu\/wp-content\/uploads\/2025\/10\/hybrid-led.jpg\" alt=\"\" width=\"300\" height=\"300\" srcset=\"https:\/\/displayproducts.eu\/wp-content\/uploads\/2025\/10\/hybrid-led.jpg 2048w, https:\/\/displayproducts.eu\/wp-content\/uploads\/2025\/10\/hybrid-led-768x768.jpg 768w, https:\/\/displayproducts.eu\/wp-content\/uploads\/2025\/10\/hybrid-led-1536x1536.jpg 1536w, https:\/\/displayproducts.eu\/wp-content\/uploads\/2025\/10\/hybrid-led-12x12.jpg 12w, https:\/\/displayproducts.eu\/wp-content\/uploads\/2025\/10\/hybrid-led-300x300.jpg 300w, https:\/\/displayproducts.eu\/wp-content\/uploads\/2025\/10\/hybrid-led-600x600.jpg 600w, https:\/\/displayproducts.eu\/wp-content\/uploads\/2025\/10\/hybrid-led-100x100.jpg 100w, https:\/\/displayproducts.eu\/wp-content\/uploads\/2025\/10\/hybrid-led-64x64.jpg 64w\" sizes=\"(max-width: 300px) 100vw, 300px\" \/><\/p>\n<p data-path-to-node=\"22\">Model ten \u0142\u0105czy w sobie mi\u0119kki materia\u0142owy pasek z wygodnym, g\u0142adkim modu\u0142em LED wykonanym z silikonu\/ABS, oferuj\u0105c wyj\u0105tkowe po\u0142\u0105czenie wygody i trwa\u0142o\u015bci, idealne do wielodniowego u\u017cytkowania.<\/p>\n<ul data-path-to-node=\"23\">\n<li>\n<p data-path-to-node=\"23,0,0\"><b>Najlepiej dla:<\/b> Festiwale trwaj\u0105ce kilka dni, gdzie wymagany jest zar\u00f3wno komfort, jak i solidna konstrukcja.<\/p>\n<\/li>\n<li>\n<p data-path-to-node=\"23,1,0\"><b>Bateria:<\/b> 12-godzinna (2x CR2032)<\/p>\n<\/li>\n<\/ul>\n<h2 data-path-to-node=\"20\">Kluczowe cechy i technologia<\/h2>\n<ul data-path-to-node=\"21\">\n<li>\n<p data-path-to-node=\"21,0,0\"><b data-path-to-node=\"21,0,0\" data-index-in-node=\"0\">Centralne sterowanie RF\/DMX:<\/b> Wszystkie modele tkanin s\u0105 synchronizowane z centralnym sterownikiem, co umo\u017cliwia zmian\u0119 kolor\u00f3w i wzor\u00f3w w czasie rzeczywistym.<\/p>\n<\/li>\n<li>\n<p data-path-to-node=\"21,1,0\"><b data-path-to-node=\"21,1,0\" data-index-in-node=\"0\">Regulowane dopasowanie:<\/b> Dost\u0119pne z r\u00f3\u017cnymi mechanizmami blokuj\u0105cymi (koraliki lub p\u0119telki), aby bezpiecznie dopasowa\u0107 si\u0119 do ka\u017cdego go\u015bcia.<\/p>\n<\/li>\n<li>\n<p data-path-to-node=\"21,2,0\"><b data-path-to-node=\"21,2,0\" data-index-in-node=\"0\">Branding niestandardowy:<\/b> Du\u017ca, bardzo widoczna powierzchnia na pasku materia\u0142owym pozwala na wykonywanie wysokiej jako\u015bci nadruk\u00f3w w jednym kolorze lub w pe\u0142nym kolorze.<\/p>\n<\/li>\n<li>\n<p data-path-to-node=\"21,3,0\"><b data-path-to-node=\"21,3,0\" data-index-in-node=\"0\">Daleki zasi\u0119g:<\/b> Niezawodny odbi\u00f3r sygna\u0142u w odleg\u0142o\u015bci do 300-500 metr\u00f3w na du\u017cych obiektach.<\/p>\n<\/li>\n<\/ul>\n<h2 data-path-to-node=\"22\">Specyfikacje<\/h2>\n<ul data-path-to-node=\"23\">\n<li>\n<p data-path-to-node=\"23,0,0\"><b data-path-to-node=\"23,0,0\" data-index-in-node=\"0\">Materia\u0142 paska:<\/b> Mi\u0119kki poliester lub nylon (15x350mm).<\/p>\n<\/li>\n<li>\n<p data-path-to-node=\"23,1,0\"><b data-path-to-node=\"23,1,0\" data-index-in-node=\"0\">Waga:<\/b> Oko\u0142o 24g.<\/p>\n<\/li>\n<li>\n<p data-path-to-node=\"23,2,0\"><b data-path-to-node=\"23,2,0\" data-index-in-node=\"0\">Cz\u0119stotliwo\u015b\u0107:<\/b> 433MHz (RF) \/ DMX512.<\/p>\n<\/li>\n<li>\n<p data-path-to-node=\"23,3,0\"><b data-path-to-node=\"23,3,0\" data-index-in-node=\"0\">Bateria:<\/b> 2x CR2032 (wymienne).<\/p>\n<\/li>\n<li>\n<p data-path-to-node=\"23,4,0\"><b data-path-to-node=\"23,4,0\" data-index-in-node=\"0\">Minimalne zapytanie ofertowe:<\/b> 100 jednostek.<\/p>\n<\/li>\n<\/ul>\n<h3><strong><a href=\"https:\/\/displayproducts.eu\/pl\/p\/remote-dmx-controllers-for-led-wristbands\/\">Pilot zdalnego sterowania i kontroler DMX<\/a><\/strong><\/h3>\n<p><img loading=\"lazy\" decoding=\"async\" class=\"\" src=\"https:\/\/displayproducts.eu\/wp-content\/uploads\/2025\/10\/controller-2-scaled.jpeg\" width=\"365\" height=\"365\" \/><\/p>","protected":false},"excerpt":{"rendered":"<ul>\n<li>\n<p data-path-to-node=\"9,0,0\"><b data-path-to-node=\"9,0,0\" data-index-in-node=\"0\">Wyj\u0105tkowe wra\u017cenia z wydarzenia:<\/b> \u0141\u0105czy w sobie mi\u0119kko\u015b\u0107 pask\u00f3w tekstylnych z zaawansowan\u0105 technologi\u0105 zsynchronizowanego o\u015bwietlenia.<\/p>\n<\/li>\n<li>\n<p data-path-to-node=\"9,1,0\"><b data-path-to-node=\"9,1,0\" data-index-in-node=\"0\">Sublimacja pe\u0142nokolorowa:<\/b> Wysoce konfigurowalne paski materia\u0142owe umo\u017cliwiaj\u0105ce naniesienie szczeg\u00f3\u0142owych logotyp\u00f3w i wyrazistych element\u00f3w wizualnych marki.<\/p>\n<\/li>\n<li>\n<p data-path-to-node=\"9,2,0\"><b data-path-to-node=\"9,2,0\" data-index-in-node=\"0\">Kontrola na skal\u0119 stadionow\u0105:<\/b> Niezawodna synchronizacja RF i DMX tysi\u0119cy jednostek jednocze\u015bnie.<\/p>\n<\/li>\n<li>\n<p data-path-to-node=\"9,3,0\"><b data-path-to-node=\"9,3,0\" data-index-in-node=\"0\">D\u0142ugotrwa\u0142y komfort:<\/b> Lekka konstrukcja o wadze 24 g, przeznaczona na kilkudniowe festiwale i imprezy korporacyjne.<\/p>\n<\/li>\n<\/ul>","protected":false},"featured_media":5983,"comment_status":"closed","ping_status":"closed","template":"","meta":[],"product_brand":[],"product_cat":[80],"product_tag":[],"class_list":{"0":"post-5012","1":"product","2":"type-product","3":"status-publish","4":"has-post-thumbnail","6":"product_cat-led-wristbands","8":"first","9":"instock","10":"shipping-taxable","11":"purchasable","12":"product-type-simple"},"_links":{"self":[{"href":"https:\/\/displayproducts.eu\/pl\/wp-json\/wp\/v2\/product\/5012","targetHints":{"allow":["GET"]}}],"collection":[{"href":"https:\/\/displayproducts.eu\/pl\/wp-json\/wp\/v2\/product"}],"about":[{"href":"https:\/\/displayproducts.eu\/pl\/wp-json\/wp\/v2\/types\/product"}],"replies":[{"embeddable":true,"href":"https:\/\/displayproducts.eu\/pl\/wp-json\/wp\/v2\/comments?post=5012"}],"wp:featuredmedia":[{"embeddable":true,"href":"https:\/\/displayproducts.eu\/pl\/wp-json\/wp\/v2\/media\/5983"}],"wp:attachment":[{"href":"https:\/\/displayproducts.eu\/pl\/wp-json\/wp\/v2\/media?parent=5012"}],"wp:term":[{"taxonomy":"product_brand","embeddable":true,"href":"https:\/\/displayproducts.eu\/pl\/wp-json\/wp\/v2\/product_brand?post=5012"},{"taxonomy":"product_cat","embeddable":true,"href":"https:\/\/displayproducts.eu\/pl\/wp-json\/wp\/v2\/product_cat?post=5012"},{"taxonomy":"product_tag","embeddable":true,"href":"https:\/\/displayproducts.eu\/pl\/wp-json\/wp\/v2\/product_tag?post=5012"}],"curies":[{"name":"wp","href":"https:\/\/api.w.org\/{rel}","templated":true}]}}