{"id":4988,"date":"2025-10-06T14:34:19","date_gmt":"2025-10-06T11:34:19","guid":{"rendered":"https:\/\/wristbandfactory.eu\/?post_type=product&#038;p=4988"},"modified":"2026-04-01T21:52:35","modified_gmt":"2026-04-01T18:52:35","slug":"rechargeable-waterproof-led-sports-belt-for-runners","status":"publish","type":"product","link":"https:\/\/displayproducts.eu\/pl\/p\/rechargeable-waterproof-led-sports-belt-for-runners\/","title":{"rendered":"Akumulatorowy i wodoodporny pas sportowy LED dla biegaczy"},"content":{"rendered":"<p>B\u0105d\u017a widoczny i zachowaj bezpiecze\u0144stwo dzi\u0119ki najwy\u017cszej jako\u015bci pasowi sportowemu LED o wysokiej widoczno\u015bci od Wristbandfactory. Zaprojektowany dla sportowc\u00f3w, dzieci i wszystkich os\u00f3b aktywnych w warunkach s\u0142abego o\u015bwietlenia, ten pas to niezb\u0119dny element wyposa\u017cenia ochronnego. <span class=\"citation-148 citation-end-148\">Wykonana z wygodnej i wodoodpornej mieszanki Lycry i TPU, co gwarantuje funkcjonalno\u015b\u0107 w ka\u017cdych warunkach pogodowych<\/span>.<\/p>\n<p><span class=\"citation-147 citation-end-147\">Pasek jest lekki, wa\u017cy zaledwie 60 g i mo\u017cna go \u0142atwo regulowa\u0107 w zakresie od 30 cm do 60 cm, zapewniaj\u0105c \u015bcis\u0142e i bezpieczne dopasowanie dla szerokiej gamy u\u017cytkownik\u00f3w<\/span>. <span class=\"citation-146 citation-end-146\">Zasilany wygodn\u0105 bateri\u0105 litowo-jonow\u0105, ten pas sportowy oferuje 10 godzin pracy na jednym \u0142adowaniu<\/span>. <span class=\"citation-145 citation-end-145\">Wybierz jedn\u0105 z czterech r\u00f3\u017cnych funkcji o\u015bwietlenia \u2014 d\u0142ugie jasne \u015bwiat\u0142o, szybkie miganie, wolne miganie lub wy\u0142\u0105czone \u2014 aby zmaksymalizowa\u0107 widoczno\u015b\u0107 dla kierowc\u00f3w i innych os\u00f3b<\/span>. <span class=\"citation-144 citation-end-144\">Oferujemy ten produkt w standardowym opakowaniu OPP, a w przypadku zam\u00f3wie\u0144 hurtowych B2B w ca\u0142ej Europie dost\u0119pne s\u0105 rozwi\u0105zania opakowaniowe dostosowane do indywidualnych potrzeb.<\/span>.<\/p>\n<p><b>G\u0142\u00f3wne cechy:<\/b><\/p>\n<ul>\n<li><span class=\"citation-143 citation-end-143\">Diody LED o wysokiej widoczno\u015bci z 4 trybami (d\u0142ugie jasne \u015bwiat\u0142o, szybkie\/wolne miganie, wy\u0142\u0105czone)<\/span>.<\/li>\n<li><span class=\"citation-142 citation-end-142\">W pe\u0142ni \u0142adowalna bateria litowa z czasem pracy 10 godzin<\/span>.<\/li>\n<li><span class=\"citation-141 citation-end-141\">Wykonane z wygodnych, wodoodpornych materia\u0142\u00f3w Lycra i TPU<\/span>.<\/li>\n<li><span class=\"citation-140 citation-end-140\">Regulowany rozmiar od 30 cm do 60 cm, aby zapewni\u0107 idealne dopasowanie<\/span>.<\/li>\n<li><span class=\"citation-139 citation-end-139\">Lekka konstrukcja, wa\u017c\u0105ca zaledwie 60 g<\/span>.<\/li>\n<\/ul>","protected":false},"excerpt":{"rendered":"<p>Zwi\u0119ksz swoje bezpiecze\u0144stwo podczas aktywno\u015bci nocnych z naszym akumulatorowym pasem sportowym LED, wykonanym z wodoodpornej lycry, zapewniaj\u0105cym najwy\u017cszy komfort i trwa\u0142o\u015b\u0107. Dzi\u0119ki czterem r\u00f3\u017cnym trybom \u015bwiecenia, ten regulowany pas zapewni Ci widoczno\u015b\u0107 podczas biegania, jazdy na rowerze lub chodzenia.<\/p>","protected":false},"featured_media":4989,"comment_status":"closed","ping_status":"closed","template":"","meta":[],"product_brand":[],"product_cat":[68,118,45],"product_tag":[],"class_list":{"0":"post-4988","1":"product","2":"type-product","3":"status-publish","4":"has-post-thumbnail","6":"product_cat-event-supplies","7":"product_cat-sports-fitness","8":"product_cat-other","10":"first","11":"instock","12":"shipping-taxable","13":"purchasable","14":"product-type-simple"},"_links":{"self":[{"href":"https:\/\/displayproducts.eu\/pl\/wp-json\/wp\/v2\/product\/4988","targetHints":{"allow":["GET"]}}],"collection":[{"href":"https:\/\/displayproducts.eu\/pl\/wp-json\/wp\/v2\/product"}],"about":[{"href":"https:\/\/displayproducts.eu\/pl\/wp-json\/wp\/v2\/types\/product"}],"replies":[{"embeddable":true,"href":"https:\/\/displayproducts.eu\/pl\/wp-json\/wp\/v2\/comments?post=4988"}],"wp:featuredmedia":[{"embeddable":true,"href":"https:\/\/displayproducts.eu\/pl\/wp-json\/wp\/v2\/media\/4989"}],"wp:attachment":[{"href":"https:\/\/displayproducts.eu\/pl\/wp-json\/wp\/v2\/media?parent=4988"}],"wp:term":[{"taxonomy":"product_brand","embeddable":true,"href":"https:\/\/displayproducts.eu\/pl\/wp-json\/wp\/v2\/product_brand?post=4988"},{"taxonomy":"product_cat","embeddable":true,"href":"https:\/\/displayproducts.eu\/pl\/wp-json\/wp\/v2\/product_cat?post=4988"},{"taxonomy":"product_tag","embeddable":true,"href":"https:\/\/displayproducts.eu\/pl\/wp-json\/wp\/v2\/product_tag?post=4988"}],"curies":[{"name":"wp","href":"https:\/\/api.w.org\/{rel}","templated":true}]}}