{"id":4979,"date":"2025-10-06T14:21:01","date_gmt":"2025-10-06T11:21:01","guid":{"rendered":"https:\/\/wristbandfactory.eu\/?post_type=product&#038;p=4979"},"modified":"2026-04-01T21:52:35","modified_gmt":"2026-04-01T18:52:35","slug":"sound-activated-led-wristbands","status":"publish","type":"product","link":"https:\/\/displayproducts.eu\/pl\/p\/sound-activated-led-wristbands\/","title":{"rendered":"Opaski LED \"reaguj\u0105ce na d\u017awi\u0119k\" z nadrukiem"},"content":{"rendered":"<p data-path-to-node=\"8\">O\u017cyw rytm muzyki dzi\u0119ki naszym opaskom LED aktywowanym d\u017awi\u0119kiem. Zaprojektowane z my\u015bl\u0105 o miejscach o wysokiej energii, takich jak kluby nocne, festiwale muzyczne i koncerty na \u017cywo, te opaski sprawiaj\u0105, \u017ce ka\u017cdy go\u015b\u0107 staje si\u0119 cz\u0119\u015bci\u0105 wizualnego spektaklu. W przeciwie\u0144stwie do system\u00f3w DMX, te autonomiczne opaski nie wymagaj\u0105 \u017cadnej konfiguracji technicznej \u2013 po prostu reaguj\u0105 na poziom muzyki wok\u00f3\u0142 nich, tworz\u0105c pulsuj\u0105ce morze \u015bwiat\u0142a, kt\u00f3re dopasowuje si\u0119 do rytmu Twojego wydarzenia.<\/p>\n<h2 data-path-to-node=\"9\">G\u0142\u00f3wne cechy<\/h2>\n<ul data-path-to-node=\"10\">\n<li>\n<p data-path-to-node=\"10,0,0\"><b data-path-to-node=\"10,0,0\" data-index-in-node=\"0\">Inteligentne czujniki akustyczne:<\/b> Skalibrowane do wykrywania rytmicznych wzorc\u00f3w, co gwarantuje, \u017ce \u015bwiat\u0142o miga dok\u0142adnie w synchronizacji z tonami niskimi i wysokimi.<\/p>\n<\/li>\n<li>\n<p data-path-to-node=\"10,1,0\"><b data-path-to-node=\"10,1,0\" data-index-in-node=\"0\">Prostota \u201epod\u0142\u0105cz i graj\u201d:<\/b> Nie potrzeba \u017cadnych zewn\u0119trznych kontroler\u00f3w ani programowania; opaski s\u0105 gotowe do u\u017cycia od razu po wyj\u0119ciu z pude\u0142ka.<\/p>\n<\/li>\n<li>\n<p data-path-to-node=\"10,2,0\"><b data-path-to-node=\"10,2,0\" data-index-in-node=\"0\">Opcje \u017cywych kolor\u00f3w:<\/b> Wybierz spo\u015br\u00f3d szerokiej gamy kolor\u00f3w diod LED, aby dopasowa\u0107 je do identyfikacji wizualnej Twojej marki lub motywu wydarzenia.<\/p>\n<\/li>\n<li>\n<p data-path-to-node=\"10,3,0\"><b data-path-to-node=\"10,3,0\" data-index-in-node=\"0\">Trwa\u0142y nadruk tamponowy:<\/b> U\u017cywamy profesjonalnych tuszy, aby mie\u0107 pewno\u015b\u0107, \u017ce Twoje logo pozostanie wyra\u017ane i widoczne przez ca\u0142y czas trwania wydarzenia.<\/p>\n<\/li>\n<\/ul>\n<h2 data-path-to-node=\"11\">Specyfikacje<\/h2>\n<ul data-path-to-node=\"12\">\n<li>\n<p data-path-to-node=\"12,0,0\"><b data-path-to-node=\"12,0,0\" data-index-in-node=\"0\">Mechanizm sterowania:<\/b> Wysokiej czu\u0142o\u015bci wewn\u0119trzny czujnik akustyczny.<\/p>\n<\/li>\n<li>\n<p data-path-to-node=\"12,1,0\"><b data-path-to-node=\"12,1,0\" data-index-in-node=\"0\">Przybory:<\/b> Obudowa ABS z mi\u0119kkim paskiem silikonowym lub PVC.<\/p>\n<\/li>\n<li>\n<p data-path-to-node=\"12,2,0\"><b data-path-to-node=\"12,2,0\" data-index-in-node=\"0\">Waga:<\/b> 22g.<\/p>\n<\/li>\n<li>\n<p data-path-to-node=\"12,3,0\"><b data-path-to-node=\"12,3,0\" data-index-in-node=\"0\">Czas pracy baterii:<\/b> 8\u201312 godzin aktywnego migania.<\/p>\n<\/li>\n<li>\n<p data-path-to-node=\"12,4,0\"><b data-path-to-node=\"12,4,0\" data-index-in-node=\"0\">Typ baterii:<\/b> 2x CR2032 (w zestawie i wymienne).<\/p>\n<\/li>\n<li>\n<p data-path-to-node=\"12,5,0\"><b data-path-to-node=\"12,5,0\" data-index-in-node=\"0\">Personalizacja:<\/b> Precyzyjny nadruk logo na module LED.<\/p>\n<\/li>\n<\/ul>\n<h2 data-path-to-node=\"13\">Przypadki u\u017cycia<\/h2>\n<ul data-path-to-node=\"14\">\n<li>\n<p data-path-to-node=\"14,0,0\"><b data-path-to-node=\"14,0,0\" data-index-in-node=\"0\">Kluby nocne i imprezy VIP:<\/b> Ulepszanie atmosfery na parkiecie i zwi\u0119kszanie zaanga\u017cowania go\u015bci.<\/p>\n<\/li>\n<li>\n<p data-path-to-node=\"14,1,0\"><b data-path-to-node=\"14,1,0\" data-index-in-node=\"0\">Festiwale muzyczne:<\/b> Ekonomiczny spos\u00f3b na stworzenie ogromnego, reaguj\u0105cego na ruchy t\u0142umu pokazu \u015bwiate\u0142.<\/p>\n<\/li>\n<li>\n<p data-path-to-node=\"14,2,0\"><b data-path-to-node=\"14,2,0\" data-index-in-node=\"0\">Koncerty i trasy koncertowe:<\/b> Wzmocnienie wi\u0119zi mi\u0119dzy wykonawc\u0105 a publiczno\u015bci\u0105 za pomoc\u0105 \u015bwiat\u0142a.<\/p>\n<\/li>\n<li>\n<p data-path-to-node=\"14,3,0\"><b data-path-to-node=\"14,3,0\" data-index-in-node=\"0\">Uroczyste kolacje firmowe:<\/b> Dodanie wysoce zaawansowanych technologicznie, interaktywnych element\u00f3w do ceremonii wr\u0119czenia nagr\u00f3d i prezentacji.<\/p>\n<\/li>\n<\/ul>\n<p data-path-to-node=\"15\">","protected":false},"excerpt":{"rendered":"<ul>\n<li>\n<p data-path-to-node=\"7,0,0\"><b data-path-to-node=\"7,0,0\" data-index-in-node=\"0\">Technologia synchronizacji muzyki:<\/b> Zintegrowane czujniki akustyczne umo\u017cliwiaj\u0105 miganie diod LED w idealnej harmonii z rytmem otoczenia lub ha\u0142asem t\u0142umu.<\/p>\n<\/li>\n<li>\n<p data-path-to-node=\"7,1,0\"><b data-path-to-node=\"7,1,0\" data-index-in-node=\"0\">Dzia\u0142anie autonomiczne:<\/b> Nie potrzeba \u017cadnych kontroler\u00f3w ani pilot\u00f3w \u2014 niezale\u017cny pokaz \u015bwietlny, kt\u00f3ry natychmiast reaguje na otoczenie.<\/p>\n<\/li>\n<li>\n<p data-path-to-node=\"7,2,0\"><b data-path-to-node=\"7,2,0\" data-index-in-node=\"0\">Lekkie i wytrzyma\u0142e:<\/b> Wygodna konstrukcja o wadze 22 g z wytrzyma\u0142\u0105 obudow\u0105 ABS, idealna na ca\u0142onocne festiwale i koncerty.<\/p>\n<\/li>\n<li>\n<p data-path-to-node=\"7,3,0\"><b data-path-to-node=\"7,3,0\" data-index-in-node=\"0\">Branding o du\u017cym wp\u0142ywie:<\/b> Specjalna powierzchnia nadruku przeznaczona do aplikacji \u017cywego logo firmowego w jednym lub wielu kolorach.<\/p>\n<\/li>\n<\/ul>","protected":false},"featured_media":6003,"comment_status":"closed","ping_status":"closed","template":"","meta":[],"product_brand":[],"product_cat":[80],"product_tag":[],"class_list":{"0":"post-4979","1":"product","2":"type-product","3":"status-publish","4":"has-post-thumbnail","6":"product_cat-led-wristbands","8":"first","9":"instock","10":"shipping-taxable","11":"purchasable","12":"product-type-simple"},"_links":{"self":[{"href":"https:\/\/displayproducts.eu\/pl\/wp-json\/wp\/v2\/product\/4979","targetHints":{"allow":["GET"]}}],"collection":[{"href":"https:\/\/displayproducts.eu\/pl\/wp-json\/wp\/v2\/product"}],"about":[{"href":"https:\/\/displayproducts.eu\/pl\/wp-json\/wp\/v2\/types\/product"}],"replies":[{"embeddable":true,"href":"https:\/\/displayproducts.eu\/pl\/wp-json\/wp\/v2\/comments?post=4979"}],"wp:featuredmedia":[{"embeddable":true,"href":"https:\/\/displayproducts.eu\/pl\/wp-json\/wp\/v2\/media\/6003"}],"wp:attachment":[{"href":"https:\/\/displayproducts.eu\/pl\/wp-json\/wp\/v2\/media?parent=4979"}],"wp:term":[{"taxonomy":"product_brand","embeddable":true,"href":"https:\/\/displayproducts.eu\/pl\/wp-json\/wp\/v2\/product_brand?post=4979"},{"taxonomy":"product_cat","embeddable":true,"href":"https:\/\/displayproducts.eu\/pl\/wp-json\/wp\/v2\/product_cat?post=4979"},{"taxonomy":"product_tag","embeddable":true,"href":"https:\/\/displayproducts.eu\/pl\/wp-json\/wp\/v2\/product_tag?post=4979"}],"curies":[{"name":"wp","href":"https:\/\/api.w.org\/{rel}","templated":true}]}}