{"id":4966,"date":"2025-10-06T14:11:43","date_gmt":"2025-10-06T11:11:43","guid":{"rendered":"https:\/\/wristbandfactory.eu\/?post_type=product&#038;p=4966"},"modified":"2026-04-01T21:52:35","modified_gmt":"2026-04-01T18:52:35","slug":"custom-rfid-fabric-wristbands","status":"publish","type":"product","link":"https:\/\/displayproducts.eu\/pl\/p\/custom-rfid-fabric-wristbands\/","title":{"rendered":"Opaski materia\u0142owe RFID"},"content":{"rendered":"<p data-path-to-node=\"10\">Usprawnij obs\u0142ug\u0119 swojego wydarzenia dzi\u0119ki naszym <b data-path-to-node=\"10\" data-index-in-node=\"67\">Opaski materia\u0142owe RFID<\/b>, standard bran\u017cowy dla festiwali bezgot\u00f3wkowych i obiekt\u00f3w o wysokim poziomie bezpiecze\u0144stwa. Klasyczny design \u0142\u0105czy mi\u0119kki, tkany lub satynowy pasek poliestrowy z wytrzyma\u0142ym <b data-path-to-node=\"10\" data-index-in-node=\"250\">Inteligentny suwak PVC<\/b> kt\u00f3ra chroni uk\u0142ad RFID przed wod\u0105 i uderzeniami.<\/p>\n<p data-path-to-node=\"11\"><b data-path-to-node=\"11\" data-index-in-node=\"0\">Potrzebujesz uaktualnienia do wersji Premium?<\/b> Chocia\u017c suwak PVC jest nasz\u0105 najpopularniejsz\u0105 i najta\u0144sz\u0105 opcj\u0105, oferujemy r\u00f3wnie\u017c <b data-path-to-node=\"11\" data-index-in-node=\"106\">Wbudowana technologia RFID<\/b>. W tej wersji premium chip jest hermetycznie zamkni\u0119ty bezpo\u015brednio wewn\u0105trz warstw materia\u0142u, tworz\u0105c ca\u0142kowicie g\u0142adk\u0105 opask\u0119 bez suwak\u00f3w, kt\u00f3ra w dotyku przypomina zwyk\u0142\u0105 opask\u0119 materia\u0142ow\u0105. <i data-path-to-node=\"11\" data-index-in-node=\"316\">Skontaktuj si\u0119 z naszym zespo\u0142em, aby zam\u00f3wi\u0107 model Embedded\/Chip-in-Band.<\/i><\/p>\n<p data-path-to-node=\"12\">Obie wersje oferuj\u0105 <b data-path-to-node=\"12\" data-index-in-node=\"20\">dwie odr\u0119bne powierzchnie brandingowe<\/b>: nadruk sublimacyjny o wysokiej rozdzielczo\u015bci na samej opasce oraz (w przypadku modelu suwakowego) nadruk niestandardowy lub grawer laserowy na etykiecie z PVC.<\/p>\n<h2 data-path-to-node=\"13\">G\u0142\u00f3wne cechy<\/h2>\n<ul data-path-to-node=\"14\">\n<li>\n<p data-path-to-node=\"14,0,0\"><b data-path-to-node=\"14,0,0\" data-index-in-node=\"0\">Wszechstronne opcje:<\/b> Wybierz pomi\u0119dzy standardem <b data-path-to-node=\"14,0,0\" data-index-in-node=\"47\">Twardy suwak z PVC<\/b> (dla maksymalnej trwa\u0142o\u015bci) lub <b data-path-to-node=\"14,0,0\" data-index-in-node=\"95\">Wbudowana inteligentna tkanina<\/b> (dla maksymalnego komfortu).<\/p>\n<\/li>\n<li>\n<p data-path-to-node=\"14,1,0\"><b data-path-to-node=\"14,1,0\" data-index-in-node=\"0\">Niezawodne skanowanie:<\/b> Wysokiej jako\u015bci anteny zapewniaj\u0105 szybki odczyt przy bramkach i s\u0142upkach, niezale\u017cnie od modelu.<\/p>\n<\/li>\n<li>\n<p data-path-to-node=\"14,2,0\"><b data-path-to-node=\"14,2,0\" data-index-in-node=\"0\">Elastyczno\u015b\u0107 uk\u0142adu scalonego:<\/b> Kompatybilny z uk\u0142adami Mifare 1K, NTAG213, I-CODE SLIX i UHF, dzi\u0119ki czemu pasuje do Twojego systemu.<\/p>\n<\/li>\n<li>\n<p data-path-to-node=\"14,3,0\"><b data-path-to-node=\"14,3,0\" data-index-in-node=\"0\">Zamki zabezpieczaj\u0105ce przed manipulacj\u0105:<\/b> Bezpieczne, jednostronne zamki przesuwne gwarantuj\u0105, \u017ce opaski nie b\u0119dzie mo\u017cna przenosi\u0107 mi\u0119dzy go\u015b\u0107mi.<\/p>\n<\/li>\n<\/ul>\n<h2 data-path-to-node=\"15\">Specyfikacje<\/h2>\n<ul data-path-to-node=\"16\">\n<li>\n<p data-path-to-node=\"16,0,0\"><b data-path-to-node=\"16,0,0\" data-index-in-node=\"0\">Materia\u0142 opaski:<\/b> Poliester (sublimacja lub tkany)<\/p>\n<\/li>\n<li>\n<p data-path-to-node=\"16,1,0\"><b data-path-to-node=\"16,1,0\" data-index-in-node=\"0\">Model standardowy:<\/b> Zawieszka suwakowa z PVC (35x25mm)<\/p>\n<\/li>\n<li>\n<p data-path-to-node=\"16,2,0\"><b data-path-to-node=\"16,2,0\" data-index-in-node=\"0\">Model Premium:<\/b> Wbudowany uk\u0142ad scalony (niewidoczny)<\/p>\n<\/li>\n<li>\n<p data-path-to-node=\"16,3,0\"><b data-path-to-node=\"16,3,0\" data-index-in-node=\"0\">Cz\u0119stotliwo\u015b\u0107 chipa:<\/b> 13,56 MHz (HF) \/ 860-960 MHz (UHF)<\/p>\n<\/li>\n<li>\n<p data-path-to-node=\"16,4,0\"><b data-path-to-node=\"16,4,0\" data-index-in-node=\"0\">Druk:<\/b> Pe\u0142nokolorowy CMYK<\/p>\n<\/li>\n<li>\n<p data-path-to-node=\"16,5,0\"><b data-path-to-node=\"16,5,0\" data-index-in-node=\"0\">Wodoodporny:<\/b> Tak (IP68)<\/p>\n<\/li>\n<\/ul>\n<h2 data-path-to-node=\"17\">Przypadki u\u017cycia<\/h2>\n<ul data-path-to-node=\"18\">\n<li>\n<p data-path-to-node=\"18,0,0\"><b data-path-to-node=\"18,0,0\" data-index-in-node=\"0\">Festiwale muzyczne:<\/b> Szybkie wej\u015bcie i p\u0142atno\u015bci bezgot\u00f3wkowe zmniejszaj\u0105 kolejki i zwi\u0119kszaj\u0105 przychody baru.<\/p>\n<\/li>\n<li>\n<p data-path-to-node=\"18,1,0\"><b data-path-to-node=\"18,1,0\" data-index-in-node=\"0\">Dost\u0119p VIP:<\/b> U\u017cyj <b data-path-to-node=\"18,1,0\" data-index-in-node=\"20\">Osadzony<\/b> wersja dla go\u015bci VIP, kt\u00f3rzy oczekuj\u0105 wi\u0119kszego komfortu i ekskluzywno\u015bci.<\/p>\n<\/li>\n<li>\n<p data-path-to-node=\"18,2,0\"><b data-path-to-node=\"18,2,0\" data-index-in-node=\"0\">Parki wodne:<\/b> Trwa\u0142a konstrukcja odporna na dzia\u0142anie chloru i ca\u0142kowite zanurzenie.<\/p>\n<\/li>\n<li>\n<p data-path-to-node=\"18,3,0\"><b data-path-to-node=\"18,3,0\" data-index-in-node=\"0\">Aktywacje marki:<\/b> \u201cDotknij\u201d, aby po\u0142\u0105czy\u0107 si\u0119 z mediami spo\u0142eczno\u015bciowymi lub odblokowa\u0107 tre\u015bci cyfrowe.<\/p>\n<\/li>\n<\/ul>","protected":false},"excerpt":{"rendered":"<ul>\n<li>\n<p data-path-to-node=\"9,0,0\"><b data-path-to-node=\"9,0,0\" data-index-in-node=\"0\">Technologia inteligentnego suwaka:<\/b> Model standardowy posiada wytrzyma\u0142\u0105 etykiet\u0119 z tworzywa PVC, w kt\u00f3rej umieszczono chip RFID umo\u017cliwiaj\u0105cy niezawodne skanowanie.<\/p>\n<\/li>\n<li>\n<p data-path-to-node=\"9,1,0\"><b data-path-to-node=\"9,1,0\" data-index-in-node=\"0\">Dost\u0119pna opcja Premium:<\/b> Szukasz bardziej eleganckiego wygl\u0105du? Zapytaj o nasze <b data-path-to-node=\"9,1,0\" data-index-in-node=\"68\">\u201cChip-in-Band\u201d<\/b> rozwi\u0105zanie, w kt\u00f3rym chip jest ukryty wewn\u0105trz tkaniny.<\/p>\n<\/li>\n<li>\n<p data-path-to-node=\"9,2,0\"><b data-path-to-node=\"9,2,0\" data-index-in-node=\"0\">Gotowy na p\u0142atno\u015bci bezgot\u00f3wkowe:<\/b> Zintegrowane uk\u0142ady scalone (Mifare, NTAG) umo\u017cliwiaj\u0105 szybkie p\u0142atno\u015bci \u201cTap &amp; Go\u201d i kontrol\u0119 dost\u0119pu.<\/p>\n<\/li>\n<li>\n<p data-path-to-node=\"9,3,0\"><b data-path-to-node=\"9,3,0\" data-index-in-node=\"0\">Wysoki poziom bezpiecze\u0144stwa:<\/b> Bezpieczne z\u0119by blokuj\u0105ce zapobiegaj\u0105 oszustwom transferowym i biletowym.<\/p>\n<\/li>\n<\/ul>","protected":false},"featured_media":5933,"comment_status":"closed","ping_status":"closed","template":"","meta":[],"product_brand":[],"product_cat":[47,81,88],"product_tag":[],"class_list":{"0":"post-4966","1":"product","2":"type-product","3":"status-publish","4":"has-post-thumbnail","6":"product_cat-fabric-wristbands","7":"product_cat-rfid","8":"product_cat-smart-wristbands","10":"first","11":"instock","12":"shipping-taxable","13":"purchasable","14":"product-type-simple"},"_links":{"self":[{"href":"https:\/\/displayproducts.eu\/pl\/wp-json\/wp\/v2\/product\/4966","targetHints":{"allow":["GET"]}}],"collection":[{"href":"https:\/\/displayproducts.eu\/pl\/wp-json\/wp\/v2\/product"}],"about":[{"href":"https:\/\/displayproducts.eu\/pl\/wp-json\/wp\/v2\/types\/product"}],"replies":[{"embeddable":true,"href":"https:\/\/displayproducts.eu\/pl\/wp-json\/wp\/v2\/comments?post=4966"}],"wp:featuredmedia":[{"embeddable":true,"href":"https:\/\/displayproducts.eu\/pl\/wp-json\/wp\/v2\/media\/5933"}],"wp:attachment":[{"href":"https:\/\/displayproducts.eu\/pl\/wp-json\/wp\/v2\/media?parent=4966"}],"wp:term":[{"taxonomy":"product_brand","embeddable":true,"href":"https:\/\/displayproducts.eu\/pl\/wp-json\/wp\/v2\/product_brand?post=4966"},{"taxonomy":"product_cat","embeddable":true,"href":"https:\/\/displayproducts.eu\/pl\/wp-json\/wp\/v2\/product_cat?post=4966"},{"taxonomy":"product_tag","embeddable":true,"href":"https:\/\/displayproducts.eu\/pl\/wp-json\/wp\/v2\/product_tag?post=4966"}],"curies":[{"name":"wp","href":"https:\/\/api.w.org\/{rel}","templated":true}]}}