{"id":4277,"date":"2025-06-05T15:54:38","date_gmt":"2025-06-05T12:54:38","guid":{"rendered":"https:\/\/wristbandfactory.eu\/?post_type=product&#038;p=4277"},"modified":"2026-04-01T21:52:35","modified_gmt":"2026-04-01T18:52:35","slug":"extra-large-reusable-event-cups-900ml","status":"publish","type":"product","link":"https:\/\/displayproducts.eu\/pl\/p\/extra-large-reusable-event-cups-900ml\/","title":{"rendered":"Bardzo du\u017ce, wielokrotnego u\u017cytku kubki eventowe (900 ml)"},"content":{"rendered":"<p data-path-to-node=\"8\">Gdy standardowy kubek to za ma\u0142o, nasz 900-mililitrowy, bardzo du\u017cy, wielokrotnego u\u017cytku kubek eventowy to idealne rozwi\u0105zanie. Zaprojektowany specjalnie dla miejsc, w kt\u00f3rych du\u017ce ilo\u015bci napoj\u00f3w i rzadsze ich uzupe\u0142nianie s\u0105 kluczowe, ten kubek idealnie sprawdzi si\u0119 na arenach sportowych, podczas t\u0119tni\u0105cych \u017cyciem festiwali plenerowych i kampanii prozdrowotnych.<\/p>\n<p data-path-to-node=\"9\">Model Malsuk o pojemno\u015bci 900 ml, oferuj\u0105cy znacznie wi\u0119ksz\u0105 pojemno\u015b\u0107 ni\u017c standardowe kubki 500 ml, zwi\u0119ksza wydajno\u015b\u0107 obs\u0142ugi i wygod\u0119 u\u017cytkownika.<\/p>\n<p data-path-to-node=\"10\">Wykonany z elastycznego i wytrzyma\u0142ego tworzywa PP (polipropylenu), ten kubek zosta\u0142 zaprojektowany z my\u015bl\u0105 o d\u0142ugotrwa\u0142ym i niezawodnym u\u017cytkowaniu. Posiada certyfikat wolny od BPA i charakteryzuje si\u0119 czystym, p\u00f3\u0142przezroczystym wyko\u0144czeniem.<\/p>\n<p data-path-to-node=\"11\">Ta wyj\u0105tkowo du\u017ca pojemno\u015b\u0107 zapewnia r\u00f3wnie\u017c wyj\u0105tkowo du\u017c\u0105 przestrze\u0144 do brandingu. Kubek ma ogromn\u0105 powierzchni\u0119 nadruku o wymiarach 270 x 70 mm, co pozwala na wyra\u017ane zaprezentowanie logo lub przekazu reklamowego za pomoc\u0105 jednokolorowego sitodruku.<\/p>\n<p data-path-to-node=\"12\"><b>G\u0142\u00f3wne cechy:<\/b><\/p>\n<ul data-path-to-node=\"13\">\n<li>\n<p data-path-to-node=\"13,0,0\"><b>Bardzo du\u017ca pojemno\u015b\u0107 900 ml:<\/b> Idealne do serwowania wi\u0119kszych napoj\u00f3w i minimalizowania konieczno\u015bci dolewania napoj\u00f3w podczas imprez o du\u017cym nat\u0119\u017ceniu ruchu.<\/p>\n<\/li>\n<li>\n<p data-path-to-node=\"13,1,0\"><b>Trwa\u0142y i elastyczny materia\u0142:<\/b> Wykonane z trwa\u0142ego, wielokrotnego u\u017cytku plastiku PP.<\/p>\n<\/li>\n<li>\n<p data-path-to-node=\"13,2,0\"><b>Bezpieczne dla zdrowia:<\/b> Certyfikowany 100%, wolny od BPA.<\/p>\n<\/li>\n<li>\n<p data-path-to-node=\"13,3,0\"><b>Wyko\u0144czenie p\u00f3\u0142przezroczyste:<\/b> Oferuje czysty, nowoczesny wygl\u0105d, jednocze\u015bnie zapewniaj\u0105c widoczno\u015b\u0107 zawarto\u015bci.<\/p>\n<\/li>\n<li>\n<p data-path-to-node=\"13,4,0\"><b>Ogromny obszar zadruku:<\/b> Zapewnia powierzchni\u0119 o wymiarach 270 x 70 mm, umo\u017cliwiaj\u0105c\u0105 wykonywanie nadruk\u00f3w sitodrukowych w jednym kolorze.<\/p>\n<\/li>\n<\/ul>","protected":false},"excerpt":{"rendered":"<ul data-path-to-node=\"7\">\n<li>\n<p data-path-to-node=\"7,0,0\">Bardzo du\u017ca pojemno\u015b\u0107 900 ml pozwala na zmniejszenie cz\u0119stotliwo\u015bci uzupe\u0142niania w du\u017cych obiektach.<\/p>\n<\/li>\n<li>\n<p data-path-to-node=\"7,1,0\">Wykonane z elastycznego, trwa\u0142ego i wolnego od BPA tworzywa sztucznego PP.<\/p>\n<\/li>\n<li>\n<p data-path-to-node=\"7,2,0\">Charakteryzuje si\u0119 czystym, p\u00f3\u0142przezroczystym wyko\u0144czeniem.<\/p>\n<\/li>\n<li>\n<p data-path-to-node=\"7,3,0\">Ogromna powierzchnia zadruku 270 x 70 mm do druku sitowego w 1 kolorze.<\/p>\n<\/li>\n<\/ul>","protected":false},"featured_media":6493,"comment_status":"closed","ping_status":"closed","template":"","meta":[],"product_brand":[],"product_cat":[111],"product_tag":[],"class_list":{"0":"post-4277","1":"product","2":"type-product","3":"status-publish","4":"has-post-thumbnail","6":"product_cat-reusable-event-cups","8":"first","9":"instock","10":"shipping-taxable","11":"purchasable","12":"product-type-simple"},"_links":{"self":[{"href":"https:\/\/displayproducts.eu\/pl\/wp-json\/wp\/v2\/product\/4277","targetHints":{"allow":["GET"]}}],"collection":[{"href":"https:\/\/displayproducts.eu\/pl\/wp-json\/wp\/v2\/product"}],"about":[{"href":"https:\/\/displayproducts.eu\/pl\/wp-json\/wp\/v2\/types\/product"}],"replies":[{"embeddable":true,"href":"https:\/\/displayproducts.eu\/pl\/wp-json\/wp\/v2\/comments?post=4277"}],"wp:featuredmedia":[{"embeddable":true,"href":"https:\/\/displayproducts.eu\/pl\/wp-json\/wp\/v2\/media\/6493"}],"wp:attachment":[{"href":"https:\/\/displayproducts.eu\/pl\/wp-json\/wp\/v2\/media?parent=4277"}],"wp:term":[{"taxonomy":"product_brand","embeddable":true,"href":"https:\/\/displayproducts.eu\/pl\/wp-json\/wp\/v2\/product_brand?post=4277"},{"taxonomy":"product_cat","embeddable":true,"href":"https:\/\/displayproducts.eu\/pl\/wp-json\/wp\/v2\/product_cat?post=4277"},{"taxonomy":"product_tag","embeddable":true,"href":"https:\/\/displayproducts.eu\/pl\/wp-json\/wp\/v2\/product_tag?post=4277"}],"curies":[{"name":"wp","href":"https:\/\/api.w.org\/{rel}","templated":true}]}}