{"id":4271,"date":"2025-06-05T15:43:08","date_gmt":"2025-06-05T12:43:08","guid":{"rendered":"https:\/\/wristbandfactory.eu\/?post_type=product&#038;p=4271"},"modified":"2026-04-01T21:52:35","modified_gmt":"2026-04-01T18:52:35","slug":"reusable-event-cups-600ml","status":"publish","type":"product","link":"https:\/\/displayproducts.eu\/pl\/p\/reusable-event-cups-600ml\/","title":{"rendered":"Wielorazowe kubki eventowe (600 ml)"},"content":{"rendered":"<p data-path-to-node=\"8\">Wyjd\u017a poza standardowy rozmiar 500 ml z naszym kubkiem wielokrotnego u\u017cytku o pojemno\u015bci 600 ml. Ten kubek zosta\u0142 zaprojektowany specjalnie z my\u015bl\u0105 o miejscach o du\u017cym nat\u0119\u017ceniu ruchu, takich jak festiwale, obiekty sportowe i koncerty masowe, gdzie ograniczenie cz\u0119stotliwo\u015bci uzupe\u0142niania jest kluczowe dla poprawy szybko\u015bci obs\u0142ugi i zadowolenia go\u015bci.<\/p>\n<p data-path-to-node=\"9\">Wykonany z elastycznego, a zarazem wytrzyma\u0142ego tworzywa PP (polipropylenu), ten kubek charakteryzuje si\u0119 czystym, p\u00f3\u0142przezroczystym wyko\u0144czeniem, kt\u00f3re dobrze komponuje si\u0119 z ka\u017cdym brandingiem. Wi\u0119ksza pojemno\u015b\u0107 zapewnia dodatkow\u0105 wygod\u0119 uczestnikom imprez plenerowych.<\/p>\n<p data-path-to-node=\"10\">Ten kubek jest nie tylko praktyczny, ale tak\u017ce doskona\u0142ym narz\u0119dziem brandingowym. Oferuje du\u017c\u0105, owijan\u0105 powierzchni\u0119 zadruku o wymiarach 220 x 70 mm, na kt\u00f3rej mo\u017cna umie\u015bci\u0107 logo firmy lub has\u0142o reklamowe, za pomoc\u0105 trwa\u0142ego, jednokolorowego sitodruku. Materia\u0142 posiada certyfikat BPA, co gwarantuje bezpieczne i wysokiej jako\u015bci rozwi\u0105zanie na Twoje wydarzenie.<\/p>\n<p data-path-to-node=\"11\"><b>G\u0142\u00f3wne cechy:<\/b><\/p>\n<ul data-path-to-node=\"12\">\n<li>\n<p data-path-to-node=\"12,0,0\"><b>Pojemno\u015b\u0107 powy\u017cej standardu 600 ml:<\/b> Oferuje wi\u0119ksz\u0105 obj\u0119to\u015b\u0107, co pozwala zmniejszy\u0107 cz\u0119stotliwo\u015b\u0107 uzupe\u0142niania w zat\u0142oczonych miejscach.<\/p>\n<\/li>\n<li>\n<p data-path-to-node=\"12,1,0\"><b>Trwa\u0142y i elastyczny materia\u0142:<\/b> Wykonane z plastiku PP, nadaj\u0105cego si\u0119 do ponownego u\u017cycia, wolnego od BPA.<\/p>\n<\/li>\n<li>\n<p data-path-to-node=\"12,2,0\"><b>Wyko\u0144czenie p\u00f3\u0142przezroczyste:<\/b> Stanowi czyste i nowoczesne p\u0142\u00f3tno dla Twojej marki.<\/p>\n<\/li>\n<li>\n<p data-path-to-node=\"12,3,0\"><b>Du\u017cy obszar nadruku:<\/b> Posiada obszar o wymiarach 220 x 70 mm przeznaczony do sitodruku 1-kolorowego.<\/p>\n<\/li>\n<li>\n<p data-path-to-node=\"12,4,0\"><b>Rozwi\u0105zanie przyjazne dla \u015brodowiska:<\/b> Wielokrotnego u\u017cytku alternatywa dla plastik\u00f3w jednorazowego u\u017cytku, idealna do dystrybucji na du\u017c\u0105 skal\u0119.<\/p>\n<\/li>\n<\/ul>\n<p data-path-to-node=\"13\">","protected":false},"excerpt":{"rendered":"<ul>\n<li>\n<p data-path-to-node=\"7,0,0\">Pojemno\u015b\u0107 600 ml wi\u0119ksza ni\u017c standardowa, co pozwala ograniczy\u0107 cz\u0119stotliwo\u015b\u0107 uzupe\u0142niania.<\/p>\n<\/li>\n<li>\n<p data-path-to-node=\"7,1,0\">Wykonane z elastycznego, trwa\u0142ego i wolnego od BPA tworzywa sztucznego PP.<\/p>\n<\/li>\n<li>\n<p data-path-to-node=\"7,2,0\">Nowoczesne, p\u00f3\u0142przezroczyste wyko\u0144czenie zapewnia schludny wygl\u0105d.<\/p>\n<\/li>\n<li>\n<p data-path-to-node=\"7,3,0\">Du\u017ca powierzchnia zadruku 220 x 70 mm do druku sitowego w 1 kolorze.<\/p>\n<\/li>\n<\/ul>","protected":false},"featured_media":6621,"comment_status":"closed","ping_status":"closed","template":"","meta":[],"product_brand":[],"product_cat":[111],"product_tag":[],"class_list":{"0":"post-4271","1":"product","2":"type-product","3":"status-publish","4":"has-post-thumbnail","6":"product_cat-reusable-event-cups","8":"first","9":"instock","10":"shipping-taxable","11":"purchasable","12":"product-type-simple"},"_links":{"self":[{"href":"https:\/\/displayproducts.eu\/pl\/wp-json\/wp\/v2\/product\/4271","targetHints":{"allow":["GET"]}}],"collection":[{"href":"https:\/\/displayproducts.eu\/pl\/wp-json\/wp\/v2\/product"}],"about":[{"href":"https:\/\/displayproducts.eu\/pl\/wp-json\/wp\/v2\/types\/product"}],"replies":[{"embeddable":true,"href":"https:\/\/displayproducts.eu\/pl\/wp-json\/wp\/v2\/comments?post=4271"}],"wp:featuredmedia":[{"embeddable":true,"href":"https:\/\/displayproducts.eu\/pl\/wp-json\/wp\/v2\/media\/6621"}],"wp:attachment":[{"href":"https:\/\/displayproducts.eu\/pl\/wp-json\/wp\/v2\/media?parent=4271"}],"wp:term":[{"taxonomy":"product_brand","embeddable":true,"href":"https:\/\/displayproducts.eu\/pl\/wp-json\/wp\/v2\/product_brand?post=4271"},{"taxonomy":"product_cat","embeddable":true,"href":"https:\/\/displayproducts.eu\/pl\/wp-json\/wp\/v2\/product_cat?post=4271"},{"taxonomy":"product_tag","embeddable":true,"href":"https:\/\/displayproducts.eu\/pl\/wp-json\/wp\/v2\/product_tag?post=4271"}],"curies":[{"name":"wp","href":"https:\/\/api.w.org\/{rel}","templated":true}]}}