{"id":4265,"date":"2025-06-05T15:20:53","date_gmt":"2025-06-05T12:20:53","guid":{"rendered":"https:\/\/wristbandfactory.eu\/?post_type=product&#038;p=4265"},"modified":"2026-04-01T21:52:04","modified_gmt":"2026-04-01T18:52:04","slug":"colored-reusable-event-cups-500ml","status":"publish","type":"product","link":"https:\/\/displayproducts.eu\/pl\/p\/colored-reusable-event-cups-500ml\/","title":{"rendered":"Kolorowe kubki wielokrotnego u\u017cytku na imprezy (500 ml)"},"content":{"rendered":"<p data-path-to-node=\"7\">Spraw, by Twoja marka by\u0142a nie do przeoczenia na t\u0119tni\u0105cych \u017cyciem festiwalach, konferencjach i imprezach promocyjnych dzi\u0119ki naszym kolorowym, wielokrotnego u\u017cytku kubkom eventowym. \u017bywy kubek zapewnia natychmiastow\u0105 rozpoznawalno\u015b\u0107 marki i stanowi bez nadruku, skuteczne narz\u0119dzie zwi\u0119kszaj\u0105ce efektywno\u015b\u0107 operacyjn\u0105.<\/p>\n<p data-path-to-node=\"8\">Dost\u0119pne w sze\u015bciu przyci\u0105gaj\u0105cych wzrok, p\u00f3\u0142przezroczystych kolorach (w tym czerwonym, niebieskim i zielonym), te kubki idealnie pasuj\u0105 do identyfikacji wizualnej Twojej marki lub do praktycznego oznaczenia kolorami na Twoim wydarzeniu. U\u017cyj r\u00f3\u017cnych kolor\u00f3w, aby rozr\u00f3\u017cni\u0107 strefy dost\u0119pu, rodzaje napoj\u00f3w (np. alkoholowe i bezalkoholowe) lub wyr\u00f3\u017cni\u0107 r\u00f3\u017cnych sponsor\u00f3w wydarzenia.<\/p>\n<p data-path-to-node=\"9\">Wykonane z wytrzyma\u0142ego, elastycznego i lekkiego tworzywa sztucznego PP, te kubki o pojemno\u015bci 500 ml s\u0105 przeznaczone do wielokrotnego u\u017cytku. Stanowi\u0105 ekonomiczn\u0105 i zr\u00f3wnowa\u017con\u0105 alternatyw\u0119 dla plastik\u00f3w jednorazowego u\u017cytku. Ka\u017cdy kubek posiada certyfikat potwierdzaj\u0105cy brak BPA, co gwarantuje bezpiecze\u0144stwo wszystkim uczestnikom.<\/p>\n<p data-path-to-node=\"10\">Spersonalizuj swoje kubki du\u017cym, jednokolorowym sitodrukiem (170 x 60 mm), aby umie\u015bci\u0107 na nich logo, has\u0142o kampanii lub branding sponsora. To po\u0142\u0105czenie jaskrawych kolor\u00f3w i spersonalizowanego nadruku tworzy zapadaj\u0105cy w pami\u0119\u0107, dobrze widoczny gad\u017cet reklamowy.<\/p>\n<p data-path-to-node=\"11\"><b>G\u0142\u00f3wne cechy:<\/b><\/p>\n<ul data-path-to-node=\"12\">\n<li>\n<p data-path-to-node=\"12,0,0\"><b>Branding o wysokiej widoczno\u015bci:<\/b> Dost\u0119pne w 6 \u017cywych, p\u00f3\u0142przezroczystych kolorach, dopasowanych do identyfikacji marki.<\/p>\n<\/li>\n<li>\n<p data-path-to-node=\"12,1,0\"><b>Trwa\u0142e i wielokrotnego u\u017cytku:<\/b> Wykonane z elastycznego, lekkiego i odpornego na p\u0119kni\u0119cia tworzywa sztucznego PP.<\/p>\n<\/li>\n<li>\n<p data-path-to-node=\"12,2,0\"><b>Materia\u0142 bezpieczny dla zdrowia:<\/b> 100% nie zawiera BPA i nadaje si\u0119 dla wszystkich uczestnik\u00f3w wydarzenia.<\/p>\n<\/li>\n<li>\n<p data-path-to-node=\"12,3,0\"><b>Praktyczne narz\u0119dzie do organizacji wydarze\u0144:<\/b> Idealne do oznaczania kolorami stref, sponsor\u00f3w lub rodzaj\u00f3w napoj\u00f3w.<\/p>\n<\/li>\n<li>\n<p data-path-to-node=\"12,4,0\"><b>Mo\u017cliwo\u015b\u0107 dostosowania:<\/b> Oferuje du\u017c\u0105 powierzchni\u0119 zadruku 170 x 60 mm umo\u017cliwiaj\u0105c\u0105 druk sitowy w 1 kolorze.<\/p>\n<\/li>\n<li>\n<p data-path-to-node=\"12,5,0\"><b>Standardowa pojemno\u015b\u0107 500ml:<\/b> Idealny rozmiar do piwa, napoj\u00f3w bezalkoholowych i innych napoj\u00f3w serwowanych na imprezach.<\/p>\n<\/li>\n<\/ul>","protected":false},"excerpt":{"rendered":"<ul>\n<li>\n<p data-path-to-node=\"6,0,0\">Zwi\u0119ksz widoczno\u015b\u0107 marki dzi\u0119ki 6 \u017cywym, p\u00f3\u0142przezroczystym opcjom kolorystycznym.<\/p>\n<\/li>\n<li>\n<p data-path-to-node=\"6,1,0\">Idealne do oznaczania kolorami stref dost\u0119pu, rodzaj\u00f3w napoj\u00f3w lub obszar\u00f3w sponsor\u00f3w.<\/p>\n<\/li>\n<li>\n<p data-path-to-node=\"6,2,0\">Trwa\u0142y, elastyczny i wielokrotnego u\u017cytku plastik PP (bez BPA).<\/p>\n<\/li>\n<li>\n<p data-path-to-node=\"6,3,0\">Mo\u017cliwo\u015b\u0107 personalizacji za pomoc\u0105 sitodruku 1-kolorowego (obszar 170 x 60 mm).<\/p>\n<\/li>\n<\/ul>","protected":false},"featured_media":6445,"comment_status":"closed","ping_status":"closed","template":"","meta":[],"product_brand":[],"product_cat":[111],"product_tag":[],"class_list":{"0":"post-4265","1":"product","2":"type-product","3":"status-publish","4":"has-post-thumbnail","6":"product_cat-reusable-event-cups","8":"first","9":"instock","10":"shipping-taxable","11":"purchasable","12":"product-type-simple"},"_links":{"self":[{"href":"https:\/\/displayproducts.eu\/pl\/wp-json\/wp\/v2\/product\/4265","targetHints":{"allow":["GET"]}}],"collection":[{"href":"https:\/\/displayproducts.eu\/pl\/wp-json\/wp\/v2\/product"}],"about":[{"href":"https:\/\/displayproducts.eu\/pl\/wp-json\/wp\/v2\/types\/product"}],"replies":[{"embeddable":true,"href":"https:\/\/displayproducts.eu\/pl\/wp-json\/wp\/v2\/comments?post=4265"}],"wp:featuredmedia":[{"embeddable":true,"href":"https:\/\/displayproducts.eu\/pl\/wp-json\/wp\/v2\/media\/6445"}],"wp:attachment":[{"href":"https:\/\/displayproducts.eu\/pl\/wp-json\/wp\/v2\/media?parent=4265"}],"wp:term":[{"taxonomy":"product_brand","embeddable":true,"href":"https:\/\/displayproducts.eu\/pl\/wp-json\/wp\/v2\/product_brand?post=4265"},{"taxonomy":"product_cat","embeddable":true,"href":"https:\/\/displayproducts.eu\/pl\/wp-json\/wp\/v2\/product_cat?post=4265"},{"taxonomy":"product_tag","embeddable":true,"href":"https:\/\/displayproducts.eu\/pl\/wp-json\/wp\/v2\/product_tag?post=4265"}],"curies":[{"name":"wp","href":"https:\/\/api.w.org\/{rel}","templated":true}]}}