{"id":4241,"date":"2025-06-05T15:07:14","date_gmt":"2025-06-05T12:07:14","guid":{"rendered":"https:\/\/wristbandfactory.eu\/?post_type=product&#038;p=4241"},"modified":"2026-04-01T21:52:36","modified_gmt":"2026-04-01T18:52:36","slug":"reusable-event-cups-with-lanyard-hook-500ml","status":"publish","type":"product","link":"https:\/\/displayproducts.eu\/pl\/p\/reusable-event-cups-with-lanyard-hook-500ml\/","title":{"rendered":"Wielorazowe kubki eventowe z haczykiem na smycz (500 ml)"},"content":{"rendered":"<p data-path-to-node=\"6\">Zapewnij sobie najwy\u017cszy komfort podczas kolejnego festiwalu, targ\u00f3w lub imprezy plenerowej dzi\u0119ki naszym kubkom wielokrotnego u\u017cytku z wbudowanym haczykiem na smycz. Ten kubek o pojemno\u015bci 500 ml to idealne rozwi\u0105zanie dla uczestnik\u00f3w, zapewniaj\u0105ce wygod\u0119 bez u\u017cycia r\u0105k podczas przemieszczania si\u0119 mi\u0119dzy stoiskami, nawi\u0105zywania kontakt\u00f3w lub korzystania z udogodnie\u0144.<\/p>\n<p data-path-to-node=\"7\">Innowacyjny haczyk jest kompatybilny ze standardowymi smyczami, co znacznie poprawia higien\u0119 i komfort go\u015bci. To praktyczne i inteligentne rozwi\u0105zanie na ka\u017cd\u0105 du\u017c\u0105 imprez\u0119, gdzie uczestnicy musz\u0105 mie\u0107 wolne r\u0119ce.<\/p>\n<p data-path-to-node=\"8\">Wyprodukowane w Hiszpanii kubki s\u0105 przeznaczone do wielokrotnego u\u017cytku. Wykonane s\u0105 z wytrzyma\u0142ego, lekkiego (21 g) i p\u00f3\u0142przezroczystego tworzywa sztucznego PP, wolnego od BPA 100%. Kubki nadaj\u0105 si\u0119 do u\u017cytku w kuchence mikrofalowej i mycia w zmywarce, co zapewnia \u0142atwe, higieniczne czyszczenie i stanowi d\u0142ugotrwa\u0142\u0105, zr\u00f3wnowa\u017con\u0105 inwestycj\u0119 dla Twojej organizacji. Pojemno\u015b\u0107 ca\u0142kowita 500 ml (obj\u0119to\u015b\u0107 u\u017cytkowa 450 ml) idealnie nadaje si\u0119 do serwowania standardowych napoj\u00f3w, jednocze\u015bnie zapobiegaj\u0105c ich rozlewaniu.<\/p>\n<p data-path-to-node=\"9\">Zaprezentuj swoj\u0105 mark\u0119 lub sponsor\u00f3w za pomoc\u0105 efektownego, pe\u0142noekranowego sitodruku rotacyjnego. Du\u017ca powierzchnia zadruku 200 x 65 mm zapewnia doskona\u0142\u0105 widoczno\u015b\u0107 jednokolorowego logo lub brandingu wydarzenia.<\/p>\n<p data-path-to-node=\"10\"><b>G\u0142\u00f3wne cechy:<\/b><\/p>\n<ul data-path-to-node=\"11\">\n<li>\n<p data-path-to-node=\"11,0,0\"><b>Zintegrowany haczyk na smycz:<\/b> Zapewnia uczestnikom wygod\u0119 korzystania z urz\u0105dze\u0144 bez u\u017cycia r\u0105k; kompatybilny ze standardowymi smyczami na szyj\u0119.<\/p>\n<\/li>\n<li>\n<p data-path-to-node=\"11,1,0\"><b>Trwa\u0142y i bezpieczny materia\u0142:<\/b> Wyprodukowano w Hiszpanii z p\u00f3\u0142przezroczystego plastiku PP; 100% bez BPA.<\/p>\n<\/li>\n<li>\n<p data-path-to-node=\"11,2,0\"><b>Higieniczne i wielokrotnego u\u017cytku:<\/b> Mo\u017cna my\u0107 w zmywarce i u\u017cywa\u0107 w kuchence mikrofalowej, co zapewnia \u0142atwe czyszczenie i mo\u017cliwo\u015b\u0107 d\u0142ugotrwa\u0142ego u\u017cytkowania.<\/p>\n<\/li>\n<li>\n<p data-path-to-node=\"11,3,0\"><b>Lekki i wytrzyma\u0142y:<\/b> Wa\u017cy zaledwie 21 gram\u00f3w, dzi\u0119ki czemu idealnie nadaje si\u0119 do dystrybucji na du\u017c\u0105 skal\u0119.<\/p>\n<\/li>\n<li>\n<p data-path-to-node=\"11,4,0\"><b>Du\u017cy obszar nadruku:<\/b> Oferuje obszar o wymiarach 200 x 65 mm do druku sitodrukowego rotacyjnego w jednym kolorze.<\/p>\n<\/li>\n<li>\n<p data-path-to-node=\"11,5,0\"><b>Pojemno\u015b\u0107 praktyczna:<\/b> Ca\u0142kowita obj\u0119to\u015b\u0107 500 ml (450 ml u\u017cytkowe) zapobiega przepe\u0142nieniu.<\/p>\n<\/li>\n<\/ul>","protected":false},"excerpt":{"rendered":"<ul>\n<li>\n<p data-path-to-node=\"5,0,0\">Posiada wbudowany haczyk na smycz na szyj\u0119 \u2013 idealny do korzystania bez u\u017cycia r\u0105k.<\/p>\n<\/li>\n<li>\n<p data-path-to-node=\"5,1,0\">Wytrzyma\u0142y, lekki (21 g) i p\u00f3\u0142przezroczysty plastik PP (bez BPA).<\/p>\n<\/li>\n<li>\n<p data-path-to-node=\"5,2,0\">Mo\u017cna je my\u0107 w zmywarce i u\u017cywa\u0107 w kuchence mikrofalowej, co zapewnia higieniczne i d\u0142ugotrwa\u0142e ponowne wykorzystanie.<\/p>\n<\/li>\n<li>\n<p data-path-to-node=\"5,3,0\">Du\u017ca powierzchnia zadruku 200 x 65 mm do druku sitodrukowego rotacyjnego w 1 kolorze.<\/p>\n<\/li>\n<\/ul>","protected":false},"featured_media":6628,"comment_status":"closed","ping_status":"closed","template":"","meta":[],"product_brand":[],"product_cat":[111],"product_tag":[],"class_list":{"0":"post-4241","1":"product","2":"type-product","3":"status-publish","4":"has-post-thumbnail","6":"product_cat-reusable-event-cups","8":"first","9":"instock","10":"shipping-taxable","11":"purchasable","12":"product-type-simple"},"_links":{"self":[{"href":"https:\/\/displayproducts.eu\/pl\/wp-json\/wp\/v2\/product\/4241","targetHints":{"allow":["GET"]}}],"collection":[{"href":"https:\/\/displayproducts.eu\/pl\/wp-json\/wp\/v2\/product"}],"about":[{"href":"https:\/\/displayproducts.eu\/pl\/wp-json\/wp\/v2\/types\/product"}],"replies":[{"embeddable":true,"href":"https:\/\/displayproducts.eu\/pl\/wp-json\/wp\/v2\/comments?post=4241"}],"wp:featuredmedia":[{"embeddable":true,"href":"https:\/\/displayproducts.eu\/pl\/wp-json\/wp\/v2\/media\/6628"}],"wp:attachment":[{"href":"https:\/\/displayproducts.eu\/pl\/wp-json\/wp\/v2\/media?parent=4241"}],"wp:term":[{"taxonomy":"product_brand","embeddable":true,"href":"https:\/\/displayproducts.eu\/pl\/wp-json\/wp\/v2\/product_brand?post=4241"},{"taxonomy":"product_cat","embeddable":true,"href":"https:\/\/displayproducts.eu\/pl\/wp-json\/wp\/v2\/product_cat?post=4241"},{"taxonomy":"product_tag","embeddable":true,"href":"https:\/\/displayproducts.eu\/pl\/wp-json\/wp\/v2\/product_tag?post=4241"}],"curies":[{"name":"wp","href":"https:\/\/api.w.org\/{rel}","templated":true}]}}