{"id":4229,"date":"2025-06-05T14:14:57","date_gmt":"2025-06-05T11:14:57","guid":{"rendered":"https:\/\/wristbandfactory.eu\/?post_type=product&#038;p=4229"},"modified":"2026-04-01T21:52:36","modified_gmt":"2026-04-01T18:52:36","slug":"digital-printed-reusable-cups-360-wrap","status":"publish","type":"product","link":"https:\/\/displayproducts.eu\/pl\/p\/digital-printed-reusable-cups-360-wrap\/","title":{"rendered":"Kubki wielokrotnego u\u017cytku z nadrukiem cyfrowym (opakowanie 360\u00b0)"},"content":{"rendered":"<p data-path-to-node=\"11\">Zmaksymalizuj oddzia\u0142ywanie swojej marki dzi\u0119ki naszym kubkom wielokrotnego u\u017cytku z nadrukiem cyfrowym. Ten kubek o pojemno\u015bci 500 ml to najwy\u017cszej jako\u015bci rozwi\u0105zanie brandingowe, oferuj\u0105ce zaawansowany, 360-stopniowy, pe\u0142nokolorowy nadruk cyfrowy, kt\u00f3ry o\u017cywia z\u0142o\u017cone, pe\u0142nokolorowe wzory i logo sponsor\u00f3w.<\/p>\n<p data-path-to-node=\"12\">Wykonany z trwa\u0142ego, wysokiej jako\u015bci plastiku PP z eleganckim, p\u00f3\u0142przezroczystym matowym wyko\u0144czeniem, ten kubek jest idealnym wyborem na ekskluzywne wydarzenia korporacyjne, premiery produkt\u00f3w i festiwale, gdzie prezentacja marki ma kluczowe znaczenie.<\/p>\n<p data-path-to-node=\"13\">Cho\u0107 jego specjalno\u015bci\u0105 jest druk cyfrowy o wysokim efekcie, ten wszechstronny kubek mo\u017cna dostosowa\u0107 do ka\u017cdego bud\u017cetu w szerokim zakresie, w tym do jednokolorowego sitodruku na ca\u0142ej powierzchni oraz precyzyjnego druku tampodrukowego w wielu miejscach w przypadku mniejszych logotyp\u00f3w.<\/p>\n<p data-path-to-node=\"14\">To lekkie, sk\u0142adane i ekologiczne rozwi\u0105zanie, produkowane w Europie. Nie tylko pozwala ograniczy\u0107 ilo\u015b\u0107 odpad\u00f3w z tworzyw sztucznych, ale tak\u017ce stanowi wysokiej jako\u015bci, niezapomnian\u0105 pami\u0105tk\u0119, kt\u00f3ra skutecznie reprezentuje Twoj\u0105 mark\u0119.<\/p>\n<p data-path-to-node=\"15\"><b>G\u0142\u00f3wne cechy:<\/b><\/p>\n<ul data-path-to-node=\"16\">\n<li>\n<p data-path-to-node=\"16,0,0\"><b>Wydruk cyfrowy 360\u00b0 Premium:<\/b> Oferuje bezproblemowy, pe\u0142nokolorowy druk (270 x 116 mm) w przypadku z\u0142o\u017conych grafik.<\/p>\n<\/li>\n<li>\n<p data-path-to-node=\"16,1,0\"><b>Wszechstronne opcje drukowania:<\/b> Obs\u0142uguje r\u00f3wnie\u017c sitodruk jednokolorowy i tampodruk wielopunktowy dla prostszych potrzeb zwi\u0105zanych z brandingiem.<\/p>\n<\/li>\n<li>\n<p data-path-to-node=\"16,2,0\"><b>Trwa\u0142y kubek 500ml:<\/b> Wykonane z wysokiej jako\u015bci, wielokrotnego u\u017cytku tworzywa PP, idealne do serwowania napoj\u00f3w.<\/p>\n<\/li>\n<li>\n<p data-path-to-node=\"16,3,0\"><b>Eleganckie matowe wyko\u0144czenie:<\/b> Posiada nowoczesne, p\u00f3\u0142przezroczyste matowe wyko\u0144czenie, kt\u00f3re podkre\u015bla wizerunek marki.<\/p>\n<\/li>\n<li>\n<p data-path-to-node=\"16,4,0\"><b>Produkcja europejska:<\/b> Gwarantuje spe\u0142nienie wysokich standard\u00f3w bezpiecze\u0144stwa i jako\u015bci.<\/p>\n<\/li>\n<\/ul>","protected":false},"excerpt":{"rendered":"<ul data-path-to-node=\"10\">\n<li>\n<p data-path-to-node=\"10,0,0\">Najwy\u017cszej jako\u015bci druk cyfrowy 360\u00b0 umo\u017cliwiaj\u0105cy tworzenie fotorealistycznych, z\u0142o\u017conych projekt\u00f3w.<\/p>\n<\/li>\n<li>\n<p data-path-to-node=\"10,1,0\">Wytrzyma\u0142y, wielokrotnego u\u017cytku pojemnik z tworzywa PP o pojemno\u015bci 500 ml z nowoczesnym, p\u00f3\u0142przezroczystym, matowym wyko\u0144czeniem.<\/p>\n<\/li>\n<li>\n<p data-path-to-node=\"10,2,0\">Dost\u0119pne s\u0105 r\u00f3\u017cne techniki drukowania: od druku cyfrowego na ca\u0142ej powierzchni po sitodruk jednokolorowy lub tampodruk.<\/p>\n<\/li>\n<li>\n<p data-path-to-node=\"10,3,0\">Wyprodukowano w Europie, co gwarantuje wysokie standardy jako\u015bci i bezpiecze\u0144stwa.<\/p>\n<\/li>\n<\/ul>","protected":false},"featured_media":6494,"comment_status":"closed","ping_status":"closed","template":"","meta":[],"product_brand":[],"product_cat":[111],"product_tag":[],"class_list":{"0":"post-4229","1":"product","2":"type-product","3":"status-publish","4":"has-post-thumbnail","6":"product_cat-reusable-event-cups","8":"first","9":"instock","10":"shipping-taxable","11":"purchasable","12":"product-type-simple"},"_links":{"self":[{"href":"https:\/\/displayproducts.eu\/pl\/wp-json\/wp\/v2\/product\/4229","targetHints":{"allow":["GET"]}}],"collection":[{"href":"https:\/\/displayproducts.eu\/pl\/wp-json\/wp\/v2\/product"}],"about":[{"href":"https:\/\/displayproducts.eu\/pl\/wp-json\/wp\/v2\/types\/product"}],"replies":[{"embeddable":true,"href":"https:\/\/displayproducts.eu\/pl\/wp-json\/wp\/v2\/comments?post=4229"}],"wp:featuredmedia":[{"embeddable":true,"href":"https:\/\/displayproducts.eu\/pl\/wp-json\/wp\/v2\/media\/6494"}],"wp:attachment":[{"href":"https:\/\/displayproducts.eu\/pl\/wp-json\/wp\/v2\/media?parent=4229"}],"wp:term":[{"taxonomy":"product_brand","embeddable":true,"href":"https:\/\/displayproducts.eu\/pl\/wp-json\/wp\/v2\/product_brand?post=4229"},{"taxonomy":"product_cat","embeddable":true,"href":"https:\/\/displayproducts.eu\/pl\/wp-json\/wp\/v2\/product_cat?post=4229"},{"taxonomy":"product_tag","embeddable":true,"href":"https:\/\/displayproducts.eu\/pl\/wp-json\/wp\/v2\/product_tag?post=4229"}],"curies":[{"name":"wp","href":"https:\/\/api.w.org\/{rel}","templated":true}]}}