{"id":4202,"date":"2025-06-05T13:39:24","date_gmt":"2025-06-05T10:39:24","guid":{"rendered":"https:\/\/wristbandfactory.eu\/?post_type=product&#038;p=4202"},"modified":"2026-04-01T21:52:04","modified_gmt":"2026-04-01T18:52:04","slug":"standard-reusable-event-cups-500ml","status":"publish","type":"product","link":"https:\/\/displayproducts.eu\/pl\/p\/standard-reusable-event-cups-500ml\/","title":{"rendered":"Standardowe kubki wielokrotnego u\u017cytku na imprezy (500 ml)"},"content":{"rendered":"<p data-path-to-node=\"8\">Ten standardowy kubek wielokrotnego u\u017cytku o pojemno\u015bci 500 ml to idealne i ekonomiczne rozwi\u0105zanie na imprezy masowe, festiwale i kampanie promocyjne. Zosta\u0142 zaprojektowany dla organizacji poszukuj\u0105cych trwa\u0142ej, ekologicznej i \u0142atwo rozpoznawalnej alternatywy dla jednorazowych plastik\u00f3w, bez konieczno\u015bci skomplikowanego monta\u017cu.<\/p>\n<p data-path-to-node=\"9\">Wyprodukowany w Europie z wytrzyma\u0142ego, jedno\u015bciennego plastiku PP, ten kubek jest lekki, a jednocze\u015bnie wystarczaj\u0105co wytrzyma\u0142y, aby sprosta\u0107 wymaganiom stawianym podczas imprez. Pojemno\u015b\u0107 500 ml to idealny standard do serwowania wi\u0119kszo\u015bci napoj\u00f3w. Minimalistyczny design stanowi czyste p\u0142\u00f3tno dla Twojej marki.<\/p>\n<p data-path-to-node=\"10\">Ten kubek zosta\u0142 zoptymalizowany pod k\u0105tem przyst\u0119pnego cenowo i czytelnego, jednokolorowego brandingu. Oferujemy zar\u00f3wno tampodruk, jak i sitodruk, aby skutecznie wyeksponowa\u0107 Twoje logo lub przes\u0142anie wydarzenia.<\/p>\n<p data-path-to-node=\"11\">Materia\u0142 posiada certyfikat wolny od BPA, co gwarantuje bezpiecze\u0144stwo wszystkim uczestnikom. Jako produkt wielokrotnego u\u017cytku, wyprodukowany w Europie, jest niezawodnym i ekologicznym wyborem na ka\u017cd\u0105 imprez\u0119.<\/p>\n<p data-path-to-node=\"12\"><b>G\u0142\u00f3wne cechy:<\/b><\/p>\n<ul data-path-to-node=\"13\">\n<li>\n<p data-path-to-node=\"13,0,0\"><b>Ekonomiczne budowanie marki:<\/b> Zoptymalizowane pod k\u0105tem niedrogiego nadruku tampodrukowego lub sitodruku w jednym kolorze.<\/p>\n<\/li>\n<li>\n<p data-path-to-node=\"13,1,0\"><b>Standardowa pojemno\u015b\u0107 500ml:<\/b> Idealny, uniwersalny rozmiar na festiwale, imprezy firmowe i promocje.<\/p>\n<\/li>\n<li>\n<p data-path-to-node=\"13,2,0\"><b>Trwa\u0142e i lekkie:<\/b> Wykonane z wytrzyma\u0142ego, jedno\u015bciennego tworzywa sztucznego PP, idealne do dystrybucji na du\u017c\u0105 skal\u0119.<\/p>\n<\/li>\n<li>\n<p data-path-to-node=\"13,3,0\"><b>Bezpieczne i zr\u00f3wnowa\u017cone:<\/b> Posiada certyfikat wolny od BPA i jest produkowany w Europie zgodnie z najwy\u017cszymi standardami jako\u015bci.<\/p>\n<\/li>\n<li>\n<p data-path-to-node=\"13,4,0\"><b>Rozwi\u0105zanie przyjazne dla \u015brodowiska:<\/b> Trwa\u0142a, wielokrotnego u\u017cytku alternatywa pozwalaj\u0105ca ograniczy\u0107 ilo\u015b\u0107 jednorazowych odpad\u00f3w plastikowych.<\/p>\n<\/li>\n<\/ul>","protected":false},"excerpt":{"rendered":"<ul>\n<li>\n<p data-path-to-node=\"7,0,0\">Ekonomiczne rozwi\u0105zanie w przypadku zam\u00f3wie\u0144 hurtowych i imprez masowych.<\/p>\n<\/li>\n<li>\n<p data-path-to-node=\"7,1,0\">Idealne do niedrogiego znakowania jednokolorowego (nadruk tamponowy lub sitodruk).<\/p>\n<\/li>\n<li>\n<p data-path-to-node=\"7,2,0\">Trwa\u0142y, lekki, jedno\u015bcienny plastik PP.<\/p>\n<\/li>\n<li>\n<p data-path-to-node=\"7,3,0\">Wyprodukowano w Europie i posiada certyfikat wolny od BPA.<\/p>\n<\/li>\n<\/ul>","protected":false},"featured_media":6639,"comment_status":"closed","ping_status":"closed","template":"","meta":[],"product_brand":[],"product_cat":[111],"product_tag":[],"class_list":{"0":"post-4202","1":"product","2":"type-product","3":"status-publish","4":"has-post-thumbnail","6":"product_cat-reusable-event-cups","8":"first","9":"instock","10":"shipping-taxable","11":"purchasable","12":"product-type-simple"},"_links":{"self":[{"href":"https:\/\/displayproducts.eu\/pl\/wp-json\/wp\/v2\/product\/4202","targetHints":{"allow":["GET"]}}],"collection":[{"href":"https:\/\/displayproducts.eu\/pl\/wp-json\/wp\/v2\/product"}],"about":[{"href":"https:\/\/displayproducts.eu\/pl\/wp-json\/wp\/v2\/types\/product"}],"replies":[{"embeddable":true,"href":"https:\/\/displayproducts.eu\/pl\/wp-json\/wp\/v2\/comments?post=4202"}],"wp:featuredmedia":[{"embeddable":true,"href":"https:\/\/displayproducts.eu\/pl\/wp-json\/wp\/v2\/media\/6639"}],"wp:attachment":[{"href":"https:\/\/displayproducts.eu\/pl\/wp-json\/wp\/v2\/media?parent=4202"}],"wp:term":[{"taxonomy":"product_brand","embeddable":true,"href":"https:\/\/displayproducts.eu\/pl\/wp-json\/wp\/v2\/product_brand?post=4202"},{"taxonomy":"product_cat","embeddable":true,"href":"https:\/\/displayproducts.eu\/pl\/wp-json\/wp\/v2\/product_cat?post=4202"},{"taxonomy":"product_tag","embeddable":true,"href":"https:\/\/displayproducts.eu\/pl\/wp-json\/wp\/v2\/product_tag?post=4202"}],"curies":[{"name":"wp","href":"https:\/\/api.w.org\/{rel}","templated":true}]}}