{"id":4159,"date":"2025-06-04T23:53:14","date_gmt":"2025-06-04T20:53:14","guid":{"rendered":"https:\/\/wristbandfactory.eu\/?post_type=product&#038;p=4159"},"modified":"2026-04-01T21:52:04","modified_gmt":"2026-04-01T18:52:04","slug":"iml-printed-reusable-event-cups-bpa-free","status":"publish","type":"product","link":"https:\/\/displayproducts.eu\/pl\/p\/iml-printed-reusable-event-cups-bpa-free\/","title":{"rendered":"Kubki wielorazowe z nadrukiem IML"},"content":{"rendered":"<p data-path-to-node=\"8\"><span class=\"citation-103 citation-end-103\">Podnie\u015b poziom swojej marki i cele dotycz\u0105ce zr\u00f3wnowa\u017conego rozwoju dzi\u0119ki naszym najwy\u017cszej jako\u015bci kubkom wielokrotnego u\u017cytku na imprezy z nadrukiem IML w pe\u0142nym kolorze i wysokiej rozdzielczo\u015bci. <\/span><span class=\"citation-102 citation-end-102\">To najlepsze rozwi\u0105zanie dla festiwali, stadion\u00f3w i korporacji poszukuj\u0105cych narz\u0119dzia do budowania marki o du\u017cym wp\u0142ywie i przyjaznego dla \u015brodowiska. <\/span><span class=\"citation-101 citation-end-101\">Technologia ta przekszta\u0142ca zwyk\u0142\u0105 fili\u017cank\u0119 w efektown\u0105, fotorealistyczn\u0105 pami\u0105tk\u0119 promocyjn\u0105, kt\u00f3r\u0105 uczestnicy b\u0119d\u0105 chcieli zachowa\u0107. <\/span><\/p>\n<p data-path-to-node=\"9\">Specjalizujemy si\u0119 w dw\u00f3ch wysokiej jako\u015bci technologiach druku wewn\u0119trznego, kt\u00f3re odpowiadaj\u0105 potrzebom Twojej marki:<\/p>\n<ol start=\"1\" data-path-to-node=\"10\">\n<li>\n<p data-path-to-node=\"10,0,1\"><b><span class=\"citation-100\">Drukowanie IML (etykietowanie w formie):<\/span><\/b><span class=\"citation-100 citation-end-100\"> Nasz wyb\u00f3r najwy\u017cszej klasy, oferuj\u0105cy osza\u0142amiaj\u0105c\u0105, fotorealistyczn\u0105 grafik\u0119, kt\u00f3ra otacza ca\u0142y kubek. <\/span><span class=\"citation-99 citation-end-99\">Ta wyj\u0105tkowa technologia o\u017cywia z\u0142o\u017cone, pe\u0142nokolorowe projekty, zapewniaj\u0105c wyj\u0105tkow\u0105 szczeg\u00f3\u0142owo\u015b\u0107. <\/span><span class=\"citation-98 citation-end-98\">Oferujemy wyb\u00f3r stylowego matowego lub klasycznego transparentnego wyko\u0144czenia, aby stworzy\u0107 idealne p\u0142\u00f3tno dla Twojej marki. <\/span> (Minimalne zapytanie ofertowe: 1000 sztuk)<span class=\"citation-97 citation-end-97\">. <\/span><\/p>\n<\/li>\n<li>\n<p data-path-to-node=\"10,1,1\"><b><span class=\"citation-96\">Sitodruk rotacyjny:<\/span><\/b><span class=\"citation-96 citation-end-96\"> Niezwykle trwa\u0142e i ekonomiczne rozwi\u0105zanie, idealne do tworzenia logotyp\u00f3w wektorowych i prostszych projekt\u00f3w. <\/span> Metoda ta pozwala uzyska\u0107 wysokiej jako\u015bci, trwa\u0142y nadruk zar\u00f3wno na przezroczystych, jak i kolorowych kubkach. (Minimalne zapytanie ofertowe: 250 sztuk)<span class=\"citation-95 citation-end-95\">. <\/span><\/p>\n<\/li>\n<\/ol>\n<p data-path-to-node=\"11\">Opr\u00f3cz walor\u00f3w wizerunkowych, kubki te stanowi\u0105 m\u0105dr\u0105 inwestycj\u0119 operacyjn\u0105. <span class=\"citation-94 citation-end-94\">Wyprodukowane w Europie, posiadaj\u0105 certyfikaty bezpiecze\u0144stwa dla zdrowia, 100%, nie zawieraj\u0105 BPA, s\u0105 bezpieczne dla \u017cywno\u015bci i nadaj\u0105 si\u0119 do recyklingu 100%. <\/span><span class=\"citation-93 citation-end-93\">Wiele naszych modeli IML (np. seria Nicknack) posiada metrologicznie zweryfikowan\u0105 skal\u0119 pomiarow\u0105, co zapewnia dok\u0142adno\u015b\u0107 i profesjonalizm serwowania napoj\u00f3w. <\/span><\/p>\n<p data-path-to-node=\"12\"><span class=\"citation-92 citation-end-92\">Trwa\u0142a konstrukcja z tworzywa sztucznego PP jest trwa\u0142a <\/span> i jest w pe\u0142ni przystosowana do mycia w zmywarce. (Aby zapewni\u0107 maksymaln\u0105 trwa\u0142o\u015b\u0107 nadruku na projektach IML, zaleca si\u0119 mycie r\u0119czne)<span class=\"citation-91 citation-end-91\">. <\/span><span class=\"citation-90 citation-end-90\">Dost\u0119pne w r\u00f3\u017cnych rozmiarach, m.in. 330 ml i 500 ml, s\u0105 praktycznym, sk\u0142adanym i oszcz\u0119dzaj\u0105cym miejsce rozwi\u0105zaniem w ka\u017cdym miejscu. <\/span><\/p>\n<p data-path-to-node=\"13\">S\u0105 idealnym, zr\u00f3wnowa\u017conym wyborem dla:<\/p>\n<ul data-path-to-node=\"14\">\n<li>\n<p data-path-to-node=\"14,0,0\"><span class=\"citation-89 citation-end-89\">Festiwale, koncerty i kluby <\/span><\/p>\n<\/li>\n<li>\n<p data-path-to-node=\"14,1,0\"><span class=\"citation-88 citation-end-88\">Areny sportowe i imprezy dru\u017cynowe <\/span><\/p>\n<\/li>\n<li>\n<p data-path-to-node=\"14,2,0\"><span class=\"citation-87 citation-end-87\">Imprezy korporacyjne i targi <\/span><\/p>\n<\/li>\n<li>\n<p data-path-to-node=\"14,3,0\"><span class=\"citation-86 citation-end-86\">Imprezy miejskie, jarmarki i targi <\/span><\/p>\n<\/li>\n<\/ul>\n<p data-path-to-node=\"15\">Skontaktuj si\u0119 z nami ju\u017c dzi\u015b, aby om\u00f3wi\u0107 sw\u00f3j projekt nadruku IML lub sitodruku i zr\u00f3b trwa\u0142e wra\u017cenie dzi\u0119ki swoim wielorazowym kubkom z logo Twojej firmy.<\/p>\n<h3 data-path-to-node=\"16\"><b>G\u0142\u00f3wne cechy:<\/b><\/h3>\n<ul data-path-to-node=\"17\">\n<li>\n<p data-path-to-node=\"17,0,1\"><b><span class=\"citation-85\">Drukowanie IML klasy premium:<\/span><\/b><span class=\"citation-85 citation-end-85\"> Oferuje fotorealistyczne logo na ca\u0142ej powierzchni kubka. <\/span><\/p>\n<\/li>\n<li>\n<p data-path-to-node=\"17,1,1\"><b><span class=\"citation-84\">Opcje wyko\u0144czenia z w\u0142asnym nadrukiemgo:<\/span><\/b><span class=\"citation-84 citation-end-84\"> Dost\u0119pne w wyko\u0144czeniu matowym i przezroczystym do projekt\u00f3w IML. <\/span><\/p>\n<\/li>\n<li>\n<p data-path-to-node=\"17,2,1\"><b><span class=\"citation-83\">Trwa\u0142y sitodruk:<\/span><\/b><span class=\"citation-83 citation-end-83\"> Wysokiej jako\u015bci, trwa\u0142a alternatywa dla logo wektorowych. <\/span><\/p>\n<\/li>\n<li>\n<p data-path-to-node=\"17,3,1\"><b><span class=\"citation-82\">Certyfikowany jako bezpieczny dla zdrowia:<\/span><\/b><span class=\"citation-82 citation-end-82\"> Wykonane z tworzywa sztucznego PP 100%, wolnego od BPA, bezpiecznego w kontakcie z \u017cywno\u015bci\u0105 i nadaj\u0105cego si\u0119 do recyklingu. <\/span><\/p>\n<\/li>\n<li>\n<p data-path-to-node=\"17,4,1\"><b><span class=\"citation-81\">Zweryfikowana waga pomiarowa:<\/span><\/b><span class=\"citation-81 citation-end-81\"> Wiele modeli jest wyposa\u017conych w zweryfikowan\u0105 wag\u0119, kt\u00f3ra zapewnia dok\u0142adne i sp\u00f3jne serwowanie napoj\u00f3w. <\/span><\/p>\n<\/li>\n<li>\n<p data-path-to-node=\"17,5,1\"><b><span class=\"citation-80\">Wiele pojemno\u015bci:<\/span><\/b><span class=\"citation-80 citation-end-80\"> Dost\u0119pne w r\u00f3\u017cnych rozmiarach (np. 330 ml, 500 ml), aby spe\u0142ni\u0107 Twoje potrzeby. <\/span><\/p>\n<\/li>\n<li>\n<p data-path-to-node=\"17,6,1\"><b><span class=\"citation-79\">Wysokiej jako\u015bci produkcja w UE:<\/span><\/b><span class=\"citation-79 citation-end-79\"> Wyprodukowano w Europie (np. w Czechach) zgodnie z wysokimi standardami bezpiecze\u0144stwa i jako\u015bci. <\/span><\/p>\n<\/li>\n<\/ul>","protected":false},"excerpt":{"rendered":"<ul>\n<li data-path-to-node=\"7,0,0\"><span class=\"citation-108 citation-end-108\">Wysokiej jako\u015bci, pe\u0142nokolorowy, fotorealistyczny druk IML zapewniaj\u0105cy maksymalne oddzia\u0142ywanie marki. <\/span><\/li>\n<li data-path-to-node=\"7,0,0\"><span class=\"citation-107 citation-end-107\">Dost\u0119pne w r\u00f3\u017cnych rozmiarach (np. 330 ml, 500 ml) i wyko\u0144czeniach (matowych lub przezroczystych). <\/span><\/li>\n<li data-path-to-node=\"7,0,0\"><span class=\"citation-106 citation-end-106\">Certyfikowany materia\u0142 wolny od BPA, bezpieczny dla zdrowia <\/span><span class=\"citation-105 citation-end-105\">; wiele modeli posiada zweryfikowan\u0105 skal\u0119 pomiarow\u0105. <\/span><\/li>\n<li data-path-to-node=\"7,0,0\"><span class=\"citation-104 citation-end-104\">Dost\u0119pne r\u00f3wnie\u017c z trwa\u0142ym i ekonomicznym sitodrukiem rotacyjnym, pozwalaj\u0105cym na tworzenie prostszych logotyp\u00f3w. <\/span><\/li>\n<li style=\"list-style-type: none;\"><\/li>\n<\/ul>","protected":false},"featured_media":6517,"comment_status":"closed","ping_status":"closed","template":"","meta":[],"product_brand":[],"product_cat":[111],"product_tag":[],"class_list":{"0":"post-4159","1":"product","2":"type-product","3":"status-publish","4":"has-post-thumbnail","6":"product_cat-reusable-event-cups","8":"first","9":"instock","10":"shipping-taxable","11":"purchasable","12":"product-type-simple"},"_links":{"self":[{"href":"https:\/\/displayproducts.eu\/pl\/wp-json\/wp\/v2\/product\/4159","targetHints":{"allow":["GET"]}}],"collection":[{"href":"https:\/\/displayproducts.eu\/pl\/wp-json\/wp\/v2\/product"}],"about":[{"href":"https:\/\/displayproducts.eu\/pl\/wp-json\/wp\/v2\/types\/product"}],"replies":[{"embeddable":true,"href":"https:\/\/displayproducts.eu\/pl\/wp-json\/wp\/v2\/comments?post=4159"}],"wp:featuredmedia":[{"embeddable":true,"href":"https:\/\/displayproducts.eu\/pl\/wp-json\/wp\/v2\/media\/6517"}],"wp:attachment":[{"href":"https:\/\/displayproducts.eu\/pl\/wp-json\/wp\/v2\/media?parent=4159"}],"wp:term":[{"taxonomy":"product_brand","embeddable":true,"href":"https:\/\/displayproducts.eu\/pl\/wp-json\/wp\/v2\/product_brand?post=4159"},{"taxonomy":"product_cat","embeddable":true,"href":"https:\/\/displayproducts.eu\/pl\/wp-json\/wp\/v2\/product_cat?post=4159"},{"taxonomy":"product_tag","embeddable":true,"href":"https:\/\/displayproducts.eu\/pl\/wp-json\/wp\/v2\/product_tag?post=4159"}],"curies":[{"name":"wp","href":"https:\/\/api.w.org\/{rel}","templated":true}]}}