{"id":4098,"date":"2025-05-09T18:19:48","date_gmt":"2025-05-09T15:19:48","guid":{"rendered":"https:\/\/wristbandfactory.eu\/?post_type=product&#038;p=4098"},"modified":"2026-04-01T21:52:04","modified_gmt":"2026-04-01T18:52:04","slug":"pu-leather-wristbands-with-details","status":"publish","type":"product","link":"https:\/\/displayproducts.eu\/pl\/p\/pu-leather-wristbands-with-details\/","title":{"rendered":"Opaski na nadgarstek ze sk\u00f3ry PU z detalami"},"content":{"rendered":"<p class=\"\" data-start=\"132\" data-end=\"394\">Dodaj odrobin\u0119 blasku i elegancji do swojej kolekcji akcesori\u00f3w dzi\u0119ki tej stylowej bransoletce z imitacji sk\u00f3ry PU, charakteryzuj\u0105cej si\u0119 nowoczesnym wzornictwem i jaskrawo kolorowymi, kryszta\u0142owymi detalami. Bransoletka idealnie nadaje si\u0119 zar\u00f3wno do noszenia na co dzie\u0144, jak i jako ekskluzywny prezent firmowy.<\/p>\n<p class=\"\" data-start=\"396\" data-end=\"640\">Regulowany pasek zapinany na zatrzask pasuje do r\u00f3\u017cnych rozmiar\u00f3w nadgarstk\u00f3w. Bransoletka dost\u0119pna jest w trzech eleganckich odcieniach: z\u0142otym, czarnym i srebrnym \u2013 ka\u017cdy z nich podkre\u015bla styl nosz\u0105cej go osoby na sw\u00f3j spos\u00f3b i stanowi pi\u0119kne t\u0142o dla b\u0142yszcz\u0105cych kamieni.<\/p>\n<p class=\"\" data-start=\"642\" data-end=\"891\">Produkt mo\u017cna r\u00f3wnie\u017c spersonalizowa\u0107 \u2013 pole nadruku znajduje si\u0119 w pobli\u017cu zapi\u0119cia, gdzie mo\u017cna umie\u015bci\u0107 logo lub napis metod\u0105 tampodruku w jednym kolorze, o rozmiarze nadruku 15 \u00d7 12 mm. Dzi\u0119ki temu bransoletka idealnie nadaje si\u0119 jako upominek promocyjny lub kampanijny.<\/p>\n<p class=\"\" data-start=\"893\" data-end=\"912\"><strong data-start=\"893\" data-end=\"912\">Dane techniczne:<\/strong><\/p>\n<ul data-start=\"913\" data-end=\"1238\">\n<li class=\"\" data-start=\"913\" data-end=\"941\">\n<p class=\"\" data-start=\"915\" data-end=\"941\"><strong data-start=\"915\" data-end=\"928\">Tworzywo:<\/strong> Sk\u00f3ra PU<\/p>\n<\/li>\n<li class=\"\" data-start=\"942\" data-end=\"995\">\n<p class=\"\" data-start=\"944\" data-end=\"995\"><strong data-start=\"944\" data-end=\"955\">Projekt:<\/strong> L\u015bni\u0105ce detale i eleganckie wyko\u0144czenie<\/p>\n<\/li>\n<li class=\"\" data-start=\"996\" data-end=\"1038\">\n<p class=\"\" data-start=\"998\" data-end=\"1038\"><strong data-start=\"998\" data-end=\"1016\">Opcje kolor\u00f3w:<\/strong> Z\u0142oto, czer\u0144, srebro<\/p>\n<\/li>\n<li class=\"\" data-start=\"1039\" data-end=\"1084\">\n<p class=\"\" data-start=\"1041\" data-end=\"1084\"><strong data-start=\"1041\" data-end=\"1051\">Zapi\u0119cie:<\/strong> Regulowane zapi\u0119cie na zatrzask<\/p>\n<\/li>\n<li class=\"\" data-start=\"1085\" data-end=\"1118\">\n<p class=\"\" data-start=\"1087\" data-end=\"1118\"><strong data-start=\"1087\" data-end=\"1102\">Wymiary:<\/strong> 20,5 \u00d7 2,6 cm<\/p>\n<\/li>\n<li class=\"\" data-start=\"1119\" data-end=\"1138\">\n<p class=\"\" data-start=\"1121\" data-end=\"1138\"><strong data-start=\"1121\" data-end=\"1132\">Waga:<\/strong> 8 gram\u00f3w<\/p>\n<\/li>\n<li class=\"\" data-start=\"1139\" data-end=\"1181\">\n<p class=\"\" data-start=\"1141\" data-end=\"1181\"><strong data-start=\"1141\" data-end=\"1156\">Obszar nadruku:<\/strong> Blisko zapi\u0119cia, 15 \u00d7 12 mm<\/p>\n<\/li>\n<li class=\"\" data-start=\"1182\" data-end=\"1238\">\n<p class=\"\" data-start=\"1184\" data-end=\"1238\"><strong data-start=\"1184\" data-end=\"1207\">Technika druku:<\/strong> Nadruk tampodrukowy (maksymalnie 1 kolor)<\/p>\n<\/li>\n<\/ul>","protected":false},"excerpt":{"rendered":"<p class=\"\" data-start=\"80\" data-end=\"438\">Bransoletka z imitacji sk\u00f3ry PU wyr\u00f3\u017cnia si\u0119 przyci\u0105gaj\u0105cymi wzrok kolorowymi detalami w kszta\u0142cie kryszta\u0142k\u00f3w. Bransoletka ma regulowane zapi\u0119cie zatrzaskowe i jest dost\u0119pna w trzech stylowych kolorach: z\u0142otym, czarnym i srebrnym \u2013 ka\u017cdy z nich podkre\u015bla osobowo\u015b\u0107 nosz\u0105cego. Obok zapi\u0119cia mo\u017cna umie\u015bci\u0107 logo lub napis za pomoc\u0105 tampodruku, co czyni j\u0105 atrakcyjnym gad\u017cetem reklamowym lub upominkiem promocyjnym.<\/p>","protected":false},"featured_media":6430,"comment_status":"closed","ping_status":"closed","template":"","meta":[],"product_brand":[],"product_cat":[66,117],"product_tag":[],"class_list":{"0":"post-4098","1":"product","2":"type-product","3":"status-publish","4":"has-post-thumbnail","6":"product_cat-wristbands","7":"product_cat-leather-wristbands","9":"first","10":"instock","11":"shipping-taxable","12":"purchasable","13":"product-type-simple"},"_links":{"self":[{"href":"https:\/\/displayproducts.eu\/pl\/wp-json\/wp\/v2\/product\/4098","targetHints":{"allow":["GET"]}}],"collection":[{"href":"https:\/\/displayproducts.eu\/pl\/wp-json\/wp\/v2\/product"}],"about":[{"href":"https:\/\/displayproducts.eu\/pl\/wp-json\/wp\/v2\/types\/product"}],"replies":[{"embeddable":true,"href":"https:\/\/displayproducts.eu\/pl\/wp-json\/wp\/v2\/comments?post=4098"}],"wp:featuredmedia":[{"embeddable":true,"href":"https:\/\/displayproducts.eu\/pl\/wp-json\/wp\/v2\/media\/6430"}],"wp:attachment":[{"href":"https:\/\/displayproducts.eu\/pl\/wp-json\/wp\/v2\/media?parent=4098"}],"wp:term":[{"taxonomy":"product_brand","embeddable":true,"href":"https:\/\/displayproducts.eu\/pl\/wp-json\/wp\/v2\/product_brand?post=4098"},{"taxonomy":"product_cat","embeddable":true,"href":"https:\/\/displayproducts.eu\/pl\/wp-json\/wp\/v2\/product_cat?post=4098"},{"taxonomy":"product_tag","embeddable":true,"href":"https:\/\/displayproducts.eu\/pl\/wp-json\/wp\/v2\/product_tag?post=4098"}],"curies":[{"name":"wp","href":"https:\/\/api.w.org\/{rel}","templated":true}]}}