{"id":4065,"date":"2025-05-09T17:33:44","date_gmt":"2025-05-09T14:33:44","guid":{"rendered":"https:\/\/wristbandfactory.eu\/?post_type=product&#038;p=4065"},"modified":"2026-04-01T21:52:04","modified_gmt":"2026-04-01T18:52:04","slug":"three-strand-leather-wristband-with-light-green-glass-beads","status":"publish","type":"product","link":"https:\/\/displayproducts.eu\/pl\/p\/three-strand-leather-wristband-with-light-green-glass-beads\/","title":{"rendered":"Trzycz\u0119\u015bciowa opaska sk\u00f3rzana ze szklanymi koralikami"},"content":{"rendered":"<p data-path-to-node=\"12\">Szukasz prezentu firmowego, kt\u00f3ry b\u0119dzie bardziej modnym dodatkiem ni\u017c gad\u017cetem reklamowym? <b data-path-to-node=\"12\" data-index-in-node=\"124\">R\u0119cznie wykonana sk\u00f3rzana opaska na nadgarstek z trzech pasm<\/b> \u0141\u0105czy rustykalny urok z elegancj\u0105. W przeciwie\u0144stwie do standardowych opasek silikonowych lub materia\u0142owych, ta opaska jest wykonana z naturalnych materia\u0142\u00f3w, co czyni j\u0105 doskona\u0142ym wyborem dla marek dbaj\u0105cych o \u015brodowisko, butikowych event\u00f3w i prezent\u00f3w dla pracownik\u00f3w.<\/p>\n<h2 data-path-to-node=\"13\">G\u0142\u00f3wne cechy<\/h2>\n<ul data-path-to-node=\"14\">\n<li>\n<p data-path-to-node=\"14,0,0\"><b data-path-to-node=\"14,0,0\" data-index-in-node=\"0\">Wyj\u0105tkowy projekt Trio:<\/b> Bransoleta sk\u0142ada si\u0119 z g\u0142adkiego, jasnobr\u0105zowego paska sk\u00f3rzanego, teksturowanego, plecionego, ciemnobr\u0105zowego sznurka sk\u00f3rzanego i centralnego pasma ozdobionego jasnozielonymi szklanymi koralikami.<\/p>\n<\/li>\n<li>\n<p data-path-to-node=\"14,1,0\"><b data-path-to-node=\"14,1,0\" data-index-in-node=\"0\">Opakowania firmowe:<\/b> Dostosowanie jest stosowane do <b data-path-to-node=\"14,1,0\" data-index-in-node=\"51\">Karta papieru typu kraft<\/b> Trzymaj\u0105c bransoletk\u0119. U\u017cywamy tampodruku (do 4 kolor\u00f3w), aby umie\u015bci\u0107 Twoje logo lub napis bezpo\u015brednio nad opask\u0105, tworz\u0105c profesjonaln\u0105 prezentacj\u0119 gotow\u0105 do sprzeda\u017cy detalicznej.<\/p>\n<\/li>\n<li>\n<p data-path-to-node=\"14,2,0\"><b data-path-to-node=\"14,2,0\" data-index-in-node=\"0\">Uniwersalny komfort:<\/b> Regulowane zapi\u0119cie z woskowanej bawe\u0142ny gwarantuje wygodne dopasowanie do r\u00f3\u017cnych rozmiar\u00f3w nadgarstk\u00f3w, eliminuj\u0105c potrzeb\u0119 korzystania ze skomplikowanych tabel rozmiar\u00f3w.<\/p>\n<\/li>\n<li>\n<p data-path-to-node=\"14,3,0\"><b data-path-to-node=\"14,3,0\" data-index-in-node=\"0\">Gotowe do wr\u0119czenia:<\/b> Opaski te, przymocowane do karty, s\u0105 od razu gotowe do wr\u0119czenia podczas wydarze\u0144 lub do\u0142\u0105czenia do toreb powitalnych.<\/p>\n<\/li>\n<\/ul>\n<h2 data-path-to-node=\"15\">Specyfikacje<\/h2>\n<ul data-path-to-node=\"16\">\n<li>\n<p data-path-to-node=\"16,0,0\"><b data-path-to-node=\"16,0,0\" data-index-in-node=\"0\">Przybory:<\/b> Oryginalna sk\u00f3ra, szklane koraliki, woskowana bawe\u0142na.<\/p>\n<\/li>\n<li>\n<p data-path-to-node=\"16,1,0\"><b data-path-to-node=\"16,1,0\" data-index-in-node=\"0\">Wymiary:<\/b> 26 \u00d7 1,2 cm (regulowana d\u0142ugo\u015b\u0107).<\/p>\n<\/li>\n<li>\n<p data-path-to-node=\"16,2,0\"><b data-path-to-node=\"16,2,0\" data-index-in-node=\"0\">Waga:<\/b> 6 gram\u00f3w.<\/p>\n<\/li>\n<li>\n<p data-path-to-node=\"16,3,0\"><b data-path-to-node=\"16,3,0\" data-index-in-node=\"0\">Obszar marki:<\/b> 25 \u00d7 15 mm (na nag\u0142\u00f3wku karty).<\/p>\n<\/li>\n<li>\n<p data-path-to-node=\"16,4,0\"><b data-path-to-node=\"16,4,0\" data-index-in-node=\"0\">Technika druku:<\/b> Nadruk tampodrukowy (maksymalnie 4 kolory).<\/p>\n<\/li>\n<li>\n<p data-path-to-node=\"16,5,0\"><b data-path-to-node=\"16,5,0\" data-index-in-node=\"0\">Opakowanie:<\/b> Ekologiczna karta papierowa typu Kraft.<\/p>\n<\/li>\n<\/ul>\n<h2 data-path-to-node=\"17\">Przypadki u\u017cycia<\/h2>\n<ul data-path-to-node=\"18\">\n<li>\n<p data-path-to-node=\"18,0,0\"><b data-path-to-node=\"18,0,0\" data-index-in-node=\"0\">Prezenty firmowe:<\/b> Stylowy, ceniony prezent dla pracownik\u00f3w lub partner\u00f3w.<\/p>\n<\/li>\n<li>\n<p data-path-to-node=\"18,1,0\"><b data-path-to-node=\"18,1,0\" data-index-in-node=\"0\">Gad\u017cety VIP na festiwalu:<\/b> Dodatek w stylu boho-chic, kt\u00f3ry go\u015bcie b\u0119d\u0105 nosi\u0107 jeszcze d\u0142ugo po wydarzeniu.<\/p>\n<\/li>\n<li>\n<p data-path-to-node=\"18,2,0\"><b data-path-to-node=\"18,2,0\" data-index-in-node=\"0\">Kampanie charytatywne:<\/b> Subtelna, inspirowana natur\u0105 bransoletka wspieraj\u0105ca ochron\u0119 \u015brodowiska.<\/p>\n<\/li>\n<li>\n<p data-path-to-node=\"18,3,0\"><b data-path-to-node=\"18,3,0\" data-index-in-node=\"0\">Towary detaliczne:<\/b> Idealne dla sklep\u00f3w muzealnych, ogrod\u00f3w zoologicznych i rezerwat\u00f3w przyrody, do sprzeda\u017cy z w\u0142asnym brandingiem.<\/p>\n<\/li>\n<\/ul>\n<p data-path-to-node=\"19\">","protected":false},"excerpt":{"rendered":"<ul>\n<li>\n<p data-path-to-node=\"11,0,0\"><b data-path-to-node=\"11,0,0\" data-index-in-node=\"0\">R\u0119cznie wykonany projekt:<\/b> Posiada trzy r\u00f3\u017cne pasma \u2014 g\u0142adk\u0105 sk\u00f3r\u0119, plecion\u0105 sk\u00f3r\u0119 i zielone szklane koraliki.<\/p>\n<\/li>\n<li>\n<p data-path-to-node=\"11,1,0\"><b data-path-to-node=\"11,1,0\" data-index-in-node=\"0\">Branding niestandardowy:<\/b> Twoje logo zostanie nadrukowane metod\u0105 tampodruku na za\u0142\u0105czonej karcie ekspozycyjnej z papieru typu kraft.<\/p>\n<\/li>\n<li>\n<p data-path-to-node=\"11,2,0\"><b data-path-to-node=\"11,2,0\" data-index-in-node=\"0\">Regulowane dopasowanie:<\/b> Zapinana na trwa\u0142y, woskowany bawe\u0142niany w\u0119ze\u0142, kt\u00f3ry pasuje na wi\u0119kszo\u015b\u0107 nadgarstk\u00f3w.<\/p>\n<\/li>\n<li>\n<p data-path-to-node=\"11,3,0\"><b data-path-to-node=\"11,3,0\" data-index-in-node=\"0\">Materia\u0142y naturalne:<\/b> Wykonane z prawdziwej sk\u00f3ry i szk\u0142a, co zapewnia wygl\u0105d premium, por\u00f3wnywalny z jako\u015bci\u0105 detaliczn\u0105.<\/p>\n<\/li>\n<\/ul>","protected":false},"featured_media":6412,"comment_status":"closed","ping_status":"closed","template":"","meta":[],"product_brand":[],"product_cat":[66,117],"product_tag":[],"class_list":{"0":"post-4065","1":"product","2":"type-product","3":"status-publish","4":"has-post-thumbnail","6":"product_cat-wristbands","7":"product_cat-leather-wristbands","9":"first","10":"instock","11":"shipping-taxable","12":"purchasable","13":"product-type-simple"},"_links":{"self":[{"href":"https:\/\/displayproducts.eu\/pl\/wp-json\/wp\/v2\/product\/4065","targetHints":{"allow":["GET"]}}],"collection":[{"href":"https:\/\/displayproducts.eu\/pl\/wp-json\/wp\/v2\/product"}],"about":[{"href":"https:\/\/displayproducts.eu\/pl\/wp-json\/wp\/v2\/types\/product"}],"replies":[{"embeddable":true,"href":"https:\/\/displayproducts.eu\/pl\/wp-json\/wp\/v2\/comments?post=4065"}],"wp:featuredmedia":[{"embeddable":true,"href":"https:\/\/displayproducts.eu\/pl\/wp-json\/wp\/v2\/media\/6412"}],"wp:attachment":[{"href":"https:\/\/displayproducts.eu\/pl\/wp-json\/wp\/v2\/media?parent=4065"}],"wp:term":[{"taxonomy":"product_brand","embeddable":true,"href":"https:\/\/displayproducts.eu\/pl\/wp-json\/wp\/v2\/product_brand?post=4065"},{"taxonomy":"product_cat","embeddable":true,"href":"https:\/\/displayproducts.eu\/pl\/wp-json\/wp\/v2\/product_cat?post=4065"},{"taxonomy":"product_tag","embeddable":true,"href":"https:\/\/displayproducts.eu\/pl\/wp-json\/wp\/v2\/product_tag?post=4065"}],"curies":[{"name":"wp","href":"https:\/\/api.w.org\/{rel}","templated":true}]}}