{"id":4046,"date":"2025-05-09T17:16:59","date_gmt":"2025-05-09T14:16:59","guid":{"rendered":"https:\/\/wristbandfactory.eu\/?post_type=product&#038;p=4046"},"modified":"2026-04-01T21:52:04","modified_gmt":"2026-04-01T18:52:04","slug":"custom-leather-wristbands","status":"publish","type":"product","link":"https:\/\/displayproducts.eu\/pl\/p\/custom-leather-wristbands\/","title":{"rendered":"Z w\u0142asnym nadrukiem sk\u00f3rzane opaski na nadgarstek"},"content":{"rendered":"<p>Ta elegancka bransoletka wykonana jest z wysokiej jako\u015bci br\u0105zowej sk\u00f3ry, ozdobiona wytrzyma\u0142ymi, woskowanymi sznurkami bawe\u0142nianymi i gustownymi, posrebrzanymi koralikami. Centralny koralik z uniwersalnym symbolem pokoju dodaje jej wyj\u0105tkowego charakteru, symbolizuj\u0105c harmoni\u0119 i partnerstwo. Zapi\u0119cie z polerowanego, srebrnego stopu metalu zapewnia trwa\u0142o\u015b\u0107 i eleganckie wyko\u0144czenie, idealne na co dzie\u0144.<\/p>\n<p>Kluczem do jego warto\u015bci jako narz\u0119dzia promocyjnego jest opakowanie. Ka\u017cda bransoletka jest umieszczona na naturalnym papierze kraft, kt\u00f3ry stanowi kanw\u0119 dla Twojej marki. Oferujemy precyzyjny nadruk tampodrukowy z logo Twojej firmy lub spersonalizowanym napisem w maksymalnie czterech kolorach na powierzchni 25 \u00d7 15 mm. Ta przemy\u015blana forma sprawia, \u017ce Twoja marka jest widoczna na pierwszy rzut oka, tworz\u0105c trwa\u0142e wra\u017cenie na d\u0142ugo po otrzymaniu prezentu.<\/p>\n<p><b>G\u0142\u00f3wne cechy:<\/b><\/p>\n<ul>\n<li><b>Tworzywo:<\/b> Oryginalna sk\u00f3ra, woskowana bawe\u0142na i posrebrzany stop<\/li>\n<li><b>Branding:<\/b> Karta z nadrukiem na papierze kraftowym<\/li>\n<li><b>Obszar wydruku:<\/b> 25 \u00d7 15 mm na g\u00f3rze karty<\/li>\n<li><b>Metoda drukowania:<\/b> Wysokiej jako\u015bci nadruk tampodrukowy (do 4 kolor\u00f3w)<\/li>\n<li><b>Symbolizm:<\/b> Zawiera koralik z symbolem pokoju, kt\u00f3ry przekazuje przes\u0142anie jedno\u015bci<\/li>\n<li><b>Zapi\u0119cie:<\/b> Bezpieczne i stylowe zapi\u0119cie ze stopu metalu w kolorze srebrnym<\/li>\n<\/ul>\n<p>&nbsp;<\/p>","protected":false},"excerpt":{"rendered":"<article class=\"text-token-text-primary w-full\" dir=\"auto\" data-testid=\"conversation-turn-440\" data-scroll-anchor=\"true\">\n<div class=\"text-base my-auto mx-auto py-5 [--thread-content-margin:--spacing(4)] @[37rem]:[--thread-content-margin:--spacing(6)] @[72rem]:[--thread-content-margin:--spacing(16)] px-(--thread-content-margin)\">\n<div class=\"[--thread-content-max-width:32rem] @[34rem]:[--thread-content-max-width:40rem] @[64rem]:[--thread-content-max-width:48rem] mx-auto flex max-w-(--thread-content-max-width) flex-1 text-base gap-4 md:gap-5 lg:gap-6 group\/turn-messages focus-visible:outline-hidden\" tabindex=\"-1\">\n<div class=\"group\/conversation-turn relative flex w-full min-w-0 flex-col agent-turn\">\n<div class=\"relative flex-col gap-1 md:gap-3\">\n<div class=\"flex max-w-full flex-col grow\">\n<div class=\"min-h-8 text-message relative flex w-full flex-col items-end gap-2 text-start break-words whitespace-normal [.text-message+&amp;]:mt-5\" dir=\"auto\" data-message-author-role=\"assistant\" data-message-id=\"90623f22-b929-41cf-a2ca-210f95d4ea1a\" data-message-model-slug=\"gpt-4o\">\n<div class=\"flex w-full flex-col gap-1 empty:hidden first:pt-[3px]\">\n<div class=\"markdown prose dark:prose-invert w-full break-words light\">\n<p>Odkryj idealny prezent firmowy, kt\u00f3ry \u0142\u0105czy ponadczasowy styl z wyrazistym brandingiem. Nasze ekskluzywne sk\u00f3rzane bransoletki to wyrafinowany spos\u00f3b na okazanie wdzi\u0119czno\u015bci klientom, nagrodzenie pracownik\u00f3w lub stworzenie wyj\u0105tkowego gad\u017cetu. Prezentowany na w pe\u0142ni personalizowanym podk\u0142adzie, produkt ten przekszta\u0142ca prosty gest w niezapomniane do\u015bwiadczenie marki.<\/p>\n<\/div>\n<\/div>\n<\/div>\n<\/div>\n<\/div>\n<\/div>\n<\/div>\n<\/div>\n<\/article>\n<div class=\"pointer-events-none h-px w-px\" aria-hidden=\"true\" data-edge=\"true\"><\/div>","protected":false},"featured_media":6404,"comment_status":"closed","ping_status":"closed","template":"","meta":[],"product_brand":[],"product_cat":[66,117],"product_tag":[],"class_list":{"0":"post-4046","1":"product","2":"type-product","3":"status-publish","4":"has-post-thumbnail","6":"product_cat-wristbands","7":"product_cat-leather-wristbands","9":"first","10":"instock","11":"shipping-taxable","12":"purchasable","13":"product-type-simple"},"_links":{"self":[{"href":"https:\/\/displayproducts.eu\/pl\/wp-json\/wp\/v2\/product\/4046","targetHints":{"allow":["GET"]}}],"collection":[{"href":"https:\/\/displayproducts.eu\/pl\/wp-json\/wp\/v2\/product"}],"about":[{"href":"https:\/\/displayproducts.eu\/pl\/wp-json\/wp\/v2\/types\/product"}],"replies":[{"embeddable":true,"href":"https:\/\/displayproducts.eu\/pl\/wp-json\/wp\/v2\/comments?post=4046"}],"wp:featuredmedia":[{"embeddable":true,"href":"https:\/\/displayproducts.eu\/pl\/wp-json\/wp\/v2\/media\/6404"}],"wp:attachment":[{"href":"https:\/\/displayproducts.eu\/pl\/wp-json\/wp\/v2\/media?parent=4046"}],"wp:term":[{"taxonomy":"product_brand","embeddable":true,"href":"https:\/\/displayproducts.eu\/pl\/wp-json\/wp\/v2\/product_brand?post=4046"},{"taxonomy":"product_cat","embeddable":true,"href":"https:\/\/displayproducts.eu\/pl\/wp-json\/wp\/v2\/product_cat?post=4046"},{"taxonomy":"product_tag","embeddable":true,"href":"https:\/\/displayproducts.eu\/pl\/wp-json\/wp\/v2\/product_tag?post=4046"}],"curies":[{"name":"wp","href":"https:\/\/api.w.org\/{rel}","templated":true}]}}