{"id":4024,"date":"2025-05-09T16:57:10","date_gmt":"2025-05-09T13:57:10","guid":{"rendered":"https:\/\/wristbandfactory.eu\/?post_type=product&#038;p=4024"},"modified":"2026-04-01T21:52:36","modified_gmt":"2026-04-01T18:52:36","slug":"custom-engraved-multifunctional-paracord-survival-wristbands","status":"publish","type":"product","link":"https:\/\/displayproducts.eu\/pl\/p\/custom-engraved-multifunctional-paracord-survival-wristbands\/","title":{"rendered":"Opaski survivalowe z grawerem"},"content":{"rendered":"<p data-path-to-node=\"8\">Podnie\u015b poziom swoich upomink\u00f3w firmowych dzi\u0119ki narz\u0119dziu, kt\u00f3re \u0142\u0105czy w sobie u\u017cyteczno\u015b\u0107 z solidnym stylem. Nasza wielofunkcyjna opaska survivalowa z paracordu to co\u015b wi\u0119cej ni\u017c tylko dodatek; to kompaktowy zestaw ratunkowy zaprojektowany dla aktywnych os\u00f3b i poszukiwaczy przyg\u00f3d. Niezale\u017cnie od tego, czy u\u017cywasz jej podczas pieszych w\u0119dr\u00f3wek, biwakowania, czy treningu taktycznego, ta bransoletka zapewnia niezb\u0119dne narz\u0119dzia na nadgarstku.<\/p>\n<p data-path-to-node=\"9\">Rdze\u0144 bransoletki wykonany jest z wytrzyma\u0142ego nylonowego paracordu, kt\u00f3ry mo\u017cna rozwin\u0105\u0107 w sytuacjach awaryjnych. Zintegrowane, bezpieczne zapi\u0119cie klamrowe mie\u015bci g\u0142o\u015bny gwizdek alarmowy i skrobaczk\u0119 do rozpalania ognia, a g\u00f3rna cz\u0119\u015b\u0107 wyposa\u017cona jest w niezawodny kompas i solidny otwieracz do butelek.<\/p>\n<h2 data-path-to-node=\"10\">G\u0142\u00f3wne cechy<\/h2>\n<ul data-path-to-node=\"11\">\n<li>\n<p data-path-to-node=\"11,0,0\"><b data-path-to-node=\"11,0,0\" data-index-in-node=\"0\">Narz\u0119dzie wielofunkcyjne:<\/b> Pi\u0119\u0107 niezb\u0119dnych narz\u0119dzi przetrwania zintegrowanych w jednym urz\u0105dzeniu do noszenia.<\/p>\n<\/li>\n<li>\n<p data-path-to-node=\"11,1,0\"><b data-path-to-node=\"11,1,0\" data-index-in-node=\"0\">Z w\u0142asnym nadrukiem grawerowanie laserowe:<\/b> Logo Twojej firmy jest precyzyjnie wygrawerowane na metalowej p\u0142ytce, co gwarantuje, \u017ce oznakowanie nigdy nie wyblaknie ani nie odklei si\u0119.<\/p>\n<\/li>\n<li>\n<p data-path-to-node=\"11,2,0\"><b data-path-to-node=\"11,2,0\" data-index-in-node=\"0\">Solidna konstrukcja:<\/b> Zaprojektowane tak, aby wytrzyma\u0107 trudne warunki \u015brodowiskowe, dzi\u0119ki czemu s\u0105 ulubionym modelem mi\u0142o\u015bnik\u00f3w aktywno\u015bci na \u015bwie\u017cym powietrzu.<\/p>\n<\/li>\n<li>\n<p data-path-to-node=\"11,3,0\"><b data-path-to-node=\"11,3,0\" data-index-in-node=\"0\">Ergonomiczne dopasowanie:<\/b> Zaprojektowane z my\u015bl\u0105 o komforcie podczas d\u0142ugotrwa\u0142ego noszenia, wyposa\u017cone w bezpieczny system klamrowy.<\/p>\n<\/li>\n<\/ul>\n<h2 data-path-to-node=\"12\">Specyfikacje<\/h2>\n<ul data-path-to-node=\"13\">\n<li>\n<p data-path-to-node=\"13,0,0\"><b data-path-to-node=\"13,0,0\" data-index-in-node=\"0\">Tworzywo:<\/b> Bardzo wytrzyma\u0142y nylonowy linka spadochronowa i elementy metalowe<\/p>\n<\/li>\n<li>\n<p data-path-to-node=\"13,1,0\"><b data-path-to-node=\"13,1,0\" data-index-in-node=\"0\">Wymiary:<\/b> 25,5 \u00d7 3,4 \u00d7 1,1 cm<\/p>\n<\/li>\n<li>\n<p data-path-to-node=\"13,2,0\"><b data-path-to-node=\"13,2,0\" data-index-in-node=\"0\">Waga:<\/b> 36 gram\u00f3w<\/p>\n<\/li>\n<li>\n<p data-path-to-node=\"13,3,0\"><b data-path-to-node=\"13,3,0\" data-index-in-node=\"0\">Zintegrowane funkcje:<\/b> Opaska na nadgarstek, kompas, gwizdek, skrobak do rozpalania ognia, otwieracz do butelek<\/p>\n<\/li>\n<li>\n<p data-path-to-node=\"13,4,0\"><b data-path-to-node=\"13,4,0\" data-index-in-node=\"0\">Obszar personalizacji:<\/b> 20 \u00d7 10 mm na p\u0142ycie metalowej<\/p>\n<\/li>\n<li>\n<p data-path-to-node=\"13,5,0\"><b data-path-to-node=\"13,5,0\" data-index-in-node=\"0\">Technika:<\/b> Jednokolorowe grawerowanie laserowe<\/p>\n<\/li>\n<\/ul>\n<h2 data-path-to-node=\"14\">Przypadki u\u017cycia<\/h2>\n<ul data-path-to-node=\"15\">\n<li>\n<p data-path-to-node=\"15,0,0\"><b data-path-to-node=\"15,0,0\" data-index-in-node=\"0\">Budowanie zespo\u0142u korporacyjnego:<\/b> Idealny prezent na wyprawy na \u0142ono natury i wyzwania zwi\u0105zane z przetrwaniem na \u015bwie\u017cym powietrzu.<\/p>\n<\/li>\n<li>\n<p data-path-to-node=\"15,1,0\"><b data-path-to-node=\"15,1,0\" data-index-in-node=\"0\">Turystyka przygodowa:<\/b> Biura podr\u00f3\u017cy i organizatorzy wycieczek mog\u0105 zapewni\u0107 swoim klientom markowy sprz\u0119t.<\/p>\n<\/li>\n<li>\n<p data-path-to-node=\"15,2,0\"><b data-path-to-node=\"15,2,0\" data-index-in-node=\"0\">Handel detaliczny i merchandising:<\/b> Doskona\u0142y, postrzegany jako warto\u015bciowy artyku\u0142 dla sklep\u00f3w z artyku\u0142ami sportowymi i turystycznymi.<\/p>\n<\/li>\n<li>\n<p data-path-to-node=\"15,3,0\"><b data-path-to-node=\"15,3,0\" data-index-in-node=\"0\">Kampanie podnosz\u0105ce \u015bwiastrona g\u0142\u00f3wnao\u015b\u0107 bezpiecze\u0144stwa:<\/b> Idealne dla organizacji skupiaj\u0105cych si\u0119 na gotowo\u015bci i s\u0142u\u017cbach ratunkowych.<\/p>\n<\/li>\n<\/ul>","protected":false},"excerpt":{"rendered":"<article class=\"text-token-text-primary w-full\" dir=\"auto\" data-testid=\"conversation-turn-434\" data-scroll-anchor=\"true\">\n<div class=\"text-base my-auto mx-auto py-5 [--thread-content-margin:--spacing(4)] @[37rem]:[--thread-content-margin:--spacing(6)] @[72rem]:[--thread-content-margin:--spacing(16)] px-(--thread-content-margin)\">\n<div class=\"[--thread-content-max-width:32rem] @[34rem]:[--thread-content-max-width:40rem] @[64rem]:[--thread-content-max-width:48rem] mx-auto flex max-w-(--thread-content-max-width) flex-1 text-base gap-4 md:gap-5 lg:gap-6 group\/turn-messages focus-visible:outline-hidden\" tabindex=\"-1\">\n<div class=\"group\/conversation-turn relative flex w-full min-w-0 flex-col agent-turn\">\n<div class=\"relative flex-col gap-1 md:gap-3\">\n<div class=\"flex max-w-full flex-col grow\">\n<div class=\"min-h-8 text-message relative flex w-full flex-col items-end gap-2 text-start break-words whitespace-normal [.text-message+&amp;]:mt-5\" dir=\"auto\" data-message-author-role=\"assistant\" data-message-id=\"209e0cfa-4190-4646-a2b0-a9a360850576\" data-message-model-slug=\"gpt-4o\">\n<div class=\"flex w-full flex-col gap-1 empty:hidden first:pt-[3px]\">\n<div class=\"markdown prose dark:prose-invert w-full break-words light\">\n<ul>\n<li>\n<p data-path-to-node=\"7,0,0\"><b data-path-to-node=\"7,0,0\" data-index-in-node=\"0\">Wielofunkcyjne narz\u0119dzie 5 w 1:<\/b> W zestawie kompas, gwizdek, rozpa\u0142ka, otwieracz do butelek i wytrzyma\u0142a linka paracord.<\/p>\n<\/li>\n<li>\n<p data-path-to-node=\"7,1,0\"><b data-path-to-node=\"7,1,0\" data-index-in-node=\"0\">Branding premium:<\/b> Profesjonalne grawerowanie laserowe na metalowej p\u0142ytce o wymiarach 20 \u00d7 10 mm zapewniaj\u0105ce trwa\u0142\u0105 widoczno\u015b\u0107 logo.<\/p>\n<\/li>\n<li>\n<p data-path-to-node=\"7,2,0\"><b data-path-to-node=\"7,2,0\" data-index-in-node=\"0\">Ekstremalna trwa\u0142o\u015b\u0107:<\/b> Wykonany z wytrzyma\u0142ego nylonu, przeznaczony do przyg\u00f3d na \u015bwie\u017cym powietrzu i jako wyposa\u017cenie awaryjne.<\/p>\n<\/li>\n<li>\n<p data-path-to-node=\"7,3,0\"><b data-path-to-node=\"7,3,0\" data-index-in-node=\"0\">Wszechstronno\u015b\u0107 B2B:<\/b> Idealne dla biur podr\u00f3\u017cy, organizator\u00f3w imprez integracyjnych i sprzedawc\u00f3w sprz\u0119tu turystycznego.<\/p>\n<\/li>\n<\/ul>\n<\/div>\n<\/div>\n<\/div>\n<\/div>\n<\/div>\n<\/div>\n<\/div>\n<\/div>\n<\/article>","protected":false},"featured_media":6416,"comment_status":"closed","ping_status":"closed","template":"","meta":[],"product_brand":[],"product_cat":[66,112,45],"product_tag":[],"class_list":{"0":"post-4024","1":"product","2":"type-product","3":"status-publish","4":"has-post-thumbnail","6":"product_cat-wristbands","7":"product_cat-paracord-wristbands","8":"product_cat-other","10":"first","11":"instock","12":"shipping-taxable","13":"purchasable","14":"product-type-simple"},"_links":{"self":[{"href":"https:\/\/displayproducts.eu\/pl\/wp-json\/wp\/v2\/product\/4024","targetHints":{"allow":["GET"]}}],"collection":[{"href":"https:\/\/displayproducts.eu\/pl\/wp-json\/wp\/v2\/product"}],"about":[{"href":"https:\/\/displayproducts.eu\/pl\/wp-json\/wp\/v2\/types\/product"}],"replies":[{"embeddable":true,"href":"https:\/\/displayproducts.eu\/pl\/wp-json\/wp\/v2\/comments?post=4024"}],"wp:featuredmedia":[{"embeddable":true,"href":"https:\/\/displayproducts.eu\/pl\/wp-json\/wp\/v2\/media\/6416"}],"wp:attachment":[{"href":"https:\/\/displayproducts.eu\/pl\/wp-json\/wp\/v2\/media?parent=4024"}],"wp:term":[{"taxonomy":"product_brand","embeddable":true,"href":"https:\/\/displayproducts.eu\/pl\/wp-json\/wp\/v2\/product_brand?post=4024"},{"taxonomy":"product_cat","embeddable":true,"href":"https:\/\/displayproducts.eu\/pl\/wp-json\/wp\/v2\/product_cat?post=4024"},{"taxonomy":"product_tag","embeddable":true,"href":"https:\/\/displayproducts.eu\/pl\/wp-json\/wp\/v2\/product_tag?post=4024"}],"curies":[{"name":"wp","href":"https:\/\/api.w.org\/{rel}","templated":true}]}}