{"id":3986,"date":"2025-05-08T16:58:54","date_gmt":"2025-05-08T13:58:54","guid":{"rendered":"https:\/\/wristbandfactory.eu\/?post_type=product&#038;p=3986"},"modified":"2026-04-01T21:52:04","modified_gmt":"2026-04-01T18:52:04","slug":"custom-printed-sustainable-cork-phone-straps","status":"publish","type":"product","link":"https:\/\/displayproducts.eu\/pl\/p\/custom-printed-sustainable-cork-phone-straps\/","title":{"rendered":"Korkowe smycze do telefonu z nadrukiem"},"content":{"rendered":"<p data-path-to-node=\"7\">Zaoferuj uczestnikom i klientom swojego wydarzenia gad\u017cet promocyjny, kt\u00f3ry \u0142\u0105czy w sobie nowoczesn\u0105 u\u017cyteczno\u015b\u0107 z dba\u0142o\u015bci\u0105 o \u015brodowisko. Nasze promocyjne paski do telefonu z korka zapewniaj\u0105 bezpieczny i bezdotykowy spos\u00f3b noszenia smartfona, gwarantuj\u0105c, \u017ce Twoja marka pozostanie widoczna w d\u0142oni u\u017cytkownika d\u0142ugo po zako\u0144czeniu wydarzenia.<\/p>\n<p data-path-to-node=\"8\">Wykonana z naturalnego, ro\u015blinnego korka, ta opaska na nadgarstek to odpowiedzialny wyb\u00f3r na Twoj\u0105 kolejn\u0105 kampani\u0119 marketingow\u0105 lub jako prezent na targi. Mechanizm jest prosty, ale uniwersalny: cienki, ale wytrzyma\u0142y uchwyt z korka z \u0142atwo\u015bci\u0105 wsuwa si\u0119 mi\u0119dzy telefon a etui, \u0142\u0105cz\u0105c si\u0119 z paskiem za pomoc\u0105 solidnego, obrotowego metalowego karabi\u0144czyka.<\/p>\n<h2 data-path-to-node=\"9\">G\u0142\u00f3wne cechy<\/h2>\n<ul data-path-to-node=\"10\">\n<li>\n<p data-path-to-node=\"10,0,0\"><b data-path-to-node=\"10,0,0\" data-index-in-node=\"0\">Materia\u0142 przyjazny dla \u015brodowiska:<\/b> Wykonane z odnawialnego korka, zapewniaj\u0105 mi\u0119kko\u015b\u0107 w dotyku i maj\u0105 wysokiej jako\u015bci, naturaln\u0105 estetyk\u0119.<\/p>\n<\/li>\n<li>\n<p data-path-to-node=\"10,1,0\"><b data-path-to-node=\"10,1,0\" data-index-in-node=\"0\">Wszechstronny branding:<\/b> Oferujemy nadruk tampodrukowy, sitodruk i transfer pe\u0142nokolorowy. Aby uzyska\u0107 prawdziwie ekskluzywny efekt, grawer laserowy wypala logo bezpo\u015brednio w strukturze korka.<\/p>\n<\/li>\n<li>\n<p data-path-to-node=\"10,2,0\"><b data-path-to-node=\"10,2,0\" data-index-in-node=\"0\">Bezpieczny sprz\u0119t:<\/b> Wyposa\u017cony w trwa\u0142y, czarny, obrotowy metalowy karabi\u0144czyk umo\u017cliwiaj\u0105cy niezawodne mocowanie i \u0142atwe zdejmowanie.<\/p>\n<\/li>\n<li>\n<p data-path-to-node=\"10,3,0\"><b data-path-to-node=\"10,3,0\" data-index-in-node=\"0\">Produkcja w UE:<\/b> Kr\u00f3tkie terminy realizacji gwarantuj\u0105, \u017ce Tw\u00f3j sprz\u0119t promocyjny dotrze na miejsce w idealnym stanie przed Twoim kolejnym du\u017cym wydarzeniem.<\/p>\n<\/li>\n<\/ul>\n<h2 data-path-to-node=\"11\">Specyfikacje<\/h2>\n<ul data-path-to-node=\"12\">\n<li>\n<p data-path-to-node=\"12,0,0\"><b data-path-to-node=\"12,0,0\" data-index-in-node=\"0\">Tworzywo:<\/b> Pasek z naturalnego, zr\u00f3wnowa\u017conego korka z pasuj\u0105c\u0105 p\u0119telk\u0105 na telefon.<\/p>\n<\/li>\n<li>\n<p data-path-to-node=\"12,1,0\"><b data-path-to-node=\"12,1,0\" data-index-in-node=\"0\">Wymiary:<\/b> Kompaktowy rozmiar paska (2 x 16,5 cm), idealny do noszenia na nadgarstku.<\/p>\n<\/li>\n<li>\n<p data-path-to-node=\"12,2,0\"><b data-path-to-node=\"12,2,0\" data-index-in-node=\"0\">Waga:<\/b> 8 gram\u00f3w (niezwykle lekka konstrukcja).<\/p>\n<\/li>\n<li>\n<p data-path-to-node=\"12,3,0\"><b data-path-to-node=\"12,3,0\" data-index-in-node=\"0\">Zgodno\u015b\u0107:<\/b> Uniwersalne dopasowanie do wszystkich standardowych smartfon\u00f3w i etui ochronnych.<\/p>\n<\/li>\n<li>\n<p data-path-to-node=\"12,4,0\"><b data-path-to-node=\"12,4,0\" data-index-in-node=\"0\">Personalizacja:<\/b> Nadruk tampodrukowy, grawerowanie laserowe lub transfer pe\u0142nokolorowy.<\/p>\n<\/li>\n<li>\n<p data-path-to-node=\"12,5,0\"><b data-path-to-node=\"12,5,0\" data-index-in-node=\"0\">Minimalna ilo\u015b\u0107 zam\u00f3wienia:<\/b> 100 jednostek.<\/p>\n<\/li>\n<\/ul>\n<h2 data-path-to-node=\"13\">Przypadki u\u017cycia<\/h2>\n<ul data-path-to-node=\"14\">\n<li>\n<p data-path-to-node=\"14,0,0\"><b data-path-to-node=\"14,0,0\" data-index-in-node=\"0\">Konferencje i targi:<\/b> Niezwykle przydatny gad\u017cet, kt\u00f3ry zapewni bezpiecze\u0144stwo i dost\u0119pno\u015b\u0107 telefon\u00f3w uczestnik\u00f3w podczas pracy w sieci.<\/p>\n<\/li>\n<li>\n<p data-path-to-node=\"14,1,0\"><b data-path-to-node=\"14,1,0\" data-index-in-node=\"0\">Prezenty z zakresu CSR dla firm:<\/b> Warto\u015bciowy i zr\u00f3wnowa\u017cony prezent dla pracownik\u00f3w, kt\u00f3ry jest zgodny z ekologicznymi warto\u015bciami firmy.<\/p>\n<\/li>\n<li>\n<p data-path-to-node=\"14,2,0\"><b data-path-to-node=\"14,2,0\" data-index-in-node=\"0\">Promocje urz\u0105dze\u0144 mobilnych i technologii:<\/b> Idealne dla firm telekomunikacyjnych i marek technologicznych poszukuj\u0105cych wyj\u0105tkowych, ekologicznych akcesori\u00f3w.<\/p>\n<\/li>\n<li>\n<p data-path-to-node=\"14,3,0\"><b data-path-to-node=\"14,3,0\" data-index-in-node=\"0\">Podr\u00f3\u017ce i turystyka:<\/b> Praktyczne pami\u0105tki dla grup wycieczkowych i biur podr\u00f3\u017cy.<\/p>\n<\/li>\n<\/ul>","protected":false},"excerpt":{"rendered":"<ul>\n<li>\n<p data-path-to-node=\"6,0,0\"><b data-path-to-node=\"6,0,0\" data-index-in-node=\"0\">Zr\u00f3wnowa\u017cony wizerunek marki:<\/b> Wykonane z naturalnego i odnawialnego korka 100%, stanowi\u0105 przyjazn\u0105 dla \u015brodowiska alternatyw\u0119 dla syntetycznych akcesori\u00f3w mobilnych.<\/p>\n<\/li>\n<li>\n<p data-path-to-node=\"6,1,0\"><b data-path-to-node=\"6,1,0\" data-index-in-node=\"0\">Uniwersalne rozwi\u0105zanie B2B:<\/b> Pomys\u0142owa konstrukcja zak\u0142adki gwarantuje kompatybilno\u015b\u0107 ze wszystkimi modelami smartfon\u00f3w i etui, nie blokuj\u0105c port\u00f3w \u0142adowania.<\/p>\n<\/li>\n<li>\n<p data-path-to-node=\"6,2,0\"><b data-path-to-node=\"6,2,0\" data-index-in-node=\"0\">Personalizacja premium:<\/b> Dost\u0119pne z wysokiej klasy grawerunkiem laserowym nadaj\u0105cym subtelny wygl\u0105d lub z \u017cywym, pe\u0142nokolorowym nadrukiem transferowym, zgodnym z wytycznymi firmy.<\/p>\n<\/li>\n<li>\n<p data-path-to-node=\"6,3,0\"><b data-path-to-node=\"6,3,0\" data-index-in-node=\"0\">Ultralekkie narz\u0119dzie:<\/b> Wa\u017c\u0105c zaledwie 8 gram\u00f3w, zapewnia uczestnikom wydarze\u0144 i pracownikom bezpieczne noszenie telefonu w trybie g\u0142o\u015bnom\u00f3wi\u0105cym, nie zwi\u0119kszaj\u0105c przy tym jego ci\u0119\u017caru.<\/p>\n<\/li>\n<\/ul>","protected":false},"featured_media":6649,"comment_status":"closed","ping_status":"closed","template":"","meta":[],"product_brand":[],"product_cat":[128,108],"product_tag":[],"class_list":{"0":"post-3986","1":"product","2":"type-product","3":"status-publish","4":"has-post-thumbnail","6":"product_cat-mobile-tech-accessories","7":"product_cat-multifunctional-lanyards","9":"first","10":"instock","11":"shipping-taxable","12":"purchasable","13":"product-type-simple"},"_links":{"self":[{"href":"https:\/\/displayproducts.eu\/pl\/wp-json\/wp\/v2\/product\/3986","targetHints":{"allow":["GET"]}}],"collection":[{"href":"https:\/\/displayproducts.eu\/pl\/wp-json\/wp\/v2\/product"}],"about":[{"href":"https:\/\/displayproducts.eu\/pl\/wp-json\/wp\/v2\/types\/product"}],"replies":[{"embeddable":true,"href":"https:\/\/displayproducts.eu\/pl\/wp-json\/wp\/v2\/comments?post=3986"}],"wp:featuredmedia":[{"embeddable":true,"href":"https:\/\/displayproducts.eu\/pl\/wp-json\/wp\/v2\/media\/6649"}],"wp:attachment":[{"href":"https:\/\/displayproducts.eu\/pl\/wp-json\/wp\/v2\/media?parent=3986"}],"wp:term":[{"taxonomy":"product_brand","embeddable":true,"href":"https:\/\/displayproducts.eu\/pl\/wp-json\/wp\/v2\/product_brand?post=3986"},{"taxonomy":"product_cat","embeddable":true,"href":"https:\/\/displayproducts.eu\/pl\/wp-json\/wp\/v2\/product_cat?post=3986"},{"taxonomy":"product_tag","embeddable":true,"href":"https:\/\/displayproducts.eu\/pl\/wp-json\/wp\/v2\/product_tag?post=3986"}],"curies":[{"name":"wp","href":"https:\/\/api.w.org\/{rel}","templated":true}]}}