{"id":3908,"date":"2025-05-08T15:38:19","date_gmt":"2025-05-08T12:38:19","guid":{"rendered":"https:\/\/wristbandfactory.eu\/?post_type=product&#038;p=3908"},"modified":"2026-04-01T21:52:36","modified_gmt":"2026-04-01T18:52:36","slug":"phone-wrist-straps-with-bamboo-holder","status":"publish","type":"product","link":"https:\/\/displayproducts.eu\/pl\/p\/phone-wrist-straps-with-bamboo-holder\/","title":{"rendered":"Paski na nadgarstek do telefonu z uchwytem bambusowym"},"content":{"rendered":"<p>Podaruj funkcjonalny i ekologiczny upominek firmowy z nasz\u0105 bawe\u0142nian\u0105 opask\u0105 na nadgarstek do telefonu. Ten praktyczny produkt idealnie nadaje si\u0119 do bezpiecznego przechowywania smartfon\u00f3w i zapewnia do nich \u0142atwy dost\u0119p podczas intensywnych konferencji, targ\u00f3w czy firmowych event\u00f3w, zapewniaj\u0105c swobod\u0119 ruch\u00f3w.<\/p>\n<p>Pasek wykonany jest z mi\u0119kkiej i wytrzyma\u0142ej bawe\u0142ny, a uchwyt na telefon z ekologicznego bambusa. Ten bambusowy element oferuje eleganck\u0105 i widoczn\u0105 powierzchni\u0119 do znakowania, idealnie nadaj\u0105c\u0105 si\u0119 do precyzyjnego grawerowania laserowego logo Twojej firmy.<\/p>\n<p>Zestaw zawiera narz\u0119dzie monta\u017cowe, kt\u00f3re dyskretnie mie\u015bci si\u0119 mi\u0119dzy telefonem a etui, zapewniaj\u0105c bezpieczne mocowanie. Podkre\u015blaj\u0105c zaanga\u017cowanie Twojej organizacji w zr\u00f3wnowa\u017cony rozw\u00f3j, ka\u017cdy pasek jest pakowany osobno w woreczek z papieru pochodz\u0105cego z recyklingu, dzi\u0119ki czemu idealnie nadaje si\u0119 jako upominek dla marek dbaj\u0105cych o \u015brodowisko.<\/p>\n<p><b>G\u0142\u00f3wne cechy:<\/b><\/p>\n<ul>\n<li><b>Praktyczne rozwi\u0105zanie bez u\u017cycia r\u0105k:<\/b> Zapewnia bezpiecze\u0144stwo i dost\u0119pno\u015b\u0107 smartfon\u00f3w podczas wydarze\u0144 firmowych.<\/li>\n<li><b>Materia\u0142y przyjazne dla \u015brodowiska:<\/b> Wykonane z mi\u0119kkiej bawe\u0142ny i wyposa\u017cone w trwa\u0142y uchwyt z bambusa.<\/li>\n<li><b>Powierzchnia do brandingu premium:<\/b> Uchwyt bambusowy idealnie nadaje si\u0119 do personalizowanego grawerowania laserowego lub nadruku tampodrukowego.<\/li>\n<li><b>Regulowana konstrukcja:<\/b> Wygodnie pasuj\u0105 do nadgarstk\u00f3w wszystkich rozmiar\u00f3w, co zapewnia ich uniwersalne zastosowanie.<\/li>\n<li><b>Zr\u00f3wnowa\u017cone opakowania:<\/b> Pakowane pojedynczo w woreczek z papieru pochodz\u0105cego z recyklingu, co podkre\u015bla ekologiczny przekaz.<\/li>\n<li><b>Wszechstronne drukowanie:<\/b> Mo\u017cliwo\u015b\u0107 personalizacji za pomoc\u0105 grawerowania laserowego, nadruku tampodrukowego lub druku transferowego.<\/li>\n<\/ul>","protected":false},"excerpt":{"rendered":"<ul>\n<li>Ekologiczny upominek firmowy wykonany z mi\u0119kkiej bawe\u0142ny i zr\u00f3wnowa\u017conego bambusa.<\/li>\n<li>Umo\u017cliwia korzystanie z telefonu bez u\u017cycia r\u0105k, co jest idealne podczas konferencji i wydarze\u0144.<\/li>\n<li>Uchwyt bambusowy doskonale nadaje si\u0119 do grawerowania laserowego Twojego logo.<\/li>\n<li>Pakowane pojedynczo w torebk\u0119 z papieru pochodz\u0105cego z recyklingu, co u\u0142atwia dystrybucj\u0119.<\/li>\n<\/ul>","protected":false},"featured_media":6657,"comment_status":"closed","ping_status":"closed","template":"","meta":[],"product_brand":[],"product_cat":[128],"product_tag":[],"class_list":{"0":"post-3908","1":"product","2":"type-product","3":"status-publish","4":"has-post-thumbnail","6":"product_cat-mobile-tech-accessories","8":"first","9":"instock","10":"shipping-taxable","11":"purchasable","12":"product-type-simple"},"_links":{"self":[{"href":"https:\/\/displayproducts.eu\/pl\/wp-json\/wp\/v2\/product\/3908","targetHints":{"allow":["GET"]}}],"collection":[{"href":"https:\/\/displayproducts.eu\/pl\/wp-json\/wp\/v2\/product"}],"about":[{"href":"https:\/\/displayproducts.eu\/pl\/wp-json\/wp\/v2\/types\/product"}],"replies":[{"embeddable":true,"href":"https:\/\/displayproducts.eu\/pl\/wp-json\/wp\/v2\/comments?post=3908"}],"wp:featuredmedia":[{"embeddable":true,"href":"https:\/\/displayproducts.eu\/pl\/wp-json\/wp\/v2\/media\/6657"}],"wp:attachment":[{"href":"https:\/\/displayproducts.eu\/pl\/wp-json\/wp\/v2\/media?parent=3908"}],"wp:term":[{"taxonomy":"product_brand","embeddable":true,"href":"https:\/\/displayproducts.eu\/pl\/wp-json\/wp\/v2\/product_brand?post=3908"},{"taxonomy":"product_cat","embeddable":true,"href":"https:\/\/displayproducts.eu\/pl\/wp-json\/wp\/v2\/product_cat?post=3908"},{"taxonomy":"product_tag","embeddable":true,"href":"https:\/\/displayproducts.eu\/pl\/wp-json\/wp\/v2\/product_tag?post=3908"}],"curies":[{"name":"wp","href":"https:\/\/api.w.org\/{rel}","templated":true}]}}