{"id":3867,"date":"2025-05-07T17:40:16","date_gmt":"2025-05-07T14:40:16","guid":{"rendered":"https:\/\/wristbandfactory.eu\/?post_type=product&#038;p=3867"},"modified":"2026-04-01T21:52:04","modified_gmt":"2026-04-01T18:52:04","slug":"tie-on-ribbon-wristbands","status":"publish","type":"product","link":"https:\/\/displayproducts.eu\/pl\/p\/tie-on-ribbon-wristbands\/","title":{"rendered":"Opaski na nadgarstek z wi\u0105zaniem"},"content":{"rendered":"<p>Wesprzyj swoj\u0105 spraw\u0119 lub zwi\u0119ksz swoj\u0105 promocj\u0119 dzi\u0119ki naszym prostym i skutecznym opaskom na r\u0119k\u0119 z zapi\u0119ciem na wst\u0105\u017ck\u0119. Te opaski to klasyczny wyb\u00f3r dla kampanii u\u015bwiadamiaj\u0105cych, zbi\u00f3rek charytatywnych i wydarze\u0144 z zakresu spo\u0142ecznej odpowiedzialno\u015bci biznesu, oferuj\u0105c widoczne narz\u0119dzie do budowania marki w przyst\u0119pnej cenie.<\/p>\n<p>Wykonane z mi\u0119kkiej poliestrowej ta\u015bmy o g\u0142adkim satynowym wyko\u0144czeniu, te opaski na nadgarstek s\u0105 zaprojektowane tak, aby u\u017cytkownik m\u00f3g\u0142 je zawi\u0105za\u0107, zapewniaj\u0105c wygodne i uniwersalne rozwi\u0105zanie. Bez nadruku zapi\u0119cie na rzep sprawia, \u017ce idealnie nadaj\u0105 si\u0119 do masowej dystrybucji na targach, konferencjach lub akcjach podnoszenia \u015bwiastrona g\u0142\u00f3wnao\u015bci spo\u0142ecznej.<\/p>\n<p>G\u0142adka powierzchnia idealnie nadaje si\u0119 do druku na zapytanie ofertowe, umo\u017cliwiaj\u0105c wyra\u017an\u0105 prezentacj\u0119 logo, has\u0142a kampanii lub przekazu. Stanowi\u0105 one silny i widoczny symbol wsparcia dla inicjatyw korporacyjnych lub organizacji non-profit.<\/p>\n<p><b>G\u0142\u00f3wne cechy:<\/b><\/p>\n<ul>\n<li><b>Zapi\u0119cie samozaciskaj\u0105ce:<\/b> Prosta, regulowana konstrukcja wi\u0105zania umo\u017cliwia \u0142atwe roz\u0142o\u017cenie i uniwersalne dopasowanie.<\/li>\n<li><b>Materia\u0142 mi\u0119kkiej wst\u0105\u017cki:<\/b> Wygodna wst\u0105\u017cka poliestrowa o satynowym wyko\u0144czeniu, przeznaczona do kr\u00f3tkotrwa\u0142ego noszenia.<\/li>\n<li><b>Idealne dla \u015bwiastrona g\u0142\u00f3wnao\u015bci:<\/b> Klasyczny wyb\u00f3r w przypadku kampanii charytatywnych, non-profit i korporacyjnych.<\/li>\n<li><b>Mo\u017cliwo\u015b\u0107 dostosowania powierzchni:<\/b> Idealne do dodania nadrukowanego logo lub przekazu promocyjnego.<\/li>\n<li><b>Ekonomiczne budowanie marki:<\/b> Doskona\u0142e rozwi\u0105zanie w przypadku zam\u00f3wie\u0144 hurtowych i dystrybucji promocyjnej na du\u017c\u0105 skal\u0119.<\/li>\n<\/ul>","protected":false},"excerpt":{"rendered":"<article class=\"text-token-text-primary w-full\" dir=\"auto\" data-testid=\"conversation-turn-2\" data-scroll-anchor=\"true\">\n<div class=\"text-base my-auto mx-auto py-5 [--thread-content-margin:--spacing(4)] @[37rem]:[--thread-content-margin:--spacing(6)] @[72rem]:[--thread-content-margin:--spacing(16)] px-(--thread-content-margin)\">\n<div class=\"[--thread-content-max-width:32rem] @[34rem]:[--thread-content-max-width:40rem] @[64rem]:[--thread-content-max-width:48rem] mx-auto flex max-w-(--thread-content-max-width) flex-1 text-base gap-4 md:gap-5 lg:gap-6 group\/turn-messages focus-visible:outline-hidden\" tabindex=\"-1\">\n<div class=\"group\/conversation-turn relative flex w-full min-w-0 flex-col agent-turn\">\n<div class=\"relative flex-col gap-1 md:gap-3\">\n<div class=\"flex max-w-full flex-col grow\">\n<div class=\"min-h-8 text-message relative flex w-full flex-col items-end gap-2 text-start break-words whitespace-normal [.text-message+&amp;]:mt-5\" dir=\"auto\" data-message-author-role=\"assistant\" data-message-id=\"d5fd0877-4229-4aba-9632-b344fd91f147\" data-message-model-slug=\"gpt-4o\">\n<div class=\"flex w-full flex-col gap-1 empty:hidden first:pt-[3px]\">\n<div class=\"markdown prose dark:prose-invert w-full break-words light\">\n<ul>\n<li>Bez nadruku, samozaciskaj\u0105ce si\u0119 zamkni\u0119cie umo\u017cliwiaj\u0105ce \u0142atw\u0105 dystrybucj\u0119 masy.<\/li>\n<li>Mi\u0119kka, satynowa wst\u0105\u017cka poliestrowa.<\/li>\n<li>Doskonale nadaje si\u0119 do kampanii u\u015bwiadamiaj\u0105cych, organizacji non-profit i rozdawania prezent\u00f3w na wydarzeniach.<\/li>\n<li>Spersonalizuj, dodaj\u0105c logo lub przes\u0142anie swojej organizacji.<\/li>\n<\/ul>\n<\/div>\n<\/div>\n<\/div>\n<\/div>\n<\/div>\n<\/div>\n<\/div>\n<\/div>\n<\/article>","protected":false},"featured_media":6255,"comment_status":"closed","ping_status":"closed","template":"","meta":[],"product_brand":[],"product_cat":[66,96],"product_tag":[],"class_list":{"0":"post-3867","1":"product","2":"type-product","3":"status-publish","4":"has-post-thumbnail","6":"product_cat-wristbands","7":"product_cat-ribbons","9":"first","10":"instock","11":"shipping-taxable","12":"purchasable","13":"product-type-simple"},"_links":{"self":[{"href":"https:\/\/displayproducts.eu\/pl\/wp-json\/wp\/v2\/product\/3867","targetHints":{"allow":["GET"]}}],"collection":[{"href":"https:\/\/displayproducts.eu\/pl\/wp-json\/wp\/v2\/product"}],"about":[{"href":"https:\/\/displayproducts.eu\/pl\/wp-json\/wp\/v2\/types\/product"}],"replies":[{"embeddable":true,"href":"https:\/\/displayproducts.eu\/pl\/wp-json\/wp\/v2\/comments?post=3867"}],"wp:featuredmedia":[{"embeddable":true,"href":"https:\/\/displayproducts.eu\/pl\/wp-json\/wp\/v2\/media\/6255"}],"wp:attachment":[{"href":"https:\/\/displayproducts.eu\/pl\/wp-json\/wp\/v2\/media?parent=3867"}],"wp:term":[{"taxonomy":"product_brand","embeddable":true,"href":"https:\/\/displayproducts.eu\/pl\/wp-json\/wp\/v2\/product_brand?post=3867"},{"taxonomy":"product_cat","embeddable":true,"href":"https:\/\/displayproducts.eu\/pl\/wp-json\/wp\/v2\/product_cat?post=3867"},{"taxonomy":"product_tag","embeddable":true,"href":"https:\/\/displayproducts.eu\/pl\/wp-json\/wp\/v2\/product_tag?post=3867"}],"curies":[{"name":"wp","href":"https:\/\/api.w.org\/{rel}","templated":true}]}}