{"id":3823,"date":"2025-05-06T18:09:47","date_gmt":"2025-05-06T15:09:47","guid":{"rendered":"https:\/\/wristbandfactory.eu\/?post_type=product&#038;p=3823"},"modified":"2026-04-01T21:52:36","modified_gmt":"2026-04-01T18:52:36","slug":"tyvek-safety-wristbands-for-children","status":"publish","type":"product","link":"https:\/\/displayproducts.eu\/pl\/p\/tyvek-safety-wristbands-for-children\/","title":{"rendered":"Opaski bezpiecze\u0144stwa Tyvek dla dzieci"},"content":{"rendered":"<p>Organizacja imprez z udzia\u0142em dzieci wymaga dodatkowej warstwy bezpiecze\u0144stwa. Nasze dzieci\u0119ce opaski bezpiecze\u0144stwa Tyvek to bez nadruku, skuteczne i dobrze widoczne rozwi\u0105zanie, kt\u00f3re zapewnia bezpiecze\u0144stwo m\u0142odym uczestnikom, ich obecno\u015b\u0107 i \u0142atw\u0105 identyfikacj\u0119, daj\u0105c personelowi i rodzicom cenny spok\u00f3j ducha.<\/p>\n<p>Te opaski zosta\u0142y zaprojektowane specjalnie, aby wygodnie i bezpiecznie przylega\u0107 do mniejszych nadgarstk\u00f3w. Wykonane z oryginalnego materia\u0142u DuPont\u2122 Tyvek\u00ae, s\u0105 niezwykle lekkie, a jednocze\u015bnie wystarczaj\u0105co wytrzyma\u0142e, aby wytrzyma\u0107 intensywne aktywno\u015bci bez ryzyka rozdarcia. Wodoodporny materia\u0142 sprawia, \u017ce idealnie nadaj\u0105 si\u0119 na ka\u017cd\u0105 okazj\u0119, od szkolnych wycieczek, przez letnie obozy, po parki wodne.<\/p>\n<p>Ka\u017cda opaska posiada bezpieczne, jednorazowe zapi\u0119cie samoprzylepne, kt\u00f3re zapobiega jej przenoszeniu, co jest niezb\u0119dne do utrzymania dok\u0142adnego stanu liczebnego i niezawodnej kontroli dost\u0119pu. Specjalne pole nadruku o wymiarach 60 x 20 mm pozwala na dodanie istotnych informacji, takich jak nazwa grupy, numer kontaktowy w nag\u0142ych wypadkach czy ostrze\u017cenia o alergenach, dzi\u0119ki czemu bez nadruku narz\u0119dzie identyfikacyjne staje si\u0119 kluczowym elementem bezpiecze\u0144stwa.<\/p>\n<p><b>G\u0142\u00f3wne cechy:<\/b><\/p>\n<ul>\n<li><b>Oryginalny materia\u0142 Tyvek\u00ae:<\/b> Wytrzyma\u0142e, lekkie, wodoodporne i odporne na rozdarcia, wytrzymuj\u0105 ca\u0142odzienn\u0105 aktywno\u015b\u0107.<\/li>\n<li><b>Rozmiary dostosowane do potrzeb dziecka:<\/b> Zaprojektowane tak, aby pewnie i wygodnie pasowa\u0142y do mniejszych nadgarstk\u00f3w.<\/li>\n<li><b>Bezpieczne zamkni\u0119cie:<\/b> Zabezpieczenie przed manipulacj\u0105 za pomoc\u0105 kleju i zatrzasku uniemo\u017cliwiaj\u0105 przenoszenie zabawki mi\u0119dzy dzie\u0107mi.<\/li>\n<li><b>Niestandardowy druk bezpiecze\u0144stwa:<\/b> Obszar o wymiarach 60 x 20 mm przeznaczony do dodawania wa\u017cnych informacji, np. numer\u00f3w kontaktowych lub ostrze\u017ce\u0144 o alergenach.<\/li>\n<li><b>Kolory o wysokiej widoczno\u015bci:<\/b> Dost\u0119pne w kolorze jasnoniebieskim, czerwonym i \u017c\u00f3\u0142tym, co umo\u017cliwia \u0142atw\u0105 identyfikacj\u0119 wizualn\u0105 grupy.<\/li>\n<li><b>\u0141atwa dystrybucja:<\/b> Dostarczane w arkuszach po 10 sztuk, co u\u0142atwia obs\u0142ug\u0119 i drukowanie.<\/li>\n<\/ul>","protected":false},"excerpt":{"rendered":"<ul>\n<li>Specjalnie zaprojektowane, aby bezpiecznie i wygodnie dopasowa\u0107 si\u0119 do nadgarstk\u00f3w dzieci.<\/li>\n<li>Wytrzyma\u0142y, wodoodporny i odporny na rozdarcia materia\u0142 Tyvek\u00ae do ca\u0142odziennej zabawy.<\/li>\n<li>Bezpieczne, odporne na manipulacj\u0119 zamkni\u0119cie klej\u0105ce z blokad\u0105 bezpiecze\u0144stwa.<\/li>\n<li>Mo\u017cliwo\u015b\u0107 personalizacji poprzez dodanie numer\u00f3w kontaktowych w nag\u0142ych wypadkach lub informacji o alergenach (obszar nadruku 60 x 20 mm).<\/li>\n<\/ul>","protected":false},"featured_media":6124,"comment_status":"closed","ping_status":"closed","template":"","meta":[],"product_brand":[],"product_cat":[66,41,68],"product_tag":[],"class_list":{"0":"post-3823","1":"product","2":"type-product","3":"status-publish","4":"has-post-thumbnail","6":"product_cat-wristbands","7":"product_cat-tyvek","8":"product_cat-event-supplies","10":"first","11":"instock","12":"shipping-taxable","13":"purchasable","14":"product-type-simple"},"_links":{"self":[{"href":"https:\/\/displayproducts.eu\/pl\/wp-json\/wp\/v2\/product\/3823","targetHints":{"allow":["GET"]}}],"collection":[{"href":"https:\/\/displayproducts.eu\/pl\/wp-json\/wp\/v2\/product"}],"about":[{"href":"https:\/\/displayproducts.eu\/pl\/wp-json\/wp\/v2\/types\/product"}],"replies":[{"embeddable":true,"href":"https:\/\/displayproducts.eu\/pl\/wp-json\/wp\/v2\/comments?post=3823"}],"wp:featuredmedia":[{"embeddable":true,"href":"https:\/\/displayproducts.eu\/pl\/wp-json\/wp\/v2\/media\/6124"}],"wp:attachment":[{"href":"https:\/\/displayproducts.eu\/pl\/wp-json\/wp\/v2\/media?parent=3823"}],"wp:term":[{"taxonomy":"product_brand","embeddable":true,"href":"https:\/\/displayproducts.eu\/pl\/wp-json\/wp\/v2\/product_brand?post=3823"},{"taxonomy":"product_cat","embeddable":true,"href":"https:\/\/displayproducts.eu\/pl\/wp-json\/wp\/v2\/product_cat?post=3823"},{"taxonomy":"product_tag","embeddable":true,"href":"https:\/\/displayproducts.eu\/pl\/wp-json\/wp\/v2\/product_tag?post=3823"}],"curies":[{"name":"wp","href":"https:\/\/api.w.org\/{rel}","templated":true}]}}