{"id":3583,"date":"2025-03-24T15:51:08","date_gmt":"2025-03-24T12:51:08","guid":{"rendered":"https:\/\/wristbandfactory.eu\/?post_type=product&#038;p=3583"},"modified":"2026-04-01T21:52:36","modified_gmt":"2026-04-01T18:52:36","slug":"rpet-lanyards-with-wheat-straw-breakaway","status":"publish","type":"product","link":"https:\/\/displayproducts.eu\/pl\/p\/rpet-lanyards-with-wheat-straw-breakaway\/","title":{"rendered":"Smycze rPET z zapi\u0119ciem ze s\u0142omy pszenicznej (Sublimacja)"},"content":{"rendered":"<p data-path-to-node=\"11\">Uczy\u0144 zaanga\u017cowanie swojej organizacji w zr\u00f3wnowa\u017cony rozw\u00f3j widocznym w najdrobniejszych szczeg\u00f3\u0142ach dzi\u0119ki naszym <b>Smycze rPET z odrywan\u0105 s\u0142om\u0105 pszeniczn\u0105<\/b>. To nie jest zwyk\u0142a smycz; to kompletny, ekologiczny zestaw identyfikacyjny przeznaczony dla firm, kt\u00f3re chc\u0105 ca\u0142kowicie wyeliminowa\u0107 plastik ze swoich wydarze\u0144.<\/p>\n<p data-path-to-node=\"12\">Pasek na smycz wykonany jest z <b>100% poddany recyklingowi PET (rPET)<\/b>, daj\u0105c nowe \u017cycie plastikowym butelkom pochodz\u0105cym z recyklingu. W przeciwie\u0144stwie do standardowych opcji, ten model rozwi\u0105zuje problem \u201cukrytego plastiku\u201d: opcjonalny klips zabezpieczaj\u0105cy jest wykonany z <b>trwa\u0142a s\u0142oma pszeniczna<\/b>, biodegradowalny produkt uboczny pochodzenia ro\u015blinnego. Ten naturalny materia\u0142 kompozytowy jest r\u00f3wnie wytrzyma\u0142y jak plastik, ale znacznie zmniejsza wp\u0142yw na \u015brodowisko.<\/p>\n<p data-path-to-node=\"13\">Aby uzupe\u0142ni\u0107 zestaw, do\u0142\u0105czamy lekk\u0105 <b>uchwyt na identyfikator z papieru nadaj\u0105cego si\u0119 do recyklingu<\/b>, zapewniaj\u0105c, \u017ce nawet obudowa plakietki jest zgodna z Twoimi warto\u015bciami ekologicznymi. G\u0142adka tkanina rPET idealnie nadaje si\u0119 do <b>pe\u0142nokolorowa sublimacja barwnika<\/b>, pozwalaj\u0105c Ci zaprezentowa\u0107 swoj\u0105 to\u017csamo\u015b\u0107 wizualn\u0105 w ostrych, fotorealistycznych szczeg\u00f3\u0142ach po obu stronach paska. To idealny wyb\u00f3r na presti\u017cowe \u201cZielone Konferencje\u201d, gdzie liczy si\u0119 ka\u017cdy szczeg\u00f3\u0142.<\/p>\n<p data-path-to-node=\"14\"><b>G\u0142\u00f3wne cechy:<\/b><\/p>\n<ul data-path-to-node=\"15\">\n<li>\n<p data-path-to-node=\"15,0,0\"><b>Materia\u0142 smyczy:<\/b> 100% rPET (pozyskany z recyklingu butelek PET pochodz\u0105cych z recyklingu).<\/p>\n<\/li>\n<li>\n<p data-path-to-node=\"15,1,0\"><b>Innowacja:<\/b> Zabezpieczenie przed wypadni\u0119ciem wykonane z biodegradowalnego materia\u0142u <b>S\u0142oma pszeniczna<\/b>.<\/p>\n<\/li>\n<li>\n<p data-path-to-node=\"15,2,0\"><b>Druk:<\/b> Pe\u0142nokolorowa, dwustronna sublimacja termiczna do skomplikowanych grafik.<\/p>\n<\/li>\n<li>\n<p data-path-to-node=\"15,3,0\"><b>Kompletny zestaw:<\/b> W zestawie standardowy uchwyt na identyfikator wykonany z papieru nadaj\u0105cego si\u0119 do recyklingu.<\/p>\n<\/li>\n<li>\n<p data-path-to-node=\"15,4,0\"><b>\u015awiastrona g\u0142\u00f3wnay ekologicznie:<\/b> \u0141\u0105czy odpady poddane recyklingowi i odnawialne materia\u0142y ro\u015blinne.<\/p>\n<\/li>\n<li>\n<p data-path-to-node=\"15,5,0\"><b>Bezpiecze\u0144stwo:<\/b> Klips ze s\u0142omy pszenicznej zwalnia si\u0119 pod wp\u0142ywem napr\u0119\u017cenia, zapobiegaj\u0105c obra\u017ceniom.<\/p>\n<\/li>\n<\/ul>","protected":false},"excerpt":{"rendered":"<ul data-path-to-node=\"9\">\n<li>\n<p data-path-to-node=\"9,0,0\"><b>Sprz\u0119t z mniejsz\u0105 ilo\u015bci\u0105 plastiku:<\/b> Posiada wyj\u0105tkowy, bezpieczny klips wykonany z biodegradowalnego materia\u0142u <b>s\u0142oma pszeniczna<\/b> zamiast standardowego plastiku.<\/p>\n<\/li>\n<li>\n<p data-path-to-node=\"9,1,0\"><b>Kompletny zestaw ekologiczny:<\/b> Zawiera smycz z recyklingowanego PET 100% i nadaj\u0105cy si\u0119 do recyklingu <b>papierowe etui na identyfikator<\/b> dla w pe\u0142ni zr\u00f3wnowa\u017conego rozwi\u0105zania.<\/p>\n<\/li>\n<li>\n<p data-path-to-node=\"9,2,0\"><b>Pe\u0142nokolorowy branding:<\/b> Druk sublimacyjny o wysokiej rozdzielczo\u015bci pozwala na uzyskanie \u017cywych wzor\u00f3w na ca\u0142ej powierzchni po obu stronach.<\/p>\n<\/li>\n<li>\n<p data-path-to-node=\"9,3,0\"><b>Gospodarka o obiegu zamkni\u0119tym:<\/b> Daje nowe \u017cycie odpastrona g\u0142\u00f3wna z tworzyw sztucznych (1 smycz \u2248 1 plastikowa butelka) przy jednoczesnym wykorzystaniu odnawialnych materia\u0142\u00f3w ro\u015blinnych.<\/p>\n<\/li>\n<\/ul>","protected":false},"featured_media":6632,"comment_status":"closed","ping_status":"closed","template":"","meta":[],"product_brand":[],"product_cat":[104,106,107,68],"product_tag":[],"class_list":{"0":"post-3583","1":"product","2":"type-product","3":"status-publish","4":"has-post-thumbnail","6":"product_cat-custom-printed-lanyards","7":"product_cat-breakaway-lanyards","8":"product_cat-eco-friendly-lanyards","9":"product_cat-event-supplies","11":"first","12":"instock","13":"shipping-taxable","14":"purchasable","15":"product-type-simple"},"_links":{"self":[{"href":"https:\/\/displayproducts.eu\/pl\/wp-json\/wp\/v2\/product\/3583","targetHints":{"allow":["GET"]}}],"collection":[{"href":"https:\/\/displayproducts.eu\/pl\/wp-json\/wp\/v2\/product"}],"about":[{"href":"https:\/\/displayproducts.eu\/pl\/wp-json\/wp\/v2\/types\/product"}],"replies":[{"embeddable":true,"href":"https:\/\/displayproducts.eu\/pl\/wp-json\/wp\/v2\/comments?post=3583"}],"wp:featuredmedia":[{"embeddable":true,"href":"https:\/\/displayproducts.eu\/pl\/wp-json\/wp\/v2\/media\/6632"}],"wp:attachment":[{"href":"https:\/\/displayproducts.eu\/pl\/wp-json\/wp\/v2\/media?parent=3583"}],"wp:term":[{"taxonomy":"product_brand","embeddable":true,"href":"https:\/\/displayproducts.eu\/pl\/wp-json\/wp\/v2\/product_brand?post=3583"},{"taxonomy":"product_cat","embeddable":true,"href":"https:\/\/displayproducts.eu\/pl\/wp-json\/wp\/v2\/product_cat?post=3583"},{"taxonomy":"product_tag","embeddable":true,"href":"https:\/\/displayproducts.eu\/pl\/wp-json\/wp\/v2\/product_tag?post=3583"}],"curies":[{"name":"wp","href":"https:\/\/api.w.org\/{rel}","templated":true}]}}