{"id":3045,"date":"2025-02-05T15:13:29","date_gmt":"2025-02-05T12:13:29","guid":{"rendered":"https:\/\/wristbandfactory.eu\/toode\/silicone-printed-keychain\/"},"modified":"2026-04-01T21:52:04","modified_gmt":"2026-04-01T18:52:04","slug":"silicone-print-nylon-keychains","status":"publish","type":"product","link":"https:\/\/displayproducts.eu\/pl\/p\/silicone-print-nylon-keychains\/","title":{"rendered":"Breloki nylonowe z nadrukiem silikonowym"},"content":{"rendered":"<p data-path-to-node=\"12\">Ulepsz swoje gad\u017cety reklamowe dzi\u0119ki naszym <b data-path-to-node=\"12\" data-index-in-node=\"71\">Z w\u0142asnym nadrukiem breloki z nylonu z nadrukiem silikonowym<\/b>. To nie s\u0105 zwyk\u0142e smycze; to wytrzyma\u0142e akcesoria zaprojektowane z my\u015bl\u0105 o d\u0142ugotrwa\u0142ym u\u017cytkowaniu. Ich wyr\u00f3\u017cniaj\u0105c\u0105 cech\u0105 jest <b data-path-to-node=\"12\" data-index-in-node=\"240\">technologia druku wypuk\u0142ego silikonu<\/b>, kt\u00f3ra nak\u0142ada grub\u0105, elastyczn\u0105 warstw\u0119 silikonu na nylonowy pasek. Tworzy to \u017cywy, wyczuwalny w dotyku efekt 3D, kt\u00f3rego nie da si\u0119 zignorowa\u0107, a kt\u00f3ry jest wysoce odporny na blakni\u0119cie, p\u0119kanie i \u0142uszczenie.<\/p>\n<h2 data-path-to-node=\"13\">G\u0142\u00f3wne cechy<\/h2>\n<ul data-path-to-node=\"14\">\n<li>\n<p data-path-to-node=\"14,0,0\"><b data-path-to-node=\"14,0,0\" data-index-in-node=\"0\">Druk silikonowy premium:<\/b> W przeciwie\u0144stwie do nadruku p\u0142askiego, nasz nadruk silikonowy dodaje Twojemu logo faktur\u0119 i tr\u00f3jwymiarowo\u015b\u0107, zapewniaj\u0105c mu ekskluzywny wygl\u0105d.<\/p>\n<\/li>\n<li>\n<p data-path-to-node=\"14,1,1\"><span data-path-to-node=\"14,1,1,0\"><b data-path-to-node=\"14,1,1,0\" data-index-in-node=\"0\"><span class=\"citation-9\">Wytrzyma\u0142a konstrukcja nylonowa:<\/span><\/b><span class=\"citation-9\"> Wykonane z ta\u015bmy nylonowej o wysokiej wytrzyma\u0142o\u015bci<\/span><\/span><span data-path-to-node=\"14,1,1,2\">, Ten pasek zosta\u0142 stworzony tak, aby wytrzyma\u0107 codzienne u\u017cytkowanie, dzi\u0119ki czemu idealnie nadaje si\u0119 dla marek zajmuj\u0105cych si\u0119 outdoorem, firm motoryzacyjnych i aktywnych zespo\u0142\u00f3w.<\/span><\/p>\n<\/li>\n<li>\n<p data-path-to-node=\"14,2,0\"><b data-path-to-node=\"14,2,0\" data-index-in-node=\"0\">Podw\u00f3jny system mocowania:<\/b> Maksymalna wszechstronno\u015b\u0107 gwarantowana dzi\u0119ki solidnej konstrukcji <b data-path-to-node=\"14,2,0\" data-index-in-node=\"69\">karabinek<\/b> do szlufek lub torebek, a tak\u017ce klasyka <b data-path-to-node=\"14,2,0\" data-index-in-node=\"118\">pier\u015bcie\u0144 dzielony<\/b> do kluczy.<\/p>\n<\/li>\n<li>\n<p data-path-to-node=\"14,3,0\"><b data-path-to-node=\"14,3,0\" data-index-in-node=\"0\">Precyzja Pantone:<\/b> Oferujemy pe\u0142ne dopasowanie kolor\u00f3w paska nylonowego, aby mie\u0107 pewno\u015b\u0107, \u017ce b\u0119dzie idealnie pasowa\u0142 do identyfikacji wizualnej Twojej firmy.<\/p>\n<\/li>\n<\/ul>\n<h2 data-path-to-node=\"15\">Specyfikacje<\/h2>\n<ul data-path-to-node=\"16\">\n<li>\n<p data-path-to-node=\"16,0,0\"><b data-path-to-node=\"16,0,0\" data-index-in-node=\"0\">Tworzywo:<\/b> Wytrzyma\u0142a ta\u015bma nylonowa.<\/p>\n<\/li>\n<li>\n<p data-path-to-node=\"16,1,0\"><b data-path-to-node=\"16,1,0\" data-index-in-node=\"0\">Technika druku:<\/b> Wypuk\u0142y nadruk silikonowy (efekt 3D).<\/p>\n<\/li>\n<li>\n<p data-path-to-node=\"16,2,0\"><b data-path-to-node=\"16,2,0\" data-index-in-node=\"0\">Wymiary:<\/b> Standard 25 x 150 mm (dost\u0119pne s\u0105 rozmiary z w\u0142asnym nadrukiem).<\/p>\n<\/li>\n<li>\n<p data-path-to-node=\"16,3,0\"><b data-path-to-node=\"16,3,0\" data-index-in-node=\"0\">Armatura:<\/b> Karabi\u0144czyk metalowy + k\u00f3\u0142ko dzielone.<\/p>\n<\/li>\n<li>\n<p data-path-to-node=\"16,4,0\"><b data-path-to-node=\"16,4,0\" data-index-in-node=\"0\">Minimalne zapytanie ofertowe:<\/b> 100 jednostek.<\/p>\n<\/li>\n<li>\n<p data-path-to-node=\"16,5,0\"><b data-path-to-node=\"16,5,0\" data-index-in-node=\"0\">Czas produkcji:<\/b> Oko\u0142o 18-20 dni.<\/p>\n<\/li>\n<\/ul>\n<h2 data-path-to-node=\"17\">Przypadki u\u017cycia<\/h2>\n<ul data-path-to-node=\"18\">\n<li>\n<p data-path-to-node=\"18,0,0\"><b data-path-to-node=\"18,0,0\" data-index-in-node=\"0\">Salony samochodowe:<\/b> Cenny upominek w postaci nowych kluczyk\u00f3w do samochodu, z kt\u00f3rych klienci b\u0119d\u0105 korzysta\u0107 codziennie.<\/p>\n<\/li>\n<li>\n<p data-path-to-node=\"18,1,0\"><b data-path-to-node=\"18,1,0\" data-index-in-node=\"0\">Marki produkt\u00f3w outdoorowych i przygodowych:<\/b> Wytrzyma\u0142y nylon i karabi\u0144czyk idealnie wpisuj\u0105 si\u0119 w wizerunek osoby lubi\u0105cej aktywny tryb \u017cycia.<\/p>\n<\/li>\n<li>\n<p data-path-to-node=\"18,2,0\"><b data-path-to-node=\"18,2,0\" data-index-in-node=\"0\">Prezenty firmowe:<\/b> Mi\u0142a w dotyku, wysokiej jako\u015bci alternatywa dla standardowych brelok\u00f3w poliestrowych do pakiet\u00f3w powitalnych dla pracownik\u00f3w.<\/p>\n<\/li>\n<li>\n<p data-path-to-node=\"18,3,0\"><b data-path-to-node=\"18,3,0\" data-index-in-node=\"0\">Agenci nieruchomo\u015bci:<\/b> Trwa\u0142y i niezapomniany brelok do kluczy z okazji przekazania nowego strona g\u0142\u00f3wnau.<\/p>\n<\/li>\n<\/ul>","protected":false},"excerpt":{"rendered":"<ul>\n<li>\n<p data-path-to-node=\"11,0,0\"><b data-path-to-node=\"11,0,0\" data-index-in-node=\"0\">Branding dotykowy 3D:<\/b> Wypuk\u0142y nadruk silikonowy tworzy trwa\u0142y efekt logo najwy\u017cszej jako\u015bci.<\/p>\n<\/li>\n<li>\n<p data-path-to-node=\"11,1,0\"><b data-path-to-node=\"11,1,0\" data-index-in-node=\"0\">Materia\u0142 o du\u017cej wytrzyma\u0142o\u015bci:<\/b> Wykonane z mocnej, odpornej na zu\u017cycie ta\u015bmy nylonowej.<\/p>\n<\/li>\n<li>\n<p data-path-to-node=\"11,2,0\"><b data-path-to-node=\"11,2,0\" data-index-in-node=\"0\">Wszechstronny osprz\u0119t:<\/b> W zestawie znajduje si\u0119 karabi\u0144czyk i standardowy pier\u015bcie\u0144 dzielony.<\/p>\n<\/li>\n<li>\n<p data-path-to-node=\"11,3,0\"><b data-path-to-node=\"11,3,0\" data-index-in-node=\"0\">W pe\u0142ni dostosowane:<\/b> Dost\u0119pna jest wersja Pantone z kolorem paska i nadruku.<\/p>\n<\/li>\n<\/ul>","protected":false},"featured_media":6655,"comment_status":"closed","ping_status":"closed","template":"","meta":[],"product_brand":[],"product_cat":[94],"product_tag":[],"class_list":{"0":"post-3045","1":"product","2":"type-product","3":"status-publish","4":"has-post-thumbnail","6":"product_cat-keychains","8":"first","9":"instock","10":"shipping-taxable","11":"purchasable","12":"product-type-simple"},"_links":{"self":[{"href":"https:\/\/displayproducts.eu\/pl\/wp-json\/wp\/v2\/product\/3045","targetHints":{"allow":["GET"]}}],"collection":[{"href":"https:\/\/displayproducts.eu\/pl\/wp-json\/wp\/v2\/product"}],"about":[{"href":"https:\/\/displayproducts.eu\/pl\/wp-json\/wp\/v2\/types\/product"}],"replies":[{"embeddable":true,"href":"https:\/\/displayproducts.eu\/pl\/wp-json\/wp\/v2\/comments?post=3045"}],"wp:featuredmedia":[{"embeddable":true,"href":"https:\/\/displayproducts.eu\/pl\/wp-json\/wp\/v2\/media\/6655"}],"wp:attachment":[{"href":"https:\/\/displayproducts.eu\/pl\/wp-json\/wp\/v2\/media?parent=3045"}],"wp:term":[{"taxonomy":"product_brand","embeddable":true,"href":"https:\/\/displayproducts.eu\/pl\/wp-json\/wp\/v2\/product_brand?post=3045"},{"taxonomy":"product_cat","embeddable":true,"href":"https:\/\/displayproducts.eu\/pl\/wp-json\/wp\/v2\/product_cat?post=3045"},{"taxonomy":"product_tag","embeddable":true,"href":"https:\/\/displayproducts.eu\/pl\/wp-json\/wp\/v2\/product_tag?post=3045"}],"curies":[{"name":"wp","href":"https:\/\/api.w.org\/{rel}","templated":true}]}}