{"id":2765,"date":"2025-01-07T16:34:40","date_gmt":"2025-01-07T13:34:40","guid":{"rendered":"https:\/\/wristbandfactory.eu\/toode\/nylon-deep-woven-lanyard\/"},"modified":"2026-04-01T21:52:36","modified_gmt":"2026-04-01T18:52:36","slug":"nylon-deep-woven-lanyard","status":"publish","type":"product","link":"https:\/\/displayproducts.eu\/pl\/p\/nylon-deep-woven-lanyard\/","title":{"rendered":"Nylonowe, g\u0142\u0119boko tkane smycze z niestandardowym logo"},"content":{"rendered":"<p data-path-to-node=\"8\">Podnie\u015b profesjonalny wizerunek swojej marki dzi\u0119ki naszym nylonowym smyczom g\u0142\u0119boko tkanym. W przeciwie\u0144stwie do standardowych smyczy z nadrukiem, te smycze posiadaj\u0105 jednokolorowe logo wplecione bezpo\u015brednio w nylonow\u0105 wst\u0105\u017ck\u0119. Ta technika \u201cg\u0142\u0119bokiego tkania\u201d tworzy subtelny efekt wkl\u0119s\u0142o\u015bci, nadaj\u0105c produktowi wyrafinowany, teksturowany wygl\u0105d, kt\u00f3ry \u015bwiadczy o jako\u015bci i dba\u0142o\u015bci o detale.<\/p>\n<h2 data-path-to-node=\"9\">G\u0142\u00f3wne cechy<\/h2>\n<ul data-path-to-node=\"10\">\n<li>\n<p data-path-to-node=\"10,0,0\"><b data-path-to-node=\"10,0,0\" data-index-in-node=\"0\">Materia\u0142 premium:<\/b> Wykonane z g\u0119stego nylonu 100%, zapewniaj\u0105cego g\u0142adsze i bardziej l\u015bni\u0105ce wyko\u0144czenie ni\u017c standardowy poliester.<\/p>\n<\/li>\n<li>\n<p data-path-to-node=\"10,1,0\"><b data-path-to-node=\"10,1,0\" data-index-in-node=\"0\">Integracja logo tkanego:<\/b> Logo stanowi cz\u0119\u015b\u0107 materia\u0142u, co oznacza, \u017ce nigdy nie wyblaknie, nie odklei si\u0119 ani nie pop\u0119ka, nawet po d\u0142u\u017cszym u\u017cytkowaniu.<\/p>\n<\/li>\n<li>\n<p data-path-to-node=\"10,2,0\"><b data-path-to-node=\"10,2,0\" data-index-in-node=\"0\">Estetyka wkl\u0119s\u0142a:<\/b> Zag\u0142\u0119bione logo daje wra\u017cenie profesjonalnego, tr\u00f3jwymiarowego wygl\u0105du bez krucho\u015bci tradycyjnego t\u0142oczenia.<\/p>\n<\/li>\n<li>\n<p data-path-to-node=\"10,3,0\"><b data-path-to-node=\"10,3,0\" data-index-in-node=\"0\">Kompatybilno\u015b\u0107 sprz\u0119towa:<\/b> Mo\u017cna go uzupe\u0142ni\u0107 solidnym czarnym karabinkiem (ATT5\/H) lub innymi niestandardowymi elementami mocuj\u0105cymi, takimi jak hamulce bezpiecze\u0144stwa i klamry.<\/p>\n<\/li>\n<li>\n<p data-path-to-node=\"10,4,0\"><b data-path-to-node=\"10,4,0\" data-index-in-node=\"0\">Branding dwustronny:<\/b> Mo\u017cliwo\u015b\u0107 dopasowania wzor\u00f3w tkanych po obu stronach dla uzyskania sp\u00f3jnego wygl\u0105du.<\/p>\n<\/li>\n<\/ul>\n<h2 data-path-to-node=\"11\">Specyfikacje<\/h2>\n<ul data-path-to-node=\"12\">\n<li>\n<p data-path-to-node=\"12,0,0\"><b data-path-to-node=\"12,0,0\" data-index-in-node=\"0\">Tworzywo:<\/b> 100% wytrzyma\u0142y, wysokiej jako\u015bci nylon.<\/p>\n<\/li>\n<li>\n<p data-path-to-node=\"12,1,0\"><b data-path-to-node=\"12,1,0\" data-index-in-node=\"0\">Szeroko\u015b\u0107:<\/b> 25 mm lub 30 mm (optymalne w przypadku skomplikowanych logotyp\u00f3w).<\/p>\n<\/li>\n<li>\n<p data-path-to-node=\"12,2,0\"><b data-path-to-node=\"12,2,0\" data-index-in-node=\"0\">D\u0142ugo\u015b\u0107:<\/b> Standardowa (900 mm) lub kr\u00f3tka (200 mm).<\/p>\n<\/li>\n<li>\n<p data-path-to-node=\"12,3,0\"><b data-path-to-node=\"12,3,0\" data-index-in-node=\"0\">Projekt logo:<\/b> Tkanina jednokolorowa (efekt wkl\u0119s\u0142y\/wkl\u0119s\u0142y).<\/p>\n<\/li>\n<li>\n<p data-path-to-node=\"12,4,0\"><b data-path-to-node=\"12,4,0\" data-index-in-node=\"0\">Kolor bazowy:<\/b> Standardowa czer\u0144 (z w\u0142asnym nadrukiem odcienie Pantone dost\u0119pne na \u017cyczenie).<\/p>\n<\/li>\n<li>\n<p data-path-to-node=\"12,5,0\"><b data-path-to-node=\"12,5,0\" data-index-in-node=\"0\">Minimalna ilo\u015b\u0107 zam\u00f3wienia:<\/b> 100 sztuk.<\/p>\n<\/li>\n<\/ul>","protected":false},"excerpt":{"rendered":"<p data-path-to-node=\"6\">Wzboga\u0107 identyfikacj\u0119 wizualn\u0105 swojej firmy dzi\u0119ki naszym wysokiej jako\u015bci, g\u0142\u0119boko tkanym smyczom nylonowym. Smycze te oferuj\u0105 wyj\u0105tkowe, przyjemne w dotyku wyko\u0144czenie, w kt\u00f3rym logo jest zintegrowane bezpo\u015brednio ze splotem tkaniny, co zapewnia maksymaln\u0105 trwa\u0142o\u015b\u0107.<\/p>\n<ul data-path-to-node=\"7\">\n<li>\n<p data-path-to-node=\"7,0,0\"><b data-path-to-node=\"7,0,0\" data-index-in-node=\"0\">Wy\u017csza trwa\u0142o\u015b\u0107:<\/b> Wysokiej jako\u015bci nylon 100% przeznaczony do intensywnego, codziennego u\u017cytku.<\/p>\n<\/li>\n<li>\n<p data-path-to-node=\"7,1,0\"><b data-path-to-node=\"7,1,0\" data-index-in-node=\"0\">Ekskluzywna marka:<\/b> Zag\u0142\u0119bione, tkane logo nadaje produktowi ekskluzywny, wyt\u0142oczony wygl\u0105d.<\/p>\n<\/li>\n<li>\n<p data-path-to-node=\"7,2,0\"><b data-path-to-node=\"7,2,0\" data-index-in-node=\"0\">Wszechstronne opcje:<\/b> Dost\u0119pne w d\u0142ugo\u015bciach standardowych i kr\u00f3tkich do r\u00f3\u017cnych zastosowa\u0144 B2B.<\/p>\n<\/li>\n<li>\n<p data-path-to-node=\"7,3,0\"><b data-path-to-node=\"7,3,0\" data-index-in-node=\"0\">Pe\u0142na personalizacja:<\/b> Wybierz spo\u015br\u00f3d wielu szeroko\u015bci i niestandardowych kolor\u00f3w Pantone.<\/p>\n<\/li>\n<\/ul>","protected":false},"featured_media":2748,"comment_status":"closed","ping_status":"closed","template":"","meta":[],"product_brand":[],"product_cat":[43,108],"product_tag":[],"class_list":{"0":"post-2765","1":"product","2":"type-product","3":"status-publish","4":"has-post-thumbnail","6":"product_cat-lanyards","7":"product_cat-multifunctional-lanyards","9":"first","10":"instock","11":"shipping-taxable","12":"purchasable","13":"product-type-simple"},"_links":{"self":[{"href":"https:\/\/displayproducts.eu\/pl\/wp-json\/wp\/v2\/product\/2765","targetHints":{"allow":["GET"]}}],"collection":[{"href":"https:\/\/displayproducts.eu\/pl\/wp-json\/wp\/v2\/product"}],"about":[{"href":"https:\/\/displayproducts.eu\/pl\/wp-json\/wp\/v2\/types\/product"}],"replies":[{"embeddable":true,"href":"https:\/\/displayproducts.eu\/pl\/wp-json\/wp\/v2\/comments?post=2765"}],"wp:featuredmedia":[{"embeddable":true,"href":"https:\/\/displayproducts.eu\/pl\/wp-json\/wp\/v2\/media\/2748"}],"wp:attachment":[{"href":"https:\/\/displayproducts.eu\/pl\/wp-json\/wp\/v2\/media?parent=2765"}],"wp:term":[{"taxonomy":"product_brand","embeddable":true,"href":"https:\/\/displayproducts.eu\/pl\/wp-json\/wp\/v2\/product_brand?post=2765"},{"taxonomy":"product_cat","embeddable":true,"href":"https:\/\/displayproducts.eu\/pl\/wp-json\/wp\/v2\/product_cat?post=2765"},{"taxonomy":"product_tag","embeddable":true,"href":"https:\/\/displayproducts.eu\/pl\/wp-json\/wp\/v2\/product_tag?post=2765"}],"curies":[{"name":"wp","href":"https:\/\/api.w.org\/{rel}","templated":true}]}}