{"id":1382,"date":"2024-07-17T13:03:02","date_gmt":"2024-07-17T10:03:02","guid":{"rendered":"https:\/\/wristbandfactory.eu\/toode\/lanyard-made-of-1-5-cm-rpet-with-cup-holder-sublimation-print\/"},"modified":"2026-04-01T21:52:36","modified_gmt":"2026-04-01T18:52:36","slug":"printed-lanyards-with-cup-holder","status":"publish","type":"product","link":"https:\/\/displayproducts.eu\/pl\/p\/printed-lanyards-with-cup-holder\/","title":{"rendered":"Smycze z nadrukiem i uchwytem na kubek"},"content":{"rendered":"<div class=\"flex flex-grow flex-col max-w-full\">\n<div class=\"min-h-[20px] text-message flex flex-col items-start whitespace-pre-wrap break-words [.text-message+&amp;]:mt-5 juice:w-full juice:items-end overflow-x-auto gap-2\" dir=\"auto\" data-message-author-role=\"assistant\" data-message-id=\"29d0cc2f-9703-4b46-a2f3-f0401257c60f\">\n<div class=\"flex w-full flex-col gap-1 juice:empty:hidden juice:first:pt-[3px]\">\n<div class=\"markdown prose w-full break-words dark:prose-invert light\">\n<p>Ulepsz wra\u017cenia uczestnik\u00f3w na swoim kolejnym festiwalu, konferencji lub imprezie plenerowej. Nasze drukowane smycze z uchwytami na kubki to niezwykle praktyczne rozwi\u0105zanie, pozwalaj\u0105ce go\u015bciom, personelowi lub VIP-om zachowa\u0107 swobod\u0119 r\u0105k, a jednocze\u015bnie zapewniaj\u0105ce widoczno\u015b\u0107 marki.<\/p>\n<p>Ta funkcjonalna smycz wykonana jest z mocnego, tkanego poliestru RPET, co \u015bwiadczy o zaanga\u017cowaniu Twojej marki w zr\u00f3wnowa\u017cone wybory. Cena obejmuje \u017cywy, pe\u0142nokolorowy nadruk sublimacyjny po obu stronach, idealny do z\u0142o\u017conych logotyp\u00f3w, szczeg\u00f3\u0142owych projekt\u00f3w i nieograniczonej liczby kolor\u00f3w. Elastyczny, uniwersalny silikonowy uchwyt na kubek (\u015brednica 6 cm) pewnie trzyma wi\u0119kszo\u015b\u0107 standardowych kubk\u00f3w eventowych (uwaga: kubek nie jest do\u0142\u0105czony). Ta smycz to idealny dodatek na ka\u017cd\u0105 imprez\u0119, na kt\u00f3rej serwowane s\u0105 napoje, zapewniaj\u0105c Twojej marce eksponowanie si\u0119 w centrum uwagi.<\/p>\n<p><b>G\u0142\u00f3wne cechy:<\/b><\/p>\n<ul>\n<li><b>Tworzywo:<\/b> 1,5 cm mocny tkany RPET (poliester z recyklingu)<\/li>\n<li><b>Uchwyt:<\/b> Silikon uniwersalny (\u00d8 6 cm)<\/li>\n<li><b>Druk:<\/b> Nadruk sublimacyjny w pe\u0142nym kolorze (obustronny)<\/li>\n<li><b>Korzy\u015b\u0107:<\/b> Pozwala zachowa\u0107 wolne r\u0119ce; idealne do program\u00f3w z kubkami wielokrotnego u\u017cytku<\/li>\n<li><b>Idealny dla:<\/b> Festiwale, koncerty, targi i wyjazdy firmowe<\/li>\n<li><b>Pochodzenie:<\/b> Wyprodukowano w Europie<\/li>\n<\/ul>\n<p>&nbsp;<\/p>\n<\/div>\n<\/div>\n<\/div>\n<\/div>","protected":false},"excerpt":{"rendered":"<ul>\n<li>Zapewnia wygod\u0119 korzystania z urz\u0105dze\u0144 bez u\u017cycia r\u0105k na festiwalach i imprezach plenerowych.<\/li>\n<li>Pe\u0142nokolorowy, dwustronny nadruk sublimacyjny zapewniaj\u0105cy maksymaln\u0105 widoczno\u015b\u0107 marki.<\/li>\n<li>Wykonane z trwa\u0142ego, ekologicznego materia\u0142u RPET (z recyklingu).<\/li>\n<li>Uniwersalny silikonowy uchwyt (\u00d8 6 cm) pasuje do wi\u0119kszo\u015bci kubk\u00f3w wielokrotnego u\u017cytku.<\/li>\n<\/ul>","protected":false},"featured_media":6564,"comment_status":"closed","ping_status":"closed","template":"","meta":[],"product_brand":[],"product_cat":[43,108,68,119],"product_tag":[],"class_list":{"0":"post-1382","1":"product","2":"type-product","3":"status-publish","4":"has-post-thumbnail","6":"product_cat-lanyards","7":"product_cat-multifunctional-lanyards","8":"product_cat-event-supplies","9":"product_cat-drinkware-accessories","11":"first","12":"instock","13":"shipping-taxable","14":"purchasable","15":"product-type-simple"},"_links":{"self":[{"href":"https:\/\/displayproducts.eu\/pl\/wp-json\/wp\/v2\/product\/1382","targetHints":{"allow":["GET"]}}],"collection":[{"href":"https:\/\/displayproducts.eu\/pl\/wp-json\/wp\/v2\/product"}],"about":[{"href":"https:\/\/displayproducts.eu\/pl\/wp-json\/wp\/v2\/types\/product"}],"replies":[{"embeddable":true,"href":"https:\/\/displayproducts.eu\/pl\/wp-json\/wp\/v2\/comments?post=1382"}],"wp:featuredmedia":[{"embeddable":true,"href":"https:\/\/displayproducts.eu\/pl\/wp-json\/wp\/v2\/media\/6564"}],"wp:attachment":[{"href":"https:\/\/displayproducts.eu\/pl\/wp-json\/wp\/v2\/media?parent=1382"}],"wp:term":[{"taxonomy":"product_brand","embeddable":true,"href":"https:\/\/displayproducts.eu\/pl\/wp-json\/wp\/v2\/product_brand?post=1382"},{"taxonomy":"product_cat","embeddable":true,"href":"https:\/\/displayproducts.eu\/pl\/wp-json\/wp\/v2\/product_cat?post=1382"},{"taxonomy":"product_tag","embeddable":true,"href":"https:\/\/displayproducts.eu\/pl\/wp-json\/wp\/v2\/product_tag?post=1382"}],"curies":[{"name":"wp","href":"https:\/\/api.w.org\/{rel}","templated":true}]}}