{"id":1318,"date":"2024-07-15T16:02:04","date_gmt":"2024-07-15T13:02:04","guid":{"rendered":"https:\/\/wristbandfactory.eu\/toode\/reflective-wristbands-with-your-logo-or-text\/"},"modified":"2026-04-01T21:52:36","modified_gmt":"2026-04-01T18:52:36","slug":"custom-reflective-wristbands","status":"publish","type":"product","link":"https:\/\/displayproducts.eu\/pl\/p\/custom-reflective-wristbands\/","title":{"rendered":"Z w\u0142asnym nadrukiem opaski odblaskowe"},"content":{"rendered":"<div id=\"row-1593974699\" class=\"row\">\n<div id=\"col-995438329\" class=\"col large-12\">\n<div class=\"col-inner\">\n<div id=\"row-791971907\" class=\"row\">\n<div id=\"col-16588895\" class=\"col medium-6 small-12 large-6\">\n<div class=\"col-inner\">\n<p>Odblaskowa opaska na nadgarstek to gad\u017cet poprawiaj\u0105cy bezpiecze\u0144stwo na drodze, ale jednocze\u015bnie \u015bwietny gad\u017cet, kt\u00f3ry doda koloru ka\u017cdej okazji i z pewno\u015bci\u0105 przyci\u0105gnie uwag\u0119. Nadruk na niej nie pozostanie niezauwa\u017cony!<\/p>\n<\/div>\n<\/div>\n<\/div>\n<\/div>\n<\/div>\n<\/div>\n<div id=\"row-409931730\" class=\"row row-collapse row-full-width\">\n<div id=\"col-2034900180\" class=\"col medium-6 small-12 large-6\">\n<div class=\"col-inner\">\n<div id=\"banner-1604496982\" class=\"banner has-hover\">\n<div class=\"banner-inner fill\">\n<div class=\"banner-bg fill\">\n<div id=\"col-1323287833\" class=\"col medium-6 small-12 large-6\">\n<div class=\"col-inner\">\n<div id=\"banner-2078467548\" class=\"banner has-hover\">\n<div class=\"banner-inner fill\">\n<div class=\"banner-layers container\">\n<div id=\"text-box-1244032241\" class=\"text-box banner-layer x50 md-x50 lg-x50 y50 md-y50 lg-y50 res-text\">\n<div class=\"text-box-content text\">\n<div class=\"text-inner text-left\">\n<p>Opaski \u015bwietnie sprawdzaj\u0105 si\u0119 przez ca\u0142\u0105 dob\u0119, zw\u0142aszcza w nocy, kiedy wida\u0107 ich w\u0142a\u015bciwo\u015bci odblaskowe. Dzi\u0119ki temu logo naniesione na paski b\u0119dzie wyra\u017anie widoczne zar\u00f3wno w dzie\u0144, jak i po zmroku!<\/p>\n<\/div>\n<\/div>\n<\/div>\n<\/div>\n<\/div>\n<\/div>\n<\/div>\n<\/div>\n<div id=\"col-127032908\" class=\"col medium-6 small-12 large-6 small-col-first\">\n<div class=\"col-inner\">\n<div id=\"banner-57269498\" class=\"banner has-hover\">\n<div class=\"banner-inner fill\">\n<div class=\"banner-bg fill\">\n<div id=\"row-949958656\" class=\"row row-collapse row-full-width\">\n<div id=\"col-29993759\" class=\"col medium-6 small-12 large-6\">\n<div class=\"col-inner\">\n<div id=\"banner-473447867\" class=\"banner has-hover\">\n<div class=\"banner-inner fill\">\n<div class=\"banner-layers container\">\n<div id=\"text-box-1373704033\" class=\"text-box banner-layer x50 md-x50 lg-x50 y50 md-y50 lg-y50 res-text\">\n<div class=\"text-box-content text\">\n<div class=\"text-inner text-center\">\n<p>Opaski odblaskowe to niezast\u0105piony element ubioru w niepogod\u0119 i wieczorem \u2013 dzi\u0119ki nim uczestnicy ruchu drogowego b\u0119d\u0105 lepiej widoczni, a co za tym idzie, bezpieczniejsi.<\/p>\n<\/div>\n<\/div>\n<\/div>\n<\/div>\n<\/div>\n<\/div>\n<\/div>\n<\/div>\n<\/div>\n<div id=\"row-402527630\" class=\"row row-collapse row-full-width\">\n<div id=\"col-2059071681\" class=\"col medium-6 small-12 large-6\">\n<div class=\"col-inner\">\n<div id=\"banner-1670317913\" class=\"banner has-hover\">\n<div class=\"banner-inner fill\">\n<div class=\"banner-bg fill\">\n<div id=\"col-2059071681\" class=\"col medium-6 small-12 large-6\">\n<div class=\"col-inner\">\n<div id=\"banner-1670317913\" class=\"banner has-hover\">\n<div class=\"banner-inner fill\">\n<div class=\"banner-layers container\">\n<div id=\"text-box-659831637\" class=\"text-box banner-layer x50 md-x50 lg-x50 y50 md-y50 lg-y50 res-text\">\n<div class=\"text-box-content text\">\n<div class=\"text-inner text-left\">\n<p>Dzi\u0119ki zapi\u0119ciu na zatrzask, opaski s\u0105 bardzo \u0142atwe w zak\u0142adaniu \u2013 mo\u017cna je nosi\u0107 na nadgarstku, kostce, nodze lub ramieniu. Mog\u0105 z nich korzysta\u0107 piesi, motocykli\u015bci i rowerzy\u015bci.<\/p>\n<\/div>\n<\/div>\n<\/div>\n<\/div>\n<\/div>\n<\/div>\n<\/div>\n<\/div>\n<div id=\"col-1243778745\" class=\"col medium-6 small-12 large-6 small-col-first\">\n<div class=\"col-inner\">\n<div id=\"banner-1632419446\" class=\"banner has-hover\">\n<div class=\"banner-inner fill\">\n<div class=\"banner-bg fill\">\n<p>Oferujemy opaski odblaskowe w 3 rozmiarach \u2014 30, 34 i 40 cm, na kt\u00f3rych nadrukujemy Tw\u00f3j tekst lub grafik\u0119. Je\u015bli nie masz projektu, zrobimy go dla Ciebie! Spodnia warstwa opaski mo\u017ce by\u0107 wykonana z PVC lub aksamitu w dowolnym kolorze. Dostarczamy opaski odblaskowe tanio i szybko, czas realizacji od 2 dni roboczych. Minimalne zapytanie ofertowe to 100 sztuk.<\/p>\n<p><strong>Dane techniczne:<\/strong><\/p>\n<ul>\n<li>Rozmiary opaski: 30 x 3 cm, 34 x 3 cm, 40 x 3 cm<\/li>\n<li>Materia\u0142: PVC \/ Plastik \/ Metal<\/li>\n<li>Technologia znakowania: Tampodruk<\/li>\n<li>Rozmiar element\u00f3w do druku: 55 x 18 mm<\/li>\n<li>Kolor element\u00f3w nadruku: dowolny z palety Pantone<\/li>\n<\/ul>\n<\/div>\n<\/div>\n<\/div>\n<\/div>\n<\/div>\n<\/div>\n<\/div>\n<\/div>\n<\/div>\n<\/div>\n<\/div>\n<\/div>\n<\/div>\n<\/div>\n<\/div>\n<\/div>\n<\/div>\n<\/div>\n<\/div>\n<\/div>\n<\/div>\n<\/div>","protected":false},"excerpt":{"rendered":"<div>\n<p class=\"text-gray-500\">Odblaskowa opaska na nadgarstek to gad\u017cet poprawiaj\u0105cy bezpiecze\u0144stwo na drodze, ale jednocze\u015bnie \u015bwietny gad\u017cet, kt\u00f3ry doda koloru ka\u017cdej okazji i z pewno\u015bci\u0105 przyci\u0105gnie uwag\u0119. Nadruk na niej nie pozostanie niezauwa\u017cony!<\/p>\n<\/div>","protected":false},"featured_media":465,"comment_status":"closed","ping_status":"closed","template":"","meta":[],"product_brand":[],"product_cat":[45],"product_tag":[],"class_list":{"0":"post-1318","1":"product","2":"type-product","3":"status-publish","4":"has-post-thumbnail","6":"product_cat-other","8":"first","9":"instock","10":"shipping-taxable","11":"purchasable","12":"product-type-simple"},"_links":{"self":[{"href":"https:\/\/displayproducts.eu\/pl\/wp-json\/wp\/v2\/product\/1318","targetHints":{"allow":["GET"]}}],"collection":[{"href":"https:\/\/displayproducts.eu\/pl\/wp-json\/wp\/v2\/product"}],"about":[{"href":"https:\/\/displayproducts.eu\/pl\/wp-json\/wp\/v2\/types\/product"}],"replies":[{"embeddable":true,"href":"https:\/\/displayproducts.eu\/pl\/wp-json\/wp\/v2\/comments?post=1318"}],"wp:featuredmedia":[{"embeddable":true,"href":"https:\/\/displayproducts.eu\/pl\/wp-json\/wp\/v2\/media\/465"}],"wp:attachment":[{"href":"https:\/\/displayproducts.eu\/pl\/wp-json\/wp\/v2\/media?parent=1318"}],"wp:term":[{"taxonomy":"product_brand","embeddable":true,"href":"https:\/\/displayproducts.eu\/pl\/wp-json\/wp\/v2\/product_brand?post=1318"},{"taxonomy":"product_cat","embeddable":true,"href":"https:\/\/displayproducts.eu\/pl\/wp-json\/wp\/v2\/product_cat?post=1318"},{"taxonomy":"product_tag","embeddable":true,"href":"https:\/\/displayproducts.eu\/pl\/wp-json\/wp\/v2\/product_tag?post=1318"}],"curies":[{"name":"wp","href":"https:\/\/api.w.org\/{rel}","templated":true}]}}