{"id":1314,"date":"2024-07-15T20:47:33","date_gmt":"2024-07-15T17:47:33","guid":{"rendered":"https:\/\/wristbandfactory.eu\/toode\/sublimation-printed-ribbons\/"},"modified":"2026-04-01T21:52:36","modified_gmt":"2026-04-01T18:52:36","slug":"sublimation-printed-ribbons","status":"publish","type":"product","link":"https:\/\/displayproducts.eu\/pl\/p\/sublimation-printed-ribbons\/","title":{"rendered":"Wst\u0105\u017cki z nadrukiem"},"content":{"rendered":"<p data-path-to-node=\"8\">Podnie\u015b poziom wra\u017ce\u0144 z rozpakowywania produkt\u00f3w swojej marki dzi\u0119ki naszym spersonalizowanym wst\u0105\u017ckom z nadrukiem sublimacyjnym. W przeciwie\u0144stwie do tradycyjnych metod, technologia sublimacji barwi w\u0142\u00f3kna tkaniny bezpo\u015brednio, umo\u017cliwiaj\u0105c uzyskanie \u017cywych, pe\u0142nych kolor\u00f3w, idealnie dopasowanych do palety barw Twojej marki. Ten model idealnie nadaje si\u0119 na premiery produkt\u00f3w, \u015bwi\u0105teczne kosze upominkowe i akcenty na wydarzeniach VIP. G\u0142adka satyna pi\u0119knie uk\u0142ada si\u0119 wok\u00f3\u0142 pude\u0142ek i toreb, podkre\u015blaj\u0105c dba\u0142o\u015b\u0107 o szczeg\u00f3\u0142y i najwy\u017csz\u0105 jako\u015b\u0107.<\/p>\n<h2 data-path-to-node=\"9\">G\u0142\u00f3wne cechy<\/h2>\n<ul data-path-to-node=\"10\">\n<li>\n<p data-path-to-node=\"10,0,0\"><b data-path-to-node=\"10,0,0\" data-index-in-node=\"0\">Pe\u0142nokolorowa reprodukcja CMYK:<\/b> Odtwarzaj z\u0142o\u017cone loga z cieniami i gradientami z idealn\u0105 przejrzysto\u015bci\u0105.<\/p>\n<\/li>\n<li>\n<p data-path-to-node=\"10,1,0\"><b data-path-to-node=\"10,1,0\" data-index-in-node=\"0\">Trwa\u0142y nadruk Soft-Touch:<\/b> Wst\u0105\u017cka pozostaje mi\u0119kka w dotyku, a nadruk jest trwa\u0142y i odporny na rozmazywanie.<\/p>\n<\/li>\n<li>\n<p data-path-to-node=\"10,2,0\"><b data-path-to-node=\"10,2,0\" data-index-in-node=\"0\">Zr\u00f3wnowa\u017cona jako\u015b\u0107:<\/b> Trwa\u0142o\u015b\u0107 satyny poliestrowej zach\u0119ca do ponownego wykorzystania, zwi\u0119kszaj\u0105c widoczno\u015b\u0107 marki.<\/p>\n<\/li>\n<li>\n<p data-path-to-node=\"10,3,0\"><b data-path-to-node=\"10,3,0\" data-index-in-node=\"0\">Niestandardowy projekt od kraw\u0119dzi do kraw\u0119dzi:<\/b> Wykorzystaj ca\u0142\u0105 szeroko\u015b\u0107, \u0142\u0105cznie z p\u0142ynnie p\u0142yn\u0105cymi kolorami t\u0142a.<\/p>\n<\/li>\n<\/ul>\n<h2 data-path-to-node=\"11\">Specyfikacje<\/h2>\n<ul data-path-to-node=\"12\">\n<li>\n<p data-path-to-node=\"12,0,0\"><b data-path-to-node=\"12,0,0\" data-index-in-node=\"0\">Tworzywo:<\/b> Wysokiej jako\u015bci satyna poliestrowa (zoptymalizowana pod k\u0105tem sublimacji).<\/p>\n<\/li>\n<li>\n<p data-path-to-node=\"12,1,0\"><b data-path-to-node=\"12,1,0\" data-index-in-node=\"0\">Technika druku:<\/b> Pe\u0142nokolorowa sublimacja CMYK.<\/p>\n<\/li>\n<li>\n<p data-path-to-node=\"12,2,0\"><b data-path-to-node=\"12,2,0\" data-index-in-node=\"0\">Dost\u0119pne szeroko\u015bci:<\/b> 15 mm, 20 mm, 25 mm.<\/p>\n<\/li>\n<li>\n<p data-path-to-node=\"12,3,0\"><b data-path-to-node=\"12,3,0\" data-index-in-node=\"0\">Minimalna ilo\u015b\u0107 zam\u00f3wienia (MOQ):<\/b> 100 metr\u00f3w.<\/p>\n<\/li>\n<li>\n<p data-path-to-node=\"12,4,0\"><b data-path-to-node=\"12,4,0\" data-index-in-node=\"0\">Format:<\/b> Dostarczane w profesjonalnych rolkach, co umo\u017cliwia \u0142atwe dozowanie przemys\u0142owe.<\/p>\n<\/li>\n<\/ul>\n<h2 data-path-to-node=\"13\">Przypadki u\u017cycia<\/h2>\n<ul data-path-to-node=\"14\">\n<li>\n<p data-path-to-node=\"14,0,0\"><b data-path-to-node=\"14,0,0\" data-index-in-node=\"0\">Luksusowe opakowania detaliczne:<\/b> Markowe plomby do toreb zakupowych, pude\u0142ek na bi\u017cuteri\u0119 i ekskluzywnej odzie\u017cy.<\/p>\n<\/li>\n<li>\n<p data-path-to-node=\"14,1,0\"><b data-path-to-node=\"14,1,0\" data-index-in-node=\"0\">Prezenty firmowe:<\/b> Pakowanie prezent\u00f3w dla klient\u00f3w i paczek prezentowych na koniec roku przy u\u017cyciu spersonalizowanych element\u00f3w identyfikacji korporacyjnej.<\/p>\n<\/li>\n<li>\n<p data-path-to-node=\"14,2,0\"><b data-path-to-node=\"14,2,0\" data-index-in-node=\"0\">Dekoracje na imprezy i wesela:<\/b> Tworzenie niestandardowych szarf i markowych akcent\u00f3w na ekskluzywne spotkania.<\/p>\n<\/li>\n<li>\n<p data-path-to-node=\"14,3,0\"><b data-path-to-node=\"14,3,0\" data-index-in-node=\"0\">\u017bywno\u015b\u0107 i napoje rzemie\u015blnicze:<\/b> Doskonale nadaje si\u0119 do pakowania pude\u0142ek ze s\u0142odyczami lub butelek z winem delikatesowym.<\/p>\n<\/li>\n<\/ul>","protected":false},"excerpt":{"rendered":"<p data-path-to-node=\"6\">Zmie\u0144 wygl\u0105d swojej marki dzi\u0119ki naszym niestandardowym wst\u0105\u017ckom z nadrukiem sublimacyjnym, zaprojektowanym dla mened\u017cer\u00f3w ds. marketingu i zespo\u0142\u00f3w ds. zakup\u00f3w, kt\u00f3rym zale\u017cy na profesjonalnym wyko\u0144czeniu wysokiej jako\u015bci.<\/p>\n<ul data-path-to-node=\"7\">\n<li>\n<p data-path-to-node=\"7,0,0\"><b data-path-to-node=\"7,0,0\" data-index-in-node=\"0\">Pe\u0142nokolorowa reprodukcja CMYK:<\/b> Doskona\u0142a przejrzysto\u015b\u0107 skomplikowanych logotyp\u00f3w i gradient\u00f3w bez dodatkowych koszt\u00f3w konfiguracji.<\/p>\n<\/li>\n<li>\n<p data-path-to-node=\"7,1,0\"><b data-path-to-node=\"7,1,0\" data-index-in-node=\"0\">Trwa\u0142y nadruk Soft-Touch:<\/b> Wz\u00f3r jest wtopiony w materia\u0142 metod\u0105 termiczn\u0105, co zapewnia trwa\u0142o\u015b\u0107 i wysok\u0105 jako\u015b\u0107.<\/p>\n<\/li>\n<li>\n<p data-path-to-node=\"7,2,0\"><b data-path-to-node=\"7,2,0\" data-index-in-node=\"0\">Skalowalno\u015b\u0107 B2B:<\/b> Dost\u0119pne w profesjonalnych rolkach z minimalnym zapytanie ofertowem minimalnym wynosz\u0105cym 100 metr\u00f3w.<\/p>\n<\/li>\n<li>\n<p data-path-to-node=\"7,3,0\"><b data-path-to-node=\"7,3,0\" data-index-in-node=\"0\">Personalizacja od kraw\u0119dzi do kraw\u0119dzi:<\/b> Wykorzystaj ca\u0142\u0105 szeroko\u015b\u0107, aby zapewni\u0107 bezproblemow\u0105 integracj\u0119 marki.<\/p>\n<\/li>\n<\/ul>\n<p data-path-to-node=\"8\">","protected":false},"featured_media":6268,"comment_status":"closed","ping_status":"closed","template":"","meta":[],"product_brand":[],"product_cat":[96],"product_tag":[],"class_list":{"0":"post-1314","1":"product","2":"type-product","3":"status-publish","4":"has-post-thumbnail","6":"product_cat-ribbons","8":"first","9":"instock","10":"shipping-taxable","11":"purchasable","12":"product-type-simple"},"_links":{"self":[{"href":"https:\/\/displayproducts.eu\/pl\/wp-json\/wp\/v2\/product\/1314","targetHints":{"allow":["GET"]}}],"collection":[{"href":"https:\/\/displayproducts.eu\/pl\/wp-json\/wp\/v2\/product"}],"about":[{"href":"https:\/\/displayproducts.eu\/pl\/wp-json\/wp\/v2\/types\/product"}],"replies":[{"embeddable":true,"href":"https:\/\/displayproducts.eu\/pl\/wp-json\/wp\/v2\/comments?post=1314"}],"wp:featuredmedia":[{"embeddable":true,"href":"https:\/\/displayproducts.eu\/pl\/wp-json\/wp\/v2\/media\/6268"}],"wp:attachment":[{"href":"https:\/\/displayproducts.eu\/pl\/wp-json\/wp\/v2\/media?parent=1314"}],"wp:term":[{"taxonomy":"product_brand","embeddable":true,"href":"https:\/\/displayproducts.eu\/pl\/wp-json\/wp\/v2\/product_brand?post=1314"},{"taxonomy":"product_cat","embeddable":true,"href":"https:\/\/displayproducts.eu\/pl\/wp-json\/wp\/v2\/product_cat?post=1314"},{"taxonomy":"product_tag","embeddable":true,"href":"https:\/\/displayproducts.eu\/pl\/wp-json\/wp\/v2\/product_tag?post=1314"}],"curies":[{"name":"wp","href":"https:\/\/api.w.org\/{rel}","templated":true}]}}