{"id":1307,"date":"2024-10-27T11:53:50","date_gmt":"2024-10-27T08:53:50","guid":{"rendered":"https:\/\/wristbandfactory.eu\/toode\/glow-in-the-dark-silicone-wristbands\/"},"modified":"2026-04-01T21:52:36","modified_gmt":"2026-04-01T18:52:36","slug":"glow-in-the-dark-silicone-wristbands","status":"publish","type":"product","link":"https:\/\/displayproducts.eu\/pl\/p\/glow-in-the-dark-silicone-wristbands\/","title":{"rendered":"Opaski silikonowe \u015bwiec\u0105ce w ciemno\u015bci"},"content":{"rendered":"<div class=\"mx-12 md:mx-24 lg:mx-48\">\n<div class=\"container my-8 svelte-zlsknf\">\n<div class=\"my-24 rounded-lg border-0 border-gray-700 bg-gray-100 px-16 py-24\">\n<div class=\"mt-11 !text-gray-500\">\n<p>Zadbaj o to, aby Twoja marka wyr\u00f3\u017cnia\u0142a si\u0119 d\u0142ugo po zachodzie s\u0142o\u0144ca dzi\u0119ki naszym \u015bwiec\u0105cym w ciemno\u015bci silikonowym opaskom na r\u0119k\u0119. Opaski te s\u0105 podstawowym wyborem dla organizator\u00f3w wydarze\u0144, promotor\u00f3w festiwali i mened\u017cer\u00f3w imprez korporacyjnych, kt\u00f3rzy potrzebuj\u0105 wysokiej widoczno\u015bci w warunkach s\u0142abego o\u015bwietlenia. Stanowi\u0105 skuteczne narz\u0119dzie brandingu i przepustk\u0119 wst\u0119pu do klub\u00f3w nocnych, na koncerty i wieczorne imprezy.<\/p>\n<p>Efekt \u015bwiecenia jest dodawany do silikonu i utwardza si\u0119 pod wp\u0142ywem \u015bwiat\u0142a. Aby uzyska\u0107 najlepsze rezultaty, zdecydowanie zalecamy wyb\u00f3r jasnych kolor\u00f3w bazowych (np. bia\u0142ego, zielonego, r\u00f3\u017cowego), poniewa\u017c efekt \u015bwiecenia jest mniej skuteczny na silikonie o ciemniejszych kolorach.<\/p>\n<p>Efekt ten mo\u017cna po\u0142\u0105czy\u0107 z innymi metodami personalizacji, w tym nadrukami, t\u0142oczeniami i wyt\u0142oczeniami, co pozwala na stworzenie unikalnej i funkcjonalnej opaski na r\u0119k\u0119 na Twoje wydarzenie. Dzi\u0119ki szybkiej produkcji i dostawie mo\u017cemy dotrzyma\u0107 napi\u0119tych termin\u00f3w.<\/p>\n<p><b>G\u0142\u00f3wne cechy:<\/b><\/p>\n<ul>\n<li><b>\u015awiecenie o wysokiej widoczno\u015bci:<\/b> \u0141aduje si\u0119 \u015bwiat\u0142em, zapewniaj\u0105c jasne \u015bwiat\u0142o, idealne do klub\u00f3w nocnych i na wieczorne imprezy.<\/li>\n<li><b>Trwa\u0142y silikon 100%:<\/b> Wodoodporne, wytrzyma\u0142e i wygodne do wielogodzinnego u\u017cytkowania.<\/li>\n<li><b>Szerokie mo\u017cliwo\u015bci personalizacji:<\/b> Mo\u017cna \u0142\u0105czy\u0107 z metodami znakowania metod\u0105 drukowan\u0105, t\u0142oczon\u0105 lub wyt\u0142oczon\u0105.<\/li>\n<li><b>Szybka realizacja:<\/b> Szybka produkcja i dostawa, aby sprosta\u0107 napi\u0119tym terminom wydarzenia.<\/li>\n<li><b>Wskaz\u00f3wka:<\/b> Najlepiej sprawdza si\u0119 na jasnych silikonowych bazach, daj\u0105c najsilniejszy efekt.<\/li>\n<\/ul>\n<\/div>\n<\/div>\n<\/div>\n<\/div>","protected":false},"excerpt":{"rendered":"<ul>\n<li>Wysoce widoczny efekt \u015bwiecenia gwarantuje, \u017ce Twoja marka b\u0119dzie widoczna tak\u017ce w nocy.<\/li>\n<li>Idealne na festiwale, do klub\u00f3w nocnych i wieczorne imprezy firmowe.<\/li>\n<li>Szybka produkcja i dostawa umo\u017cliwiaj\u0105ce b\u0142yskawiczne planowanie wydarze\u0144.<\/li>\n<li>Najlepsze rezultaty uzyskuje si\u0119 na silikonowych bazach w jasnych kolorach.<\/li>\n<\/ul>","protected":false},"featured_media":6131,"comment_status":"closed","ping_status":"closed","template":"","meta":[],"product_brand":[],"product_cat":[66,49],"product_tag":[],"class_list":{"0":"post-1307","1":"product","2":"type-product","3":"status-publish","4":"has-post-thumbnail","6":"product_cat-wristbands","7":"product_cat-silicone","9":"first","10":"instock","11":"shipping-taxable","12":"purchasable","13":"product-type-simple"},"_links":{"self":[{"href":"https:\/\/displayproducts.eu\/pl\/wp-json\/wp\/v2\/product\/1307","targetHints":{"allow":["GET"]}}],"collection":[{"href":"https:\/\/displayproducts.eu\/pl\/wp-json\/wp\/v2\/product"}],"about":[{"href":"https:\/\/displayproducts.eu\/pl\/wp-json\/wp\/v2\/types\/product"}],"replies":[{"embeddable":true,"href":"https:\/\/displayproducts.eu\/pl\/wp-json\/wp\/v2\/comments?post=1307"}],"wp:featuredmedia":[{"embeddable":true,"href":"https:\/\/displayproducts.eu\/pl\/wp-json\/wp\/v2\/media\/6131"}],"wp:attachment":[{"href":"https:\/\/displayproducts.eu\/pl\/wp-json\/wp\/v2\/media?parent=1307"}],"wp:term":[{"taxonomy":"product_brand","embeddable":true,"href":"https:\/\/displayproducts.eu\/pl\/wp-json\/wp\/v2\/product_brand?post=1307"},{"taxonomy":"product_cat","embeddable":true,"href":"https:\/\/displayproducts.eu\/pl\/wp-json\/wp\/v2\/product_cat?post=1307"},{"taxonomy":"product_tag","embeddable":true,"href":"https:\/\/displayproducts.eu\/pl\/wp-json\/wp\/v2\/product_tag?post=1307"}],"curies":[{"name":"wp","href":"https:\/\/api.w.org\/{rel}","templated":true}]}}