{"id":1304,"date":"2024-10-27T11:53:50","date_gmt":"2024-10-27T08:53:50","guid":{"rendered":"https:\/\/wristbandfactory.eu\/toode\/silicone-wristbands\/"},"modified":"2026-04-01T21:52:04","modified_gmt":"2026-04-01T18:52:04","slug":"wide-printed-silicone-wristbands-25mm","status":"publish","type":"product","link":"https:\/\/displayproducts.eu\/pl\/p\/wide-printed-silicone-wristbands-25mm\/","title":{"rendered":"Szerokie, drukowane silikonowe opaski na nadgarstek (25 mm)"},"content":{"rendered":"<p>Zaprojektowane z my\u015bl\u0105 o maksymalnej widoczno\u015bci, te opaski o szeroko\u015bci 25 mm (1 cala) to najlepszy wyb\u00f3r dla organizator\u00f3w wydarze\u0144 i festiwali, kt\u00f3rzy chc\u0105, aby ich branding wyr\u00f3\u017cnia\u0142 si\u0119 w t\u0142umie. Du\u017ca powierzchnia idealnie nadaje si\u0119 do umieszczania skomplikowanych logotyp\u00f3w, szczeg\u00f3\u0142owych tekst\u00f3w i przyci\u0105gaj\u0105cych wzrok wzor\u00f3w. Wykonane z wytrzyma\u0142ego silikonu 100%, opaski te s\u0105 wygodne do noszenia przez wiele dni, wodoodporne i trwa\u0142e, stanowi\u0105c namacaln\u0105 pami\u0105tk\u0119 Twojego wydarzenia lub kampanii.<\/p>\n<p>Oferujemy pe\u0142n\u0105 personalizacj\u0119, aby idealnie dopasowa\u0107 si\u0119 do identyfikacji wizualnej Twojej marki. Nasz silikon jest zgodny z wzornikiem Pantone, co gwarantuje precyzyjne odwzorowanie kolor\u00f3w zgodnych z wytycznymi Twojej marki. Mo\u017cesz wybiera\u0107 spo\u015br\u00f3d szerokiej gamy styl\u00f3w personalizacji, aby uzyska\u0107 po\u017c\u0105dany efekt \u2013 od klasycznego sitodruku po wyrafinowane efekty t\u0142oczenia lub wyt\u0142oczenia \u2013 z mo\u017cliwo\u015bci\u0105 wype\u0142nienia kolorem, aby Tw\u00f3j projekt naprawd\u0119 si\u0119 wyr\u00f3\u017cnia\u0142.<\/p>\n<p><b>G\u0142\u00f3wne cechy:<\/b><\/p>\n<ul>\n<li><b>Bardzo szeroka powierzchnia:<\/b> Szeroko\u015b\u0107 25 mm zapewniaj\u0105ca maksymaln\u0105 widoczno\u015b\u0107 wzoru i logo.<\/li>\n<li><b>Tworzywo:<\/b> 100% wysokiej jako\u015bci, trwa\u0142y silikon.<\/li>\n<li><b>Opcje personalizacji:<\/b> Dost\u0119pne w wersji drukowanej, t\u0142oczonej, t\u0142oczonej z wype\u0142nieniem kolorowym, t\u0142oczonej i t\u0142oczonej z nadrukiem.<\/li>\n<li><b>Dopasowanie Pantone\u00ae:<\/b> Dok\u0142adne dopasowanie kolor\u00f3w do wymaga\u0144 Twojej marki.<\/li>\n<li><b>Minimalne zapytanie ofertowe:<\/b> Ju\u017c od 100 sztuk.<\/li>\n<li><b>Opakowanie:<\/b> Ka\u017cda opaska jest pakowana osobno w ochronn\u0105 torebk\u0119 foliow\u0105.<\/li>\n<li><b>Warto\u015b\u0107 dodana:<\/b> Bezp\u0142atna pomoc w projektowaniu, kt\u00f3ra pomo\u017ce Ci udoskonali\u0107 Twoje dzie\u0142o sztuki.<\/li>\n<\/ul>","protected":false},"excerpt":{"rendered":"<p>Gdy standardowe gad\u017cety promocyjne nie wystarczaj\u0105, zr\u00f3b wi\u0119ksze wra\u017cenie z naszymi szerokimi silikonowymi opaskami na r\u0119k\u0119. Oferuj\u0105c dwukrotnie wi\u0119ksz\u0105 powierzchni\u0119 ni\u017c standardowe opaski, te 25-milimetrowe opaski stanowi\u0105 wyrazisty materia\u0142 do zaprezentowania Twojej marki, gwarantuj\u0105c, \u017ce Twoje logo lub przekaz b\u0119d\u0105 nie do przeoczenia i zapami\u0119tane na d\u0142ugo po wydarzeniu.<\/p>","protected":false},"featured_media":5976,"comment_status":"closed","ping_status":"closed","template":"","meta":[],"product_brand":[],"product_cat":[66,49],"product_tag":[],"class_list":{"0":"post-1304","1":"product","2":"type-product","3":"status-publish","4":"has-post-thumbnail","6":"product_cat-wristbands","7":"product_cat-silicone","9":"first","10":"instock","11":"shipping-taxable","12":"purchasable","13":"product-type-simple"},"_links":{"self":[{"href":"https:\/\/displayproducts.eu\/pl\/wp-json\/wp\/v2\/product\/1304","targetHints":{"allow":["GET"]}}],"collection":[{"href":"https:\/\/displayproducts.eu\/pl\/wp-json\/wp\/v2\/product"}],"about":[{"href":"https:\/\/displayproducts.eu\/pl\/wp-json\/wp\/v2\/types\/product"}],"replies":[{"embeddable":true,"href":"https:\/\/displayproducts.eu\/pl\/wp-json\/wp\/v2\/comments?post=1304"}],"wp:featuredmedia":[{"embeddable":true,"href":"https:\/\/displayproducts.eu\/pl\/wp-json\/wp\/v2\/media\/5976"}],"wp:attachment":[{"href":"https:\/\/displayproducts.eu\/pl\/wp-json\/wp\/v2\/media?parent=1304"}],"wp:term":[{"taxonomy":"product_brand","embeddable":true,"href":"https:\/\/displayproducts.eu\/pl\/wp-json\/wp\/v2\/product_brand?post=1304"},{"taxonomy":"product_cat","embeddable":true,"href":"https:\/\/displayproducts.eu\/pl\/wp-json\/wp\/v2\/product_cat?post=1304"},{"taxonomy":"product_tag","embeddable":true,"href":"https:\/\/displayproducts.eu\/pl\/wp-json\/wp\/v2\/product_tag?post=1304"}],"curies":[{"name":"wp","href":"https:\/\/api.w.org\/{rel}","templated":true}]}}