{"id":1303,"date":"2024-07-15T21:28:59","date_gmt":"2024-07-15T18:28:59","guid":{"rendered":"https:\/\/wristbandfactory.eu\/toode\/vivid-wrist-silicone-keyholders-2\/"},"modified":"2026-04-01T21:52:04","modified_gmt":"2026-04-01T18:52:04","slug":"silicone-bangle-keyholders","status":"publish","type":"product","link":"https:\/\/displayproducts.eu\/pl\/p\/silicone-bangle-keyholders\/","title":{"rendered":"Silikonowe breloki do kluczy"},"content":{"rendered":"<p>Po\u0142\u0105cz praktyczno\u015b\u0107 z widoczn\u0105 mark\u0105 dzi\u0119ki naszym silikonowym brelokom na klucze. Ten produkt to skuteczne narz\u0119dzie promocyjne na eventach firmowych, w agencjach nieruchomo\u015bci lub jako funkcjonalny upominek dla pracownik\u00f3w i klient\u00f3w.<\/p>\n<p>Zaprojektowana z my\u015bl\u0105 o wygodnym noszeniu na nadgarstku, du\u017ca bransoletka o \u015brednicy 8,6 cm zapewnia bezpiecze\u0144stwo kluczy i swobod\u0119 r\u0105k. Ten model jest niezwykle praktyczny dla zapracowanych profesjonalist\u00f3w, uczestnik\u00f3w wydarze\u0144 lub pracownik\u00f3w wymagaj\u0105cych cz\u0119stego dost\u0119pu do kluczy lub brelok\u00f3w.<\/p>\n<p>Wykonany z wysokiej jako\u015bci, wytrzyma\u0142ego silikonu, ten brelok jest odporny na codzienne u\u017cytkowanie. Ka\u017cdy element jest wyposa\u017cony w solidny metalowy uchwyt, kt\u00f3ry umo\u017cliwia bezpieczne przechowywanie wielu kluczy lub kart dost\u0119pu. Dost\u0119pne w szerokiej gamie kolor\u00f3w, breloki mo\u017cna \u0142atwo dopasowa\u0107 do identyfikacji wizualnej firmy, dzi\u0119ki czemu marka pozostanie widoczna i u\u017cyteczna d\u0142ugo po wydarzeniu.<\/p>\n<p><b>G\u0142\u00f3wne cechy:<\/b><\/p>\n<ul>\n<li><b>Trwa\u0142a silikonowa bransoletka:<\/b> Du\u017cy pier\u015bcie\u0144 o \u015brednicy 8,6 cm \u0142atwo dopasowuje si\u0119 do nadgarstka, zapewniaj\u0105c wygod\u0119 noszenia bez u\u017cycia r\u0105k.<\/li>\n<li><b>Materia\u0142 wysokiej jako\u015bci:<\/b> Wykonane z najwy\u017cszej jako\u015bci, trwa\u0142ego silikonu przeznaczonego do codziennego u\u017cytku profesjonalnego.<\/li>\n<li><b>Bezpieczny metalowy brelok:<\/b> Posiada solidny metalowy pier\u015bcie\u0144, kt\u00f3ry zapewnia bezpiecze\u0144stwo kluczom i brelokom.<\/li>\n<li><b>Branding o wysokiej widoczno\u015bci:<\/b> Praktyczny gad\u017cet, dzi\u0119ki kt\u00f3remu b\u0119dziesz mie\u0107 swoj\u0105 mark\u0119 zawsze przy sobie lub na nadgarstku.<\/li>\n<li><b>Wiele opcji kolorystycznych:<\/b> Dost\u0119pne w szerokiej gamie kolor\u00f3w, kt\u00f3re dopasujesz do swojej marki korporacyjnej.<\/li>\n<\/ul>","protected":false},"excerpt":{"rendered":"<ul>\n<li>Umo\u017cliwia \u0142atwy dost\u0119p do kluczy na nadgarstku, pozwalaj\u0105c na korzystanie z nich bez u\u017cycia r\u0105k.<\/li>\n<li>Trwa\u0142a, wysokiej jako\u015bci konstrukcja silikonowa do codziennego u\u017cytku.<\/li>\n<li>Dost\u0119pne w szerokiej gamie kolor\u00f3w, kt\u00f3re dopasujesz do identyfikacji wizualnej swojej firmy.<\/li>\n<li>Praktyczny i dobrze widoczny gad\u017cet promocyjny na targi.<\/li>\n<\/ul>","protected":false},"featured_media":6668,"comment_status":"closed","ping_status":"closed","template":"","meta":[],"product_brand":[],"product_cat":[94],"product_tag":[],"class_list":{"0":"post-1303","1":"product","2":"type-product","3":"status-publish","4":"has-post-thumbnail","6":"product_cat-keychains","8":"first","9":"instock","10":"shipping-taxable","11":"purchasable","12":"product-type-simple"},"_links":{"self":[{"href":"https:\/\/displayproducts.eu\/pl\/wp-json\/wp\/v2\/product\/1303","targetHints":{"allow":["GET"]}}],"collection":[{"href":"https:\/\/displayproducts.eu\/pl\/wp-json\/wp\/v2\/product"}],"about":[{"href":"https:\/\/displayproducts.eu\/pl\/wp-json\/wp\/v2\/types\/product"}],"replies":[{"embeddable":true,"href":"https:\/\/displayproducts.eu\/pl\/wp-json\/wp\/v2\/comments?post=1303"}],"wp:featuredmedia":[{"embeddable":true,"href":"https:\/\/displayproducts.eu\/pl\/wp-json\/wp\/v2\/media\/6668"}],"wp:attachment":[{"href":"https:\/\/displayproducts.eu\/pl\/wp-json\/wp\/v2\/media?parent=1303"}],"wp:term":[{"taxonomy":"product_brand","embeddable":true,"href":"https:\/\/displayproducts.eu\/pl\/wp-json\/wp\/v2\/product_brand?post=1303"},{"taxonomy":"product_cat","embeddable":true,"href":"https:\/\/displayproducts.eu\/pl\/wp-json\/wp\/v2\/product_cat?post=1303"},{"taxonomy":"product_tag","embeddable":true,"href":"https:\/\/displayproducts.eu\/pl\/wp-json\/wp\/v2\/product_tag?post=1303"}],"curies":[{"name":"wp","href":"https:\/\/api.w.org\/{rel}","templated":true}]}}