{"id":1300,"date":"2024-10-27T11:53:51","date_gmt":"2024-10-27T08:53:51","guid":{"rendered":"https:\/\/wristbandfactory.eu\/toode\/vivid-wrist-silicone-keyholders\/"},"modified":"2026-04-01T21:52:36","modified_gmt":"2026-04-01T18:52:36","slug":"rfid-silicone-wristbands","status":"publish","type":"product","link":"https:\/\/displayproducts.eu\/pl\/p\/rfid-silicone-wristbands\/","title":{"rendered":"Silikonowe opaski RFID"},"content":{"rendered":"<p data-path-to-node=\"12\">Usprawnij logistyk\u0119 wydarze\u0144 i bezpiecze\u0144stwo obiekt\u00f3w dzi\u0119ki naszym wydajnym rozwi\u0105zaniom <b data-path-to-node=\"12\" data-index-in-node=\"100\">Z w\u0142asnym nadrukiem silikonowe opaski RFID<\/b>. \u0141\u0105cz\u0105c trwa\u0142o\u015b\u0107 wysokiej jako\u015bci silikonu z zaawansowan\u0105 technologi\u0105 identyfikacji radiowej (RFID), te opaski na r\u0119k\u0119 to idealne rozwi\u0105zanie do bezkontaktowego zarz\u0105dzania t\u0142umem. Pe\u0142ni\u0105 funkcj\u0119 noszonego klucza, portfela i identyfikatora, co czyni je niezast\u0105pionymi na festiwalach, w parkach wodnych, na si\u0142owniach i w biurach korporacyjnych.<\/p>\n<h2 data-path-to-node=\"13\">G\u0142\u00f3wne cechy<\/h2>\n<ul data-path-to-node=\"14\">\n<li>\n<p data-path-to-node=\"14,0,0\"><b data-path-to-node=\"14,0,0\" data-index-in-node=\"0\">Obs\u0142uga technologii zbli\u017ceniowej i NFC:<\/b> Kompatybilny z g\u0142\u00f3wnymi systemami (LF, HF, UHF) umo\u017cliwiaj\u0105cymi bezproblemow\u0105 kontrol\u0119 dost\u0119pu, transakcje bezgot\u00f3wkowe i \u015bledzenie czasu.<\/p>\n<\/li>\n<li>\n<p data-path-to-node=\"14,1,0\"><b data-path-to-node=\"14,1,0\" data-index-in-node=\"0\">Trwa\u0142o\u015b\u0107 w ka\u017cdych warunkach pogodowych:<\/b> Wykonane z wysokiej jako\u015bci silikonu 100%, kt\u00f3ry jest wodoodporny, odporny na ciep\u0142o i uderzenia. Idealne do wielodniowego u\u017cytkowania w trudnych warunkach, takich jak baseny czy festiwale plenerowe.<\/p>\n<\/li>\n<li>\n<p data-path-to-node=\"14,2,0\"><b data-path-to-node=\"14,2,0\" data-index-in-node=\"0\">Technologia pasywna:<\/b> Wbudowany uk\u0142ad scalony nie wymaga baterii ani \u0142adowania, co gwarantuje lata niezawodnej i bezobs\u0142ugowej pracy.<\/p>\n<\/li>\n<li>\n<p data-path-to-node=\"14,3,0\"><b data-path-to-node=\"14,3,0\" data-index-in-node=\"0\">Higiena i komfort:<\/b> Mi\u0119kki, elastyczny silikon jest hipoalergiczny, \u0142atwy do czyszczenia i wygodny do noszenia przez d\u0142u\u017cszy czas.<\/p>\n<\/li>\n<\/ul>\n<h2 data-path-to-node=\"15\">Specyfikacje<\/h2>\n<ul data-path-to-node=\"16\">\n<li>\n<p data-path-to-node=\"16,0,0\"><b data-path-to-node=\"16,0,0\" data-index-in-node=\"0\">Tworzywo:<\/b> 100% Silikon (bez lateksu).<\/p>\n<\/li>\n<li>\n<p data-path-to-node=\"16,1,0\"><b data-path-to-node=\"16,1,0\" data-index-in-node=\"0\">Technologia:<\/b> Pasywna technologia RFID \/ NFC (LF 125 kHz, HF 13,56 MHz, UHF).<\/p>\n<\/li>\n<li>\n<p data-path-to-node=\"16,2,0\"><b data-path-to-node=\"16,2,0\" data-index-in-node=\"0\">Rozmiar:<\/b> Dost\u0119pne rozmiary: standardowy dla doros\u0142ych (\u015brednica 74 mm), m\u0142odzie\u017cowy i dzieci\u0119cy.<\/p>\n<\/li>\n<li>\n<p data-path-to-node=\"16,3,0\"><b data-path-to-node=\"16,3,0\" data-index-in-node=\"0\">Personalizacja:<\/b> Sitodruk (loga\/tekst), dob\u00f3r kolor\u00f3w Pantone.<\/p>\n<\/li>\n<li>\n<p data-path-to-node=\"16,4,0\"><b data-path-to-node=\"16,4,0\" data-index-in-node=\"0\">Odporno\u015b\u0107 na wod\u0119:<\/b> Klasa ochrony IP68 (ca\u0142kowita wodoodporno\u015b\u0107).<\/p>\n<\/li>\n<\/ul>\n<h2 data-path-to-node=\"17\">Przypadki u\u017cycia<\/h2>\n<ul data-path-to-node=\"18\">\n<li>\n<p data-path-to-node=\"18,0,0\"><b data-path-to-node=\"18,0,0\" data-index-in-node=\"0\">Parki wodne i spa:<\/b> Zast\u0119puje kluczyki do szafek i portfele w wilgotnych \u015brodowiskach.<\/p>\n<\/li>\n<li>\n<p data-path-to-node=\"18,1,0\"><b data-path-to-node=\"18,1,0\" data-index-in-node=\"0\">Festiwale muzyczne:<\/b> Umo\u017cliwia szybkie wej\u015bcie i p\u0142acenie zbli\u017ceniowo za jedzenie i napoje.<\/p>\n<\/li>\n<li>\n<p data-path-to-node=\"18,2,0\"><b data-path-to-node=\"18,2,0\" data-index-in-node=\"0\">Si\u0142ownie i kluby:<\/b> Identyfikacja cz\u0142onk\u00f3w i dost\u0119p do strefy bezpiecze\u0144stwa.<\/p>\n<\/li>\n<li>\n<p data-path-to-node=\"18,3,0\"><b data-path-to-node=\"18,3,0\" data-index-in-node=\"0\">Hotele i o\u015brodki wypoczynkowe:<\/b> Dost\u0119p do pokoi go\u015bcinnych i mo\u017cliwo\u015b\u0107 \u0142adowania urz\u0105dze\u0144 na terenie ca\u0142ego o\u015brodka.<\/p>\n<\/li>\n<\/ul>","protected":false},"excerpt":{"rendered":"<ul>\n<li>\n<p data-path-to-node=\"11,0,0\"><b data-path-to-node=\"11,0,0\" data-index-in-node=\"0\">Technologia bezkontaktowa:<\/b> Pasywne uk\u0142ady RFID\/NFC umo\u017cliwiaj\u0105ce szybk\u0105 kontrol\u0119 dost\u0119pu i p\u0142atno\u015bci bezgot\u00f3wkowe.<\/p>\n<\/li>\n<li>\n<p data-path-to-node=\"11,1,0\"><b data-path-to-node=\"11,1,0\" data-index-in-node=\"0\">100% Wodoodporno\u015b\u0107:<\/b> Trwa\u0142a konstrukcja silikonowa odpowiednia do basen\u00f3w, saun i park\u00f3w wodnych.<\/p>\n<\/li>\n<li>\n<p data-path-to-node=\"11,2,0\"><b data-path-to-node=\"11,2,0\" data-index-in-node=\"0\">Bezobs\u0142ugowy:<\/b> Nie wymaga baterii, zasilanie odbywa si\u0119 poprzez pole czytnika.<\/p>\n<\/li>\n<li>\n<p data-path-to-node=\"11,3,0\"><b data-path-to-node=\"11,3,0\" data-index-in-node=\"0\">Branding niestandardowy:<\/b> Dost\u0119pne z nadrukiem sitodrukowym i pe\u0142n\u0105 palet\u0105 kolor\u00f3w Pantone.<\/p>\n<\/li>\n<\/ul>","protected":false},"featured_media":6039,"comment_status":"closed","ping_status":"closed","template":"","meta":[],"product_brand":[],"product_cat":[66,81,68],"product_tag":[],"class_list":{"0":"post-1300","1":"product","2":"type-product","3":"status-publish","4":"has-post-thumbnail","6":"product_cat-wristbands","7":"product_cat-rfid","8":"product_cat-event-supplies","10":"first","11":"instock","12":"shipping-taxable","13":"purchasable","14":"product-type-simple"},"_links":{"self":[{"href":"https:\/\/displayproducts.eu\/pl\/wp-json\/wp\/v2\/product\/1300","targetHints":{"allow":["GET"]}}],"collection":[{"href":"https:\/\/displayproducts.eu\/pl\/wp-json\/wp\/v2\/product"}],"about":[{"href":"https:\/\/displayproducts.eu\/pl\/wp-json\/wp\/v2\/types\/product"}],"replies":[{"embeddable":true,"href":"https:\/\/displayproducts.eu\/pl\/wp-json\/wp\/v2\/comments?post=1300"}],"wp:featuredmedia":[{"embeddable":true,"href":"https:\/\/displayproducts.eu\/pl\/wp-json\/wp\/v2\/media\/6039"}],"wp:attachment":[{"href":"https:\/\/displayproducts.eu\/pl\/wp-json\/wp\/v2\/media?parent=1300"}],"wp:term":[{"taxonomy":"product_brand","embeddable":true,"href":"https:\/\/displayproducts.eu\/pl\/wp-json\/wp\/v2\/product_brand?post=1300"},{"taxonomy":"product_cat","embeddable":true,"href":"https:\/\/displayproducts.eu\/pl\/wp-json\/wp\/v2\/product_cat?post=1300"},{"taxonomy":"product_tag","embeddable":true,"href":"https:\/\/displayproducts.eu\/pl\/wp-json\/wp\/v2\/product_tag?post=1300"}],"curies":[{"name":"wp","href":"https:\/\/api.w.org\/{rel}","templated":true}]}}