{"id":1299,"date":"2024-10-27T11:53:51","date_gmt":"2024-10-27T08:53:51","guid":{"rendered":"https:\/\/wristbandfactory.eu\/toode\/slim-silicone-wristbands\/"},"modified":"2026-04-01T21:52:04","modified_gmt":"2026-04-01T18:52:04","slug":"slim-silicone-wristbands","status":"publish","type":"product","link":"https:\/\/displayproducts.eu\/pl\/p\/slim-silicone-wristbands\/","title":{"rendered":"Cienkie silikonowe opaski na nadgarstek"},"content":{"rendered":"<p>Podnie\u015b poziom swojej marki lub kampanii wizerunkowej dzi\u0119ki naszym silikonowym opaskom Slim. Ich elegancki, 5-milimetrowy profil stanowi subteln\u0105 i nowoczesn\u0105 alternatyw\u0119 dla standardowych opasek, dzi\u0119ki czemu s\u0105 popularnym wyborem na eventy firmowe, akcje charytatywne i gad\u017cety reklamowe, gdzie po\u017c\u0105dany jest bardziej wyrafinowany wygl\u0105d.<\/p>\n<p>Oferujemy pe\u0142n\u0105 personalizacj\u0119, aby dopasowa\u0107 si\u0119 do identyfikacji Twojej marki. Sam silikon jest dopasowany do wzornika Pantone, co zapewnia precyzyjne odwzorowanie kolor\u00f3w. Mo\u017cesz dodatkowo spersonalizowa\u0107 sw\u00f3j przekaz, korzystaj\u0105c z kilku wysokiej jako\u015bci opcji: czystego, jednokolorowego sitodruku, trwa\u0142ego, wkl\u0119s\u0142ego logo, wysokiej jako\u015bci, wypuk\u0142ego logo lub wypuk\u0142ego wzoru z jednokolorowym wype\u0142nieniem dla maksymalnego kontrastu i widoczno\u015bci.<\/p>\n<p>Wykonane z wysokiej jako\u015bci, trwa\u0142ego silikonu, opaski te s\u0105 wygodne w codziennym noszeniu i w pe\u0142ni zgodne ze wszystkimi obowi\u0105zuj\u0105cymi przepisami bezpiecze\u0144stwa, zapewniaj\u0105c spok\u00f3j ducha Twojej organizacji i uczestnikom.<\/p>\n<p><b>G\u0142\u00f3wne cechy:<\/b><\/p>\n<ul>\n<li><b>Elegancki profil 5 mm:<\/b> W\u0105ska, nowoczesna konstrukcja (dost\u0119pna w rozmiarach 200x5x2 mm lub 180x5x2 mm) zapewniaj\u0105ca subtelny przekaz marki.<\/li>\n<li><b>Pe\u0142na personalizacja:<\/b> Wybierz spo\u015br\u00f3d nadruku 1-kolorowego, wyt\u0142oczonego (wkl\u0119s\u0142ego), wypuk\u0142ego lub wyt\u0142oczonego wzoru wype\u0142nionego tuszem.<\/li>\n<li><b>Precyzyjne dopasowanie Pantone:<\/b> Gwarantuje, \u017ce kolor silikonu idealnie wpasuje si\u0119 w identyfikacj\u0119 wizualn\u0105 Twojej firmy.<\/li>\n<li><b>Zgodno\u015b\u0107 z normami bezpiecze\u0144stwa:<\/b> Wykonane z wysokiej jako\u015bci silikonu, spe\u0142niaj\u0105cego wszystkie odpowiednie normy bezpiecze\u0144stwa.<\/li>\n<li><b>Opakowanie zbiorcze:<\/b> Minimalne zapytanie ofertowe 100 sztuk, standardowo pakowane luzem. Na \u017cyczenie dost\u0119pne jest indywidualne pakowanie w woreczki foliowe.<\/li>\n<\/ul>","protected":false},"excerpt":{"rendered":"<ul>\n<li>Posiada smuk\u0142y, w\u0105ski profil 5 mm zapewniaj\u0105cy subtelny, nowoczesny wygl\u0105d.<\/li>\n<li>Pe\u0142na personalizacja: Wybierz spo\u015br\u00f3d logo drukowanych, t\u0142oczonych lub wyt\u0142oczonych.<\/li>\n<li>Silikon dopasowany do Pantone gwarantuje idealn\u0105 sp\u00f3jno\u015b\u0107 kolor\u00f3w marki.<\/li>\n<li>Minimalna ilo\u015b\u0107 zam\u00f3wienia: 100 sztuk danego wzoru.<\/li>\n<\/ul>","protected":false},"featured_media":5953,"comment_status":"closed","ping_status":"closed","template":"","meta":[],"product_brand":[],"product_cat":[66,49],"product_tag":[],"class_list":{"0":"post-1299","1":"product","2":"type-product","3":"status-publish","4":"has-post-thumbnail","6":"product_cat-wristbands","7":"product_cat-silicone","9":"first","10":"instock","11":"shipping-taxable","12":"purchasable","13":"product-type-simple"},"_links":{"self":[{"href":"https:\/\/displayproducts.eu\/pl\/wp-json\/wp\/v2\/product\/1299","targetHints":{"allow":["GET"]}}],"collection":[{"href":"https:\/\/displayproducts.eu\/pl\/wp-json\/wp\/v2\/product"}],"about":[{"href":"https:\/\/displayproducts.eu\/pl\/wp-json\/wp\/v2\/types\/product"}],"replies":[{"embeddable":true,"href":"https:\/\/displayproducts.eu\/pl\/wp-json\/wp\/v2\/comments?post=1299"}],"wp:featuredmedia":[{"embeddable":true,"href":"https:\/\/displayproducts.eu\/pl\/wp-json\/wp\/v2\/media\/5953"}],"wp:attachment":[{"href":"https:\/\/displayproducts.eu\/pl\/wp-json\/wp\/v2\/media?parent=1299"}],"wp:term":[{"taxonomy":"product_brand","embeddable":true,"href":"https:\/\/displayproducts.eu\/pl\/wp-json\/wp\/v2\/product_brand?post=1299"},{"taxonomy":"product_cat","embeddable":true,"href":"https:\/\/displayproducts.eu\/pl\/wp-json\/wp\/v2\/product_cat?post=1299"},{"taxonomy":"product_tag","embeddable":true,"href":"https:\/\/displayproducts.eu\/pl\/wp-json\/wp\/v2\/product_tag?post=1299"}],"curies":[{"name":"wp","href":"https:\/\/api.w.org\/{rel}","templated":true}]}}